{"id":22092,"date":"2023-01-31T15:40:13","date_gmt":"2023-01-31T14:40:13","guid":{"rendered":"https:\/\/museomitag.it\/?page_id=22092"},"modified":"2023-01-31T15:40:13","modified_gmt":"2023-01-31T14:40:13","slug":"die-burg","status":"publish","type":"page","link":"https:\/\/museomitag.it\/de\/die-burg\/","title":{"rendered":"Die Burg"},"content":{"rendered":"<p>[vc_row][vc_column][vc_images_carousel images=&#8220;9708,9699,9711,9702,9705&#8243; img_size=&#8220;full&#8220; speed=&#8220;2500&#8243; autoplay=&#8220;yes&#8220; hide_pagination_control=&#8220;yes&#8220; hide_prev_next_buttons=&#8220;yes&#8220; wrap=&#8220;yes&#8220; el_id=&#8220;bordo-tondo&#8220;][\/vc_column][\/vc_row][vc_row gap=&#8220;10&#8243; equal_height=&#8220;yes&#8220; css=&#8220;.vc_custom_1638456828616{margin-top: 30px !important;}&#8220;][vc_column css=&#8220;.vc_custom_1637764414894{margin-bottom: 30px !important;}&#8220;][vc_column_text]<\/p>\n<h2>Ein Meisterwerk der Milit\u00e4rarchitektur<\/h2>\n<p>Das Kriegsmuseum ist in der auf das 15. Jahrhundert zur\u00fcckgehenden Burg von Rovereto untergebracht. Mit ihren m\u00e4chtigen Wehrmauern und Bastionen stellt sie ein <b>einzigartiges Beispiel f\u00fcr eine venezianische Festung<\/b> im Trentino dar.<\/p>\n<p>Dank der <b>k\u00fcrzlich abgeschlossenen Restaurierungsarbeiten<\/b>, die auch die Ausstellungss\u00e4le des Museums betrafen, k\u00f6nnen heute die Wehrt\u00fcrme Marino und Malipiero besichtigt werden, in denen die Waffensammlungen von der Fr\u00fchgeschichte bis zum Mittelalter und der Moderne ausgestellt sind. Des Weiteren sind nun die G\u00e4nge und das F\u00fcllwerk begehbar, in denen zahlreiche Kanonenschie\u00dfscharten in den Mauern eingelassen sind und besichtigt werden k\u00f6nnen.<\/p>\n<p>Die Besichtigung der Burg ist im Eintrittspreis inbegriffen.[\/vc_column_text][vc_column_text css=&#8220;.vc_custom_1638456834970{margin-top: 30px !important;}&#8220;]<\/p>\n<div class=\"msig-video\" style=\"text-align: center;\"><iframe loading=\"lazy\" src=\"\/\/www.youtube.com\/embed\/ZeiidciRst0\" width=\"560\" height=\"315\" frameborder=\"0\" allowfullscreen=\"allowfullscreen\" data-mce-fragment=\"1\"><br \/>\n<\/iframe><\/div>\n<p>[\/vc_column_text][vc_column_text css=&#8220;.vc_custom_1675176004959{margin-top: 30px !important;}&#8220;]<\/p>\n<h2>Die Geschichte<\/h2>\n<p>Die Burg von Rovereto wurde Ende des <b>13. Jahrhunderts<\/b> von der Familie <b>Castelbarco<\/b> zur Kontrolle des Etschtales errichtet. Von der Burg aus konnten zugleich die Verkehrswege im Talgrund und im Vallarsa (das Tal verband das Etschtal mit Vicenza) kontrolliert werden.<\/p>\n<p>Die heutige f\u00fcnfeckige Form geht auf die <b>venezianische Herrschaft <\/b>der Stadt (1416\u20131509) zur\u00fcck. 1487 wurde die Burg w\u00e4hrend des Krieges zwischen Venedig und Erzherzog Siegmund von \u00d6sterreich 37 Tage lang belagert. Die Besatzung streckte erst ihre Waffen, nachdem die Burg durch die Artillerie schwer besch\u00e4digt worden war. Sie wurde bald danach wieder von Venedig in Besitz genommen und instandgesetzt, wobei der mittelalterliche Aufbau der Anlage umgestaltet wurde. Die Festung ist eines der bedeutendsten Beispiele aus der \u00dcbergangszeit der Milit\u00e4rarchitektur. Der Bau verf\u00fcgt \u00fcber einen Brunnen, massive Wehrmauern und Bastionen, die mit Dutzenden von Kanonenschie\u00dfscharte ausgestattet sind. Ihr Aussehen verdankt sie erfahrenen venezianischen Festungsarchitekten, darunter Giacomo Coltrino und Bartolomeo d\u2019Alviano.<br \/>\nIn der venezianischen Epoche war sie Sitz eines Kastellan, w\u00e4hrend der Podest\u00e0 im Palazzo Pretorio Recht sprach, der an der darunter liegenden Piazza errichtet wurde.<\/p>\n<p>Nach der Niederlage Venedigs in der Schlacht von Agnadello 1509 fiel Rovereto an das <b>Haus \u00d6sterreich<\/b>. Nachdem der Bau jegliche strategische Bedeutung verloren hatte, wurde er aufgegeben und brannte mehrmals aus (zuletzt 1797). Im 19. Jahrhundert wurde die Burg als Armenhaus, Gef\u00e4ngnis und zwischen 1859 und 1918 als Kaserne zweier Kompanien des 3. Kaiserj\u00e4gerregiments genutzt.<\/p>\n<p>Im Laufe des <b>Ersten Weltkrieges<\/b>, von der Evakuierung der Bev\u00f6lkerung im Mai 1915 bis zum Kriegsende im November 1918, wurde die in \u00f6sterreichischen Besitz verbliebene Stadt, darunter auch die Burg, durch die italienische Artillerie <b>schwer unter Beschuss genommen<\/b>.<\/p>\n<p>Seit beherbergt die im Laufe der 1920er Jahre restaurierte Burg das Italienische Historische Kriegsmuseum. Ab wurde sie im Auftrag des Amtes f\u00fcr Denkmalschutz der Autonomen Provinz Trient und in Zusammenarbeit mit der Stadtverwaltung Rovereto restauriert. Mit den Restaurierungsarbeiten wurden Teile der Burg dem Publikum schrittweise wieder zug\u00e4nglich gemacht.[\/vc_column_text][\/vc_column][\/vc_row]<\/p>\n","protected":false},"excerpt":{"rendered":"<p>[vc_row][vc_column][vc_images_carousel images=&#8220;9708,9699,9711,9702,9705&#8243; img_size=&#8220;full&#8220; speed=&#8220;2500&#8243; autoplay=&#8220;yes&#8220; hide_pagination_control=&#8220;yes&#8220; hide_prev_next_buttons=&#8220;yes&#8220; wrap=&#8220;yes&#8220; el_id=&#8220;bordo-tondo&#8220;][\/vc_column][\/vc_row][vc_row gap=&#8220;10&#8243; equal_height=&#8220;yes&#8220; css=&#8220;.vc_custom_1638456828616{margin-top: 30px !important;}&#8220;][vc_column css=&#8220;.vc_custom_1637764414894{margin-bottom: 30px !important;}&#8220;][vc_column_text] Ein Meisterwerk der Milit\u00e4rarchitektur Das Kriegsmuseum ist in der auf das 15. Jahrhundert zur\u00fcckgehenden Burg von Rovereto untergebracht. Mit ihren m\u00e4chtigen Wehrmauern und Bastionen stellt sie ein einzigartiges Beispiel f\u00fcr eine venezianische Festung im Trentino dar. Dank der<\/p>\n","protected":false},"author":1,"featured_media":0,"parent":22088,"menu_order":0,"comment_status":"closed","ping_status":"closed","template":"page_museo.php","meta":{"footnotes":""},"class_list":["post-22092","page","type-page","status-publish","hentry"],"yoast_head":"<!-- This site is optimized with the Yoast SEO plugin v27.3 - https:\/\/yoast.com\/product\/yoast-seo-wordpress\/ -->\n<title>Die Burg - Museo Storico Italiano della Guerra<\/title>\n<meta name=\"robots\" content=\"index, follow, max-snippet:-1, max-image-preview:large, max-video-preview:-1\" \/>\n<link rel=\"canonical\" href=\"https:\/\/museomitag.it\/de\/die-burg\/\" \/>\n<meta property=\"og:locale\" content=\"de_DE\" \/>\n<meta property=\"og:type\" content=\"article\" \/>\n<meta property=\"og:title\" content=\"Die Burg - Museo Storico Italiano della Guerra\" \/>\n<meta property=\"og:description\" content=\"[vc_row][vc_column][vc_images_carousel images=&#8220;9708,9699,9711,9702,9705&#8243; img_size=&#8220;full&#8220; speed=&#8220;2500&#8243; autoplay=&#8220;yes&#8220; hide_pagination_control=&#8220;yes&#8220; hide_prev_next_buttons=&#8220;yes&#8220; wrap=&#8220;yes&#8220; el_id=&#8220;bordo-tondo&#8220;][\/vc_column][\/vc_row][vc_row gap=&#8220;10&#8243; equal_height=&#8220;yes&#8220; css=&#8220;.vc_custom_1638456828616{margin-top: 30px !important;}&#8220;][vc_column css=&#8220;.vc_custom_1637764414894{margin-bottom: 30px !important;}&#8220;][vc_column_text] Ein Meisterwerk der Milit\u00e4rarchitektur Das Kriegsmuseum ist in der auf das 15. Jahrhundert zur\u00fcckgehenden Burg von Rovereto untergebracht. Mit ihren m\u00e4chtigen Wehrmauern und Bastionen stellt sie ein einzigartiges Beispiel f\u00fcr eine venezianische Festung im Trentino dar. Dank der\" \/>\n<meta property=\"og:url\" content=\"https:\/\/museomitag.it\/de\/die-burg\/\" \/>\n<meta property=\"og:site_name\" content=\"Museo Storico Italiano della Guerra\" \/>\n<meta property=\"article:publisher\" content=\"https:\/\/www.facebook.com\/museomitag\/\" \/>\n<meta name=\"twitter:card\" content=\"summary_large_image\" \/>\n<meta name=\"twitter:label1\" content=\"Gesch\u00e4tzte Lesezeit\" \/>\n\t<meta name=\"twitter:data1\" content=\"3\u00a0Minuten\" \/>\n<script type=\"application\/ld+json\" class=\"yoast-schema-graph\">{\"@context\":\"https:\\\/\\\/schema.org\",\"@graph\":[{\"@type\":\"WebPage\",\"@id\":\"https:\\\/\\\/museomitag.it\\\/de\\\/die-burg\\\/\",\"url\":\"https:\\\/\\\/museomitag.it\\\/de\\\/die-burg\\\/\",\"name\":\"Die Burg - Museo Storico Italiano della Guerra\",\"isPartOf\":{\"@id\":\"https:\\\/\\\/museomitag.it\\\/#website\"},\"datePublished\":\"2023-01-31T14:40:13+00:00\",\"breadcrumb\":{\"@id\":\"https:\\\/\\\/museomitag.it\\\/de\\\/die-burg\\\/#breadcrumb\"},\"inLanguage\":\"de\",\"potentialAction\":[{\"@type\":\"ReadAction\",\"target\":[\"https:\\\/\\\/museomitag.it\\\/de\\\/die-burg\\\/\"]}]},{\"@type\":\"BreadcrumbList\",\"@id\":\"https:\\\/\\\/museomitag.it\\\/de\\\/die-burg\\\/#breadcrumb\",\"itemListElement\":[{\"@type\":\"ListItem\",\"position\":1,\"name\":\"Home\",\"item\":\"https:\\\/\\\/museomitag.it\\\/de\\\/\"},{\"@type\":\"ListItem\",\"position\":2,\"name\":\"Entdecke\",\"item\":\"https:\\\/\\\/museomitag.it\\\/de\\\/?page_id=22088\"},{\"@type\":\"ListItem\",\"position\":3,\"name\":\"Die Burg\"}]},{\"@type\":\"WebSite\",\"@id\":\"https:\\\/\\\/museomitag.it\\\/#website\",\"url\":\"https:\\\/\\\/museomitag.it\\\/\",\"name\":\"MITAG Museo Storico Italiano della Guerra\",\"description\":\"Rovereto (TN) - Trentino\",\"publisher\":{\"@id\":\"https:\\\/\\\/museomitag.it\\\/#organization\"},\"potentialAction\":[{\"@type\":\"SearchAction\",\"target\":{\"@type\":\"EntryPoint\",\"urlTemplate\":\"https:\\\/\\\/museomitag.it\\\/?s={search_term_string}\"},\"query-input\":{\"@type\":\"PropertyValueSpecification\",\"valueRequired\":true,\"valueName\":\"search_term_string\"}}],\"inLanguage\":\"de\"},{\"@type\":\"Organization\",\"@id\":\"https:\\\/\\\/museomitag.it\\\/#organization\",\"name\":\"MITAG Museo Storico Italiano della Guerra\",\"url\":\"https:\\\/\\\/museomitag.it\\\/\",\"logo\":{\"@type\":\"ImageObject\",\"inLanguage\":\"de\",\"@id\":\"https:\\\/\\\/museomitag.it\\\/#\\\/schema\\\/logo\\\/image\\\/\",\"url\":\"https:\\\/\\\/museomitag.it\\\/wp-content\\\/uploads\\\/2025\\\/07\\\/Logo-MITAG-nero-500px.png\",\"contentUrl\":\"https:\\\/\\\/museomitag.it\\\/wp-content\\\/uploads\\\/2025\\\/07\\\/Logo-MITAG-nero-500px.png\",\"width\":500,\"height\":185,\"caption\":\"MITAG Museo Storico Italiano della Guerra\"},\"image\":{\"@id\":\"https:\\\/\\\/museomitag.it\\\/#\\\/schema\\\/logo\\\/image\\\/\"},\"sameAs\":[\"https:\\\/\\\/www.facebook.com\\\/museomitag\\\/\",\"https:\\\/\\\/www.instagram.com\\\/museomitag\\\/\"]}]}<\/script>\n<!-- \/ Yoast SEO plugin. -->","yoast_head_json":{"title":"Die Burg - Museo Storico Italiano della Guerra","robots":{"index":"index","follow":"follow","max-snippet":"max-snippet:-1","max-image-preview":"max-image-preview:large","max-video-preview":"max-video-preview:-1"},"canonical":"https:\/\/museomitag.it\/de\/die-burg\/","og_locale":"de_DE","og_type":"article","og_title":"Die Burg - Museo Storico Italiano della Guerra","og_description":"[vc_row][vc_column][vc_images_carousel images=&#8220;9708,9699,9711,9702,9705&#8243; img_size=&#8220;full&#8220; speed=&#8220;2500&#8243; autoplay=&#8220;yes&#8220; hide_pagination_control=&#8220;yes&#8220; hide_prev_next_buttons=&#8220;yes&#8220; wrap=&#8220;yes&#8220; el_id=&#8220;bordo-tondo&#8220;][\/vc_column][\/vc_row][vc_row gap=&#8220;10&#8243; equal_height=&#8220;yes&#8220; css=&#8220;.vc_custom_1638456828616{margin-top: 30px !important;}&#8220;][vc_column css=&#8220;.vc_custom_1637764414894{margin-bottom: 30px !important;}&#8220;][vc_column_text] Ein Meisterwerk der Milit\u00e4rarchitektur Das Kriegsmuseum ist in der auf das 15. Jahrhundert zur\u00fcckgehenden Burg von Rovereto untergebracht. Mit ihren m\u00e4chtigen Wehrmauern und Bastionen stellt sie ein einzigartiges Beispiel f\u00fcr eine venezianische Festung im Trentino dar. Dank der","og_url":"https:\/\/museomitag.it\/de\/die-burg\/","og_site_name":"Museo Storico Italiano della Guerra","article_publisher":"https:\/\/www.facebook.com\/museomitag\/","twitter_card":"summary_large_image","twitter_misc":{"Gesch\u00e4tzte Lesezeit":"3\u00a0Minuten"},"schema":{"@context":"https:\/\/schema.org","@graph":[{"@type":"WebPage","@id":"https:\/\/museomitag.it\/de\/die-burg\/","url":"https:\/\/museomitag.it\/de\/die-burg\/","name":"Die Burg - Museo Storico Italiano della Guerra","isPartOf":{"@id":"https:\/\/museomitag.it\/#website"},"datePublished":"2023-01-31T14:40:13+00:00","breadcrumb":{"@id":"https:\/\/museomitag.it\/de\/die-burg\/#breadcrumb"},"inLanguage":"de","potentialAction":[{"@type":"ReadAction","target":["https:\/\/museomitag.it\/de\/die-burg\/"]}]},{"@type":"BreadcrumbList","@id":"https:\/\/museomitag.it\/de\/die-burg\/#breadcrumb","itemListElement":[{"@type":"ListItem","position":1,"name":"Home","item":"https:\/\/museomitag.it\/de\/"},{"@type":"ListItem","position":2,"name":"Entdecke","item":"https:\/\/museomitag.it\/de\/?page_id=22088"},{"@type":"ListItem","position":3,"name":"Die Burg"}]},{"@type":"WebSite","@id":"https:\/\/museomitag.it\/#website","url":"https:\/\/museomitag.it\/","name":"MITAG Museo Storico Italiano della Guerra","description":"Rovereto (TN) - Trentino","publisher":{"@id":"https:\/\/museomitag.it\/#organization"},"potentialAction":[{"@type":"SearchAction","target":{"@type":"EntryPoint","urlTemplate":"https:\/\/museomitag.it\/?s={search_term_string}"},"query-input":{"@type":"PropertyValueSpecification","valueRequired":true,"valueName":"search_term_string"}}],"inLanguage":"de"},{"@type":"Organization","@id":"https:\/\/museomitag.it\/#organization","name":"MITAG Museo Storico Italiano della Guerra","url":"https:\/\/museomitag.it\/","logo":{"@type":"ImageObject","inLanguage":"de","@id":"https:\/\/museomitag.it\/#\/schema\/logo\/image\/","url":"https:\/\/museomitag.it\/wp-content\/uploads\/2025\/07\/Logo-MITAG-nero-500px.png","contentUrl":"https:\/\/museomitag.it\/wp-content\/uploads\/2025\/07\/Logo-MITAG-nero-500px.png","width":500,"height":185,"caption":"MITAG Museo Storico Italiano della Guerra"},"image":{"@id":"https:\/\/museomitag.it\/#\/schema\/logo\/image\/"},"sameAs":["https:\/\/www.facebook.com\/museomitag\/","https:\/\/www.instagram.com\/museomitag\/"]}]}},"_links":{"self":[{"href":"https:\/\/museomitag.it\/de\/wp-json\/wp\/v2\/pages\/22092","targetHints":{"allow":["GET"]}}],"collection":[{"href":"https:\/\/museomitag.it\/de\/wp-json\/wp\/v2\/pages"}],"about":[{"href":"https:\/\/museomitag.it\/de\/wp-json\/wp\/v2\/types\/page"}],"author":[{"embeddable":true,"href":"https:\/\/museomitag.it\/de\/wp-json\/wp\/v2\/users\/1"}],"replies":[{"embeddable":true,"href":"https:\/\/museomitag.it\/de\/wp-json\/wp\/v2\/comments?post=22092"}],"version-history":[{"count":3,"href":"https:\/\/museomitag.it\/de\/wp-json\/wp\/v2\/pages\/22092\/revisions"}],"predecessor-version":[{"id":23746,"href":"https:\/\/museomitag.it\/de\/wp-json\/wp\/v2\/pages\/22092\/revisions\/23746"}],"up":[{"embeddable":true,"href":"https:\/\/museomitag.it\/de\/wp-json\/wp\/v2\/pages\/22088"}],"wp:attachment":[{"href":"https:\/\/museomitag.it\/de\/wp-json\/wp\/v2\/media?parent=22092"}],"curies":[{"name":"wp","href":"https:\/\/api.w.org\/{rel}","templated":true}]}}