{"id":22096,"date":"2023-01-31T15:48:26","date_gmt":"2023-01-31T14:48:26","guid":{"rendered":"https:\/\/museomitag.it\/?page_id=22096"},"modified":"2023-02-10T14:49:47","modified_gmt":"2023-02-10T13:49:47","slug":"die-sammlungen","status":"publish","type":"page","link":"https:\/\/museomitag.it\/de\/die-sammlungen\/","title":{"rendered":"Die Sammlungen"},"content":{"rendered":"<p>[vc_row][vc_column][vc_column_text]<\/p>\n<h3><strong>Das Gedenken an die Konflikte bewahren<\/strong><\/h3>\n<p>Der Museumsbestand entstand ab dem Ende des Ersten Weltkrieges durch die <strong>Sammlung von Kriegsmaterialien<\/strong>, die zun\u00e4chst von Kriegsteilnehmern, von Familienangeh\u00f6rigen von Gefallenen, Privatpersonen und schlie\u00dflich auch von nationalen Einrichtungen sowie ausl\u00e4ndischen Regierungen zur Verf\u00fcgung gestellt wurde.<br \/>\nIm Laufe der Zeit wurde das Interesse auch auf andere historische Ereignisse ausgeweitet, mit <strong>Ank\u00e4ufen und Schenkungen<\/strong>, die von der Moderne \u00fcber die Kolonialkriege bis zum Zweiten Weltkrieg und dem Kalten Krieg reichen.<\/p>\n<p>Die umfangreichen Sammlungen des Museums beinhalten unterschiedlichste Objekte, die mit dem Krieg in Verbindung stehen sowie <strong>zwei bedeutende Archive<\/strong>, das historische und das fotografische Archiv.<br \/>\nDes Weiteren umfasst unsere <strong>Bibliothek<\/strong> eine signifikante Sammlung von B\u00fcchern und anderen Ver\u00f6ffentlichungen zum Thema.<\/p>\n<p>Der Bestand nimmt best\u00e4ndig zu, noch heute erhalten wir zahlreiche Schenkungen aus privater und \u00f6ffentlicher Hand, die dem Museum ihre materiellen Zeugnisse anvertrauen und damit zur Bildung eines kollektiven Ged\u00e4chtnisses beitragen.<\/p>\n<p><a class=\"msig_btn\" href=\"https:\/\/museomitag.it\/de\/serviceleistungen\/\">Entdecke unsere Serviceleistungen zu Forschung und Beratung &gt;&gt;<\/a>[\/vc_column_text][\/vc_column][\/vc_row][vc_row gap=&#8220;10&#8243; equal_height=&#8220;yes&#8220; content_placement=&#8220;bottom&#8220; css=&#8220;.vc_custom_1638456932922{margin-top: 30px !important;}&#8220;][vc_column css_animation=&#8220;none&#8220; width=&#8220;1\/3&#8243; css=&#8220;.vc_custom_1636033064303{border-top-width: 5px !important;border-right-width: 5px !important;border-bottom-width: 5px !important;border-left-width: 5px !important;background-image: url(https:\/\/museomitag.it\/wp-content\/uploads\/2020\/07\/Il-museo-ti-aspetta_Museo_Oggetti_900x450.jpg?id=10376) !important;background-position: center !important;background-repeat: no-repeat !important;background-size: cover !important;border-left-color: #f9a555 !important;border-left-style: none !important;border-right-color: #f9a555 !important;border-right-style: none !important;border-top-color: #f9a555 !important;border-top-style: none !important;border-bottom-color: #f9a555 !important;border-bottom-style: none !important;}&#8220; el_class=&#8220;msig_intro_icona&#8220;][vc_column_text]<\/p>\n<h3><a class=\"msig_intro_link\" title=\"Oggetti\" href=\"https:\/\/museomitag.it\/de\/die-sammlungen\/ausstellungsgegenstaende\/\">Ausstellungsgegenst\u00e4nde<\/a><br \/>\n<a class=\"msig_intro_txt\" title=\"Oggetti\" href=\"https:\/\/museomitag.it\/de\/die-sammlungen\/ausstellungsgegenstaende\/\">Ausstellungsgegenst\u00e4nde<\/a><\/h3>\n<p>[\/vc_column_text][\/vc_column][vc_column css_animation=&#8220;none&#8220; width=&#8220;1\/3&#8243; el_class=&#8220;msig_intro_icona&#8220; css=&#8220;.vc_custom_1637574675012{background-image: url(https:\/\/museomitag.it\/wp-content\/uploads\/2020\/07\/Il-museo-ti-aspetta_Museo_Documenti_900x450.jpg?id=10380) !important;background-position: center !important;background-repeat: no-repeat !important;background-size: cover !important;}&#8220;][vc_column_text]<\/p>\n<h3><a class=\"msig_intro_link\" title=\"Documenti\" href=\"https:\/\/museomitag.it\/de\/die-sammlungen\/dokumente\/\">Dokumente<\/a><br \/>\n<a class=\"msig_intro_txt\" title=\"Documenti\" href=\"https:\/\/museomitag.it\/de\/die-sammlungen\/dokumente\/\">Dokumente<\/a><\/h3>\n<p>[\/vc_column_text][\/vc_column][vc_column css_animation=&#8220;none&#8220; width=&#8220;1\/3&#8243; el_class=&#8220;msig_intro_icona&#8220; css=&#8220;.vc_custom_1638537629639{background: #f2f2f2 url(https:\/\/museomitag.it\/wp-content\/uploads\/2021\/12\/Archivio_44_Galvagni_MSIG.jpg?id=18547) !important;background-position: center !important;background-repeat: no-repeat !important;background-size: cover !important;}&#8220;][vc_column_text]<\/p>\n<h3><a class=\"msig_intro_link\" title=\"Libri e pubblicazioni\" href=\"https:\/\/museomitag.it\/de\/die-sammlungen\/buecher-und-publikationen\/\">B\u00fccher und Publikationen<\/a><br \/>\n<a class=\"msig_intro_txt\" title=\"Libri e pubblicazioni\" href=\"https:\/\/museomitag.it\/de\/die-sammlungen\/buecher-und-publikationen\/\">B\u00fccher und Publikationen<\/a><\/h3>\n<p>[\/vc_column_text][\/vc_column][\/vc_row][vc_row gap=&#8220;10&#8243; equal_height=&#8220;yes&#8220; content_placement=&#8220;bottom&#8220; css=&#8220;.vc_custom_1649677599947{margin-bottom: 10px !important;}&#8220;][vc_column css_animation=&#8220;none&#8220; width=&#8220;1\/3&#8243; css=&#8220;.vc_custom_1649677674887{background-image: url(https:\/\/museomitag.it\/wp-content\/uploads\/2020\/07\/MDGR_Fotografie_900x450.jpg?id=10403) !important;background-position: center !important;background-repeat: no-repeat !important;background-size: cover !important;}&#8220; el_class=&#8220;msig_intro_icona&#8220;][vc_column_text]<\/p>\n<h3><a class=\"msig_intro_link\" title=\"Fotografie e audiovisivi\" href=\"https:\/\/museomitag.it\/de\/die-sammlungen\/fotos-und-filme\/\">Fotos und Filme<\/a><br \/>\n<a class=\"msig_intro_txt\" title=\"Fotografie e audiovisivi\" href=\"https:\/\/museomitag.it\/de\/die-sammlungen\/fotos-und-filme\/\">Fotos und Filme<\/a><\/h3>\n<p>[\/vc_column_text][\/vc_column][vc_column css_animation=&#8220;none&#8220; width=&#8220;1\/3&#8243; css=&#8220;.vc_custom_1649833409397{background-image: url(https:\/\/museomitag.it\/wp-content\/uploads\/2020\/07\/MDGR_Manufatti-artistici_900x450.jpg?id=10395) !important;background-position: center !important;background-repeat: no-repeat !important;background-size: cover !important;}&#8220; el_class=&#8220;msig_intro_icona&#8220;][vc_column_text]<\/p>\n<h3><a class=\"msig_intro_link\" title=\"Manufatti artistici\" href=\"https:\/\/museomitag.it\/de\/die-sammlungen\/kunstwerke\/\">Kunstwerke<\/a><br \/>\n<a class=\"msig_intro_txt\" title=\"Manufatti artistici\" href=\"https:\/\/museomitag.it\/de\/die-sammlungen\/kunstwerke\/\">Kunstwerke<\/a><\/h3>\n<p>[\/vc_column_text][\/vc_column][vc_column width=&#8220;1\/3&#8243; css=&#8220;.vc_custom_1649833413045{background-image: url(https:\/\/museomitag.it\/wp-content\/uploads\/2021\/12\/Archivio_Membership_Origami_MSIG.jpg?id=18550) !important;background-position: center !important;background-repeat: no-repeat !important;background-size: cover !important;}&#8220; el_class=&#8220;msig_intro_icona&#8220;][vc_column_text]<\/p>\n<h3><a class=\"msig_intro_link\" title=\"Servizi\" href=\"https:\/\/museomitag.it\/de\/serviceleistungen\/\">Sonstige Leistungen<\/a><br \/>\n<a class=\"msig_intro_txt\" title=\"Servizi\" href=\"https:\/\/museomitag.it\/de\/serviceleistungen\/\">Sonstige Leistungen<\/a><\/h3>\n<p>[\/vc_column_text][\/vc_column][\/vc_row]<\/p>\n","protected":false},"excerpt":{"rendered":"<p>[vc_row][vc_column][vc_column_text] Das Gedenken an die Konflikte bewahren Der Museumsbestand entstand ab dem Ende des Ersten Weltkrieges durch die Sammlung von Kriegsmaterialien, die zun\u00e4chst von Kriegsteilnehmern, von Familienangeh\u00f6rigen von Gefallenen, Privatpersonen und schlie\u00dflich auch von nationalen Einrichtungen sowie ausl\u00e4ndischen Regierungen zur Verf\u00fcgung gestellt wurde. Im Laufe der Zeit wurde das Interesse auch auf andere historische Ereignisse<\/p>\n","protected":false},"author":1,"featured_media":29387,"parent":22088,"menu_order":0,"comment_status":"closed","ping_status":"closed","template":"page_museo.php","meta":{"footnotes":""},"class_list":["post-22096","page","type-page","status-publish","has-post-thumbnail","hentry"],"yoast_head":"<!-- This site is optimized with the Yoast SEO plugin v27.3 - https:\/\/yoast.com\/product\/yoast-seo-wordpress\/ -->\n<title>Die Sammlungen - Museo Storico Italiano della Guerra<\/title>\n<meta name=\"robots\" content=\"index, follow, max-snippet:-1, max-image-preview:large, max-video-preview:-1\" \/>\n<link rel=\"canonical\" href=\"https:\/\/museomitag.it\/de\/die-sammlungen\/\" \/>\n<meta property=\"og:locale\" content=\"de_DE\" \/>\n<meta property=\"og:type\" content=\"article\" \/>\n<meta property=\"og:title\" content=\"Die Sammlungen - Museo Storico Italiano della Guerra\" \/>\n<meta property=\"og:description\" content=\"[vc_row][vc_column][vc_column_text] Das Gedenken an die Konflikte bewahren Der Museumsbestand entstand ab dem Ende des Ersten Weltkrieges durch die Sammlung von Kriegsmaterialien, die zun\u00e4chst von Kriegsteilnehmern, von Familienangeh\u00f6rigen von Gefallenen, Privatpersonen und schlie\u00dflich auch von nationalen Einrichtungen sowie ausl\u00e4ndischen Regierungen zur Verf\u00fcgung gestellt wurde. Im Laufe der Zeit wurde das Interesse auch auf andere historische Ereignisse\" \/>\n<meta property=\"og:url\" content=\"https:\/\/museomitag.it\/de\/die-sammlungen\/\" \/>\n<meta property=\"og:site_name\" content=\"Museo Storico Italiano della Guerra\" \/>\n<meta property=\"article:publisher\" content=\"https:\/\/www.facebook.com\/museomitag\/\" \/>\n<meta property=\"article:modified_time\" content=\"2023-02-10T13:49:47+00:00\" \/>\n<meta name=\"twitter:card\" content=\"summary_large_image\" \/>\n<meta name=\"twitter:label1\" content=\"Gesch\u00e4tzte Lesezeit\" \/>\n\t<meta name=\"twitter:data1\" content=\"3\u00a0Minuten\" \/>\n<script type=\"application\/ld+json\" class=\"yoast-schema-graph\">{\"@context\":\"https:\\\/\\\/schema.org\",\"@graph\":[{\"@type\":\"WebPage\",\"@id\":\"https:\\\/\\\/museomitag.it\\\/de\\\/die-sammlungen\\\/\",\"url\":\"https:\\\/\\\/museomitag.it\\\/de\\\/die-sammlungen\\\/\",\"name\":\"Die Sammlungen - Museo Storico Italiano della Guerra\",\"isPartOf\":{\"@id\":\"https:\\\/\\\/museomitag.it\\\/#website\"},\"primaryImageOfPage\":{\"@id\":\"https:\\\/\\\/museomitag.it\\\/de\\\/die-sammlungen\\\/#primaryimage\"},\"image\":{\"@id\":\"https:\\\/\\\/museomitag.it\\\/de\\\/die-sammlungen\\\/#primaryimage\"},\"thumbnailUrl\":\"https:\\\/\\\/museomitag.it\\\/wp-content\\\/uploads\\\/2025\\\/08\\\/Patrimonio-1200x450-1.jpg\",\"datePublished\":\"2023-01-31T14:48:26+00:00\",\"dateModified\":\"2023-02-10T13:49:47+00:00\",\"breadcrumb\":{\"@id\":\"https:\\\/\\\/museomitag.it\\\/de\\\/die-sammlungen\\\/#breadcrumb\"},\"inLanguage\":\"de\",\"potentialAction\":[{\"@type\":\"ReadAction\",\"target\":[\"https:\\\/\\\/museomitag.it\\\/de\\\/die-sammlungen\\\/\"]}]},{\"@type\":\"ImageObject\",\"inLanguage\":\"de\",\"@id\":\"https:\\\/\\\/museomitag.it\\\/de\\\/die-sammlungen\\\/#primaryimage\",\"url\":\"https:\\\/\\\/museomitag.it\\\/wp-content\\\/uploads\\\/2025\\\/08\\\/Patrimonio-1200x450-1.jpg\",\"contentUrl\":\"https:\\\/\\\/museomitag.it\\\/wp-content\\\/uploads\\\/2025\\\/08\\\/Patrimonio-1200x450-1.jpg\",\"width\":1200,\"height\":450},{\"@type\":\"BreadcrumbList\",\"@id\":\"https:\\\/\\\/museomitag.it\\\/de\\\/die-sammlungen\\\/#breadcrumb\",\"itemListElement\":[{\"@type\":\"ListItem\",\"position\":1,\"name\":\"Home\",\"item\":\"https:\\\/\\\/museomitag.it\\\/de\\\/\"},{\"@type\":\"ListItem\",\"position\":2,\"name\":\"Entdecke\",\"item\":\"https:\\\/\\\/museomitag.it\\\/de\\\/?page_id=22088\"},{\"@type\":\"ListItem\",\"position\":3,\"name\":\"Die Sammlungen\"}]},{\"@type\":\"WebSite\",\"@id\":\"https:\\\/\\\/museomitag.it\\\/#website\",\"url\":\"https:\\\/\\\/museomitag.it\\\/\",\"name\":\"MITAG Museo Storico Italiano della Guerra\",\"description\":\"Rovereto (TN) - Trentino\",\"publisher\":{\"@id\":\"https:\\\/\\\/museomitag.it\\\/#organization\"},\"potentialAction\":[{\"@type\":\"SearchAction\",\"target\":{\"@type\":\"EntryPoint\",\"urlTemplate\":\"https:\\\/\\\/museomitag.it\\\/?s={search_term_string}\"},\"query-input\":{\"@type\":\"PropertyValueSpecification\",\"valueRequired\":true,\"valueName\":\"search_term_string\"}}],\"inLanguage\":\"de\"},{\"@type\":\"Organization\",\"@id\":\"https:\\\/\\\/museomitag.it\\\/#organization\",\"name\":\"MITAG Museo Storico Italiano della Guerra\",\"url\":\"https:\\\/\\\/museomitag.it\\\/\",\"logo\":{\"@type\":\"ImageObject\",\"inLanguage\":\"de\",\"@id\":\"https:\\\/\\\/museomitag.it\\\/#\\\/schema\\\/logo\\\/image\\\/\",\"url\":\"https:\\\/\\\/museomitag.it\\\/wp-content\\\/uploads\\\/2025\\\/07\\\/Logo-MITAG-nero-500px.png\",\"contentUrl\":\"https:\\\/\\\/museomitag.it\\\/wp-content\\\/uploads\\\/2025\\\/07\\\/Logo-MITAG-nero-500px.png\",\"width\":500,\"height\":185,\"caption\":\"MITAG Museo Storico Italiano della Guerra\"},\"image\":{\"@id\":\"https:\\\/\\\/museomitag.it\\\/#\\\/schema\\\/logo\\\/image\\\/\"},\"sameAs\":[\"https:\\\/\\\/www.facebook.com\\\/museomitag\\\/\",\"https:\\\/\\\/www.instagram.com\\\/museomitag\\\/\"]}]}<\/script>\n<!-- \/ Yoast SEO plugin. -->","yoast_head_json":{"title":"Die Sammlungen - Museo Storico Italiano della Guerra","robots":{"index":"index","follow":"follow","max-snippet":"max-snippet:-1","max-image-preview":"max-image-preview:large","max-video-preview":"max-video-preview:-1"},"canonical":"https:\/\/museomitag.it\/de\/die-sammlungen\/","og_locale":"de_DE","og_type":"article","og_title":"Die Sammlungen - Museo Storico Italiano della Guerra","og_description":"[vc_row][vc_column][vc_column_text] Das Gedenken an die Konflikte bewahren Der Museumsbestand entstand ab dem Ende des Ersten Weltkrieges durch die Sammlung von Kriegsmaterialien, die zun\u00e4chst von Kriegsteilnehmern, von Familienangeh\u00f6rigen von Gefallenen, Privatpersonen und schlie\u00dflich auch von nationalen Einrichtungen sowie ausl\u00e4ndischen Regierungen zur Verf\u00fcgung gestellt wurde. Im Laufe der Zeit wurde das Interesse auch auf andere historische Ereignisse","og_url":"https:\/\/museomitag.it\/de\/die-sammlungen\/","og_site_name":"Museo Storico Italiano della Guerra","article_publisher":"https:\/\/www.facebook.com\/museomitag\/","article_modified_time":"2023-02-10T13:49:47+00:00","twitter_card":"summary_large_image","twitter_misc":{"Gesch\u00e4tzte Lesezeit":"3\u00a0Minuten"},"schema":{"@context":"https:\/\/schema.org","@graph":[{"@type":"WebPage","@id":"https:\/\/museomitag.it\/de\/die-sammlungen\/","url":"https:\/\/museomitag.it\/de\/die-sammlungen\/","name":"Die Sammlungen - Museo Storico Italiano della Guerra","isPartOf":{"@id":"https:\/\/museomitag.it\/#website"},"primaryImageOfPage":{"@id":"https:\/\/museomitag.it\/de\/die-sammlungen\/#primaryimage"},"image":{"@id":"https:\/\/museomitag.it\/de\/die-sammlungen\/#primaryimage"},"thumbnailUrl":"https:\/\/museomitag.it\/wp-content\/uploads\/2025\/08\/Patrimonio-1200x450-1.jpg","datePublished":"2023-01-31T14:48:26+00:00","dateModified":"2023-02-10T13:49:47+00:00","breadcrumb":{"@id":"https:\/\/museomitag.it\/de\/die-sammlungen\/#breadcrumb"},"inLanguage":"de","potentialAction":[{"@type":"ReadAction","target":["https:\/\/museomitag.it\/de\/die-sammlungen\/"]}]},{"@type":"ImageObject","inLanguage":"de","@id":"https:\/\/museomitag.it\/de\/die-sammlungen\/#primaryimage","url":"https:\/\/museomitag.it\/wp-content\/uploads\/2025\/08\/Patrimonio-1200x450-1.jpg","contentUrl":"https:\/\/museomitag.it\/wp-content\/uploads\/2025\/08\/Patrimonio-1200x450-1.jpg","width":1200,"height":450},{"@type":"BreadcrumbList","@id":"https:\/\/museomitag.it\/de\/die-sammlungen\/#breadcrumb","itemListElement":[{"@type":"ListItem","position":1,"name":"Home","item":"https:\/\/museomitag.it\/de\/"},{"@type":"ListItem","position":2,"name":"Entdecke","item":"https:\/\/museomitag.it\/de\/?page_id=22088"},{"@type":"ListItem","position":3,"name":"Die Sammlungen"}]},{"@type":"WebSite","@id":"https:\/\/museomitag.it\/#website","url":"https:\/\/museomitag.it\/","name":"MITAG Museo Storico Italiano della Guerra","description":"Rovereto (TN) - Trentino","publisher":{"@id":"https:\/\/museomitag.it\/#organization"},"potentialAction":[{"@type":"SearchAction","target":{"@type":"EntryPoint","urlTemplate":"https:\/\/museomitag.it\/?s={search_term_string}"},"query-input":{"@type":"PropertyValueSpecification","valueRequired":true,"valueName":"search_term_string"}}],"inLanguage":"de"},{"@type":"Organization","@id":"https:\/\/museomitag.it\/#organization","name":"MITAG Museo Storico Italiano della Guerra","url":"https:\/\/museomitag.it\/","logo":{"@type":"ImageObject","inLanguage":"de","@id":"https:\/\/museomitag.it\/#\/schema\/logo\/image\/","url":"https:\/\/museomitag.it\/wp-content\/uploads\/2025\/07\/Logo-MITAG-nero-500px.png","contentUrl":"https:\/\/museomitag.it\/wp-content\/uploads\/2025\/07\/Logo-MITAG-nero-500px.png","width":500,"height":185,"caption":"MITAG Museo Storico Italiano della Guerra"},"image":{"@id":"https:\/\/museomitag.it\/#\/schema\/logo\/image\/"},"sameAs":["https:\/\/www.facebook.com\/museomitag\/","https:\/\/www.instagram.com\/museomitag\/"]}]}},"_links":{"self":[{"href":"https:\/\/museomitag.it\/de\/wp-json\/wp\/v2\/pages\/22096","targetHints":{"allow":["GET"]}}],"collection":[{"href":"https:\/\/museomitag.it\/de\/wp-json\/wp\/v2\/pages"}],"about":[{"href":"https:\/\/museomitag.it\/de\/wp-json\/wp\/v2\/types\/page"}],"author":[{"embeddable":true,"href":"https:\/\/museomitag.it\/de\/wp-json\/wp\/v2\/users\/1"}],"replies":[{"embeddable":true,"href":"https:\/\/museomitag.it\/de\/wp-json\/wp\/v2\/comments?post=22096"}],"version-history":[{"count":4,"href":"https:\/\/museomitag.it\/de\/wp-json\/wp\/v2\/pages\/22096\/revisions"}],"predecessor-version":[{"id":23896,"href":"https:\/\/museomitag.it\/de\/wp-json\/wp\/v2\/pages\/22096\/revisions\/23896"}],"up":[{"embeddable":true,"href":"https:\/\/museomitag.it\/de\/wp-json\/wp\/v2\/pages\/22088"}],"wp:featuredmedia":[{"embeddable":true,"href":"https:\/\/museomitag.it\/de\/wp-json\/wp\/v2\/media\/29387"}],"wp:attachment":[{"href":"https:\/\/museomitag.it\/de\/wp-json\/wp\/v2\/media?parent=22096"}],"curies":[{"name":"wp","href":"https:\/\/api.w.org\/{rel}","templated":true}]}}