{"id":22108,"date":"2023-02-02T10:47:01","date_gmt":"2023-02-02T09:47:01","guid":{"rendered":"https:\/\/museomitag.it\/?page_id=22108"},"modified":"2025-08-18T11:48:15","modified_gmt":"2025-08-18T09:48:15","slug":"fotos-und-filme","status":"publish","type":"page","link":"https:\/\/museomitag.it\/de\/die-sammlungen\/fotos-und-filme\/","title":{"rendered":"Fotos und Filme"},"content":{"rendered":"<p>[vc_row images=&#8220;9288,9285,9307,9313,9304,9294,9291,9316,9310&#8243; img_size=&#8220;full&#8220; onclick=&#8220;link_no&#8220; custom_links_target=&#8220;_self&#8220; mode=&#8220;horizontal&#8220; speed=&#8220;2500&#8243; slides_per_view=&#8220;3&#8243; autoplay=&#8220;yes&#8220; hide_pagination_control=&#8220;yes&#8220; hide_prev_next_buttons=&#8220;yes&#8220; partial_view=&#8220;&#8220; wrap=&#8220;yes&#8220; title=&#8220;&#8220; custom_links=&#8220;&#8220;][vc_column][vc_column_text el_class=&#8220;padding_0&#8243;]<style>\n\t#wpcpro-wrapper #sp-wp-carousel-pro-id-13080.sp-wpcp-13080 .wpcp-all-captions .wpcp-image-caption a,\n\t#wpcpro-wrapper #sp-wp-carousel-pro-id-13080.sp-wpcp-13080 .wpcp-all-captions .wpcp-image-caption {\n\t\t\tcolor: #333;\n\t\t\tfont-size: 15px;\n\t\t\tline-height: 23px;\n\t\t\tletter-spacing: 0px;\n\t\t\ttext-transform: capitalize;\n\t\t\ttext-align: center;\n\t\t}\n\t\t#wpcpro-wrapper #sp-wp-carousel-pro-id-13080.sp-wpcp-13080 .wpcp-all-captions .wpcp-image-description {\n\t\t\tcolor: #333;\n\t\t\tfont-size: 14px;\n\t\t\tline-height: 21px;\n\t\t\tletter-spacing: 0px;\n\t\t\ttext-transform: none;\n\t\t\ttext-align: center;}\n\t#wpcpro-wrapper #sp-wp-carousel-pro-id-13080.wpcp-carousel-section.sp-wpcp-13080 .slick-prev,\n\t#wpcpro-wrapper #sp-wp-carousel-pro-id-13080.wpcp-carousel-section.sp-wpcp-13080 .slick-next {\n\t\t\tcolor: ;\n\t\t\tbackground-color: ;\n\t\t\tborder-color: ;\n\t\t\tborder-radius: 0%;\n\t\t}\n\t\t#wpcpro-wrapper #sp-wp-carousel-pro-id-13080.wpcp-carousel-section.sp-wpcp-13080 .slick-prev:hover,\n\t\t#wpcpro-wrapper #sp-wp-carousel-pro-id-13080.wpcp-carousel-section.sp-wpcp-13080 .slick-next:hover {\n\t\t\tcolor: ;\n\t\t\tbackground-color: ;\n\t\t\tborder-color: ;\n\t\t}\n\t#wpcpro-wrapper #sp-wp-carousel-pro-id-13080.sp-wpcp-13080.nav-vertical-center-inner-hover.slick-dotted .slick-next,\n\t#wpcpro-wrapper #sp-wp-carousel-pro-id-13080.wpcp-carousel-section.sp-wpcp-13080.nav-vertical-center-inner-hover.slick-dotted .slick-prev,\n\t#wpcpro-wrapper #sp-wp-carousel-pro-id-13080.wpcp-carousel-section.sp-wpcp-13080.nav-vertical-center-inner.slick-dotted .slick-next,\n\t#wpcpro-wrapper #sp-wp-carousel-pro-id-13080.wpcp-carousel-section.sp-wpcp-13080.nav-vertical-center-inner.slick-dotted .slick-prev,\n\t#wpcpro-wrapper #sp-wp-carousel-pro-id-13080.wpcp-carousel-section.sp-wpcp-13080.nav-vertical-center.slick-dotted .slick-next,\n\t#wpcpro-wrapper #sp-wp-carousel-pro-id-13080.wpcp-carousel-section.sp-wpcp-13080.nav-vertical-center.slick-dotted .slick-prev {\n\t\t\tmargin-top: -35px;\n\t\t}\n#wpcpro-wrapper #sp-wp-carousel-pro-id-13080.wpcp-carousel-section.sp-wpcp-13080 ul.slick-dots {\n\t\tmargin: 18px 0px 0px 0px;\n\t}\n\t#wpcpro-wrapper #sp-wp-carousel-pro-id-13080.wpcp-carousel-section.sp-wpcp-13080 ul.slick-dots li button {\n\t\tbackground-color: #cccccc;\n\t}\n\t#wpcpro-wrapper #sp-wp-carousel-pro-id-13080.wpcp-carousel-section.sp-wpcp-13080 ul.slick-dots li.slick-active button {\n\t\tbackground-color: #52b3d9;\n\t}\n\t#wpcpro-wrapper #sp-wp-carousel-pro-id-13080.wpcp-carousel-section.sp-wpcp-13080:not(.wpcp-product-carousel) .wpcp-single-item {\n\t\tborder: 0px solid #ffffff;\n\t\tpadding: 0px;\n\t}\n\n\t.wpcp-carousel-section.wpcp-standard {\n\t\tdisplay: none;\n\t}\n\t.wpcp-carousel-section.wpcp-standard.slick-initialized {\n\t\tdisplay: block;\t\t\n\t}\n\t\t\t#wpcpro-wrapper #sp-wp-carousel-pro-id-13080.wpcp-carousel-section.sp-wpcp-13080 .slick-list {\n\t\t\tmargin-right: -20px;\n\t\t}\n\t#wpcpro-wrapper #sp-wp-carousel-pro-id-13080.wpcp-carousel-section.sp-wpcp-13080 .slick-slide {\n\t\t\tmargin-right: 20px;\n\t\t}\n\t@media screen and (min-width: 981px) {\n\t\t#wpcpro-wrapper #sp-wp-carousel-pro-id-13080.wpcp-carousel-section.sp-wpcp-13080:not(.wpcp-content-carousel) .wpcp-single-item img { max-height:500px; }\n\t}\n\t@media screen and (min-width: 737px) and (max-width: 980px) {\n\t\t#wpcpro-wrapper #sp-wp-carousel-pro-id-13080.wpcp-carousel-section.sp-wpcp-13080:not(.wpcp-content-carousel) .wpcp-single-item img { max-height:300px; }\n\t}\n\t@media screen and (min-width: 481px) and (max-width: 736px) {\n\t\t#wpcpro-wrapper #sp-wp-carousel-pro-id-13080.wpcp-carousel-section.sp-wpcp-13080:not(.wpcp-content-carousel) .wpcp-single-item img { max-height:200px; }\n\t}\n\t@media screen and  (max-width: 480px) {\n\t\t#wpcpro-wrapper #sp-wp-carousel-pro-id-13080.wpcp-carousel-section.sp-wpcp-13080:not(.wpcp-content-carousel) .wpcp-single-item img { max-height:180px; }\n\t}\n\t@media screen and (min-width: 1200px) {\n\t\t#wpcpro-wrapper #sp-wp-carousel-pro-id-13080.sp-wpcp-13080.slick-initialized .slick-slide {\n\t\t\tfloat: left !important;\n\t\t}\n\t}\n\n\t@media screen and  (max-width: 480px) {\n\t\t#wpcpro-wrapper #sp-wp-carousel-pro-id-13080.sp-wpcp-13080.slick-initialized .slick-slide {\n\t\t\tfloat: left !important;\n\t\t}\n\t}\n\n\t#wpcpro-wrapper #sp-wp-carousel-pro-id-13080.sp-wpcp-13080 .wpcp-slide-image img,\n\t#wpcpro-wrapper #sp-wp-carousel-pro-id-13080.sp-wpcp-13080.wpcp-product-carousel .wpcp-slide-image a {\n\t\tborder-radius: 10px;\n\t}\n\t\t#wpcpro-wrapper #sp-wp-carousel-pro-id-13080.sp-wpcp-13080:not(.wpcp-product-carousel):not(.wpcp-content-carousel) .wpcp-single-item {\n\t\t\tbackground: #f9f9f9;\n\t\t}\/*.wpcp-single-item {background:#fff !important;}*\/\r\n.wpcp-image-caption {text-transform:none !important;font-weight:400;}\n\t\t<\/style>\n<div id=\"wpcpro-wrapper\" class=\"wpcp-carousel-wrapper wpcp-wrapper-13080\"><div id=\"sp-wp-carousel-pro-id-13080\" class=\"wpcp-carousel-section sp-wpcp-13080 wpcp-image-carousel wpcp-standard\" data-slick='{ \"accessibility\":true, \"centerMode\":false, \"centerPadding\": \"0px\", \"swipeToSlide\":false, \"adaptiveHeight\":true, \"arrows\":false, \"autoplay\":true, \"autoplaySpeed\":3000, \"dots\":false, \"infinite\":true, \"speed\":600, \"pauseOnHover\":false, \"slidesToScroll\":1, \"slidesToShow\":1, \"responsive\":[ { \"breakpoint\":1200, \"settings\": { \"slidesToShow\":1, \"slidesToScroll\":1, \"centerPadding\": \"0px\"} }, { \"breakpoint\":980, \"settings\":{ \"slidesToShow\":1, \"slidesToScroll\":1, \"centerPadding\": \"0px\" } }, { \"breakpoint\":736, \"settings\": { \"slidesToShow\":2, \"slidesToScroll\":1, \"centerPadding\": \"0px\" } }, {\"breakpoint\":480, \"settings\":{ \"slidesToShow\":1, \"slidesToScroll\":1, \"arrows\": false, \"dots\": false, \"centerPadding\": \"0px\" } } ], \"rows\":1, \"rtl\":false, \"variableWidth\":false, \"fade\":false, \"lazyLoad\": \"false\", \"swipe\": true, \"draggable\": true }' data-arrowtype=\"angle\" dir=\"ltr\" dir=\"ltr\"><div class=\"wpcp-single-item\"><div class=\"wpcp-slide-image\"><a class=\"wcp-light-box\" href=\"https:\/\/museomitag.it\/wp-content\/uploads\/2020\/08\/Galvagni_Documenti_900x450_0480.jpg\" data-lightbox-gallery=\"group-13080\" title=\"\"><img loading=\"lazy\" decoding=\"async\" src=\"https:\/\/museomitag.it\/wp-content\/uploads\/2020\/08\/Galvagni_Documenti_900x450_0480.jpg\" title=\"Galvagni_Documenti_900x450_0480\" alt=\"Galvagni_Documenti_900x450_0480\" width=\"1200\" height=\"450\"><\/a><\/div><\/div><div class=\"wpcp-single-item\"><div class=\"wpcp-slide-image\"><a class=\"wcp-light-box\" href=\"https:\/\/museomitag.it\/wp-content\/uploads\/2020\/08\/Galvagni_Documenti_900x450_0474.jpg\" data-lightbox-gallery=\"group-13080\" title=\"\"><img loading=\"lazy\" decoding=\"async\" src=\"https:\/\/museomitag.it\/wp-content\/uploads\/2020\/08\/Galvagni_Documenti_900x450_0474.jpg\" title=\"Galvagni_Documenti_900x450_0474\" alt=\"Galvagni_Documenti_900x450_0474\" width=\"1200\" height=\"450\"><\/a><\/div><\/div><div class=\"wpcp-single-item\"><div class=\"wpcp-slide-image\"><a class=\"wcp-light-box\" href=\"https:\/\/museomitag.it\/wp-content\/uploads\/2020\/08\/Galvagni_Documenti_900x450_0425.jpg\" data-lightbox-gallery=\"group-13080\" title=\"\"><img loading=\"lazy\" decoding=\"async\" src=\"https:\/\/museomitag.it\/wp-content\/uploads\/2020\/08\/Galvagni_Documenti_900x450_0425.jpg\" title=\"Galvagni_Documenti_900x450_0425\" alt=\"Galvagni_Documenti_900x450_0425\" width=\"1200\" height=\"450\"><\/a><\/div><\/div><div class=\"wpcp-single-item\"><div class=\"wpcp-slide-image\"><a class=\"wcp-light-box\" href=\"https:\/\/museomitag.it\/wp-content\/uploads\/2020\/08\/Galvagni_Documenti_900x450_0420.jpg\" data-lightbox-gallery=\"group-13080\" title=\"\"><img loading=\"lazy\" decoding=\"async\" src=\"https:\/\/museomitag.it\/wp-content\/uploads\/2020\/08\/Galvagni_Documenti_900x450_0420.jpg\" title=\"Galvagni_Documenti_900x450_0420\" alt=\"Galvagni_Documenti_900x450_0420\" width=\"1200\" height=\"450\"><\/a><\/div><\/div><div class=\"wpcp-single-item\"><div class=\"wpcp-slide-image\"><a class=\"wcp-light-box\" href=\"https:\/\/museomitag.it\/wp-content\/uploads\/2020\/08\/Galvagni_Documenti_900x450_0396.jpg\" data-lightbox-gallery=\"group-13080\" title=\"\"><img loading=\"lazy\" decoding=\"async\" src=\"https:\/\/museomitag.it\/wp-content\/uploads\/2020\/08\/Galvagni_Documenti_900x450_0396.jpg\" title=\"Galvagni_Documenti_900x450_0396\" alt=\"Galvagni_Documenti_900x450_0396\" width=\"1200\" height=\"450\"><\/a><\/div><\/div><div class=\"wpcp-single-item\"><div class=\"wpcp-slide-image\"><a class=\"wcp-light-box\" href=\"https:\/\/museomitag.it\/wp-content\/uploads\/2020\/08\/Galvagni_Documenti_900x450_0403.jpg\" data-lightbox-gallery=\"group-13080\" title=\"\"><img loading=\"lazy\" decoding=\"async\" src=\"https:\/\/museomitag.it\/wp-content\/uploads\/2020\/08\/Galvagni_Documenti_900x450_0403.jpg\" title=\"Galvagni_Documenti_900x450_0403\" alt=\"Galvagni_Documenti_900x450_0403\" width=\"1200\" height=\"450\"><\/a><\/div><\/div><div class=\"wpcp-single-item\"><div class=\"wpcp-slide-image\"><a class=\"wcp-light-box\" href=\"https:\/\/museomitag.it\/wp-content\/uploads\/2020\/08\/Galvagni_Documenti_900x450_0397.jpg\" data-lightbox-gallery=\"group-13080\" title=\"\"><img loading=\"lazy\" decoding=\"async\" src=\"https:\/\/museomitag.it\/wp-content\/uploads\/2020\/08\/Galvagni_Documenti_900x450_0397.jpg\" title=\"Galvagni_Documenti_900x450_0397\" alt=\"Galvagni_Documenti_900x450_0397\" width=\"1200\" height=\"450\"><\/a><\/div><\/div><div class=\"wpcp-single-item\"><div class=\"wpcp-slide-image\"><a class=\"wcp-light-box\" href=\"https:\/\/museomitag.it\/wp-content\/uploads\/2020\/08\/Galvagni_Documenti_900x450_0385.jpg\" data-lightbox-gallery=\"group-13080\" title=\"\"><img loading=\"lazy\" decoding=\"async\" src=\"https:\/\/museomitag.it\/wp-content\/uploads\/2020\/08\/Galvagni_Documenti_900x450_0385.jpg\" title=\"Galvagni_Documenti_900x450_0385\" alt=\"Galvagni_Documenti_900x450_0385\" width=\"1200\" height=\"450\"><\/a><\/div><\/div><div class=\"wpcp-single-item\"><div class=\"wpcp-slide-image\"><a class=\"wcp-light-box\" href=\"https:\/\/museomitag.it\/wp-content\/uploads\/2020\/08\/Galvagni_Documenti_900x450_0503.jpg\" data-lightbox-gallery=\"group-13080\" title=\"\"><img loading=\"lazy\" decoding=\"async\" src=\"https:\/\/museomitag.it\/wp-content\/uploads\/2020\/08\/Galvagni_Documenti_900x450_0503.jpg\" title=\"Galvagni_Documenti_900x450_0503\" alt=\"Galvagni_Documenti_900x450_0503\" width=\"1200\" height=\"450\"><\/a><\/div><\/div><\/div><\/div>[\/vc_column_text][\/vc_column][\/vc_row][vc_row gap=&#8220;10&#8243; equal_height=&#8220;yes&#8220; css=&#8220;.vc_custom_1638544303414{margin-top: 30px !important;}&#8220;][vc_column width=&#8220;2\/3&#8243;][vc_column_text]<\/p>\n<h3>Der Bestand des Fotoarchivs<\/h3>\n<p>Das Museum besitzt einen Bestand von \u00fcber 100.000 Bildern, zum Gro\u00dfteil aus der Zeit der zwei Weltriege und der italienischen Kolonialkriege. Die Fotografien und Negative auf Film und Glasplatten sind nach Fundi geordnet und archiviert (\u00fcber 200, mit insgesamt \u00fcber 580 Alben) gem\u00e4\u00df ihrer Herkunft und wo dies nicht m\u00f6glich war, weil die Herkunft unbekannt ist, nach Themen oder topographischen Gesichtspunkten geordnet. Die Sammlung entstand dank von Schenkungen und Ank\u00e4ufen bereits mit der Gr\u00fcndung des Museums 1921 und wird laufend vergr\u00f6\u00dfert.<\/p>\n<p><a class=\"msig_btn\" href=\"https:\/\/museomitag.it\/de\/serviceleistungen\/\">Serviceleistungen<\/a>\u00a0 \u00a0 \u00a0 \u00a0 \u00a0<a class=\"msig_btn\" href=\"https:\/\/museomitag.it\/de\/schenkungen\/\">Schenkungen<\/a>\u00a0 \u00a0 \u00a0 \u00a0 \u00a0<a class=\"msig_btn\" href=\"https:\/\/museomitag.it\/de\/serviceleistungen\/beratungen\/\">Beratungen<\/a>[\/vc_column_text][\/vc_column][vc_column width=&#8220;1\/3&#8243; css=&#8220;.vc_custom_1638543880231{background-color: #ff9a55 !important;}&#8220;][vc_column_text css=&#8220;.vc_custom_1755510493822{padding-top: 20px !important;padding-right: 20px !important;padding-left: 20px !important;}&#8220;]<\/p>\n<h3><span style=\"color: #ffffff;\">Kontakte<\/span><\/h3>\n<p>&nbsp;<\/p>\n<p><span style=\"color: #ffffff;\">Archiv und Bibliothek<\/span><br \/>\n<span style=\"color: #ffffff;\"><strong>Nicola Fontana<br \/>\n<\/strong>via della Terra 46, Rovereto<\/span><br \/>\n<span style=\"color: #ffffff;\">+39 0464 665183<br \/>\n<a class=\"moz-txt-link-abbreviated\" style=\"color: #ffffff;\" href=\"mailto:archivio@museodellaguerra.it\">archivio@museomitag.it<\/a><br \/>\n<\/span><\/p>\n<p><span style=\"color: #ffffff;\">Nur nach vorheriger Terminvereinbarung<\/span>[\/vc_column_text][\/vc_column][\/vc_row][vc_row equal_height=&#8220;yes&#8220; css=&#8220;.vc_custom_1638543689327{margin-top: 30px !important;background-color: #f2f2f2 !important;}&#8220;][vc_column width=&#8220;1\/3&#8243; css=&#8220;.vc_custom_1641911945436{background: #f2f2f2 url(https:\/\/museomitag.it\/wp-content\/uploads\/2021\/12\/archiui_850x600.jpg?id=18554) !important;background-position: center !important;background-repeat: no-repeat !important;background-size: cover !important;}&#8220;][vc_column_text]<a class=\"msig_link\" href=\"https:\/\/archivimuseodellaguerra.archiui.com\/\">Archiui<\/a>[\/vc_column_text][\/vc_column][vc_column width=&#8220;2\/3&#8243;][vc_column_text css=&#8220;.vc_custom_1675331212729{padding-top: 20px !important;padding-right: 20px !important;padding-bottom: 20px !important;padding-left: 20px !important;}&#8220;]<\/p>\n<h3 style=\"text-align: left;\"><strong>Digitale Archive<\/strong><\/h3>\n<p style=\"text-align: left;\">Ein Teil des Museumsarchivs steht frei online auf <a href=\"https:\/\/archivimuseodellaguerra.archiui.com\/\">archivimuseodellaguerra.archiui.com<\/a>. zur Verf\u00fcgung. Auf dem Portal k\u00f6nnen sowohl Fotografien als auch im Archiv des Museums aufbewahrte Dokumente eingesehen werden. Des Weiteren steht ein Suchfunktion zur Verf\u00fcgung.<\/p>\n<p><a class=\"msig_btn\" href=\"https:\/\/archivimuseodellaguerra.archiui.com\/\">Online entdecken<\/a>[\/vc_column_text][\/vc_column][\/vc_row][vc_row gap=&#8220;10&#8243; equal_height=&#8220;yes&#8220; disable_element=&#8220;yes&#8220; css=&#8220;.vc_custom_1675331317463{margin-top: 30px !important;}&#8220;][vc_column][vc_column_text]<\/p>\n<h3>Mostre fotografiche disponibili al prestito<\/h3>\n<p>Il Museo dispone di alcune mostre fotografiche che si prestano ad essere riallestite in altre sedi. Si tratta di piccole mostre tematiche con\u00a0 riproduzioni fotografiche di immagini provenienti dagli archivi del Museo.<\/p>\n<p>Nel sezione <a href=\"https:\/\/museomitag.it\/scopri\/mostre\/\">Mostre<\/a> di questo sito, le esposizioni che si possono richiedere sono indicate come &#8222;Disponibili al prestito&#8220;. Per maggiori informazioni si prega di contattare il responsabile dell&#8217;Archivio fotografico, dott. Nicola Fontana.<\/p>\n<p><a class=\"msig_btn\" href=\"https:\/\/museomitag.it\/scopri\/mostre\/\">Vai alle mostre<\/a>[\/vc_column_text][\/vc_column][\/vc_row]<\/p>\n","protected":false},"excerpt":{"rendered":"<p>[vc_row images=&#8220;9288,9285,9307,9313,9304,9294,9291,9316,9310&#8243; img_size=&#8220;full&#8220; onclick=&#8220;link_no&#8220; custom_links_target=&#8220;_self&#8220; mode=&#8220;horizontal&#8220; speed=&#8220;2500&#8243; slides_per_view=&#8220;3&#8243; autoplay=&#8220;yes&#8220; hide_pagination_control=&#8220;yes&#8220; hide_prev_next_buttons=&#8220;yes&#8220; partial_view=&#8220;&#8220; wrap=&#8220;yes&#8220; title=&#8220;&#8220; custom_links=&#8220;&#8220;][vc_column][vc_column_text el_class=&#8220;padding_0&#8243;][\/vc_column_text][\/vc_column][\/vc_row][vc_row gap=&#8220;10&#8243; equal_height=&#8220;yes&#8220; css=&#8220;.vc_custom_1638544303414{margin-top: 30px !important;}&#8220;][vc_column width=&#8220;2\/3&#8243;][vc_column_text] Der Bestand des Fotoarchivs Das Museum besitzt einen Bestand von \u00fcber 100.000 Bildern, zum Gro\u00dfteil aus der Zeit der zwei Weltriege und der italienischen Kolonialkriege. Die Fotografien und Negative auf Film und Glasplatten<\/p>\n","protected":false},"author":1,"featured_media":0,"parent":22096,"menu_order":0,"comment_status":"closed","ping_status":"closed","template":"page_museo.php","meta":{"footnotes":""},"class_list":["post-22108","page","type-page","status-publish","hentry"],"yoast_head":"<!-- This site is optimized with the Yoast SEO plugin v27.3 - https:\/\/yoast.com\/product\/yoast-seo-wordpress\/ -->\n<title>Fotos und Filme - Museo Storico Italiano della Guerra<\/title>\n<meta name=\"robots\" content=\"index, follow, max-snippet:-1, max-image-preview:large, max-video-preview:-1\" \/>\n<link rel=\"canonical\" href=\"https:\/\/museomitag.it\/de\/die-sammlungen\/fotos-und-filme\/\" \/>\n<meta property=\"og:locale\" content=\"de_DE\" \/>\n<meta property=\"og:type\" content=\"article\" \/>\n<meta property=\"og:title\" content=\"Fotos und Filme - Museo Storico Italiano della Guerra\" \/>\n<meta property=\"og:description\" content=\"[vc_row images=&#8220;9288,9285,9307,9313,9304,9294,9291,9316,9310&#8243; img_size=&#8220;full&#8220; onclick=&#8220;link_no&#8220; custom_links_target=&#8220;_self&#8220; mode=&#8220;horizontal&#8220; speed=&#8220;2500&#8243; slides_per_view=&#8220;3&#8243; autoplay=&#8220;yes&#8220; hide_pagination_control=&#8220;yes&#8220; hide_prev_next_buttons=&#8220;yes&#8220; partial_view=&#8220;&#8220; wrap=&#8220;yes&#8220; title=&#8220;&#8220; custom_links=&#8220;&#8220;][vc_column][vc_column_text el_class=&#8220;padding_0&#8243;][\/vc_column_text][\/vc_column][\/vc_row][vc_row gap=&#8220;10&#8243; equal_height=&#8220;yes&#8220; css=&#8220;.vc_custom_1638544303414{margin-top: 30px !important;}&#8220;][vc_column width=&#8220;2\/3&#8243;][vc_column_text] Der Bestand des Fotoarchivs Das Museum besitzt einen Bestand von \u00fcber 100.000 Bildern, zum Gro\u00dfteil aus der Zeit der zwei Weltriege und der italienischen Kolonialkriege. Die Fotografien und Negative auf Film und Glasplatten\" \/>\n<meta property=\"og:url\" content=\"https:\/\/museomitag.it\/de\/die-sammlungen\/fotos-und-filme\/\" \/>\n<meta property=\"og:site_name\" content=\"Museo Storico Italiano della Guerra\" \/>\n<meta property=\"article:publisher\" content=\"https:\/\/www.facebook.com\/museomitag\/\" \/>\n<meta property=\"article:modified_time\" content=\"2025-08-18T09:48:15+00:00\" \/>\n<meta name=\"twitter:card\" content=\"summary_large_image\" \/>\n<meta name=\"twitter:label1\" content=\"Gesch\u00e4tzte Lesezeit\" \/>\n\t<meta name=\"twitter:data1\" content=\"2\u00a0Minuten\" \/>\n<script type=\"application\/ld+json\" class=\"yoast-schema-graph\">{\"@context\":\"https:\\\/\\\/schema.org\",\"@graph\":[{\"@type\":\"WebPage\",\"@id\":\"https:\\\/\\\/museomitag.it\\\/de\\\/die-sammlungen\\\/fotos-und-filme\\\/\",\"url\":\"https:\\\/\\\/museomitag.it\\\/de\\\/die-sammlungen\\\/fotos-und-filme\\\/\",\"name\":\"Fotos und Filme - Museo Storico Italiano della Guerra\",\"isPartOf\":{\"@id\":\"https:\\\/\\\/museomitag.it\\\/#website\"},\"datePublished\":\"2023-02-02T09:47:01+00:00\",\"dateModified\":\"2025-08-18T09:48:15+00:00\",\"breadcrumb\":{\"@id\":\"https:\\\/\\\/museomitag.it\\\/de\\\/die-sammlungen\\\/fotos-und-filme\\\/#breadcrumb\"},\"inLanguage\":\"de\",\"potentialAction\":[{\"@type\":\"ReadAction\",\"target\":[\"https:\\\/\\\/museomitag.it\\\/de\\\/die-sammlungen\\\/fotos-und-filme\\\/\"]}]},{\"@type\":\"BreadcrumbList\",\"@id\":\"https:\\\/\\\/museomitag.it\\\/de\\\/die-sammlungen\\\/fotos-und-filme\\\/#breadcrumb\",\"itemListElement\":[{\"@type\":\"ListItem\",\"position\":1,\"name\":\"Home\",\"item\":\"https:\\\/\\\/museomitag.it\\\/de\\\/\"},{\"@type\":\"ListItem\",\"position\":2,\"name\":\"Entdecke\",\"item\":\"https:\\\/\\\/museomitag.it\\\/de\\\/?page_id=22088\"},{\"@type\":\"ListItem\",\"position\":3,\"name\":\"Die Sammlungen\",\"item\":\"https:\\\/\\\/museomitag.it\\\/de\\\/die-sammlungen\\\/\"},{\"@type\":\"ListItem\",\"position\":4,\"name\":\"Fotos und Filme\"}]},{\"@type\":\"WebSite\",\"@id\":\"https:\\\/\\\/museomitag.it\\\/#website\",\"url\":\"https:\\\/\\\/museomitag.it\\\/\",\"name\":\"MITAG Museo Storico Italiano della Guerra\",\"description\":\"Rovereto (TN) - Trentino\",\"publisher\":{\"@id\":\"https:\\\/\\\/museomitag.it\\\/#organization\"},\"potentialAction\":[{\"@type\":\"SearchAction\",\"target\":{\"@type\":\"EntryPoint\",\"urlTemplate\":\"https:\\\/\\\/museomitag.it\\\/?s={search_term_string}\"},\"query-input\":{\"@type\":\"PropertyValueSpecification\",\"valueRequired\":true,\"valueName\":\"search_term_string\"}}],\"inLanguage\":\"de\"},{\"@type\":\"Organization\",\"@id\":\"https:\\\/\\\/museomitag.it\\\/#organization\",\"name\":\"MITAG Museo Storico Italiano della Guerra\",\"url\":\"https:\\\/\\\/museomitag.it\\\/\",\"logo\":{\"@type\":\"ImageObject\",\"inLanguage\":\"de\",\"@id\":\"https:\\\/\\\/museomitag.it\\\/#\\\/schema\\\/logo\\\/image\\\/\",\"url\":\"https:\\\/\\\/museomitag.it\\\/wp-content\\\/uploads\\\/2025\\\/07\\\/Logo-MITAG-nero-500px.png\",\"contentUrl\":\"https:\\\/\\\/museomitag.it\\\/wp-content\\\/uploads\\\/2025\\\/07\\\/Logo-MITAG-nero-500px.png\",\"width\":500,\"height\":185,\"caption\":\"MITAG Museo Storico Italiano della Guerra\"},\"image\":{\"@id\":\"https:\\\/\\\/museomitag.it\\\/#\\\/schema\\\/logo\\\/image\\\/\"},\"sameAs\":[\"https:\\\/\\\/www.facebook.com\\\/museomitag\\\/\",\"https:\\\/\\\/www.instagram.com\\\/museomitag\\\/\"]}]}<\/script>\n<!-- \/ Yoast SEO plugin. -->","yoast_head_json":{"title":"Fotos und Filme - Museo Storico Italiano della Guerra","robots":{"index":"index","follow":"follow","max-snippet":"max-snippet:-1","max-image-preview":"max-image-preview:large","max-video-preview":"max-video-preview:-1"},"canonical":"https:\/\/museomitag.it\/de\/die-sammlungen\/fotos-und-filme\/","og_locale":"de_DE","og_type":"article","og_title":"Fotos und Filme - Museo Storico Italiano della Guerra","og_description":"[vc_row images=&#8220;9288,9285,9307,9313,9304,9294,9291,9316,9310&#8243; img_size=&#8220;full&#8220; onclick=&#8220;link_no&#8220; custom_links_target=&#8220;_self&#8220; mode=&#8220;horizontal&#8220; speed=&#8220;2500&#8243; slides_per_view=&#8220;3&#8243; autoplay=&#8220;yes&#8220; hide_pagination_control=&#8220;yes&#8220; hide_prev_next_buttons=&#8220;yes&#8220; partial_view=&#8220;&#8220; wrap=&#8220;yes&#8220; title=&#8220;&#8220; custom_links=&#8220;&#8220;][vc_column][vc_column_text el_class=&#8220;padding_0&#8243;][\/vc_column_text][\/vc_column][\/vc_row][vc_row gap=&#8220;10&#8243; equal_height=&#8220;yes&#8220; css=&#8220;.vc_custom_1638544303414{margin-top: 30px !important;}&#8220;][vc_column width=&#8220;2\/3&#8243;][vc_column_text] Der Bestand des Fotoarchivs Das Museum besitzt einen Bestand von \u00fcber 100.000 Bildern, zum Gro\u00dfteil aus der Zeit der zwei Weltriege und der italienischen Kolonialkriege. Die Fotografien und Negative auf Film und Glasplatten","og_url":"https:\/\/museomitag.it\/de\/die-sammlungen\/fotos-und-filme\/","og_site_name":"Museo Storico Italiano della Guerra","article_publisher":"https:\/\/www.facebook.com\/museomitag\/","article_modified_time":"2025-08-18T09:48:15+00:00","twitter_card":"summary_large_image","twitter_misc":{"Gesch\u00e4tzte Lesezeit":"2\u00a0Minuten"},"schema":{"@context":"https:\/\/schema.org","@graph":[{"@type":"WebPage","@id":"https:\/\/museomitag.it\/de\/die-sammlungen\/fotos-und-filme\/","url":"https:\/\/museomitag.it\/de\/die-sammlungen\/fotos-und-filme\/","name":"Fotos und Filme - Museo Storico Italiano della Guerra","isPartOf":{"@id":"https:\/\/museomitag.it\/#website"},"datePublished":"2023-02-02T09:47:01+00:00","dateModified":"2025-08-18T09:48:15+00:00","breadcrumb":{"@id":"https:\/\/museomitag.it\/de\/die-sammlungen\/fotos-und-filme\/#breadcrumb"},"inLanguage":"de","potentialAction":[{"@type":"ReadAction","target":["https:\/\/museomitag.it\/de\/die-sammlungen\/fotos-und-filme\/"]}]},{"@type":"BreadcrumbList","@id":"https:\/\/museomitag.it\/de\/die-sammlungen\/fotos-und-filme\/#breadcrumb","itemListElement":[{"@type":"ListItem","position":1,"name":"Home","item":"https:\/\/museomitag.it\/de\/"},{"@type":"ListItem","position":2,"name":"Entdecke","item":"https:\/\/museomitag.it\/de\/?page_id=22088"},{"@type":"ListItem","position":3,"name":"Die Sammlungen","item":"https:\/\/museomitag.it\/de\/die-sammlungen\/"},{"@type":"ListItem","position":4,"name":"Fotos und Filme"}]},{"@type":"WebSite","@id":"https:\/\/museomitag.it\/#website","url":"https:\/\/museomitag.it\/","name":"MITAG Museo Storico Italiano della Guerra","description":"Rovereto (TN) - Trentino","publisher":{"@id":"https:\/\/museomitag.it\/#organization"},"potentialAction":[{"@type":"SearchAction","target":{"@type":"EntryPoint","urlTemplate":"https:\/\/museomitag.it\/?s={search_term_string}"},"query-input":{"@type":"PropertyValueSpecification","valueRequired":true,"valueName":"search_term_string"}}],"inLanguage":"de"},{"@type":"Organization","@id":"https:\/\/museomitag.it\/#organization","name":"MITAG Museo Storico Italiano della Guerra","url":"https:\/\/museomitag.it\/","logo":{"@type":"ImageObject","inLanguage":"de","@id":"https:\/\/museomitag.it\/#\/schema\/logo\/image\/","url":"https:\/\/museomitag.it\/wp-content\/uploads\/2025\/07\/Logo-MITAG-nero-500px.png","contentUrl":"https:\/\/museomitag.it\/wp-content\/uploads\/2025\/07\/Logo-MITAG-nero-500px.png","width":500,"height":185,"caption":"MITAG Museo Storico Italiano della Guerra"},"image":{"@id":"https:\/\/museomitag.it\/#\/schema\/logo\/image\/"},"sameAs":["https:\/\/www.facebook.com\/museomitag\/","https:\/\/www.instagram.com\/museomitag\/"]}]}},"_links":{"self":[{"href":"https:\/\/museomitag.it\/de\/wp-json\/wp\/v2\/pages\/22108","targetHints":{"allow":["GET"]}}],"collection":[{"href":"https:\/\/museomitag.it\/de\/wp-json\/wp\/v2\/pages"}],"about":[{"href":"https:\/\/museomitag.it\/de\/wp-json\/wp\/v2\/types\/page"}],"author":[{"embeddable":true,"href":"https:\/\/museomitag.it\/de\/wp-json\/wp\/v2\/users\/1"}],"replies":[{"embeddable":true,"href":"https:\/\/museomitag.it\/de\/wp-json\/wp\/v2\/comments?post=22108"}],"version-history":[{"count":6,"href":"https:\/\/museomitag.it\/de\/wp-json\/wp\/v2\/pages\/22108\/revisions"}],"predecessor-version":[{"id":29488,"href":"https:\/\/museomitag.it\/de\/wp-json\/wp\/v2\/pages\/22108\/revisions\/29488"}],"up":[{"embeddable":true,"href":"https:\/\/museomitag.it\/de\/wp-json\/wp\/v2\/pages\/22096"}],"wp:attachment":[{"href":"https:\/\/museomitag.it\/de\/wp-json\/wp\/v2\/media?parent=22108"}],"curies":[{"name":"wp","href":"https:\/\/api.w.org\/{rel}","templated":true}]}}