{"id":22112,"date":"2023-02-01T13:22:38","date_gmt":"2023-02-01T12:22:38","guid":{"rendered":"https:\/\/museomitag.it\/?page_id=22112"},"modified":"2025-08-18T11:47:09","modified_gmt":"2025-08-18T09:47:09","slug":"buecher-und-publikationen","status":"publish","type":"page","link":"https:\/\/museomitag.it\/de\/die-sammlungen\/buecher-und-publikationen\/","title":{"rendered":"B\u00fccher und Publikationen"},"content":{"rendered":"<p>[vc_row][vc_column][vc_single_image image=&#8220;18560&#8243; img_size=&#8220;full&#8220;][\/vc_column][\/vc_row][vc_row gap=&#8220;10&#8243; equal_height=&#8220;yes&#8220; css=&#8220;.vc_custom_1638541291843{margin-top: 30px !important;}&#8220;][vc_column width=&#8220;2\/3&#8243;][vc_column_text]<\/p>\n<h3>Die Fachbibliothek des Museums<\/h3>\n<p>Die<strong> Museumsbibliothek<\/strong> bewahrt in ihrem Sitz in der Via della Terra einen Bestand von <strong>45.000 Ver\u00f6ffentlichungen<\/strong> auf, die B\u00fccher und Brosch\u00fcren verschiedenster historischer und milit\u00e4rtechnischer Themen umfasst (Artillerie, Festungswesen, Ausr\u00fcstung) und zu einem Gro\u00dfteil von Privatpersonen erworben und dem Museum zur Verf\u00fcgung gestellt wurden.<\/p>\n<p>Zum Bibliotheksbestand geh\u00f6rt auch eine <strong>Zeitschriftensammlung<\/strong> mit \u00fcber <strong>1.900 Tageszeitungen und Fachzeitschriften<\/strong>, die noch durch eine Sammlung von Sch\u00fctzengrabenzeitungen, Zeitungen und Zeitschriften aus Fiume und Dalmatien sowie aus der Kolonialzeit bereichert wird. Die aktuellen Zeitschriften decken verschiedene Themenbereiche, mit denen sich das Museum besch\u00e4ftigt, von der <strong>Zeitgeschichte<\/strong> (mit besondere Augenmerk auf milit\u00e4rische Themen), <strong>Archivkunde<\/strong>, von der <strong>Museologie<\/strong> bis zur <strong>Didaktik<\/strong>, von der <strong>Waffentechnik <\/strong>(Waffen und Festungswesen) bis zu Problemen im Bereich der Verteidigung.<\/p>\n<p>Die Bibliothek wird laufend durch Ank\u00e4ufe und <a href=\"https:\/\/museomitag.it\/de\/schenkungen\/\">Schenkungen<\/a> erweitert.<\/p>\n<p>Ein Gro\u00dfteil des Bibliotheksbestandes ist katalogisiert und im <a href=\"https:\/\/strutture-provincia.primo.exlibrisgroup.com\/discovery\/search?vid=39SBT_INST:39SBT_VU1&amp;lang=it\">Sistema Bibliotecario Trentino<\/a>, dem Online-Katalog des Bibliotheksverbundes der Provinz, enthalten.<\/p>\n<p><a class=\"msig_btn\" href=\"https:\/\/museomitag.it\/de\/serviceleistungen\/\">Serviceleistungen<\/a>\u00a0 \u00a0 \u00a0 \u00a0 \u00a0<a class=\"msig_btn\" href=\"https:\/\/museomitag.it\/de\/schenkungen\/\">Schenkungen<\/a>\u00a0 \u00a0 \u00a0 \u00a0 \u00a0<a class=\"msig_btn\" href=\"https:\/\/museomitag.it\/de\/serviceleistungen\/beratungen\/\">Beratungen<\/a>[\/vc_column_text][\/vc_column][vc_column width=&#8220;1\/3&#8243; css=&#8220;.vc_custom_1638541312747{background-color: #ff9a55 !important;}&#8220;][vc_column_text css=&#8220;.vc_custom_1755510426876{padding-top: 20px !important;padding-right: 20px !important;padding-left: 20px !important;}&#8220;]<\/p>\n<h3><span style=\"color: #ffffff;\">Kontakte<\/span><\/h3>\n<p><span style=\"color: #ffffff;\">Archiv und Bibliothek<\/span><br \/>\n<span style=\"color: #ffffff;\"><strong>Nicola Fontana<br \/>\n<\/strong>via della Terra 46, Rovereto<\/span><br \/>\n<span style=\"color: #ffffff;\">+39 0464 665183<br \/>\n<a style=\"color: #ffffff;\" href=\"mailto:archivio@museomitag.it\">archivio@museomitag.it<\/a><br \/>\n<\/span><\/p>\n<p><span style=\"color: #ffffff;\">Nur nach vorheriger Terminvereinbarung<\/span>[\/vc_column_text][\/vc_column][\/vc_row][vc_row disable_element=&#8220;yes&#8220; css=&#8220;.vc_custom_1675254154224{margin-top: 30px !important;padding-top: 20px !important;padding-right: 20px !important;padding-bottom: 20px !important;padding-left: 20px !important;background-color: #f2f2f2 !important;}&#8220;][vc_column width=&#8220;1\/4&#8243;][vc_single_image image=&#8220;14796&#8243; img_size=&#8220;medium&#8220; onclick=&#8220;custom_link&#8220; img_link_target=&#8220;_blank&#8220; link=&#8220;https:\/\/strutture-provincia.primo.exlibrisgroup.com\/discovery\/search?vid=39SBT_INST:39SBT_VU1&amp;lang=it&#8220;][\/vc_column][vc_column width=&#8220;3\/4&#8243;][vc_column_text]<\/p>\n<h4><a href=\"https:\/\/strutture-provincia.primo.exlibrisgroup.com\/discovery\/search?vid=39SBT_INST:39SBT_VU1&amp;lang=it\">Catalogo Bibliografico Trentino<\/a><\/h4>\n<p>Consulta online il catalogo. Per il dettaglio delle opere conservate al Museo \u00e8 possibile effettuare una ricerca avanzata selezionando come sede \u201cRovereto Bibl Museo Della Guerra\u201d.[\/vc_column_text][\/vc_column][\/vc_row]<\/p>\n","protected":false},"excerpt":{"rendered":"<p>[vc_row][vc_column][vc_single_image image=&#8220;18560&#8243; img_size=&#8220;full&#8220;][\/vc_column][\/vc_row][vc_row gap=&#8220;10&#8243; equal_height=&#8220;yes&#8220; css=&#8220;.vc_custom_1638541291843{margin-top: 30px !important;}&#8220;][vc_column width=&#8220;2\/3&#8243;][vc_column_text] Die Fachbibliothek des Museums Die Museumsbibliothek bewahrt in ihrem Sitz in der Via della Terra einen Bestand von 45.000 Ver\u00f6ffentlichungen auf, die B\u00fccher und Brosch\u00fcren verschiedenster historischer und milit\u00e4rtechnischer Themen umfasst (Artillerie, Festungswesen, Ausr\u00fcstung) und zu einem Gro\u00dfteil von Privatpersonen erworben und dem Museum zur Verf\u00fcgung<\/p>\n","protected":false},"author":1,"featured_media":0,"parent":22096,"menu_order":0,"comment_status":"closed","ping_status":"closed","template":"page_museo.php","meta":{"footnotes":""},"class_list":["post-22112","page","type-page","status-publish","hentry"],"yoast_head":"<!-- This site is optimized with the Yoast SEO plugin v27.3 - https:\/\/yoast.com\/product\/yoast-seo-wordpress\/ -->\n<title>B\u00fccher und Publikationen - Museo Storico Italiano della Guerra<\/title>\n<meta name=\"robots\" content=\"index, follow, max-snippet:-1, max-image-preview:large, max-video-preview:-1\" \/>\n<link rel=\"canonical\" href=\"https:\/\/museomitag.it\/de\/die-sammlungen\/buecher-und-publikationen\/\" \/>\n<meta property=\"og:locale\" content=\"de_DE\" \/>\n<meta property=\"og:type\" content=\"article\" \/>\n<meta property=\"og:title\" content=\"B\u00fccher und Publikationen - Museo Storico Italiano della Guerra\" \/>\n<meta property=\"og:description\" content=\"[vc_row][vc_column][vc_single_image image=&#8220;18560&#8243; img_size=&#8220;full&#8220;][\/vc_column][\/vc_row][vc_row gap=&#8220;10&#8243; equal_height=&#8220;yes&#8220; css=&#8220;.vc_custom_1638541291843{margin-top: 30px !important;}&#8220;][vc_column width=&#8220;2\/3&#8243;][vc_column_text] Die Fachbibliothek des Museums Die Museumsbibliothek bewahrt in ihrem Sitz in der Via della Terra einen Bestand von 45.000 Ver\u00f6ffentlichungen auf, die B\u00fccher und Brosch\u00fcren verschiedenster historischer und milit\u00e4rtechnischer Themen umfasst (Artillerie, Festungswesen, Ausr\u00fcstung) und zu einem Gro\u00dfteil von Privatpersonen erworben und dem Museum zur Verf\u00fcgung\" \/>\n<meta property=\"og:url\" content=\"https:\/\/museomitag.it\/de\/die-sammlungen\/buecher-und-publikationen\/\" \/>\n<meta property=\"og:site_name\" content=\"Museo Storico Italiano della Guerra\" \/>\n<meta property=\"article:publisher\" content=\"https:\/\/www.facebook.com\/museomitag\/\" \/>\n<meta property=\"article:modified_time\" content=\"2025-08-18T09:47:09+00:00\" \/>\n<meta name=\"twitter:card\" content=\"summary_large_image\" \/>\n<meta name=\"twitter:label1\" content=\"Gesch\u00e4tzte Lesezeit\" \/>\n\t<meta name=\"twitter:data1\" content=\"2\u00a0Minuten\" \/>\n<script type=\"application\/ld+json\" class=\"yoast-schema-graph\">{\"@context\":\"https:\\\/\\\/schema.org\",\"@graph\":[{\"@type\":\"WebPage\",\"@id\":\"https:\\\/\\\/museomitag.it\\\/de\\\/die-sammlungen\\\/buecher-und-publikationen\\\/\",\"url\":\"https:\\\/\\\/museomitag.it\\\/de\\\/die-sammlungen\\\/buecher-und-publikationen\\\/\",\"name\":\"B\u00fccher und Publikationen - Museo Storico Italiano della Guerra\",\"isPartOf\":{\"@id\":\"https:\\\/\\\/museomitag.it\\\/#website\"},\"datePublished\":\"2023-02-01T12:22:38+00:00\",\"dateModified\":\"2025-08-18T09:47:09+00:00\",\"breadcrumb\":{\"@id\":\"https:\\\/\\\/museomitag.it\\\/de\\\/die-sammlungen\\\/buecher-und-publikationen\\\/#breadcrumb\"},\"inLanguage\":\"de\",\"potentialAction\":[{\"@type\":\"ReadAction\",\"target\":[\"https:\\\/\\\/museomitag.it\\\/de\\\/die-sammlungen\\\/buecher-und-publikationen\\\/\"]}]},{\"@type\":\"BreadcrumbList\",\"@id\":\"https:\\\/\\\/museomitag.it\\\/de\\\/die-sammlungen\\\/buecher-und-publikationen\\\/#breadcrumb\",\"itemListElement\":[{\"@type\":\"ListItem\",\"position\":1,\"name\":\"Home\",\"item\":\"https:\\\/\\\/museomitag.it\\\/de\\\/\"},{\"@type\":\"ListItem\",\"position\":2,\"name\":\"Entdecke\",\"item\":\"https:\\\/\\\/museomitag.it\\\/de\\\/?page_id=22088\"},{\"@type\":\"ListItem\",\"position\":3,\"name\":\"Die Sammlungen\",\"item\":\"https:\\\/\\\/museomitag.it\\\/de\\\/die-sammlungen\\\/\"},{\"@type\":\"ListItem\",\"position\":4,\"name\":\"B\u00fccher und Publikationen\"}]},{\"@type\":\"WebSite\",\"@id\":\"https:\\\/\\\/museomitag.it\\\/#website\",\"url\":\"https:\\\/\\\/museomitag.it\\\/\",\"name\":\"MITAG Museo Storico Italiano della Guerra\",\"description\":\"Rovereto (TN) - Trentino\",\"publisher\":{\"@id\":\"https:\\\/\\\/museomitag.it\\\/#organization\"},\"potentialAction\":[{\"@type\":\"SearchAction\",\"target\":{\"@type\":\"EntryPoint\",\"urlTemplate\":\"https:\\\/\\\/museomitag.it\\\/?s={search_term_string}\"},\"query-input\":{\"@type\":\"PropertyValueSpecification\",\"valueRequired\":true,\"valueName\":\"search_term_string\"}}],\"inLanguage\":\"de\"},{\"@type\":\"Organization\",\"@id\":\"https:\\\/\\\/museomitag.it\\\/#organization\",\"name\":\"MITAG Museo Storico Italiano della Guerra\",\"url\":\"https:\\\/\\\/museomitag.it\\\/\",\"logo\":{\"@type\":\"ImageObject\",\"inLanguage\":\"de\",\"@id\":\"https:\\\/\\\/museomitag.it\\\/#\\\/schema\\\/logo\\\/image\\\/\",\"url\":\"https:\\\/\\\/museomitag.it\\\/wp-content\\\/uploads\\\/2025\\\/07\\\/Logo-MITAG-nero-500px.png\",\"contentUrl\":\"https:\\\/\\\/museomitag.it\\\/wp-content\\\/uploads\\\/2025\\\/07\\\/Logo-MITAG-nero-500px.png\",\"width\":500,\"height\":185,\"caption\":\"MITAG Museo Storico Italiano della Guerra\"},\"image\":{\"@id\":\"https:\\\/\\\/museomitag.it\\\/#\\\/schema\\\/logo\\\/image\\\/\"},\"sameAs\":[\"https:\\\/\\\/www.facebook.com\\\/museomitag\\\/\",\"https:\\\/\\\/www.instagram.com\\\/museomitag\\\/\"]}]}<\/script>\n<!-- \/ Yoast SEO plugin. -->","yoast_head_json":{"title":"B\u00fccher und Publikationen - Museo Storico Italiano della Guerra","robots":{"index":"index","follow":"follow","max-snippet":"max-snippet:-1","max-image-preview":"max-image-preview:large","max-video-preview":"max-video-preview:-1"},"canonical":"https:\/\/museomitag.it\/de\/die-sammlungen\/buecher-und-publikationen\/","og_locale":"de_DE","og_type":"article","og_title":"B\u00fccher und Publikationen - Museo Storico Italiano della Guerra","og_description":"[vc_row][vc_column][vc_single_image image=&#8220;18560&#8243; img_size=&#8220;full&#8220;][\/vc_column][\/vc_row][vc_row gap=&#8220;10&#8243; equal_height=&#8220;yes&#8220; css=&#8220;.vc_custom_1638541291843{margin-top: 30px !important;}&#8220;][vc_column width=&#8220;2\/3&#8243;][vc_column_text] Die Fachbibliothek des Museums Die Museumsbibliothek bewahrt in ihrem Sitz in der Via della Terra einen Bestand von 45.000 Ver\u00f6ffentlichungen auf, die B\u00fccher und Brosch\u00fcren verschiedenster historischer und milit\u00e4rtechnischer Themen umfasst (Artillerie, Festungswesen, Ausr\u00fcstung) und zu einem Gro\u00dfteil von Privatpersonen erworben und dem Museum zur Verf\u00fcgung","og_url":"https:\/\/museomitag.it\/de\/die-sammlungen\/buecher-und-publikationen\/","og_site_name":"Museo Storico Italiano della Guerra","article_publisher":"https:\/\/www.facebook.com\/museomitag\/","article_modified_time":"2025-08-18T09:47:09+00:00","twitter_card":"summary_large_image","twitter_misc":{"Gesch\u00e4tzte Lesezeit":"2\u00a0Minuten"},"schema":{"@context":"https:\/\/schema.org","@graph":[{"@type":"WebPage","@id":"https:\/\/museomitag.it\/de\/die-sammlungen\/buecher-und-publikationen\/","url":"https:\/\/museomitag.it\/de\/die-sammlungen\/buecher-und-publikationen\/","name":"B\u00fccher und Publikationen - Museo Storico Italiano della Guerra","isPartOf":{"@id":"https:\/\/museomitag.it\/#website"},"datePublished":"2023-02-01T12:22:38+00:00","dateModified":"2025-08-18T09:47:09+00:00","breadcrumb":{"@id":"https:\/\/museomitag.it\/de\/die-sammlungen\/buecher-und-publikationen\/#breadcrumb"},"inLanguage":"de","potentialAction":[{"@type":"ReadAction","target":["https:\/\/museomitag.it\/de\/die-sammlungen\/buecher-und-publikationen\/"]}]},{"@type":"BreadcrumbList","@id":"https:\/\/museomitag.it\/de\/die-sammlungen\/buecher-und-publikationen\/#breadcrumb","itemListElement":[{"@type":"ListItem","position":1,"name":"Home","item":"https:\/\/museomitag.it\/de\/"},{"@type":"ListItem","position":2,"name":"Entdecke","item":"https:\/\/museomitag.it\/de\/?page_id=22088"},{"@type":"ListItem","position":3,"name":"Die Sammlungen","item":"https:\/\/museomitag.it\/de\/die-sammlungen\/"},{"@type":"ListItem","position":4,"name":"B\u00fccher und Publikationen"}]},{"@type":"WebSite","@id":"https:\/\/museomitag.it\/#website","url":"https:\/\/museomitag.it\/","name":"MITAG Museo Storico Italiano della Guerra","description":"Rovereto (TN) - Trentino","publisher":{"@id":"https:\/\/museomitag.it\/#organization"},"potentialAction":[{"@type":"SearchAction","target":{"@type":"EntryPoint","urlTemplate":"https:\/\/museomitag.it\/?s={search_term_string}"},"query-input":{"@type":"PropertyValueSpecification","valueRequired":true,"valueName":"search_term_string"}}],"inLanguage":"de"},{"@type":"Organization","@id":"https:\/\/museomitag.it\/#organization","name":"MITAG Museo Storico Italiano della Guerra","url":"https:\/\/museomitag.it\/","logo":{"@type":"ImageObject","inLanguage":"de","@id":"https:\/\/museomitag.it\/#\/schema\/logo\/image\/","url":"https:\/\/museomitag.it\/wp-content\/uploads\/2025\/07\/Logo-MITAG-nero-500px.png","contentUrl":"https:\/\/museomitag.it\/wp-content\/uploads\/2025\/07\/Logo-MITAG-nero-500px.png","width":500,"height":185,"caption":"MITAG Museo Storico Italiano della Guerra"},"image":{"@id":"https:\/\/museomitag.it\/#\/schema\/logo\/image\/"},"sameAs":["https:\/\/www.facebook.com\/museomitag\/","https:\/\/www.instagram.com\/museomitag\/"]}]}},"_links":{"self":[{"href":"https:\/\/museomitag.it\/de\/wp-json\/wp\/v2\/pages\/22112","targetHints":{"allow":["GET"]}}],"collection":[{"href":"https:\/\/museomitag.it\/de\/wp-json\/wp\/v2\/pages"}],"about":[{"href":"https:\/\/museomitag.it\/de\/wp-json\/wp\/v2\/types\/page"}],"author":[{"embeddable":true,"href":"https:\/\/museomitag.it\/de\/wp-json\/wp\/v2\/users\/1"}],"replies":[{"embeddable":true,"href":"https:\/\/museomitag.it\/de\/wp-json\/wp\/v2\/comments?post=22112"}],"version-history":[{"count":6,"href":"https:\/\/museomitag.it\/de\/wp-json\/wp\/v2\/pages\/22112\/revisions"}],"predecessor-version":[{"id":29486,"href":"https:\/\/museomitag.it\/de\/wp-json\/wp\/v2\/pages\/22112\/revisions\/29486"}],"up":[{"embeddable":true,"href":"https:\/\/museomitag.it\/de\/wp-json\/wp\/v2\/pages\/22096"}],"wp:attachment":[{"href":"https:\/\/museomitag.it\/de\/wp-json\/wp\/v2\/media?parent=22112"}],"curies":[{"name":"wp","href":"https:\/\/api.w.org\/{rel}","templated":true}]}}