{"id":22125,"date":"2023-01-31T15:57:30","date_gmt":"2023-01-31T14:57:30","guid":{"rendered":"https:\/\/museomitag.it\/?page_id=22125"},"modified":"2025-08-18T11:43:51","modified_gmt":"2025-08-18T09:43:51","slug":"ausstellungsgegenstaende","status":"publish","type":"page","link":"https:\/\/museomitag.it\/de\/die-sammlungen\/ausstellungsgegenstaende\/","title":{"rendered":"Ausstellungsgegenst\u00e4nde"},"content":{"rendered":"<p>[vc_row gap=&#8220;10&#8243; equal_height=&#8220;yes&#8220;][vc_column width=&#8220;2\/3&#8243;][vc_column_text]<\/p>\n<h3><b>Die Geschichte anhand der Sammlungen<\/b><\/h3>\n<p>Die Sammlungen des Museum entstanden ab dem Ende des <b>Ersten Weltkrieges<\/b>, durch die Schenkung von Kriegsmaterial ehemaliger Kriegsteilnehmer, durch Familienangeh\u00f6rige von Gefallenen und privater B\u00fcrger. Danach folgten Schenkungen von nationalen Einrichtungen und ausl\u00e4ndischen Regierungen. Noch heute erhalten wir zahlreiche <b>Schenkungen<\/b> von privaten B\u00fcrgern, die ihre im Besitz befindlichen Objekte und Dokumente aufbewahrt sehen m\u00f6chten (Entdecke, wie ein Erinnerungsst\u00fcck geschenkt werden kann).<\/p>\n<p>Im Laufe der Zeit hat das Museum seine Interessen und seine Sammlungen auch auf andere Konflikte ausgeweitet, von der <b>Moderne<\/b> \u00fcber die <b>Kolonialkriege<\/b> bis zum Zweiten Weltkrieg und dem <b>Kalten Krieg<\/b>. Die ausgestellten und konservierten Materialien setzen sich aus Waffen, Uniformen und pers\u00f6nlichen Ausr\u00fcstungsgegenst\u00e4nden, Milit\u00e4rfahrzeugen, technischem Material, milit\u00e4rischen Alltagsgegenst\u00e4nden, k\u00fcnstlerischen Objekten, Auszeichnungen, Manifesten und Postkarten, Tageb\u00fcchern und Briefen zusammen. Ein Teil der Best\u00e4nde ist ausgestellt oder befindet sich als Leihgabe bei anderen Einrichtungen; ein betr\u00e4chtlicher Teil der Sammlungen ist eingelagert. Der Zugang zu den eingelagerten Best\u00e4nden ist f\u00fcr Studien- und Forschungszwecke nur nach vorheriger Anmeldung m\u00f6glich.<\/p>\n<p><a class=\"msig_btn\" href=\"https:\/\/museomitag.it\/de\/serviceleistungen\/\">Serviceleistungen &gt;&gt;<\/a>[\/vc_column_text][\/vc_column][vc_column width=&#8220;1\/3&#8243; css=&#8220;.vc_custom_1638457048761{background-color: #ff9a55 !important;}&#8220;][vc_column_text css=&#8220;.vc_custom_1755510230000{padding-top: 20px !important;padding-right: 20px !important;padding-bottom: 20px !important;padding-left: 20px !important;}&#8220;]<\/p>\n<h3><span style=\"color: #ffffff;\">Kontakte<\/span><\/h3>\n<div class=\"wpb_text_column wpb_content_element vc_custom_1626098004012\">\n<div class=\"wpb_wrapper\">\n<p>&nbsp;<\/p>\n<p><span style=\"color: #ffffff;\">Abteilung Sammlungen <\/span><br \/>\n<span style=\"color: #ffffff;\"><strong>Marco Leonardi Scomazzoni\u00a0<\/strong><\/span><br \/>\n<span style=\"color: #ffffff;\">+39 0464 438100 int. 206<\/span><br \/>\n<span style=\"color: #ffffff;\">collezioni@museomitag.it<\/span><\/p>\n<p><span style=\"color: #ffffff;\"><strong>Davide Zendri<\/strong><\/span><br \/>\n<span style=\"color: #ffffff;\">+39 0464 438100 int. 216<\/span><br \/>\n<span style=\"color: #ffffff;\">collezioni@museomitag.it<\/span><\/p>\n<p><span style=\"color: #ffffff;\">Nur nach vorheriger Terminvereinbarung <\/span><\/p>\n<\/div>\n<\/div>\n<p>[\/vc_column_text][\/vc_column][\/vc_row][vc_row gap=&#8220;10&#8243; equal_height=&#8220;yes&#8220; content_placement=&#8220;bottom&#8220; css=&#8220;.vc_custom_1638457080378{margin-top: 30px !important;}&#8220;][vc_column width=&#8220;1\/3&#8243; css=&#8220;.vc_custom_1637574708682{background-image: url(https:\/\/museomitag.it\/wp-content\/uploads\/2019\/12\/armi_900x450.jpg?id=9159) !important;background-position: center !important;background-repeat: no-repeat !important;background-size: cover !important;}&#8220; el_class=&#8220;msig_intro_icona&#8220;][vc_column_text]<\/p>\n<h3><a class=\"msig_intro_link\" title=\"Armi\" href=\"https:\/\/museomitag.it\/de\/ausstellungsgegenstaende\/waffen\/\">Waffen<\/a><br \/>\n<a class=\"msig_intro_txt\" title=\"Armi\" href=\"https:\/\/museomitag.it\/de\/ausstellungsgegenstaende\/waffen\/\">Waffen<\/a><\/h3>\n<p>[\/vc_column_text][\/vc_column][vc_column width=&#8220;1\/3&#8243; el_class=&#8220;msig_intro_icona&#8220; css=&#8220;.vc_custom_1637574713621{background-image: url(https:\/\/museomitag.it\/wp-content\/uploads\/2020\/09\/Rest_Divise_900x450_05480348f.jpg?id=11125) !important;background-position: center !important;background-repeat: no-repeat !important;background-size: cover !important;}&#8220;][vc_column_text]<\/p>\n<h3><a class=\"msig_intro_link\" title=\"Divise\" href=\"https:\/\/museomitag.it\/de\/ausstellungsgegenstaende\/uniformen\/\">Uniformen<\/a><br \/>\n<a class=\"msig_intro_txt\" title=\"Divise\" href=\"https:\/\/museomitag.it\/de\/ausstellungsgegenstaende\/uniformen\/\">Uniformen<\/a><\/h3>\n<p>[\/vc_column_text][\/vc_column][vc_column width=&#8220;1\/3&#8243; el_class=&#8220;msig_intro_icona&#8220; css=&#8220;.vc_custom_1637574719709{background-image: url(https:\/\/museomitag.it\/wp-content\/uploads\/2020\/10\/Galvagni_Artiglierie_900x450_FX0_0557.jpg?id=12482) !important;background-position: center !important;background-repeat: no-repeat !important;background-size: cover !important;}&#8220;][vc_column_text]<\/p>\n<h3><a class=\"msig_intro_link\" title=\"Artiglierie\" href=\"https:\/\/museomitag.it\/de\/ausstellungsgegenstaende\/artillerie\/\">Artillerie<\/a><br \/>\n<a class=\"msig_intro_txt\" title=\"Artiglierie\" href=\"https:\/\/museomitag.it\/de\/ausstellungsgegenstaende\/artillerie\/\">Artillerie<\/a><\/h3>\n<p>[\/vc_column_text][\/vc_column][\/vc_row][vc_row gap=&#8220;10&#8243; equal_height=&#8220;yes&#8220; content_placement=&#8220;bottom&#8220; css=&#8220;.vc_custom_1607940608455{margin-bottom: 10px !important;}&#8220;][vc_column css_animation=&#8220;none&#8220; width=&#8220;1\/3&#8243; el_class=&#8220;msig_intro_icona&#8220; css=&#8220;.vc_custom_1637574725916{background-image: url(https:\/\/museomitag.it\/wp-content\/uploads\/2020\/10\/Galvagni_Mezzi_900x450_54.jpg?id=12532) !important;background-position: center !important;background-repeat: no-repeat !important;background-size: cover !important;}&#8220;][vc_column_text]<\/p>\n<h3><a class=\"msig_intro_link\" title=\"Mezzi militari\" href=\"https:\/\/museomitag.it\/de\/ausstellungsgegenstaende\/militaerische-fahrzeuge\/\">Milit\u00e4rische Fahrzeuge<\/a><br \/>\n<a class=\"msig_intro_txt\" title=\"Mezzi militari\" href=\"https:\/\/museomitag.it\/de\/ausstellungsgegenstaende\/militaerische-fahrzeuge\/\">Milit\u00e4rische Fahrzeuge<\/a><\/h3>\n<p>[\/vc_column_text][\/vc_column][vc_column css_animation=&#8220;none&#8220; width=&#8220;1\/3&#8243; css=&#8220;.vc_custom_1637574734022{background-image: url(https:\/\/museomitag.it\/wp-content\/uploads\/2020\/10\/MSDG_Bombe_900x450_Mills-ing-12.jpg?id=12624) !important;background-position: center !important;background-repeat: no-repeat !important;background-size: cover !important;}&#8220; el_class=&#8220;msig_intro_icona&#8220;][vc_column_text]<\/p>\n<h3><a class=\"msig_intro_link\" title=\"Bombe e proiettili\" href=\"https:\/\/museomitag.it\/de\/ausstellungsgegenstaende\/bomben-und-geschosse\/\">Bomben und Gescho\u00dfe<\/a><br \/>\n<a class=\"msig_intro_txt\" title=\"Bombe e proiettili\" href=\"https:\/\/museomitag.it\/de\/ausstellungsgegenstaende\/bomben-und-geschosse\/\">Bomben und Gescho\u00dfe<\/a><\/h3>\n<p>[\/vc_column_text][\/vc_column][vc_column width=&#8220;1\/3&#8243; css=&#8220;.vc_custom_1644226699886{background-image: url(https:\/\/museomitag.it\/wp-content\/uploads\/2020\/12\/MSDG_Materiale-tec_900x450_IMG_0127.jpg?id=13567) !important;background-position: center !important;background-repeat: no-repeat !important;background-size: cover !important;}&#8220;][vc_column_text]<\/p>\n<h3><a class=\"msig_intro_link\" title=\"Materiale tecnico\" href=\"https:\/\/museomitag.it\/de\/ausstellungsgegenstaende\/technisches-material\/\">Technisches Material<\/a><br \/>\n<a class=\"msig_intro_txt\" title=\"Materiale tecnico\" href=\"https:\/\/museomitag.it\/de\/ausstellungsgegenstaende\/technisches-material\/\">Technisches Material<\/a><\/h3>\n<p>[\/vc_column_text][\/vc_column][\/vc_row][vc_row gap=&#8220;10&#8243; equal_height=&#8220;yes&#8220; content_placement=&#8220;bottom&#8220; css=&#8220;.vc_custom_1607940631407{margin-bottom: 10px !important;}&#8220;][vc_column css_animation=&#8220;none&#8220; width=&#8220;1\/3&#8243; css=&#8220;.vc_custom_1607941657493{background-image: url(https:\/\/museomitag.it\/wp-content\/uploads\/2020\/12\/MSDG_Bandiere_900x450_0495.jpg?id=13690) !important;background-position: center !important;background-repeat: no-repeat !important;background-size: cover !important;}&#8220; el_class=&#8220;msig_intro_icona&#8220;][vc_column_text]<\/p>\n<h3><a class=\"msig_intro_link\" title=\"Bandiere\" href=\"https:\/\/museomitag.it\/de\/ausstellungsgegenstaende\/flaggen\/\">Flaggen<\/a><br \/>\n<a class=\"msig_intro_txt\" title=\"Bandiere\" href=\"https:\/\/museomitag.it\/de\/ausstellungsgegenstaende\/flaggen\/\">Flaggen<\/a><\/h3>\n<p>[\/vc_column_text][\/vc_column][vc_column css_animation=&#8220;none&#8220; width=&#8220;1\/3&#8243; el_class=&#8220;msig_intro_icona&#8220; css=&#8220;.vc_custom_1607941736520{background-image: url(https:\/\/museomitag.it\/wp-content\/uploads\/2020\/12\/Rest_Distintivi_900x450_3527.jpg?id=13756) !important;background-position: center !important;background-repeat: no-repeat !important;background-size: cover !important;}&#8220;][vc_column_text]<\/p>\n<h3><a class=\"msig_intro_link\" title=\"Distintivi e medaglie\" href=\"https:\/\/museomitag.it\/de\/ausstellungsgegenstaende\/orden-und-medaillen\/\">Orden und Medaillen<\/a><br \/>\n<a class=\"msig_intro_txt\" title=\"Distintivi e medaglie\" href=\"https:\/\/museomitag.it\/de\/ausstellungsgegenstaende\/orden-und-medaillen\/\">Orden und Medaillen<\/a><\/h3>\n<p>[\/vc_column_text][\/vc_column][\/vc_row]<\/p>\n","protected":false},"excerpt":{"rendered":"<p>[vc_row gap=&#8220;10&#8243; equal_height=&#8220;yes&#8220;][vc_column width=&#8220;2\/3&#8243;][vc_column_text] Die Geschichte anhand der Sammlungen Die Sammlungen des Museum entstanden ab dem Ende des Ersten Weltkrieges, durch die Schenkung von Kriegsmaterial ehemaliger Kriegsteilnehmer, durch Familienangeh\u00f6rige von Gefallenen und privater B\u00fcrger. Danach folgten Schenkungen von nationalen Einrichtungen und ausl\u00e4ndischen Regierungen. Noch heute erhalten wir zahlreiche Schenkungen von privaten B\u00fcrgern, die ihre im<\/p>\n","protected":false},"author":1,"featured_media":0,"parent":22096,"menu_order":0,"comment_status":"closed","ping_status":"closed","template":"page_museo.php","meta":{"footnotes":""},"class_list":["post-22125","page","type-page","status-publish","hentry"],"yoast_head":"<!-- This site is optimized with the Yoast SEO plugin v27.3 - https:\/\/yoast.com\/product\/yoast-seo-wordpress\/ -->\n<title>Ausstellungsgegenst\u00e4nde - Museo Storico Italiano della Guerra<\/title>\n<meta name=\"robots\" content=\"index, follow, max-snippet:-1, max-image-preview:large, max-video-preview:-1\" \/>\n<link rel=\"canonical\" href=\"https:\/\/museomitag.it\/de\/die-sammlungen\/ausstellungsgegenstaende\/\" \/>\n<meta property=\"og:locale\" content=\"de_DE\" \/>\n<meta property=\"og:type\" content=\"article\" \/>\n<meta property=\"og:title\" content=\"Ausstellungsgegenst\u00e4nde - Museo Storico Italiano della Guerra\" \/>\n<meta property=\"og:description\" content=\"[vc_row gap=&#8220;10&#8243; equal_height=&#8220;yes&#8220;][vc_column width=&#8220;2\/3&#8243;][vc_column_text] Die Geschichte anhand der Sammlungen Die Sammlungen des Museum entstanden ab dem Ende des Ersten Weltkrieges, durch die Schenkung von Kriegsmaterial ehemaliger Kriegsteilnehmer, durch Familienangeh\u00f6rige von Gefallenen und privater B\u00fcrger. Danach folgten Schenkungen von nationalen Einrichtungen und ausl\u00e4ndischen Regierungen. Noch heute erhalten wir zahlreiche Schenkungen von privaten B\u00fcrgern, die ihre im\" \/>\n<meta property=\"og:url\" content=\"https:\/\/museomitag.it\/de\/die-sammlungen\/ausstellungsgegenstaende\/\" \/>\n<meta property=\"og:site_name\" content=\"Museo Storico Italiano della Guerra\" \/>\n<meta property=\"article:publisher\" content=\"https:\/\/www.facebook.com\/museomitag\/\" \/>\n<meta property=\"article:modified_time\" content=\"2025-08-18T09:43:51+00:00\" \/>\n<meta name=\"twitter:card\" content=\"summary_large_image\" \/>\n<meta name=\"twitter:label1\" content=\"Gesch\u00e4tzte Lesezeit\" \/>\n\t<meta name=\"twitter:data1\" content=\"2\u00a0Minuten\" \/>\n<script type=\"application\/ld+json\" class=\"yoast-schema-graph\">{\"@context\":\"https:\\\/\\\/schema.org\",\"@graph\":[{\"@type\":\"WebPage\",\"@id\":\"https:\\\/\\\/museomitag.it\\\/de\\\/die-sammlungen\\\/ausstellungsgegenstaende\\\/\",\"url\":\"https:\\\/\\\/museomitag.it\\\/de\\\/die-sammlungen\\\/ausstellungsgegenstaende\\\/\",\"name\":\"Ausstellungsgegenst\u00e4nde - Museo Storico Italiano della Guerra\",\"isPartOf\":{\"@id\":\"https:\\\/\\\/museomitag.it\\\/#website\"},\"datePublished\":\"2023-01-31T14:57:30+00:00\",\"dateModified\":\"2025-08-18T09:43:51+00:00\",\"breadcrumb\":{\"@id\":\"https:\\\/\\\/museomitag.it\\\/de\\\/die-sammlungen\\\/ausstellungsgegenstaende\\\/#breadcrumb\"},\"inLanguage\":\"de\",\"potentialAction\":[{\"@type\":\"ReadAction\",\"target\":[\"https:\\\/\\\/museomitag.it\\\/de\\\/die-sammlungen\\\/ausstellungsgegenstaende\\\/\"]}]},{\"@type\":\"BreadcrumbList\",\"@id\":\"https:\\\/\\\/museomitag.it\\\/de\\\/die-sammlungen\\\/ausstellungsgegenstaende\\\/#breadcrumb\",\"itemListElement\":[{\"@type\":\"ListItem\",\"position\":1,\"name\":\"Home\",\"item\":\"https:\\\/\\\/museomitag.it\\\/de\\\/\"},{\"@type\":\"ListItem\",\"position\":2,\"name\":\"Entdecke\",\"item\":\"https:\\\/\\\/museomitag.it\\\/de\\\/?page_id=22088\"},{\"@type\":\"ListItem\",\"position\":3,\"name\":\"Die Sammlungen\",\"item\":\"https:\\\/\\\/museomitag.it\\\/de\\\/die-sammlungen\\\/\"},{\"@type\":\"ListItem\",\"position\":4,\"name\":\"Ausstellungsgegenst\u00e4nde\"}]},{\"@type\":\"WebSite\",\"@id\":\"https:\\\/\\\/museomitag.it\\\/#website\",\"url\":\"https:\\\/\\\/museomitag.it\\\/\",\"name\":\"MITAG Museo Storico Italiano della Guerra\",\"description\":\"Rovereto (TN) - Trentino\",\"publisher\":{\"@id\":\"https:\\\/\\\/museomitag.it\\\/#organization\"},\"potentialAction\":[{\"@type\":\"SearchAction\",\"target\":{\"@type\":\"EntryPoint\",\"urlTemplate\":\"https:\\\/\\\/museomitag.it\\\/?s={search_term_string}\"},\"query-input\":{\"@type\":\"PropertyValueSpecification\",\"valueRequired\":true,\"valueName\":\"search_term_string\"}}],\"inLanguage\":\"de\"},{\"@type\":\"Organization\",\"@id\":\"https:\\\/\\\/museomitag.it\\\/#organization\",\"name\":\"MITAG Museo Storico Italiano della Guerra\",\"url\":\"https:\\\/\\\/museomitag.it\\\/\",\"logo\":{\"@type\":\"ImageObject\",\"inLanguage\":\"de\",\"@id\":\"https:\\\/\\\/museomitag.it\\\/#\\\/schema\\\/logo\\\/image\\\/\",\"url\":\"https:\\\/\\\/museomitag.it\\\/wp-content\\\/uploads\\\/2025\\\/07\\\/Logo-MITAG-nero-500px.png\",\"contentUrl\":\"https:\\\/\\\/museomitag.it\\\/wp-content\\\/uploads\\\/2025\\\/07\\\/Logo-MITAG-nero-500px.png\",\"width\":500,\"height\":185,\"caption\":\"MITAG Museo Storico Italiano della Guerra\"},\"image\":{\"@id\":\"https:\\\/\\\/museomitag.it\\\/#\\\/schema\\\/logo\\\/image\\\/\"},\"sameAs\":[\"https:\\\/\\\/www.facebook.com\\\/museomitag\\\/\",\"https:\\\/\\\/www.instagram.com\\\/museomitag\\\/\"]}]}<\/script>\n<!-- \/ Yoast SEO plugin. -->","yoast_head_json":{"title":"Ausstellungsgegenst\u00e4nde - Museo Storico Italiano della Guerra","robots":{"index":"index","follow":"follow","max-snippet":"max-snippet:-1","max-image-preview":"max-image-preview:large","max-video-preview":"max-video-preview:-1"},"canonical":"https:\/\/museomitag.it\/de\/die-sammlungen\/ausstellungsgegenstaende\/","og_locale":"de_DE","og_type":"article","og_title":"Ausstellungsgegenst\u00e4nde - Museo Storico Italiano della Guerra","og_description":"[vc_row gap=&#8220;10&#8243; equal_height=&#8220;yes&#8220;][vc_column width=&#8220;2\/3&#8243;][vc_column_text] Die Geschichte anhand der Sammlungen Die Sammlungen des Museum entstanden ab dem Ende des Ersten Weltkrieges, durch die Schenkung von Kriegsmaterial ehemaliger Kriegsteilnehmer, durch Familienangeh\u00f6rige von Gefallenen und privater B\u00fcrger. Danach folgten Schenkungen von nationalen Einrichtungen und ausl\u00e4ndischen Regierungen. Noch heute erhalten wir zahlreiche Schenkungen von privaten B\u00fcrgern, die ihre im","og_url":"https:\/\/museomitag.it\/de\/die-sammlungen\/ausstellungsgegenstaende\/","og_site_name":"Museo Storico Italiano della Guerra","article_publisher":"https:\/\/www.facebook.com\/museomitag\/","article_modified_time":"2025-08-18T09:43:51+00:00","twitter_card":"summary_large_image","twitter_misc":{"Gesch\u00e4tzte Lesezeit":"2\u00a0Minuten"},"schema":{"@context":"https:\/\/schema.org","@graph":[{"@type":"WebPage","@id":"https:\/\/museomitag.it\/de\/die-sammlungen\/ausstellungsgegenstaende\/","url":"https:\/\/museomitag.it\/de\/die-sammlungen\/ausstellungsgegenstaende\/","name":"Ausstellungsgegenst\u00e4nde - Museo Storico Italiano della Guerra","isPartOf":{"@id":"https:\/\/museomitag.it\/#website"},"datePublished":"2023-01-31T14:57:30+00:00","dateModified":"2025-08-18T09:43:51+00:00","breadcrumb":{"@id":"https:\/\/museomitag.it\/de\/die-sammlungen\/ausstellungsgegenstaende\/#breadcrumb"},"inLanguage":"de","potentialAction":[{"@type":"ReadAction","target":["https:\/\/museomitag.it\/de\/die-sammlungen\/ausstellungsgegenstaende\/"]}]},{"@type":"BreadcrumbList","@id":"https:\/\/museomitag.it\/de\/die-sammlungen\/ausstellungsgegenstaende\/#breadcrumb","itemListElement":[{"@type":"ListItem","position":1,"name":"Home","item":"https:\/\/museomitag.it\/de\/"},{"@type":"ListItem","position":2,"name":"Entdecke","item":"https:\/\/museomitag.it\/de\/?page_id=22088"},{"@type":"ListItem","position":3,"name":"Die Sammlungen","item":"https:\/\/museomitag.it\/de\/die-sammlungen\/"},{"@type":"ListItem","position":4,"name":"Ausstellungsgegenst\u00e4nde"}]},{"@type":"WebSite","@id":"https:\/\/museomitag.it\/#website","url":"https:\/\/museomitag.it\/","name":"MITAG Museo Storico Italiano della Guerra","description":"Rovereto (TN) - Trentino","publisher":{"@id":"https:\/\/museomitag.it\/#organization"},"potentialAction":[{"@type":"SearchAction","target":{"@type":"EntryPoint","urlTemplate":"https:\/\/museomitag.it\/?s={search_term_string}"},"query-input":{"@type":"PropertyValueSpecification","valueRequired":true,"valueName":"search_term_string"}}],"inLanguage":"de"},{"@type":"Organization","@id":"https:\/\/museomitag.it\/#organization","name":"MITAG Museo Storico Italiano della Guerra","url":"https:\/\/museomitag.it\/","logo":{"@type":"ImageObject","inLanguage":"de","@id":"https:\/\/museomitag.it\/#\/schema\/logo\/image\/","url":"https:\/\/museomitag.it\/wp-content\/uploads\/2025\/07\/Logo-MITAG-nero-500px.png","contentUrl":"https:\/\/museomitag.it\/wp-content\/uploads\/2025\/07\/Logo-MITAG-nero-500px.png","width":500,"height":185,"caption":"MITAG Museo Storico Italiano della Guerra"},"image":{"@id":"https:\/\/museomitag.it\/#\/schema\/logo\/image\/"},"sameAs":["https:\/\/www.facebook.com\/museomitag\/","https:\/\/www.instagram.com\/museomitag\/"]}]}},"_links":{"self":[{"href":"https:\/\/museomitag.it\/de\/wp-json\/wp\/v2\/pages\/22125","targetHints":{"allow":["GET"]}}],"collection":[{"href":"https:\/\/museomitag.it\/de\/wp-json\/wp\/v2\/pages"}],"about":[{"href":"https:\/\/museomitag.it\/de\/wp-json\/wp\/v2\/types\/page"}],"author":[{"embeddable":true,"href":"https:\/\/museomitag.it\/de\/wp-json\/wp\/v2\/users\/1"}],"replies":[{"embeddable":true,"href":"https:\/\/museomitag.it\/de\/wp-json\/wp\/v2\/comments?post=22125"}],"version-history":[{"count":5,"href":"https:\/\/museomitag.it\/de\/wp-json\/wp\/v2\/pages\/22125\/revisions"}],"predecessor-version":[{"id":29481,"href":"https:\/\/museomitag.it\/de\/wp-json\/wp\/v2\/pages\/22125\/revisions\/29481"}],"up":[{"embeddable":true,"href":"https:\/\/museomitag.it\/de\/wp-json\/wp\/v2\/pages\/22096"}],"wp:attachment":[{"href":"https:\/\/museomitag.it\/de\/wp-json\/wp\/v2\/media?parent=22125"}],"curies":[{"name":"wp","href":"https:\/\/api.w.org\/{rel}","templated":true}]}}