{"id":22133,"date":"2023-02-01T11:35:55","date_gmt":"2023-02-01T10:35:55","guid":{"rendered":"https:\/\/museomitag.it\/?page_id=22133"},"modified":"2023-02-10T15:20:53","modified_gmt":"2023-02-10T14:20:53","slug":"artillerie","status":"publish","type":"page","link":"https:\/\/museomitag.it\/de\/die-sammlungen\/ausstellungsgegenstaende\/artillerie\/","title":{"rendered":"Artillerie"},"content":{"rendered":"<p>[vc_row][vc_column offset=&#8220;vc_hidden-xs&#8220;][vc_single_image image=&#8220;12470&#8243; img_size=&#8220;full&#8220; alignment=&#8220;center&#8220;][\/vc_column][\/vc_row][vc_row gap=&#8220;10&#8243; equal_height=&#8220;yes&#8220; css=&#8220;.vc_custom_1638526426748{margin-top: 30px !important;}&#8220;][vc_column width=&#8220;2\/3&#8243;][vc_column_text]<\/p>\n<h3>Eine Sammlung von internationaler Bedeutung<\/h3>\n<p>Die Artilleriesammlung des Museum umfasst fast 200 Gesch\u00fctze und deckt einen Zeitraum ab, der von der Mitte des 15. Jahrhunderts bis zur Mitte des 20. Jahrhunderts reicht. Die St\u00fccke stammen fast ausschlie\u00dflich aus dem europ\u00e4ischen Raum, es finden sich aber auch St\u00fccke aus dem Nahen Osten und aus dem s\u00fcd\u00f6stlichen Asien.<\/p>\n<p>Im Sonderbereich Artillerie des Gro\u00dfen Krieges 1914\u20131918, der in einem Luftschutzraum aus dem Zweiten Weltkrieg zu F\u00fc\u00dfen der Burg an der Piazza Podest\u00e0 eingerichtet ist, stellt das Museum um die 40 Gesch\u00fctze italienischer, \u00f6sterreichisch-ungarischer, deutscher, englischer und franz\u00f6sischer Herkunft aus dem Ersten Weltkrieg aus, darunter Minenwerfer, M\u00f6rser, Haubitzen und Kanonen. Der Bereich ist von Mai bis Oktober f\u00fcr Besucher in den \u00d6ffnungszeiten des Museums ge\u00f6ffnet (f\u00fcr weitere Informationen klicke auf <a href=\"https:\/\/museomitag.it\/de\/info\/\">Informationen).<\/a><\/p>\n<p>Auf dem Platz vor dem Luftschutzraum befindet sich einer der wenigen erhaltenen \u00f6sterreichisch-ungarischen <strong>M\u00f6rser Kaliber 30,5 cm von Skoda<\/strong>. Einige Museumsst\u00fccke sind als Leihgaben bei anderen Institutionen ausgestellt. Zahlreiche Modelle aus der den zwei Weltkriegen sind beispielsweise im Museo della Forze Armate 1941-45 in Montecchio Maggiore (Provinz Vicenza) ausgestellt.<\/p>\n<p><a class=\"msig_btn\" href=\"https:\/\/museomitag.it\/de\/schenkungen\/\">Schenkungen<\/a>\u00a0 \u00a0 \u00a0 \u00a0 <a class=\"msig_btn\" href=\"https:\/\/museomitag.it\/de\/serviceleistungen\/leihgaben-und-konventionen\/\">Leihgaben und Konventionen<\/a>\u00a0 \u00a0 \u00a0 \u00a0 <a class=\"msig_btn\" href=\"https:\/\/museomitag.it\/de\/serviceleistungen\/beratungen\/\">Beratungen<\/a>[\/vc_column_text][\/vc_column][vc_column width=&#8220;1\/3&#8243; css=&#8220;.vc_custom_1638526457979{background-color: #ff9a55 !important;}&#8220;][vc_column_text css=&#8220;.vc_custom_1675247746034{padding-top: 20px !important;padding-right: 20px !important;padding-left: 20px !important;background-color: #ff9a55 !important;}&#8220;]<\/p>\n<h3><span style=\"color: #ffffff;\"><strong>Kontakte<\/strong><\/span><\/h3>\n<p><span style=\"color: #ffffff;\">Abteilung Sammlungen <\/span><br \/>\n<span style=\"color: #ffffff;\"><strong>Marco Leonardi Scomazzoni\u00a0<\/strong><\/span><br \/>\n<span style=\"color: #ffffff;\">+39 0464 438100 int. 206<\/span><br \/>\n<span style=\"color: #ffffff;\">collezioni@museodellaguerra.it<\/span><\/p>\n<p><span style=\"color: #ffffff;\"><strong>Davide Zendri<\/strong><\/span><br \/>\n<span style=\"color: #ffffff;\">+39 0464 438100 int. 216<\/span><br \/>\n<span style=\"color: #ffffff;\">collezioni@museodellaguerra.it<\/span><\/p>\n<p><span style=\"color: #ffffff;\">Nur nach vorheriger Terminvereinbarung<\/span>[\/vc_column_text][\/vc_column][\/vc_row][vc_row css=&#8220;.vc_custom_1638526508276{margin-top: 30px !important;}&#8220;][vc_column offset=&#8220;vc_hidden-xs&#8220;][vc_column_text]<style>\n\t#wpcpro-wrapper #sp-wp-carousel-pro-id-12462.sp-wpcp-12462 .wpcp-all-captions .wpcp-image-caption a,\n\t#wpcpro-wrapper #sp-wp-carousel-pro-id-12462.sp-wpcp-12462 .wpcp-all-captions .wpcp-image-caption {\n\t\t\tcolor: #333;\n\t\t\tfont-size: 15px;\n\t\t\tline-height: 23px;\n\t\t\tletter-spacing: 0px;\n\t\t\ttext-transform: capitalize;\n\t\t\ttext-align: center;\n\t\t}\n\t\t#wpcpro-wrapper #sp-wp-carousel-pro-id-12462.sp-wpcp-12462 .wpcp-all-captions .wpcp-image-description {\n\t\t\tcolor: #333;\n\t\t\tfont-size: 14px;\n\t\t\tline-height: 21px;\n\t\t\tletter-spacing: 0px;\n\t\t\ttext-transform: none;\n\t\t\ttext-align: center;}\n\t#wpcpro-wrapper #sp-wp-carousel-pro-id-12462.wpcp-carousel-section.sp-wpcp-12462 .slick-prev,\n\t#wpcpro-wrapper #sp-wp-carousel-pro-id-12462.wpcp-carousel-section.sp-wpcp-12462 .slick-next {\n\t\t\tcolor: ;\n\t\t\tbackground-color: ;\n\t\t\tborder-color: ;\n\t\t\tborder-radius: 0%;\n\t\t}\n\t\t#wpcpro-wrapper #sp-wp-carousel-pro-id-12462.wpcp-carousel-section.sp-wpcp-12462 .slick-prev:hover,\n\t\t#wpcpro-wrapper #sp-wp-carousel-pro-id-12462.wpcp-carousel-section.sp-wpcp-12462 .slick-next:hover {\n\t\t\tcolor: ;\n\t\t\tbackground-color: ;\n\t\t\tborder-color: ;\n\t\t}\n\t#wpcpro-wrapper #sp-wp-carousel-pro-id-12462.sp-wpcp-12462.nav-vertical-center-inner-hover.slick-dotted .slick-next,\n\t#wpcpro-wrapper #sp-wp-carousel-pro-id-12462.wpcp-carousel-section.sp-wpcp-12462.nav-vertical-center-inner-hover.slick-dotted .slick-prev,\n\t#wpcpro-wrapper #sp-wp-carousel-pro-id-12462.wpcp-carousel-section.sp-wpcp-12462.nav-vertical-center-inner.slick-dotted .slick-next,\n\t#wpcpro-wrapper #sp-wp-carousel-pro-id-12462.wpcp-carousel-section.sp-wpcp-12462.nav-vertical-center-inner.slick-dotted .slick-prev,\n\t#wpcpro-wrapper #sp-wp-carousel-pro-id-12462.wpcp-carousel-section.sp-wpcp-12462.nav-vertical-center.slick-dotted .slick-next,\n\t#wpcpro-wrapper #sp-wp-carousel-pro-id-12462.wpcp-carousel-section.sp-wpcp-12462.nav-vertical-center.slick-dotted .slick-prev {\n\t\t\tmargin-top: -35px;\n\t\t}\n#wpcpro-wrapper #sp-wp-carousel-pro-id-12462.wpcp-carousel-section.sp-wpcp-12462 ul.slick-dots {\n\t\tmargin: 18px 0px 0px 0px;\n\t}\n\t#wpcpro-wrapper #sp-wp-carousel-pro-id-12462.wpcp-carousel-section.sp-wpcp-12462 ul.slick-dots li button {\n\t\tbackground-color: #cccccc;\n\t}\n\t#wpcpro-wrapper #sp-wp-carousel-pro-id-12462.wpcp-carousel-section.sp-wpcp-12462 ul.slick-dots li.slick-active button {\n\t\tbackground-color: #52b3d9;\n\t}\n\t#wpcpro-wrapper #sp-wp-carousel-pro-id-12462.wpcp-carousel-section.sp-wpcp-12462:not(.wpcp-product-carousel) .wpcp-single-item {\n\t\tborder: 0px solid #ffffff;\n\t\tpadding: 0px;\n\t}\n\n\t.wpcp-carousel-section.wpcp-standard {\n\t\tdisplay: none;\n\t}\n\t.wpcp-carousel-section.wpcp-standard.slick-initialized {\n\t\tdisplay: block;\t\t\n\t}\n\t\t\t#wpcpro-wrapper #sp-wp-carousel-pro-id-12462.wpcp-carousel-section.sp-wpcp-12462 .slick-list {\n\t\t\tmargin-right: -20px;\n\t\t}\n\t#wpcpro-wrapper #sp-wp-carousel-pro-id-12462.wpcp-carousel-section.sp-wpcp-12462 .slick-slide {\n\t\t\tmargin-right: 20px;\n\t\t}\n\t@media screen and (min-width: 981px) {\n\t\t#wpcpro-wrapper #sp-wp-carousel-pro-id-12462.wpcp-carousel-section.sp-wpcp-12462:not(.wpcp-content-carousel) .wpcp-single-item img { max-height:300px; }\n\t}\n\t@media screen and (min-width: 737px) and (max-width: 980px) {\n\t\t#wpcpro-wrapper #sp-wp-carousel-pro-id-12462.wpcp-carousel-section.sp-wpcp-12462:not(.wpcp-content-carousel) .wpcp-single-item img { max-height:300px; }\n\t}\n\t@media screen and (min-width: 481px) and (max-width: 736px) {\n\t\t#wpcpro-wrapper #sp-wp-carousel-pro-id-12462.wpcp-carousel-section.sp-wpcp-12462:not(.wpcp-content-carousel) .wpcp-single-item img { max-height:200px; }\n\t}\n\t@media screen and  (max-width: 480px) {\n\t\t#wpcpro-wrapper #sp-wp-carousel-pro-id-12462.wpcp-carousel-section.sp-wpcp-12462:not(.wpcp-content-carousel) .wpcp-single-item img { max-height:180px; }\n\t}\n\t#wpcpro-wrapper #sp-wp-carousel-pro-id-12462.sp-wpcp-12462 .wpcp-slide-image img,\n\t#wpcpro-wrapper #sp-wp-carousel-pro-id-12462.sp-wpcp-12462.wpcp-product-carousel .wpcp-slide-image a {\n\t\tborder-radius: 10px;\n\t}\n\t\t#wpcpro-wrapper #sp-wp-carousel-pro-id-12462.sp-wpcp-12462:not(.wpcp-product-carousel):not(.wpcp-content-carousel) .wpcp-single-item {\n\t\t\tbackground: #f9f9f9;\n\t\t}\/*.wpcp-single-item {background:#fff !important;}*\/\r\n.wpcp-image-caption {text-transform:none !important;font-weight:400;}\n\t\t<\/style>\n<div id=\"wpcpro-wrapper\" class=\"wpcp-carousel-wrapper wpcp-wrapper-12462\"><div id=\"sp-wp-carousel-pro-id-12462\" class=\"wpcp-carousel-section sp-wpcp-12462 wpcp-image-carousel wpcp-standard\" data-slick='{ \"accessibility\":true, \"centerMode\":false, \"centerPadding\": \"0px\", \"swipeToSlide\":false, \"adaptiveHeight\":false, \"arrows\":false, \"autoplay\":true, \"autoplaySpeed\":3000, \"dots\":false, \"infinite\":true, \"speed\":600, \"pauseOnHover\":false, \"slidesToScroll\":1, \"slidesToShow\":3, \"responsive\":[ { \"breakpoint\":1200, \"settings\": { \"slidesToShow\":3, \"slidesToScroll\":1, \"centerPadding\": \"0px\"} }, { \"breakpoint\":980, \"settings\":{ \"slidesToShow\":3, \"slidesToScroll\":1, \"centerPadding\": \"0px\" } }, { \"breakpoint\":736, \"settings\": { \"slidesToShow\":2, \"slidesToScroll\":1, \"centerPadding\": \"0px\" } }, {\"breakpoint\":480, \"settings\":{ \"slidesToShow\":1, \"slidesToScroll\":1, \"arrows\": false, \"dots\": false, \"centerPadding\": \"0px\" } } ], \"rows\":1, \"rtl\":false, \"variableWidth\":false, \"fade\":false, \"lazyLoad\": \"false\", \"swipe\": true, \"draggable\": true }' data-arrowtype=\"angle\" dir=\"ltr\" dir=\"ltr\"><div class=\"wpcp-single-item\"><div class=\"wpcp-slide-image\"><a class=\"wcp-light-box\" href=\"https:\/\/museomitag.it\/wp-content\/uploads\/2020\/10\/Calza\u0300_Artiglierie_900x450_7218.jpg\" data-lightbox-gallery=\"group-12462\" title=\"\"><img loading=\"lazy\" decoding=\"async\" src=\"https:\/\/museomitag.it\/wp-content\/uploads\/2020\/10\/Calza\u0300_Artiglierie_900x450_7218.jpg\" alt=\"Calza\u0300_Artiglierie_900x450_7218.jpg\" width=\"1800\" height=\"900\"><\/a><\/div><\/div><div class=\"wpcp-single-item\"><div class=\"wpcp-slide-image\"><a class=\"wcp-light-box\" href=\"https:\/\/museomitag.it\/wp-content\/uploads\/2020\/10\/Galvagni_Artiglierie_900x450_FX0_0550.jpg\" data-lightbox-gallery=\"group-12462\" title=\"\"><img loading=\"lazy\" decoding=\"async\" src=\"https:\/\/museomitag.it\/wp-content\/uploads\/2020\/10\/Galvagni_Artiglierie_900x450_FX0_0550.jpg\" alt=\"Galvagni_Artiglierie_900x450_FX0_0550\" width=\"1800\" height=\"900\"><\/a><\/div><\/div><div class=\"wpcp-single-item\"><div class=\"wpcp-slide-image\"><a class=\"wcp-light-box\" href=\"https:\/\/museomitag.it\/wp-content\/uploads\/2020\/10\/Calza\u0300_Artiglierie_900x450_7008.jpg\" data-lightbox-gallery=\"group-12462\" title=\"\"><img loading=\"lazy\" decoding=\"async\" src=\"https:\/\/museomitag.it\/wp-content\/uploads\/2020\/10\/Calza\u0300_Artiglierie_900x450_7008.jpg\" alt=\"Calza\u0300_Artiglierie_900x450_7008.jpg\" width=\"1800\" height=\"900\"><\/a><\/div><\/div><div class=\"wpcp-single-item\"><div class=\"wpcp-slide-image\"><a class=\"wcp-light-box\" href=\"https:\/\/museomitag.it\/wp-content\/uploads\/2020\/10\/Galvagni_Artiglierie_900x450_FX0_0557.jpg\" data-lightbox-gallery=\"group-12462\" title=\"\"><img loading=\"lazy\" decoding=\"async\" src=\"https:\/\/museomitag.it\/wp-content\/uploads\/2020\/10\/Galvagni_Artiglierie_900x450_FX0_0557.jpg\" alt=\"Galvagni_Artiglierie_900x450_FX0_0557\" width=\"1800\" height=\"900\"><\/a><\/div><\/div><div class=\"wpcp-single-item\"><div class=\"wpcp-slide-image\"><a class=\"wcp-light-box\" href=\"https:\/\/museomitag.it\/wp-content\/uploads\/2020\/10\/MSDG_Artiglierie_900x450_DSC_0268.jpg\" data-lightbox-gallery=\"group-12462\" title=\"\"><img loading=\"lazy\" decoding=\"async\" src=\"https:\/\/museomitag.it\/wp-content\/uploads\/2020\/10\/MSDG_Artiglierie_900x450_DSC_0268.jpg\" alt=\"MSDG_Artiglierie_900x450_DSC_0268\" width=\"1800\" height=\"900\"><\/a><\/div><\/div><div class=\"wpcp-single-item\"><div class=\"wpcp-slide-image\"><a class=\"wcp-light-box\" href=\"https:\/\/museomitag.it\/wp-content\/uploads\/2020\/10\/Galvagni_Artiglierie_900x450_FX0_0522.jpg\" data-lightbox-gallery=\"group-12462\" title=\"\"><img loading=\"lazy\" decoding=\"async\" src=\"https:\/\/museomitag.it\/wp-content\/uploads\/2020\/10\/Galvagni_Artiglierie_900x450_FX0_0522.jpg\" alt=\"Galvagni_Artiglierie_900x450_FX0_0522\" width=\"1800\" height=\"900\"><\/a><\/div><\/div><div class=\"wpcp-single-item\"><div class=\"wpcp-slide-image\"><a class=\"wcp-light-box\" href=\"https:\/\/museomitag.it\/wp-content\/uploads\/2020\/10\/MSDG_Artiglierie_900x450.jpg\" data-lightbox-gallery=\"group-12462\" title=\"\"><img loading=\"lazy\" decoding=\"async\" src=\"https:\/\/museomitag.it\/wp-content\/uploads\/2020\/10\/MSDG_Artiglierie_900x450.jpg\" alt=\"MSDG_Artiglierie_900x450\" width=\"1800\" height=\"900\"><\/a><\/div><\/div><div class=\"wpcp-single-item\"><div class=\"wpcp-slide-image\"><a class=\"wcp-light-box\" href=\"https:\/\/museomitag.it\/wp-content\/uploads\/2020\/10\/Galvagni_Artiglierie_900x450_FX0_0531.jpg\" data-lightbox-gallery=\"group-12462\" title=\"\"><img loading=\"lazy\" decoding=\"async\" src=\"https:\/\/museomitag.it\/wp-content\/uploads\/2020\/10\/Galvagni_Artiglierie_900x450_FX0_0531.jpg\" alt=\"Galvagni_Artiglierie_900x450_FX0_0531\" width=\"1800\" height=\"900\"><\/a><\/div><\/div><div class=\"wpcp-single-item\"><div class=\"wpcp-slide-image\"><a class=\"wcp-light-box\" href=\"https:\/\/museomitag.it\/wp-content\/uploads\/2020\/10\/Galvagni_Artiglierie_900x450_FX0_0574.jpg\" data-lightbox-gallery=\"group-12462\" title=\"\"><img loading=\"lazy\" decoding=\"async\" src=\"https:\/\/museomitag.it\/wp-content\/uploads\/2020\/10\/Galvagni_Artiglierie_900x450_FX0_0574.jpg\" alt=\"Galvagni_Artiglierie_900x450_FX0_0574\" width=\"1800\" height=\"900\"><\/a><\/div><\/div><div class=\"wpcp-single-item\"><div class=\"wpcp-slide-image\"><a class=\"wcp-light-box\" href=\"https:\/\/museomitag.it\/wp-content\/uploads\/2020\/10\/MSDG_Artiglierie_900x450_DSC_0271.jpg\" data-lightbox-gallery=\"group-12462\" title=\"\"><img loading=\"lazy\" decoding=\"async\" src=\"https:\/\/museomitag.it\/wp-content\/uploads\/2020\/10\/MSDG_Artiglierie_900x450_DSC_0271.jpg\" alt=\"MSDG_Artiglierie_900x450_DSC_0271\" width=\"1800\" height=\"900\"><\/a><\/div><\/div><div class=\"wpcp-single-item\"><div class=\"wpcp-slide-image\"><a class=\"wcp-light-box\" href=\"https:\/\/museomitag.it\/wp-content\/uploads\/2020\/10\/Galvagni_Artiglierie_900x450_FX0_0599.jpg\" data-lightbox-gallery=\"group-12462\" title=\"\"><img loading=\"lazy\" decoding=\"async\" src=\"https:\/\/museomitag.it\/wp-content\/uploads\/2020\/10\/Galvagni_Artiglierie_900x450_FX0_0599.jpg\" alt=\"Galvagni_Artiglierie_900x450_FX0_0599\" width=\"1800\" height=\"900\"><\/a><\/div><\/div><div class=\"wpcp-single-item\"><div class=\"wpcp-slide-image\"><a class=\"wcp-light-box\" href=\"https:\/\/museomitag.it\/wp-content\/uploads\/2020\/10\/Galvagni_Artiglierie_900x450_FX0_0583.jpg\" data-lightbox-gallery=\"group-12462\" title=\"\"><img loading=\"lazy\" decoding=\"async\" src=\"https:\/\/museomitag.it\/wp-content\/uploads\/2020\/10\/Galvagni_Artiglierie_900x450_FX0_0583.jpg\" alt=\"Galvagni_Artiglierie_900x450_FX0_0583\" width=\"1800\" height=\"900\"><\/a><\/div><\/div><div class=\"wpcp-single-item\"><div class=\"wpcp-slide-image\"><a class=\"wcp-light-box\" href=\"https:\/\/museomitag.it\/wp-content\/uploads\/2020\/10\/MSDG_Artiglierie_900x450_DSC_0225.jpg\" data-lightbox-gallery=\"group-12462\" title=\"\"><img loading=\"lazy\" decoding=\"async\" src=\"https:\/\/museomitag.it\/wp-content\/uploads\/2020\/10\/MSDG_Artiglierie_900x450_DSC_0225.jpg\" alt=\"MSDG_Artiglierie_900x450_DSC_0225\" width=\"1800\" height=\"900\"><\/a><\/div><\/div><\/div><\/div>[\/vc_column_text][\/vc_column][\/vc_row]<\/p>\n","protected":false},"excerpt":{"rendered":"<p>[vc_row][vc_column offset=&#8220;vc_hidden-xs&#8220;][vc_single_image image=&#8220;12470&#8243; img_size=&#8220;full&#8220; alignment=&#8220;center&#8220;][\/vc_column][\/vc_row][vc_row gap=&#8220;10&#8243; equal_height=&#8220;yes&#8220; css=&#8220;.vc_custom_1638526426748{margin-top: 30px !important;}&#8220;][vc_column width=&#8220;2\/3&#8243;][vc_column_text] Eine Sammlung von internationaler Bedeutung Die Artilleriesammlung des Museum umfasst fast 200 Gesch\u00fctze und deckt einen Zeitraum ab, der von der Mitte des 15. Jahrhunderts bis zur Mitte des 20. Jahrhunderts reicht. Die St\u00fccke stammen fast ausschlie\u00dflich aus dem europ\u00e4ischen Raum, es finden sich<\/p>\n","protected":false},"author":1,"featured_media":0,"parent":22125,"menu_order":0,"comment_status":"closed","ping_status":"closed","template":"page_museo.php","meta":{"footnotes":""},"class_list":["post-22133","page","type-page","status-publish","hentry"],"yoast_head":"<!-- This site is optimized with the Yoast SEO plugin v27.1.1 - https:\/\/yoast.com\/product\/yoast-seo-wordpress\/ -->\n<title>Artillerie - Museo Storico Italiano della Guerra<\/title>\n<meta name=\"robots\" content=\"index, follow, max-snippet:-1, max-image-preview:large, max-video-preview:-1\" \/>\n<link rel=\"canonical\" href=\"https:\/\/museomitag.it\/scopri\/patrimonio\/oggetti\/artiglierie\/\" \/>\n<meta property=\"og:locale\" content=\"de_DE\" \/>\n<meta property=\"og:type\" content=\"article\" \/>\n<meta property=\"og:title\" content=\"Artillerie - Museo Storico Italiano della Guerra\" \/>\n<meta property=\"og:description\" content=\"[vc_row][vc_column offset=&#8220;vc_hidden-xs&#8220;][vc_single_image image=&#8220;12470&#8243; img_size=&#8220;full&#8220; alignment=&#8220;center&#8220;][\/vc_column][\/vc_row][vc_row gap=&#8220;10&#8243; equal_height=&#8220;yes&#8220; css=&#8220;.vc_custom_1638526426748{margin-top: 30px !important;}&#8220;][vc_column width=&#8220;2\/3&#8243;][vc_column_text] Eine Sammlung von internationaler Bedeutung Die Artilleriesammlung des Museum umfasst fast 200 Gesch\u00fctze und deckt einen Zeitraum ab, der von der Mitte des 15. Jahrhunderts bis zur Mitte des 20. Jahrhunderts reicht. Die St\u00fccke stammen fast ausschlie\u00dflich aus dem europ\u00e4ischen Raum, es finden sich\" \/>\n<meta property=\"og:url\" content=\"https:\/\/museomitag.it\/scopri\/patrimonio\/oggetti\/artiglierie\/\" \/>\n<meta property=\"og:site_name\" content=\"Museo Storico Italiano della Guerra\" \/>\n<meta property=\"article:publisher\" content=\"https:\/\/www.facebook.com\/museomitag\/\" \/>\n<meta property=\"article:modified_time\" content=\"2023-02-10T14:20:53+00:00\" \/>\n<meta name=\"twitter:card\" content=\"summary_large_image\" \/>\n<meta name=\"twitter:label1\" content=\"Gesch\u00e4tzte Lesezeit\" \/>\n\t<meta name=\"twitter:data1\" content=\"2\u00a0Minuten\" \/>\n<script type=\"application\/ld+json\" class=\"yoast-schema-graph\">{\"@context\":\"https:\/\/schema.org\",\"@graph\":[{\"@type\":\"WebPage\",\"@id\":\"https:\/\/museomitag.it\/scopri\/patrimonio\/oggetti\/artiglierie\/\",\"url\":\"https:\/\/museomitag.it\/scopri\/patrimonio\/oggetti\/artiglierie\/\",\"name\":\"Artillerie - Museo Storico Italiano della Guerra\",\"isPartOf\":{\"@id\":\"https:\/\/museomitag.it\/#website\"},\"datePublished\":\"2023-02-01T10:35:55+00:00\",\"dateModified\":\"2023-02-10T14:20:53+00:00\",\"breadcrumb\":{\"@id\":\"https:\/\/museomitag.it\/scopri\/patrimonio\/oggetti\/artiglierie\/#breadcrumb\"},\"inLanguage\":\"de\",\"potentialAction\":[{\"@type\":\"ReadAction\",\"target\":[\"https:\/\/museomitag.it\/scopri\/patrimonio\/oggetti\/artiglierie\/\"]}]},{\"@type\":\"BreadcrumbList\",\"@id\":\"https:\/\/museomitag.it\/scopri\/patrimonio\/oggetti\/artiglierie\/#breadcrumb\",\"itemListElement\":[{\"@type\":\"ListItem\",\"position\":1,\"name\":\"Home\",\"item\":\"https:\/\/museomitag.it\/de\/\"},{\"@type\":\"ListItem\",\"position\":2,\"name\":\"Entdecke\",\"item\":\"https:\/\/museomitag.it\/de\/?page_id=22088\"},{\"@type\":\"ListItem\",\"position\":3,\"name\":\"Die Sammlungen\",\"item\":\"https:\/\/museomitag.it\/de\/die-sammlungen\/\"},{\"@type\":\"ListItem\",\"position\":4,\"name\":\"Ausstellungsgegenst\u00e4nde\",\"item\":\"https:\/\/museomitag.it\/de\/die-sammlungen\/ausstellungsgegenstaende\/\"},{\"@type\":\"ListItem\",\"position\":5,\"name\":\"Artillerie\"}]},{\"@type\":\"WebSite\",\"@id\":\"https:\/\/museomitag.it\/#website\",\"url\":\"https:\/\/museomitag.it\/\",\"name\":\"MITAG Museo Storico Italiano della Guerra\",\"description\":\"Rovereto (TN) - Trentino\",\"publisher\":{\"@id\":\"https:\/\/museomitag.it\/#organization\"},\"potentialAction\":[{\"@type\":\"SearchAction\",\"target\":{\"@type\":\"EntryPoint\",\"urlTemplate\":\"https:\/\/museomitag.it\/?s={search_term_string}\"},\"query-input\":{\"@type\":\"PropertyValueSpecification\",\"valueRequired\":true,\"valueName\":\"search_term_string\"}}],\"inLanguage\":\"de\"},{\"@type\":\"Organization\",\"@id\":\"https:\/\/museomitag.it\/#organization\",\"name\":\"MITAG Museo Storico Italiano della Guerra\",\"url\":\"https:\/\/museomitag.it\/\",\"logo\":{\"@type\":\"ImageObject\",\"inLanguage\":\"de\",\"@id\":\"https:\/\/museomitag.it\/#\/schema\/logo\/image\/\",\"url\":\"https:\/\/museomitag.it\/wp-content\/uploads\/2025\/07\/Logo-MITAG-nero-500px.png\",\"contentUrl\":\"https:\/\/museomitag.it\/wp-content\/uploads\/2025\/07\/Logo-MITAG-nero-500px.png\",\"width\":500,\"height\":185,\"caption\":\"MITAG Museo Storico Italiano della Guerra\"},\"image\":{\"@id\":\"https:\/\/museomitag.it\/#\/schema\/logo\/image\/\"},\"sameAs\":[\"https:\/\/www.facebook.com\/museomitag\/\",\"https:\/\/www.instagram.com\/museomitag\/\"]}]}<\/script>\n<!-- \/ Yoast SEO plugin. -->","yoast_head_json":{"title":"Artillerie - Museo Storico Italiano della Guerra","robots":{"index":"index","follow":"follow","max-snippet":"max-snippet:-1","max-image-preview":"max-image-preview:large","max-video-preview":"max-video-preview:-1"},"canonical":"https:\/\/museomitag.it\/scopri\/patrimonio\/oggetti\/artiglierie\/","og_locale":"de_DE","og_type":"article","og_title":"Artillerie - Museo Storico Italiano della Guerra","og_description":"[vc_row][vc_column offset=&#8220;vc_hidden-xs&#8220;][vc_single_image image=&#8220;12470&#8243; img_size=&#8220;full&#8220; alignment=&#8220;center&#8220;][\/vc_column][\/vc_row][vc_row gap=&#8220;10&#8243; equal_height=&#8220;yes&#8220; css=&#8220;.vc_custom_1638526426748{margin-top: 30px !important;}&#8220;][vc_column width=&#8220;2\/3&#8243;][vc_column_text] Eine Sammlung von internationaler Bedeutung Die Artilleriesammlung des Museum umfasst fast 200 Gesch\u00fctze und deckt einen Zeitraum ab, der von der Mitte des 15. Jahrhunderts bis zur Mitte des 20. Jahrhunderts reicht. Die St\u00fccke stammen fast ausschlie\u00dflich aus dem europ\u00e4ischen Raum, es finden sich","og_url":"https:\/\/museomitag.it\/scopri\/patrimonio\/oggetti\/artiglierie\/","og_site_name":"Museo Storico Italiano della Guerra","article_publisher":"https:\/\/www.facebook.com\/museomitag\/","article_modified_time":"2023-02-10T14:20:53+00:00","twitter_card":"summary_large_image","twitter_misc":{"Gesch\u00e4tzte Lesezeit":"2\u00a0Minuten"},"schema":{"@context":"https:\/\/schema.org","@graph":[{"@type":"WebPage","@id":"https:\/\/museomitag.it\/scopri\/patrimonio\/oggetti\/artiglierie\/","url":"https:\/\/museomitag.it\/scopri\/patrimonio\/oggetti\/artiglierie\/","name":"Artillerie - Museo Storico Italiano della Guerra","isPartOf":{"@id":"https:\/\/museomitag.it\/#website"},"datePublished":"2023-02-01T10:35:55+00:00","dateModified":"2023-02-10T14:20:53+00:00","breadcrumb":{"@id":"https:\/\/museomitag.it\/scopri\/patrimonio\/oggetti\/artiglierie\/#breadcrumb"},"inLanguage":"de","potentialAction":[{"@type":"ReadAction","target":["https:\/\/museomitag.it\/scopri\/patrimonio\/oggetti\/artiglierie\/"]}]},{"@type":"BreadcrumbList","@id":"https:\/\/museomitag.it\/scopri\/patrimonio\/oggetti\/artiglierie\/#breadcrumb","itemListElement":[{"@type":"ListItem","position":1,"name":"Home","item":"https:\/\/museomitag.it\/de\/"},{"@type":"ListItem","position":2,"name":"Entdecke","item":"https:\/\/museomitag.it\/de\/?page_id=22088"},{"@type":"ListItem","position":3,"name":"Die Sammlungen","item":"https:\/\/museomitag.it\/de\/die-sammlungen\/"},{"@type":"ListItem","position":4,"name":"Ausstellungsgegenst\u00e4nde","item":"https:\/\/museomitag.it\/de\/die-sammlungen\/ausstellungsgegenstaende\/"},{"@type":"ListItem","position":5,"name":"Artillerie"}]},{"@type":"WebSite","@id":"https:\/\/museomitag.it\/#website","url":"https:\/\/museomitag.it\/","name":"MITAG Museo Storico Italiano della Guerra","description":"Rovereto (TN) - Trentino","publisher":{"@id":"https:\/\/museomitag.it\/#organization"},"potentialAction":[{"@type":"SearchAction","target":{"@type":"EntryPoint","urlTemplate":"https:\/\/museomitag.it\/?s={search_term_string}"},"query-input":{"@type":"PropertyValueSpecification","valueRequired":true,"valueName":"search_term_string"}}],"inLanguage":"de"},{"@type":"Organization","@id":"https:\/\/museomitag.it\/#organization","name":"MITAG Museo Storico Italiano della Guerra","url":"https:\/\/museomitag.it\/","logo":{"@type":"ImageObject","inLanguage":"de","@id":"https:\/\/museomitag.it\/#\/schema\/logo\/image\/","url":"https:\/\/museomitag.it\/wp-content\/uploads\/2025\/07\/Logo-MITAG-nero-500px.png","contentUrl":"https:\/\/museomitag.it\/wp-content\/uploads\/2025\/07\/Logo-MITAG-nero-500px.png","width":500,"height":185,"caption":"MITAG Museo Storico Italiano della Guerra"},"image":{"@id":"https:\/\/museomitag.it\/#\/schema\/logo\/image\/"},"sameAs":["https:\/\/www.facebook.com\/museomitag\/","https:\/\/www.instagram.com\/museomitag\/"]}]}},"_links":{"self":[{"href":"https:\/\/museomitag.it\/de\/wp-json\/wp\/v2\/pages\/22133","targetHints":{"allow":["GET"]}}],"collection":[{"href":"https:\/\/museomitag.it\/de\/wp-json\/wp\/v2\/pages"}],"about":[{"href":"https:\/\/museomitag.it\/de\/wp-json\/wp\/v2\/types\/page"}],"author":[{"embeddable":true,"href":"https:\/\/museomitag.it\/de\/wp-json\/wp\/v2\/users\/1"}],"replies":[{"embeddable":true,"href":"https:\/\/museomitag.it\/de\/wp-json\/wp\/v2\/comments?post=22133"}],"version-history":[{"count":3,"href":"https:\/\/museomitag.it\/de\/wp-json\/wp\/v2\/pages\/22133\/revisions"}],"predecessor-version":[{"id":23767,"href":"https:\/\/museomitag.it\/de\/wp-json\/wp\/v2\/pages\/22133\/revisions\/23767"}],"up":[{"embeddable":true,"href":"https:\/\/museomitag.it\/de\/wp-json\/wp\/v2\/pages\/22125"}],"wp:attachment":[{"href":"https:\/\/museomitag.it\/de\/wp-json\/wp\/v2\/media?parent=22133"}],"curies":[{"name":"wp","href":"https:\/\/api.w.org\/{rel}","templated":true}]}}