{"id":22182,"date":"2023-01-30T12:27:36","date_gmt":"2023-01-30T11:27:36","guid":{"rendered":"https:\/\/museomitag.it\/?page_id=22182"},"modified":"2025-08-18T13:29:05","modified_gmt":"2025-08-18T11:29:05","slug":"schenkungen","status":"publish","type":"page","link":"https:\/\/museomitag.it\/de\/schenkungen\/","title":{"rendered":"Schenkungen"},"content":{"rendered":"<p>[vc_row][vc_column][vc_single_image image=&#8220;20932&#8243; img_size=&#8220;full&#8220;][\/vc_column][\/vc_row][vc_row gap=&#8220;10&#8243; equal_height=&#8220;yes&#8220; css=&#8220;.vc_custom_1638436328913{margin-top: 30px !important;}&#8220;][vc_column width=&#8220;2\/3&#8243;][vc_column_text]<\/p>\n<h4>Spende eine Erinnerung<\/h4>\n<p>Das Museum hat sich zum Ziel gesetzt, das historische Erbe zu bewahren und aufzuwerten, indem es sich am Aufbau eines kollektiven Ged\u00e4chtnisses in Bezug auf Konflikte beteiligt. Deshalb sammeln wir seit seiner Gr\u00fcndung die Gegenst\u00e4nde und Zeugnisse, die Hunderte von Menschen dem Museum an-vertraut haben, damit ihre Geschichte nicht verloren geht.<\/p>\n<p>Wenn Sie Gegenst\u00e4nde, Reliquien, Waffen, gedruckte Dokumente und Manuskripte, B\u00fccher und Foto-grafien, historische Filme oder andere Zeugnisse \u00fcber den Ersten Weltkrieg oder allgemein \u00fcber die Geschichte von Konflikten besitzen und sie dem Museum schenken m\u00f6chten, nehmen Sie bitte Kontakt mit uns auf.<\/p>\n<p>Das Material wird gesammelt und in unserem Archiv f\u00fcr Forschungen, Studien und Ausstellungen auf-bewahrt, und Ihr Name wird in die Liste der Spender aufgenommen.[\/vc_column_text][vc_message message_box_color=&#8220;grey&#8220; icon_fontawesome=&#8220;fas fa-hand-holding-heart&#8220; css=&#8220;.vc_custom_1675076707411{margin-top: 40px !important;}&#8220;]<\/p>\n<h5><a href=\"https:\/\/museomitag.it\/de\/schenkungen\/spender\/\">Liste der Spender<\/a><\/h5>\n<p>[\/vc_message][\/vc_column][vc_column width=&#8220;1\/3&#8243; css=&#8220;.vc_custom_1638363676578{padding-right: 20px !important;padding-left: 20px !important;background-color: #3d7ab8 !important;}&#8220;][vc_column_text css=&#8220;.vc_custom_1755516543072{padding-top: 20px !important;padding-right: 20px !important;padding-bottom: 40px !important;padding-left: 20px !important;}&#8220;]<\/p>\n<h3 style=\"text-align: left;\"><span style=\"color: #ffffff;\">Kontakte<\/span><\/h3>\n<p>&nbsp;<\/p>\n<h5><span style=\"color: #ffffff;\"><strong>Archiv- und Bibliotheksdienste<\/strong><\/span><\/h5>\n<p><span style=\"color: #ffffff;\"><strong>Nicola Fontana<\/strong><\/span><br \/>\n<span style=\"color: #ffffff;\">+39 0464 438100 int. 250<\/span><br \/>\n<span style=\"color: #ffffff;\">archivio@museodellaguerra.it<\/span><\/p>\n<p>&nbsp;<\/p>\n<h5><span style=\"color: #ffffff;\"><strong>Collezioni <\/strong><\/span><\/h5>\n<p><span style=\"color: #ffffff;\"><strong>Marco Leonardi Scomazzoni<\/strong><\/span><br \/>\n<span style=\"color: #ffffff;\">+39 0464 438100 int. 206<\/span><br \/>\n<span style=\"color: #ffffff;\"><a style=\"color: #ffffff;\" href=\"mailto:collezioni@museomitag.it\">collezioni@museomitag.it<\/a><\/span><\/p>\n<p><span style=\"color: #ffffff;\"><strong>Davide Zendri<\/strong><\/span><br \/>\n<span style=\"color: #ffffff;\">+39 0464 438100 int. 216<\/span><br \/>\n<span style=\"color: #ffffff;\"><a style=\"color: #ffffff;\" href=\"mailto:collezioni@museomitag.it\">collezioni@museomitag.it<\/a><\/span>[\/vc_column_text][\/vc_column][\/vc_row][vc_row gap=&#8220;10&#8243; equal_height=&#8220;yes&#8220; css=&#8220;.vc_custom_1638436428380{margin-top: 30px !important;}&#8220;][vc_column width=&#8220;1\/3&#8243; css=&#8220;.vc_custom_1637578984915{background-image: url(https:\/\/museomitag.it\/wp-content\/uploads\/2020\/07\/Il-museo-ti-aspetta_Museo_Documenti_900x450.jpg?id=10380) !important;background-position: center !important;background-repeat: no-repeat !important;background-size: cover !important;}&#8220; el_class=&#8220;msig_intro_icona&#8220;][vc_column_text]<\/p>\n<h3><a class=\"msig_intro_link\" title=\"Consulenze\" href=\"https:\/\/museomitag.it\/de\/serviceleistungen\/beratungen\/\">Beratungen<\/a><br \/>\n<a class=\"msig_intro_txt\" title=\"Consulenze\" href=\"https:\/\/museomitag.it\/de\/serviceleistungen\/beratungen\/\">Beratungen<\/a><\/h3>\n<p>[\/vc_column_text][\/vc_column][vc_column width=&#8220;1\/3&#8243; css=&#8220;.vc_custom_1637578989160{background-image: url(https:\/\/museomitag.it\/wp-content\/uploads\/2021\/11\/Servizi-HP_Origami_1280x720.jpg?id=17913) !important;background-position: center !important;background-repeat: no-repeat !important;background-size: cover !important;}&#8220; el_class=&#8220;msig_intro_icona&#8220;][vc_column_text]<\/p>\n<h3><a class=\"msig_intro_link\" title=\"Prestiti e convenzioni\" href=\"https:\/\/museomitag.it\/de\/serviceleistungen\/leihgaben-und-konventionen\/\">Leihgaben und Konventionen<\/a><br \/>\n<a class=\"msig_intro_txt\" title=\"Prestiti e convenzioni\" href=\"https:\/\/museomitag.it\/de\/serviceleistungen\/leihgaben-und-konventionen\/\">Leihgaben und Konventionen<\/a><\/h3>\n<p>[\/vc_column_text][\/vc_column][vc_column width=&#8220;1\/3&#8243; css=&#8220;.vc_custom_1640086072542{background-image: url(https:\/\/museomitag.it\/wp-content\/uploads\/2021\/12\/Archivio_Membership_Origami_MSIG.jpg?id=18550) !important;background-position: center !important;background-repeat: no-repeat !important;background-size: cover !important;}&#8220; el_class=&#8220;msig_intro_icona&#8220;][vc_column_text]<\/p>\n<h3><a class=\"msig_intro_link\" title=\"Archivi e Biblioteca\" href=\"https:\/\/museomitag.it\/de\/serviceleistungen\/archiv-und-bibliothek\/\">Archiv und Bibliothek<\/a><br \/>\n<a class=\"msig_intro_txt\" title=\"Archivi e Biblioteca\" href=\"https:\/\/museomitag.it\/de\/serviceleistungen\/archiv-und-bibliothek\/\">Archiv und Bibliothek<\/a><\/h3>\n<p>[\/vc_column_text][\/vc_column][\/vc_row]<\/p>\n","protected":false},"excerpt":{"rendered":"<p>[vc_row][vc_column][vc_single_image image=&#8220;20932&#8243; img_size=&#8220;full&#8220;][\/vc_column][\/vc_row][vc_row gap=&#8220;10&#8243; equal_height=&#8220;yes&#8220; css=&#8220;.vc_custom_1638436328913{margin-top: 30px !important;}&#8220;][vc_column width=&#8220;2\/3&#8243;][vc_column_text] Spende eine Erinnerung Das Museum hat sich zum Ziel gesetzt, das historische Erbe zu bewahren und aufzuwerten, indem es sich am Aufbau eines kollektiven Ged\u00e4chtnisses in Bezug auf Konflikte beteiligt. Deshalb sammeln wir seit seiner Gr\u00fcndung die Gegenst\u00e4nde und Zeugnisse, die Hunderte von Menschen dem Museum<\/p>\n","protected":false},"author":1,"featured_media":0,"parent":22162,"menu_order":4,"comment_status":"closed","ping_status":"closed","template":"page_sostieni.php","meta":{"footnotes":""},"class_list":["post-22182","page","type-page","status-publish","hentry"],"yoast_head":"<!-- This site is optimized with the Yoast SEO plugin v27.1.1 - https:\/\/yoast.com\/product\/yoast-seo-wordpress\/ -->\n<title>Schenkungen - Museo Storico Italiano della Guerra<\/title>\n<meta name=\"robots\" content=\"index, follow, max-snippet:-1, max-image-preview:large, max-video-preview:-1\" \/>\n<link rel=\"canonical\" href=\"https:\/\/museomitag.it\/de\/schenkungen\/\" \/>\n<meta property=\"og:locale\" content=\"de_DE\" \/>\n<meta property=\"og:type\" content=\"article\" \/>\n<meta property=\"og:title\" content=\"Schenkungen - Museo Storico Italiano della Guerra\" \/>\n<meta property=\"og:description\" content=\"[vc_row][vc_column][vc_single_image image=&#8220;20932&#8243; img_size=&#8220;full&#8220;][\/vc_column][\/vc_row][vc_row gap=&#8220;10&#8243; equal_height=&#8220;yes&#8220; css=&#8220;.vc_custom_1638436328913{margin-top: 30px !important;}&#8220;][vc_column width=&#8220;2\/3&#8243;][vc_column_text] Spende eine Erinnerung Das Museum hat sich zum Ziel gesetzt, das historische Erbe zu bewahren und aufzuwerten, indem es sich am Aufbau eines kollektiven Ged\u00e4chtnisses in Bezug auf Konflikte beteiligt. Deshalb sammeln wir seit seiner Gr\u00fcndung die Gegenst\u00e4nde und Zeugnisse, die Hunderte von Menschen dem Museum\" \/>\n<meta property=\"og:url\" content=\"https:\/\/museomitag.it\/de\/schenkungen\/\" \/>\n<meta property=\"og:site_name\" content=\"Museo Storico Italiano della Guerra\" \/>\n<meta property=\"article:publisher\" content=\"https:\/\/www.facebook.com\/museomitag\/\" \/>\n<meta property=\"article:modified_time\" content=\"2025-08-18T11:29:05+00:00\" \/>\n<meta name=\"twitter:card\" content=\"summary_large_image\" \/>\n<meta name=\"twitter:label1\" content=\"Gesch\u00e4tzte Lesezeit\" \/>\n\t<meta name=\"twitter:data1\" content=\"2\u00a0Minuten\" \/>\n<script type=\"application\/ld+json\" class=\"yoast-schema-graph\">{\"@context\":\"https:\/\/schema.org\",\"@graph\":[{\"@type\":\"WebPage\",\"@id\":\"https:\/\/museomitag.it\/de\/schenkungen\/\",\"url\":\"https:\/\/museomitag.it\/de\/schenkungen\/\",\"name\":\"Schenkungen - Museo Storico Italiano della Guerra\",\"isPartOf\":{\"@id\":\"https:\/\/museomitag.it\/#website\"},\"datePublished\":\"2023-01-30T11:27:36+00:00\",\"dateModified\":\"2025-08-18T11:29:05+00:00\",\"breadcrumb\":{\"@id\":\"https:\/\/museomitag.it\/de\/schenkungen\/#breadcrumb\"},\"inLanguage\":\"de\",\"potentialAction\":[{\"@type\":\"ReadAction\",\"target\":[\"https:\/\/museomitag.it\/de\/schenkungen\/\"]}]},{\"@type\":\"BreadcrumbList\",\"@id\":\"https:\/\/museomitag.it\/de\/schenkungen\/#breadcrumb\",\"itemListElement\":[{\"@type\":\"ListItem\",\"position\":1,\"name\":\"Home\",\"item\":\"https:\/\/museomitag.it\/de\/\"},{\"@type\":\"ListItem\",\"position\":2,\"name\":\"F\u00f6rdere\",\"item\":\"https:\/\/museomitag.it\/de\/?page_id=22162\"},{\"@type\":\"ListItem\",\"position\":3,\"name\":\"Schenkungen\"}]},{\"@type\":\"WebSite\",\"@id\":\"https:\/\/museomitag.it\/#website\",\"url\":\"https:\/\/museomitag.it\/\",\"name\":\"MITAG Museo Storico Italiano della Guerra\",\"description\":\"Rovereto (TN) - Trentino\",\"publisher\":{\"@id\":\"https:\/\/museomitag.it\/#organization\"},\"potentialAction\":[{\"@type\":\"SearchAction\",\"target\":{\"@type\":\"EntryPoint\",\"urlTemplate\":\"https:\/\/museomitag.it\/?s={search_term_string}\"},\"query-input\":{\"@type\":\"PropertyValueSpecification\",\"valueRequired\":true,\"valueName\":\"search_term_string\"}}],\"inLanguage\":\"de\"},{\"@type\":\"Organization\",\"@id\":\"https:\/\/museomitag.it\/#organization\",\"name\":\"MITAG Museo Storico Italiano della Guerra\",\"url\":\"https:\/\/museomitag.it\/\",\"logo\":{\"@type\":\"ImageObject\",\"inLanguage\":\"de\",\"@id\":\"https:\/\/museomitag.it\/#\/schema\/logo\/image\/\",\"url\":\"https:\/\/museomitag.it\/wp-content\/uploads\/2025\/07\/Logo-MITAG-nero-500px.png\",\"contentUrl\":\"https:\/\/museomitag.it\/wp-content\/uploads\/2025\/07\/Logo-MITAG-nero-500px.png\",\"width\":500,\"height\":185,\"caption\":\"MITAG Museo Storico Italiano della Guerra\"},\"image\":{\"@id\":\"https:\/\/museomitag.it\/#\/schema\/logo\/image\/\"},\"sameAs\":[\"https:\/\/www.facebook.com\/museomitag\/\",\"https:\/\/www.instagram.com\/museomitag\/\"]}]}<\/script>\n<!-- \/ Yoast SEO plugin. -->","yoast_head_json":{"title":"Schenkungen - Museo Storico Italiano della Guerra","robots":{"index":"index","follow":"follow","max-snippet":"max-snippet:-1","max-image-preview":"max-image-preview:large","max-video-preview":"max-video-preview:-1"},"canonical":"https:\/\/museomitag.it\/de\/schenkungen\/","og_locale":"de_DE","og_type":"article","og_title":"Schenkungen - Museo Storico Italiano della Guerra","og_description":"[vc_row][vc_column][vc_single_image image=&#8220;20932&#8243; img_size=&#8220;full&#8220;][\/vc_column][\/vc_row][vc_row gap=&#8220;10&#8243; equal_height=&#8220;yes&#8220; css=&#8220;.vc_custom_1638436328913{margin-top: 30px !important;}&#8220;][vc_column width=&#8220;2\/3&#8243;][vc_column_text] Spende eine Erinnerung Das Museum hat sich zum Ziel gesetzt, das historische Erbe zu bewahren und aufzuwerten, indem es sich am Aufbau eines kollektiven Ged\u00e4chtnisses in Bezug auf Konflikte beteiligt. Deshalb sammeln wir seit seiner Gr\u00fcndung die Gegenst\u00e4nde und Zeugnisse, die Hunderte von Menschen dem Museum","og_url":"https:\/\/museomitag.it\/de\/schenkungen\/","og_site_name":"Museo Storico Italiano della Guerra","article_publisher":"https:\/\/www.facebook.com\/museomitag\/","article_modified_time":"2025-08-18T11:29:05+00:00","twitter_card":"summary_large_image","twitter_misc":{"Gesch\u00e4tzte Lesezeit":"2\u00a0Minuten"},"schema":{"@context":"https:\/\/schema.org","@graph":[{"@type":"WebPage","@id":"https:\/\/museomitag.it\/de\/schenkungen\/","url":"https:\/\/museomitag.it\/de\/schenkungen\/","name":"Schenkungen - Museo Storico Italiano della Guerra","isPartOf":{"@id":"https:\/\/museomitag.it\/#website"},"datePublished":"2023-01-30T11:27:36+00:00","dateModified":"2025-08-18T11:29:05+00:00","breadcrumb":{"@id":"https:\/\/museomitag.it\/de\/schenkungen\/#breadcrumb"},"inLanguage":"de","potentialAction":[{"@type":"ReadAction","target":["https:\/\/museomitag.it\/de\/schenkungen\/"]}]},{"@type":"BreadcrumbList","@id":"https:\/\/museomitag.it\/de\/schenkungen\/#breadcrumb","itemListElement":[{"@type":"ListItem","position":1,"name":"Home","item":"https:\/\/museomitag.it\/de\/"},{"@type":"ListItem","position":2,"name":"F\u00f6rdere","item":"https:\/\/museomitag.it\/de\/?page_id=22162"},{"@type":"ListItem","position":3,"name":"Schenkungen"}]},{"@type":"WebSite","@id":"https:\/\/museomitag.it\/#website","url":"https:\/\/museomitag.it\/","name":"MITAG Museo Storico Italiano della Guerra","description":"Rovereto (TN) - Trentino","publisher":{"@id":"https:\/\/museomitag.it\/#organization"},"potentialAction":[{"@type":"SearchAction","target":{"@type":"EntryPoint","urlTemplate":"https:\/\/museomitag.it\/?s={search_term_string}"},"query-input":{"@type":"PropertyValueSpecification","valueRequired":true,"valueName":"search_term_string"}}],"inLanguage":"de"},{"@type":"Organization","@id":"https:\/\/museomitag.it\/#organization","name":"MITAG Museo Storico Italiano della Guerra","url":"https:\/\/museomitag.it\/","logo":{"@type":"ImageObject","inLanguage":"de","@id":"https:\/\/museomitag.it\/#\/schema\/logo\/image\/","url":"https:\/\/museomitag.it\/wp-content\/uploads\/2025\/07\/Logo-MITAG-nero-500px.png","contentUrl":"https:\/\/museomitag.it\/wp-content\/uploads\/2025\/07\/Logo-MITAG-nero-500px.png","width":500,"height":185,"caption":"MITAG Museo Storico Italiano della Guerra"},"image":{"@id":"https:\/\/museomitag.it\/#\/schema\/logo\/image\/"},"sameAs":["https:\/\/www.facebook.com\/museomitag\/","https:\/\/www.instagram.com\/museomitag\/"]}]}},"_links":{"self":[{"href":"https:\/\/museomitag.it\/de\/wp-json\/wp\/v2\/pages\/22182","targetHints":{"allow":["GET"]}}],"collection":[{"href":"https:\/\/museomitag.it\/de\/wp-json\/wp\/v2\/pages"}],"about":[{"href":"https:\/\/museomitag.it\/de\/wp-json\/wp\/v2\/types\/page"}],"author":[{"embeddable":true,"href":"https:\/\/museomitag.it\/de\/wp-json\/wp\/v2\/users\/1"}],"replies":[{"embeddable":true,"href":"https:\/\/museomitag.it\/de\/wp-json\/wp\/v2\/comments?post=22182"}],"version-history":[{"count":5,"href":"https:\/\/museomitag.it\/de\/wp-json\/wp\/v2\/pages\/22182\/revisions"}],"predecessor-version":[{"id":29512,"href":"https:\/\/museomitag.it\/de\/wp-json\/wp\/v2\/pages\/22182\/revisions\/29512"}],"up":[{"embeddable":true,"href":"https:\/\/museomitag.it\/de\/wp-json\/wp\/v2\/pages\/22162"}],"wp:attachment":[{"href":"https:\/\/museomitag.it\/de\/wp-json\/wp\/v2\/media?parent=22182"}],"curies":[{"name":"wp","href":"https:\/\/api.w.org\/{rel}","templated":true}]}}