{"id":22190,"date":"2023-02-02T11:49:39","date_gmt":"2023-02-02T10:49:39","guid":{"rendered":"https:\/\/museomitag.it\/?page_id=22190"},"modified":"2023-02-02T11:49:39","modified_gmt":"2023-02-02T10:49:39","slug":"shop","status":"publish","type":"page","link":"https:\/\/museomitag.it\/de\/verlagsprogramm\/shop\/","title":{"rendered":"Shop"},"content":{"rendered":"<p>[vc_row gap=&#8220;10&#8243; equal_height=&#8220;yes&#8220; css=&#8220;.vc_custom_1637765276903{margin-bottom: 30px !important;}&#8220;][vc_column width=&#8220;2\/3&#8243;][vc_column_text]<\/p>\n<h3><strong>Bestellungen und Vertrieb<\/strong><\/h3>\n<p>Das Kriegsmuseum besitzt ein reichhaltiges Verlagsprogramm, mit B\u00fcchern \u00fcber den Ersten und Zweiten Weltkrieg sowie \u00fcber andere historische Ereignisse des 20. Jahrhunderts. Es umfasst Editionen von Tageb\u00fcchern und Memoiren, Sammlungs- und Ausstellungskataloge des Museums, Tagungspapiere, technische Beitr\u00e4ge, Wanderf\u00fchrer, Jugendb\u00fccher.<\/p>\n<p><strong><br \/>\nWie Sie unsere B\u00fccher erwerben k\u00f6nnen<\/strong><\/p>\n<ul>\n<li>in unserem Museums-Bookshop (ge\u00f6ffnet zu den Museumszeiten)<\/li>\n<li>in dem Sie eine schriftliche Bestellung an bookshop@museodellaguerra.it aufgeben oder die 0464 438100 int. 207 anrufen<\/li>\n<li>\u00fcber die <a href=\"https:\/\/www.libroco.it\/ricerca-libri.php?search_editore_id=0&amp;tipo_sezione=&amp;search_titolo=&amp;search_autore=&amp;search_editore_esatto=Museo+Storico+Italiano+della+Guerra&amp;search_collana=&amp;search_isbn=&amp;search_tutto=&amp;search_sezioni=tutti&amp;search_varia=&amp;search_sottosoggetto=&amp;search_periodo=&amp;search_luogo=&amp;search_extra=&amp;lingua_libro=&amp;ordina=&amp;Memorizza2=CERCA\">Onlinebuchhandlung <\/a>von LibroCo. Italia oder andere gr\u00f6\u00dfere Onlinebuchhandlungen<\/li>\n<li>\u00fcber Buchhandlungen; das Verlagsprogramm des Museums wird vertrieben von <a href=\"http:\/\/www.libroco.it\/\">LibroCo.Italia<\/a><\/li>\n<\/ul>\n<p><a class=\"msig_btn\" href=\"https:\/\/museomitag.it\/wp-content\/uploads\/2022\/01\/Catalogo-pubblicazioni-2022.pdf\">Konsultiere den Verlagskatalog<\/a>[\/vc_column_text][\/vc_column][vc_column width=&#8220;1\/3&#8243; css=&#8220;.vc_custom_1638868880050{background-color: #ff9a55 !important;}&#8220;][vc_column_text css=&#8220;.vc_custom_1675334976549{padding-top: 20px !important;padding-right: 20px !important;padding-left: 20px !important;}&#8220;]<\/p>\n<h3><span style=\"color: #ffffff;\">Kontakte<\/span><\/h3>\n<h3><span style=\"color: #ffffff;\"><strong style=\"font-size: 1rem;\">Bookshop<\/strong><\/span><\/h3>\n<p><span style=\"color: #ffffff;\">Laura Casarotto Romer<\/span><br \/>\n<span style=\"color: #ffffff;\">+39 0464 438100 int. 207<\/span><br \/>\n<span style=\"color: #ffffff;\">bookshop@museodellaguerra.it<\/span>[\/vc_column_text][\/vc_column][\/vc_row]<\/p>\n","protected":false},"excerpt":{"rendered":"<p>[vc_row gap=&#8220;10&#8243; equal_height=&#8220;yes&#8220; css=&#8220;.vc_custom_1637765276903{margin-bottom: 30px !important;}&#8220;][vc_column width=&#8220;2\/3&#8243;][vc_column_text] Bestellungen und Vertrieb Das Kriegsmuseum besitzt ein reichhaltiges Verlagsprogramm, mit B\u00fcchern \u00fcber den Ersten und Zweiten Weltkrieg sowie \u00fcber andere historische Ereignisse des 20. Jahrhunderts. Es umfasst Editionen von Tageb\u00fcchern und Memoiren, Sammlungs- und Ausstellungskataloge des Museums, Tagungspapiere, technische Beitr\u00e4ge, Wanderf\u00fchrer, Jugendb\u00fccher. Wie Sie unsere B\u00fccher erwerben k\u00f6nnen<\/p>\n","protected":false},"author":1,"featured_media":0,"parent":22186,"menu_order":0,"comment_status":"closed","ping_status":"closed","template":"page_museo.php","meta":{"footnotes":""},"class_list":["post-22190","page","type-page","status-publish","hentry"],"yoast_head":"<!-- This site is optimized with the Yoast SEO plugin v27.3 - https:\/\/yoast.com\/product\/yoast-seo-wordpress\/ -->\n<title>Shop - Museo Storico Italiano della Guerra<\/title>\n<meta name=\"robots\" content=\"index, follow, max-snippet:-1, max-image-preview:large, max-video-preview:-1\" \/>\n<link rel=\"canonical\" href=\"https:\/\/museomitag.it\/scopri\/produzione-editoriale\/acquista\/\" \/>\n<meta property=\"og:locale\" content=\"de_DE\" \/>\n<meta property=\"og:type\" content=\"article\" \/>\n<meta property=\"og:title\" content=\"Shop - Museo Storico Italiano della Guerra\" \/>\n<meta property=\"og:description\" content=\"[vc_row gap=&#8220;10&#8243; equal_height=&#8220;yes&#8220; css=&#8220;.vc_custom_1637765276903{margin-bottom: 30px !important;}&#8220;][vc_column width=&#8220;2\/3&#8243;][vc_column_text] Bestellungen und Vertrieb Das Kriegsmuseum besitzt ein reichhaltiges Verlagsprogramm, mit B\u00fcchern \u00fcber den Ersten und Zweiten Weltkrieg sowie \u00fcber andere historische Ereignisse des 20. Jahrhunderts. Es umfasst Editionen von Tageb\u00fcchern und Memoiren, Sammlungs- und Ausstellungskataloge des Museums, Tagungspapiere, technische Beitr\u00e4ge, Wanderf\u00fchrer, Jugendb\u00fccher. Wie Sie unsere B\u00fccher erwerben k\u00f6nnen\" \/>\n<meta property=\"og:url\" content=\"https:\/\/museomitag.it\/scopri\/produzione-editoriale\/acquista\/\" \/>\n<meta property=\"og:site_name\" content=\"Museo Storico Italiano della Guerra\" \/>\n<meta property=\"article:publisher\" content=\"https:\/\/www.facebook.com\/museomitag\/\" \/>\n<meta name=\"twitter:card\" content=\"summary_large_image\" \/>\n<meta name=\"twitter:label1\" content=\"Gesch\u00e4tzte Lesezeit\" \/>\n\t<meta name=\"twitter:data1\" content=\"1\u00a0Minute\" \/>\n<script type=\"application\/ld+json\" class=\"yoast-schema-graph\">{\"@context\":\"https:\\\/\\\/schema.org\",\"@graph\":[{\"@type\":\"WebPage\",\"@id\":\"https:\\\/\\\/museomitag.it\\\/scopri\\\/produzione-editoriale\\\/acquista\\\/\",\"url\":\"https:\\\/\\\/museomitag.it\\\/scopri\\\/produzione-editoriale\\\/acquista\\\/\",\"name\":\"Shop - Museo Storico Italiano della Guerra\",\"isPartOf\":{\"@id\":\"https:\\\/\\\/museomitag.it\\\/#website\"},\"datePublished\":\"2023-02-02T10:49:39+00:00\",\"breadcrumb\":{\"@id\":\"https:\\\/\\\/museomitag.it\\\/scopri\\\/produzione-editoriale\\\/acquista\\\/#breadcrumb\"},\"inLanguage\":\"de\",\"potentialAction\":[{\"@type\":\"ReadAction\",\"target\":[\"https:\\\/\\\/museomitag.it\\\/scopri\\\/produzione-editoriale\\\/acquista\\\/\"]}]},{\"@type\":\"BreadcrumbList\",\"@id\":\"https:\\\/\\\/museomitag.it\\\/scopri\\\/produzione-editoriale\\\/acquista\\\/#breadcrumb\",\"itemListElement\":[{\"@type\":\"ListItem\",\"position\":1,\"name\":\"Home\",\"item\":\"https:\\\/\\\/museomitag.it\\\/de\\\/\"},{\"@type\":\"ListItem\",\"position\":2,\"name\":\"Entdecke\",\"item\":\"https:\\\/\\\/museomitag.it\\\/de\\\/?page_id=22088\"},{\"@type\":\"ListItem\",\"position\":3,\"name\":\"Verlagsprogramm\",\"item\":\"https:\\\/\\\/museomitag.it\\\/de\\\/verlagsprogramm\\\/\"},{\"@type\":\"ListItem\",\"position\":4,\"name\":\"Shop\"}]},{\"@type\":\"WebSite\",\"@id\":\"https:\\\/\\\/museomitag.it\\\/#website\",\"url\":\"https:\\\/\\\/museomitag.it\\\/\",\"name\":\"MITAG Museo Storico Italiano della Guerra\",\"description\":\"Rovereto (TN) - Trentino\",\"publisher\":{\"@id\":\"https:\\\/\\\/museomitag.it\\\/#organization\"},\"potentialAction\":[{\"@type\":\"SearchAction\",\"target\":{\"@type\":\"EntryPoint\",\"urlTemplate\":\"https:\\\/\\\/museomitag.it\\\/?s={search_term_string}\"},\"query-input\":{\"@type\":\"PropertyValueSpecification\",\"valueRequired\":true,\"valueName\":\"search_term_string\"}}],\"inLanguage\":\"de\"},{\"@type\":\"Organization\",\"@id\":\"https:\\\/\\\/museomitag.it\\\/#organization\",\"name\":\"MITAG Museo Storico Italiano della Guerra\",\"url\":\"https:\\\/\\\/museomitag.it\\\/\",\"logo\":{\"@type\":\"ImageObject\",\"inLanguage\":\"de\",\"@id\":\"https:\\\/\\\/museomitag.it\\\/#\\\/schema\\\/logo\\\/image\\\/\",\"url\":\"https:\\\/\\\/museomitag.it\\\/wp-content\\\/uploads\\\/2025\\\/07\\\/Logo-MITAG-nero-500px.png\",\"contentUrl\":\"https:\\\/\\\/museomitag.it\\\/wp-content\\\/uploads\\\/2025\\\/07\\\/Logo-MITAG-nero-500px.png\",\"width\":500,\"height\":185,\"caption\":\"MITAG Museo Storico Italiano della Guerra\"},\"image\":{\"@id\":\"https:\\\/\\\/museomitag.it\\\/#\\\/schema\\\/logo\\\/image\\\/\"},\"sameAs\":[\"https:\\\/\\\/www.facebook.com\\\/museomitag\\\/\",\"https:\\\/\\\/www.instagram.com\\\/museomitag\\\/\"]}]}<\/script>\n<!-- \/ Yoast SEO plugin. -->","yoast_head_json":{"title":"Shop - Museo Storico Italiano della Guerra","robots":{"index":"index","follow":"follow","max-snippet":"max-snippet:-1","max-image-preview":"max-image-preview:large","max-video-preview":"max-video-preview:-1"},"canonical":"https:\/\/museomitag.it\/scopri\/produzione-editoriale\/acquista\/","og_locale":"de_DE","og_type":"article","og_title":"Shop - Museo Storico Italiano della Guerra","og_description":"[vc_row gap=&#8220;10&#8243; equal_height=&#8220;yes&#8220; css=&#8220;.vc_custom_1637765276903{margin-bottom: 30px !important;}&#8220;][vc_column width=&#8220;2\/3&#8243;][vc_column_text] Bestellungen und Vertrieb Das Kriegsmuseum besitzt ein reichhaltiges Verlagsprogramm, mit B\u00fcchern \u00fcber den Ersten und Zweiten Weltkrieg sowie \u00fcber andere historische Ereignisse des 20. Jahrhunderts. Es umfasst Editionen von Tageb\u00fcchern und Memoiren, Sammlungs- und Ausstellungskataloge des Museums, Tagungspapiere, technische Beitr\u00e4ge, Wanderf\u00fchrer, Jugendb\u00fccher. Wie Sie unsere B\u00fccher erwerben k\u00f6nnen","og_url":"https:\/\/museomitag.it\/scopri\/produzione-editoriale\/acquista\/","og_site_name":"Museo Storico Italiano della Guerra","article_publisher":"https:\/\/www.facebook.com\/museomitag\/","twitter_card":"summary_large_image","twitter_misc":{"Gesch\u00e4tzte Lesezeit":"1\u00a0Minute"},"schema":{"@context":"https:\/\/schema.org","@graph":[{"@type":"WebPage","@id":"https:\/\/museomitag.it\/scopri\/produzione-editoriale\/acquista\/","url":"https:\/\/museomitag.it\/scopri\/produzione-editoriale\/acquista\/","name":"Shop - Museo Storico Italiano della Guerra","isPartOf":{"@id":"https:\/\/museomitag.it\/#website"},"datePublished":"2023-02-02T10:49:39+00:00","breadcrumb":{"@id":"https:\/\/museomitag.it\/scopri\/produzione-editoriale\/acquista\/#breadcrumb"},"inLanguage":"de","potentialAction":[{"@type":"ReadAction","target":["https:\/\/museomitag.it\/scopri\/produzione-editoriale\/acquista\/"]}]},{"@type":"BreadcrumbList","@id":"https:\/\/museomitag.it\/scopri\/produzione-editoriale\/acquista\/#breadcrumb","itemListElement":[{"@type":"ListItem","position":1,"name":"Home","item":"https:\/\/museomitag.it\/de\/"},{"@type":"ListItem","position":2,"name":"Entdecke","item":"https:\/\/museomitag.it\/de\/?page_id=22088"},{"@type":"ListItem","position":3,"name":"Verlagsprogramm","item":"https:\/\/museomitag.it\/de\/verlagsprogramm\/"},{"@type":"ListItem","position":4,"name":"Shop"}]},{"@type":"WebSite","@id":"https:\/\/museomitag.it\/#website","url":"https:\/\/museomitag.it\/","name":"MITAG Museo Storico Italiano della Guerra","description":"Rovereto (TN) - Trentino","publisher":{"@id":"https:\/\/museomitag.it\/#organization"},"potentialAction":[{"@type":"SearchAction","target":{"@type":"EntryPoint","urlTemplate":"https:\/\/museomitag.it\/?s={search_term_string}"},"query-input":{"@type":"PropertyValueSpecification","valueRequired":true,"valueName":"search_term_string"}}],"inLanguage":"de"},{"@type":"Organization","@id":"https:\/\/museomitag.it\/#organization","name":"MITAG Museo Storico Italiano della Guerra","url":"https:\/\/museomitag.it\/","logo":{"@type":"ImageObject","inLanguage":"de","@id":"https:\/\/museomitag.it\/#\/schema\/logo\/image\/","url":"https:\/\/museomitag.it\/wp-content\/uploads\/2025\/07\/Logo-MITAG-nero-500px.png","contentUrl":"https:\/\/museomitag.it\/wp-content\/uploads\/2025\/07\/Logo-MITAG-nero-500px.png","width":500,"height":185,"caption":"MITAG Museo Storico Italiano della Guerra"},"image":{"@id":"https:\/\/museomitag.it\/#\/schema\/logo\/image\/"},"sameAs":["https:\/\/www.facebook.com\/museomitag\/","https:\/\/www.instagram.com\/museomitag\/"]}]}},"_links":{"self":[{"href":"https:\/\/museomitag.it\/de\/wp-json\/wp\/v2\/pages\/22190","targetHints":{"allow":["GET"]}}],"collection":[{"href":"https:\/\/museomitag.it\/de\/wp-json\/wp\/v2\/pages"}],"about":[{"href":"https:\/\/museomitag.it\/de\/wp-json\/wp\/v2\/types\/page"}],"author":[{"embeddable":true,"href":"https:\/\/museomitag.it\/de\/wp-json\/wp\/v2\/users\/1"}],"replies":[{"embeddable":true,"href":"https:\/\/museomitag.it\/de\/wp-json\/wp\/v2\/comments?post=22190"}],"version-history":[{"count":3,"href":"https:\/\/museomitag.it\/de\/wp-json\/wp\/v2\/pages\/22190\/revisions"}],"predecessor-version":[{"id":23814,"href":"https:\/\/museomitag.it\/de\/wp-json\/wp\/v2\/pages\/22190\/revisions\/23814"}],"up":[{"embeddable":true,"href":"https:\/\/museomitag.it\/de\/wp-json\/wp\/v2\/pages\/22186"}],"wp:attachment":[{"href":"https:\/\/museomitag.it\/de\/wp-json\/wp\/v2\/media?parent=22190"}],"curies":[{"name":"wp","href":"https:\/\/api.w.org\/{rel}","templated":true}]}}