{"id":22207,"date":"2023-01-27T10:07:30","date_gmt":"2023-01-27T09:07:30","guid":{"rendered":"https:\/\/museomitag.it\/?page_id=22207"},"modified":"2026-01-12T11:05:22","modified_gmt":"2026-01-12T10:05:22","slug":"eintrittskarten","status":"publish","type":"page","link":"https:\/\/museomitag.it\/de\/info\/eintrittskarten\/","title":{"rendered":"Eintrittskarten"},"content":{"rendered":"<p>[vc_row gap=&#8220;10&#8243; equal_height=&#8220;yes&#8220; el_id=&#8220;biglietti&#8220;][vc_column width=&#8220;1\/3&#8243; css=&#8220;.vc_custom_1637597637154{background-image: url(https:\/\/museomitag.it\/wp-content\/uploads\/2021\/11\/castello-di-Rovereto7_Graziano-Galvagni-ph_low.jpg?id=18064) !important;background-position: center !important;background-repeat: no-repeat !important;background-size: cover !important;}&#8220;][\/vc_column][vc_column width=&#8220;2\/3&#8243;][vc_column_text]<\/p>\n<h5><strong>Volle 13 \u20ac<\/strong><\/h5>\n<p>Besucher ab 18 Jahren<\/p>\n<h5><strong>Erm\u00e4\u00dfigt 10 \u20ac<\/strong><\/h5>\n<p>Gruppen (mit mindestens 20 zahlenden Erwachsenen), Milit\u00e4r und Polizei (gegen Vorweisung eines Ausweises ), Studenten der Universit\u00e4t Trient, Mitglieder der angeschlossenen Organisationen<\/p>\n<h5><strong>Familien<\/strong><\/h5>\n<p>Erwachsene zahlen den vollen Preis, alle Minderj\u00e4hrigen im selben Haushalt haben freien Eintritt.<br \/>\nMit dem <span style=\"line-height: 1.6em;\"> <a href=\"https:\/\/fcard.trentinofamiglia.it\/\">Euregio Family Pass<\/a> <\/span>erh\u00e4lt die Kernfamilie, bestehend aus 1 oder 2 Erwachsenen und minderj\u00e4hrigen Kindern, Eintritt zum Preis einer einzigen erm\u00e4\u00dfigten Eintrittskarte.<\/p>\n<h5><strong>Erm\u00e4\u00dfigt 2 \u20ac<\/strong><\/h5>\n<p>Kinder bis 17 Jahre (ohne Begleitung), kostenloser Besuch des Unterrichts (Anmeldung erforderlich)<\/p>\n<h5><strong>Kostenlos<\/strong><\/h5>\n<p>Kinder und Jugendliche bis 17 Jahre, behinderte Besucher und ihre Betreuer, Mitglieder des Museums, Inhaber der Mitgliedskarte des Museums, Besucher mit der Trentino Guest Card und dem Museumspass, Angeh\u00f6rige des Milit\u00e4rs und der Polizei im Dienst, Mitglieder der Cassa Rurale Alto Garda e Rovereto mit inCooperazione-Karte, Reisef\u00fchrer mit Ausweis, ANMIC-Mitglieder, Lehrer, die Schulklassen begleiten (2 pro Klasse), ein Gruppenleiter f\u00fcr jede Gruppe, akkreditierte Journalisten (f\u00fcr eine Akkreditierung schreiben Sie bitte mindestens zwei Tage vor dem Besuch an comunicazione@museodellaguerra.it), Beamte des MIBAC und der Kulturabteilung der Autonomen Provinz Trient, Angestellte des \u00f6ffentlichen Dienstes (zeigen Sie Ihren Ausweis vor)[\/vc_column_text][\/vc_column][\/vc_row][vc_row full_width=&#8220;stretch_row&#8220; equal_height=&#8220;yes&#8220; content_placement=&#8220;top&#8220; css=&#8220;.vc_custom_1639655178664{margin-top: 30px !important;}&#8220;][vc_column width=&#8220;1\/3&#8243;][vc_column_text css=&#8220;.vc_custom_1755511096857{padding-top: 25px !important;padding-right: 25px !important;padding-bottom: 30px !important;padding-left: 25px !important;background-color: #f2f2f2 !important;}&#8220;]<\/p>\n<h4><span lang=\"en-GB\">Booking tickets<\/span><\/h4>\n<p><span lang=\"en-GB\">Plan your visit and buy your ticket online up to one day before your visit (booking cost \u20ac1).<\/span><\/p>\n<p><a class=\"msig_btn\" href=\"http:\/\/www.midaticket.it\/eventi\/museo-della-guerra\"><span lang=\"en-GB\">Online tickets<\/span><\/a>[\/vc_column_text][vc_single_image image=&#8220;18889&#8243; img_size=&#8220;large&#8220; onclick=&#8220;custom_link&#8220; img_link_target=&#8220;_blank&#8220; link=&#8220;https:\/\/ticket.midaticket.it\/museoguerra\/Events&#8220;][\/vc_column][vc_column width=&#8220;1\/3&#8243;][vc_column_text css=&#8220;.vc_custom_1755511114030{padding-top: 25px !important;padding-right: 25px !important;padding-bottom: 30px !important;padding-left: 25px !important;background-color: #f2f2f2 !important;}&#8220;]<\/p>\n<h4>Trentino Guest Card<\/h4>\n<p><span lang=\"en-GB\">If you have the Trentino Guest Card, you can enter the Museum for free and take part in guided tours at a reduced cost. Book on the dedicated website or via the Trentino Guest Card App.<\/span><\/p>\n<p><a class=\"msig_btn\" href=\"https:\/\/www.card.visittrentino.it\/\"><span lang=\"en-GB\">Find out what\u2019s included<\/span><\/a>[\/vc_column_text][vc_single_image image=&#8220;18883&#8243; img_size=&#8220;large&#8220; onclick=&#8220;custom_link&#8220; img_link_target=&#8220;_blank&#8220; link=&#8220;https:\/\/www.card.visittrentino.it\/&#8220;][\/vc_column][vc_column width=&#8220;1\/3&#8243;][vc_column_text css=&#8220;.vc_custom_1755511126088{padding-top: 25px !important;padding-right: 25px !important;padding-bottom: 30px !important;padding-left: 25px !important;background-color: #f2f2f2 !important;}&#8220;]<\/p>\n<h4>Museum pass<\/h4>\n<p>Visit museums and castles in and around Rovereto and Trento for free, using free public transport. Buy the card for \u20ac22: it\u2019s valid for 48 hours and can be extended to three months at no additional cost.<\/p>\n<p><a class=\"msig_btn\" href=\"https:\/\/www.visitrovereto.it\/info\/card\/museum-pass\/\">Find out more<\/a>[\/vc_column_text][vc_single_image image=&#8220;18886&#8243; img_size=&#8220;large&#8220; onclick=&#8220;custom_link&#8220; img_link_target=&#8220;_blank&#8220; link=&#8220;https:\/\/www.visitrovereto.it\/info\/card\/museum-pass\/&#8220;][\/vc_column][\/vc_row]<\/p>\n","protected":false},"excerpt":{"rendered":"<p>[vc_row gap=&#8220;10&#8243; equal_height=&#8220;yes&#8220; el_id=&#8220;biglietti&#8220;][vc_column width=&#8220;1\/3&#8243; css=&#8220;.vc_custom_1637597637154{background-image: url(https:\/\/museomitag.it\/wp-content\/uploads\/2021\/11\/castello-di-Rovereto7_Graziano-Galvagni-ph_low.jpg?id=18064) !important;background-position: center !important;background-repeat: no-repeat !important;background-size: cover !important;}&#8220;][\/vc_column][vc_column width=&#8220;2\/3&#8243;][vc_column_text] Volle 13 \u20ac Besucher ab 18 Jahren Erm\u00e4\u00dfigt 10 \u20ac Gruppen (mit mindestens 20 zahlenden Erwachsenen), Milit\u00e4r und Polizei (gegen Vorweisung eines Ausweises ), Studenten der Universit\u00e4t Trient, Mitglieder der angeschlossenen Organisationen Familien Erwachsene zahlen den vollen Preis, alle Minderj\u00e4hrigen<\/p>\n","protected":false},"author":1,"featured_media":0,"parent":22198,"menu_order":0,"comment_status":"closed","ping_status":"closed","template":"","meta":{"footnotes":""},"class_list":["post-22207","page","type-page","status-publish","hentry"],"yoast_head":"<!-- This site is optimized with the Yoast SEO plugin v27.3 - https:\/\/yoast.com\/product\/yoast-seo-wordpress\/ -->\n<title>Eintrittskarten - Museo Storico Italiano della Guerra<\/title>\n<meta name=\"robots\" content=\"index, follow, max-snippet:-1, max-image-preview:large, max-video-preview:-1\" \/>\n<link rel=\"canonical\" href=\"https:\/\/museomitag.it\/de\/info\/eintrittskarten\/\" \/>\n<meta property=\"og:locale\" content=\"de_DE\" \/>\n<meta property=\"og:type\" content=\"article\" \/>\n<meta property=\"og:title\" content=\"Eintrittskarten - Museo Storico Italiano della Guerra\" \/>\n<meta property=\"og:description\" content=\"[vc_row gap=&#8220;10&#8243; equal_height=&#8220;yes&#8220; el_id=&#8220;biglietti&#8220;][vc_column width=&#8220;1\/3&#8243; css=&#8220;.vc_custom_1637597637154{background-image: url(https:\/\/museomitag.it\/wp-content\/uploads\/2021\/11\/castello-di-Rovereto7_Graziano-Galvagni-ph_low.jpg?id=18064) !important;background-position: center !important;background-repeat: no-repeat !important;background-size: cover !important;}&#8220;][\/vc_column][vc_column width=&#8220;2\/3&#8243;][vc_column_text] Volle 13 \u20ac Besucher ab 18 Jahren Erm\u00e4\u00dfigt 10 \u20ac Gruppen (mit mindestens 20 zahlenden Erwachsenen), Milit\u00e4r und Polizei (gegen Vorweisung eines Ausweises ), Studenten der Universit\u00e4t Trient, Mitglieder der angeschlossenen Organisationen Familien Erwachsene zahlen den vollen Preis, alle Minderj\u00e4hrigen\" \/>\n<meta property=\"og:url\" content=\"https:\/\/museomitag.it\/de\/info\/eintrittskarten\/\" \/>\n<meta property=\"og:site_name\" content=\"Museo Storico Italiano della Guerra\" \/>\n<meta property=\"article:publisher\" content=\"https:\/\/www.facebook.com\/museomitag\/\" \/>\n<meta property=\"article:modified_time\" content=\"2026-01-12T10:05:22+00:00\" \/>\n<meta name=\"twitter:card\" content=\"summary_large_image\" \/>\n<meta name=\"twitter:label1\" content=\"Gesch\u00e4tzte Lesezeit\" \/>\n\t<meta name=\"twitter:data1\" content=\"2\u00a0Minuten\" \/>\n<script type=\"application\/ld+json\" class=\"yoast-schema-graph\">{\"@context\":\"https:\\\/\\\/schema.org\",\"@graph\":[{\"@type\":\"WebPage\",\"@id\":\"https:\\\/\\\/museomitag.it\\\/de\\\/info\\\/eintrittskarten\\\/\",\"url\":\"https:\\\/\\\/museomitag.it\\\/de\\\/info\\\/eintrittskarten\\\/\",\"name\":\"Eintrittskarten - Museo Storico Italiano della Guerra\",\"isPartOf\":{\"@id\":\"https:\\\/\\\/museomitag.it\\\/#website\"},\"datePublished\":\"2023-01-27T09:07:30+00:00\",\"dateModified\":\"2026-01-12T10:05:22+00:00\",\"breadcrumb\":{\"@id\":\"https:\\\/\\\/museomitag.it\\\/de\\\/info\\\/eintrittskarten\\\/#breadcrumb\"},\"inLanguage\":\"de\",\"potentialAction\":[{\"@type\":\"ReadAction\",\"target\":[\"https:\\\/\\\/museomitag.it\\\/de\\\/info\\\/eintrittskarten\\\/\"]}]},{\"@type\":\"BreadcrumbList\",\"@id\":\"https:\\\/\\\/museomitag.it\\\/de\\\/info\\\/eintrittskarten\\\/#breadcrumb\",\"itemListElement\":[{\"@type\":\"ListItem\",\"position\":1,\"name\":\"Home\",\"item\":\"https:\\\/\\\/museomitag.it\\\/de\\\/\"},{\"@type\":\"ListItem\",\"position\":2,\"name\":\"Besuch\",\"item\":\"https:\\\/\\\/museomitag.it\\\/de\\\/?page_id=22194\"},{\"@type\":\"ListItem\",\"position\":3,\"name\":\"Info\",\"item\":\"https:\\\/\\\/museomitag.it\\\/de\\\/info\\\/\"},{\"@type\":\"ListItem\",\"position\":4,\"name\":\"Eintrittskarten\"}]},{\"@type\":\"WebSite\",\"@id\":\"https:\\\/\\\/museomitag.it\\\/#website\",\"url\":\"https:\\\/\\\/museomitag.it\\\/\",\"name\":\"MITAG Museo Storico Italiano della Guerra\",\"description\":\"Rovereto (TN) - Trentino\",\"publisher\":{\"@id\":\"https:\\\/\\\/museomitag.it\\\/#organization\"},\"potentialAction\":[{\"@type\":\"SearchAction\",\"target\":{\"@type\":\"EntryPoint\",\"urlTemplate\":\"https:\\\/\\\/museomitag.it\\\/?s={search_term_string}\"},\"query-input\":{\"@type\":\"PropertyValueSpecification\",\"valueRequired\":true,\"valueName\":\"search_term_string\"}}],\"inLanguage\":\"de\"},{\"@type\":\"Organization\",\"@id\":\"https:\\\/\\\/museomitag.it\\\/#organization\",\"name\":\"MITAG Museo Storico Italiano della Guerra\",\"url\":\"https:\\\/\\\/museomitag.it\\\/\",\"logo\":{\"@type\":\"ImageObject\",\"inLanguage\":\"de\",\"@id\":\"https:\\\/\\\/museomitag.it\\\/#\\\/schema\\\/logo\\\/image\\\/\",\"url\":\"https:\\\/\\\/museomitag.it\\\/wp-content\\\/uploads\\\/2025\\\/07\\\/Logo-MITAG-nero-500px.png\",\"contentUrl\":\"https:\\\/\\\/museomitag.it\\\/wp-content\\\/uploads\\\/2025\\\/07\\\/Logo-MITAG-nero-500px.png\",\"width\":500,\"height\":185,\"caption\":\"MITAG Museo Storico Italiano della Guerra\"},\"image\":{\"@id\":\"https:\\\/\\\/museomitag.it\\\/#\\\/schema\\\/logo\\\/image\\\/\"},\"sameAs\":[\"https:\\\/\\\/www.facebook.com\\\/museomitag\\\/\",\"https:\\\/\\\/www.instagram.com\\\/museomitag\\\/\"]}]}<\/script>\n<!-- \/ Yoast SEO plugin. -->","yoast_head_json":{"title":"Eintrittskarten - Museo Storico Italiano della Guerra","robots":{"index":"index","follow":"follow","max-snippet":"max-snippet:-1","max-image-preview":"max-image-preview:large","max-video-preview":"max-video-preview:-1"},"canonical":"https:\/\/museomitag.it\/de\/info\/eintrittskarten\/","og_locale":"de_DE","og_type":"article","og_title":"Eintrittskarten - Museo Storico Italiano della Guerra","og_description":"[vc_row gap=&#8220;10&#8243; equal_height=&#8220;yes&#8220; el_id=&#8220;biglietti&#8220;][vc_column width=&#8220;1\/3&#8243; css=&#8220;.vc_custom_1637597637154{background-image: url(https:\/\/museomitag.it\/wp-content\/uploads\/2021\/11\/castello-di-Rovereto7_Graziano-Galvagni-ph_low.jpg?id=18064) !important;background-position: center !important;background-repeat: no-repeat !important;background-size: cover !important;}&#8220;][\/vc_column][vc_column width=&#8220;2\/3&#8243;][vc_column_text] Volle 13 \u20ac Besucher ab 18 Jahren Erm\u00e4\u00dfigt 10 \u20ac Gruppen (mit mindestens 20 zahlenden Erwachsenen), Milit\u00e4r und Polizei (gegen Vorweisung eines Ausweises ), Studenten der Universit\u00e4t Trient, Mitglieder der angeschlossenen Organisationen Familien Erwachsene zahlen den vollen Preis, alle Minderj\u00e4hrigen","og_url":"https:\/\/museomitag.it\/de\/info\/eintrittskarten\/","og_site_name":"Museo Storico Italiano della Guerra","article_publisher":"https:\/\/www.facebook.com\/museomitag\/","article_modified_time":"2026-01-12T10:05:22+00:00","twitter_card":"summary_large_image","twitter_misc":{"Gesch\u00e4tzte Lesezeit":"2\u00a0Minuten"},"schema":{"@context":"https:\/\/schema.org","@graph":[{"@type":"WebPage","@id":"https:\/\/museomitag.it\/de\/info\/eintrittskarten\/","url":"https:\/\/museomitag.it\/de\/info\/eintrittskarten\/","name":"Eintrittskarten - Museo Storico Italiano della Guerra","isPartOf":{"@id":"https:\/\/museomitag.it\/#website"},"datePublished":"2023-01-27T09:07:30+00:00","dateModified":"2026-01-12T10:05:22+00:00","breadcrumb":{"@id":"https:\/\/museomitag.it\/de\/info\/eintrittskarten\/#breadcrumb"},"inLanguage":"de","potentialAction":[{"@type":"ReadAction","target":["https:\/\/museomitag.it\/de\/info\/eintrittskarten\/"]}]},{"@type":"BreadcrumbList","@id":"https:\/\/museomitag.it\/de\/info\/eintrittskarten\/#breadcrumb","itemListElement":[{"@type":"ListItem","position":1,"name":"Home","item":"https:\/\/museomitag.it\/de\/"},{"@type":"ListItem","position":2,"name":"Besuch","item":"https:\/\/museomitag.it\/de\/?page_id=22194"},{"@type":"ListItem","position":3,"name":"Info","item":"https:\/\/museomitag.it\/de\/info\/"},{"@type":"ListItem","position":4,"name":"Eintrittskarten"}]},{"@type":"WebSite","@id":"https:\/\/museomitag.it\/#website","url":"https:\/\/museomitag.it\/","name":"MITAG Museo Storico Italiano della Guerra","description":"Rovereto (TN) - Trentino","publisher":{"@id":"https:\/\/museomitag.it\/#organization"},"potentialAction":[{"@type":"SearchAction","target":{"@type":"EntryPoint","urlTemplate":"https:\/\/museomitag.it\/?s={search_term_string}"},"query-input":{"@type":"PropertyValueSpecification","valueRequired":true,"valueName":"search_term_string"}}],"inLanguage":"de"},{"@type":"Organization","@id":"https:\/\/museomitag.it\/#organization","name":"MITAG Museo Storico Italiano della Guerra","url":"https:\/\/museomitag.it\/","logo":{"@type":"ImageObject","inLanguage":"de","@id":"https:\/\/museomitag.it\/#\/schema\/logo\/image\/","url":"https:\/\/museomitag.it\/wp-content\/uploads\/2025\/07\/Logo-MITAG-nero-500px.png","contentUrl":"https:\/\/museomitag.it\/wp-content\/uploads\/2025\/07\/Logo-MITAG-nero-500px.png","width":500,"height":185,"caption":"MITAG Museo Storico Italiano della Guerra"},"image":{"@id":"https:\/\/museomitag.it\/#\/schema\/logo\/image\/"},"sameAs":["https:\/\/www.facebook.com\/museomitag\/","https:\/\/www.instagram.com\/museomitag\/"]}]}},"_links":{"self":[{"href":"https:\/\/museomitag.it\/de\/wp-json\/wp\/v2\/pages\/22207","targetHints":{"allow":["GET"]}}],"collection":[{"href":"https:\/\/museomitag.it\/de\/wp-json\/wp\/v2\/pages"}],"about":[{"href":"https:\/\/museomitag.it\/de\/wp-json\/wp\/v2\/types\/page"}],"author":[{"embeddable":true,"href":"https:\/\/museomitag.it\/de\/wp-json\/wp\/v2\/users\/1"}],"replies":[{"embeddable":true,"href":"https:\/\/museomitag.it\/de\/wp-json\/wp\/v2\/comments?post=22207"}],"version-history":[{"count":12,"href":"https:\/\/museomitag.it\/de\/wp-json\/wp\/v2\/pages\/22207\/revisions"}],"predecessor-version":[{"id":30258,"href":"https:\/\/museomitag.it\/de\/wp-json\/wp\/v2\/pages\/22207\/revisions\/30258"}],"up":[{"embeddable":true,"href":"https:\/\/museomitag.it\/de\/wp-json\/wp\/v2\/pages\/22198"}],"wp:attachment":[{"href":"https:\/\/museomitag.it\/de\/wp-json\/wp\/v2\/media?parent=22207"}],"curies":[{"name":"wp","href":"https:\/\/api.w.org\/{rel}","templated":true}]}}