{"id":22211,"date":"2023-01-27T10:16:20","date_gmt":"2023-01-27T09:16:20","guid":{"rendered":"https:\/\/museomitag.it\/?page_id=22211"},"modified":"2025-08-18T11:55:03","modified_gmt":"2025-08-18T09:55:03","slug":"lage","status":"publish","type":"page","link":"https:\/\/museomitag.it\/de\/info\/lage\/","title":{"rendered":"Lage"},"content":{"rendered":"<p>[vc_row content_placement=&#8220;middle&#8220; el_id=&#8220;dove-siamo&#8220;][vc_column][vc_column_text]<\/p>\n<h4>MUSEO STORICO ITALIANO DELLA GUERRA<\/h4>\n<p>via Castelbarco 7, 38068 Rovereto (TN)<br \/>\n+39 0464 438100 | <a href=\"mailto:info@museomitag.it\">info@museomitag.it<\/a><\/p>\n<p>&nbsp;<\/p>\n<p><iframe loading=\"lazy\" style=\"border: 0;\" src=\"https:\/\/www.google.com\/maps\/embed?pb=!1m18!1m12!1m3!1d2777.2105302458613!2d11.043970315283508!3d45.88710231314609!2m3!1f0!2f0!3f0!3m2!1i1024!2i768!4f13.1!3m3!1m2!1s0x47820eb4372deb25%3A0xa515359bf5193730!2sMuseo%20Storico%20Italiano%20della%20Guerra!5e0!3m2!1sit!2sit!4v1581638886139!5m2!1sit!2sit\" width=\"1050\" height=\"400\" frameborder=\"0\" allowfullscreen=\"allowfullscreen\" data-mce-fragment=\"1\"><\/iframe>[\/vc_column_text][\/vc_column][\/vc_row][vc_row gap=&#8220;10&#8243; equal_height=&#8220;yes&#8220; css=&#8220;.vc_custom_1638438893769{margin-top: 30px !important;}&#8220;][vc_column css=&#8220;.vc_custom_1637570778416{margin-right: 0px !important;}&#8220;][vc_column_text]<\/p>\n<h3>Wie Sie uns erreichen<\/h3>\n<p><strong>ZU FU\u00df<\/strong>: vom Bahnhof aus den Corso Rosmini bis zur gleichnamigen Piazza entlanggehen, dann in die Via Orefici einbiegen, weiter in die Via Rialto, die Via della Terra und die Via Castelbarco hinaufgehen (10 Minuten); von der Piazza Podest\u00e0 aus in die Via della Terra und dann in die Via Castelbarco (3 Minuten).<\/p>\n<p><strong>MIT DEM AUTO<\/strong>: von der <a href=\"https:\/\/www.autobrennero.it\/\">Brennerautobahn A22<\/a> Ausfahrt Rovereto Nord oder Sud den Schildern zum historischen Zentrum folgen; wenige Minuten vom Schloss entfernt gibt es verschiedene \u00fcberdachte (in der Via Lungo Leno Sinistro, in der Viale dei Colli, in der Via Manzoni) und nicht \u00fcberdachte (Piazzale Achille Leoni) kostenpflichtige Parkpl\u00e4tze. Informationen zum Parken auf der Website der <a href=\"http:\/\/www.smr.tn.it\/portfolio-items\/sosta-e-mobilita\/\">Societ\u00e0 Multiservizi di Rovereto<\/a>.<br \/>\nDer Eingang zum Museum befindet sich in der Via delle Fosse, wo es einige geb\u00fchrenpflichtige Parkpl\u00e4tze gibt.<\/p>\n<p><strong>MIT DEM BUS<\/strong>: Das Parken ist nur in Piazza Podest\u00e0 zum Be- und Entladen erlaubt. Parkpl\u00e4tze f\u00fcr Reisebusse gibt es auf dem Piazzale Achille Leoni und am Stadio Quercia. Die Ankunft auf der Piazza Podest\u00e0 ist f\u00fcr Busse mit einer H\u00f6he von mehr als 3,80 m nicht m\u00f6glich.<\/p>\n<p><strong>MIT DEM FAHRRAD<\/strong>: auf dem <a href=\"https:\/\/www.visittrentino.info\/it\/guida\/sport-estate\/ciclabili\/pista-ciclabile-valle-dell-adige-sud_md_788\">Radweg Valle dell&#8217;Adige Sud<\/a>, Ausfahrt in Richtung Rovereto-Zentrum im Ortsteil Borgo Sacco, dem Weg bis zum Ende folgen. \u00dcberqueren Sie die Holzbr\u00fccke \u00fcber den Fluss Leno und biegen Sie rechts ab, um zur Piazza del Podest\u00e0 zu gelangen, wo sich die Regale befinden. Vom Platz aus erreicht man das Schloss in 2 Minuten zu Fu\u00df, indem man in die Via della Terra einbiegt und die Treppen der Via Castelbarco bis zum Eingang des Museums hinaufsteigt.<br \/>\nWer ein Elektrofahrrad mieten m\u00f6chte, kann einen <a href=\"https:\/\/www.visitrovereto.it\/info\/come-muoversi\/\">E-Bike-Sharing-Service<\/a> nutzen.[\/vc_column_text][\/vc_column][\/vc_row]<\/p>\n","protected":false},"excerpt":{"rendered":"<p>[vc_row content_placement=&#8220;middle&#8220; el_id=&#8220;dove-siamo&#8220;][vc_column][vc_column_text] MUSEO STORICO ITALIANO DELLA GUERRA via Castelbarco 7, 38068 Rovereto (TN) +39 0464 438100 | info@museomitag.it &nbsp; [\/vc_column_text][\/vc_column][\/vc_row][vc_row gap=&#8220;10&#8243; equal_height=&#8220;yes&#8220; css=&#8220;.vc_custom_1638438893769{margin-top: 30px !important;}&#8220;][vc_column css=&#8220;.vc_custom_1637570778416{margin-right: 0px !important;}&#8220;][vc_column_text] Wie Sie uns erreichen ZU FU\u00df: vom Bahnhof aus den Corso Rosmini bis zur gleichnamigen Piazza entlanggehen, dann in die Via Orefici einbiegen, weiter in die<\/p>\n","protected":false},"author":1,"featured_media":0,"parent":22198,"menu_order":0,"comment_status":"closed","ping_status":"closed","template":"","meta":{"footnotes":""},"class_list":["post-22211","page","type-page","status-publish","hentry"],"yoast_head":"<!-- This site is optimized with the Yoast SEO plugin v27.3 - https:\/\/yoast.com\/product\/yoast-seo-wordpress\/ -->\n<title>Lage - Museo Storico Italiano della Guerra<\/title>\n<meta name=\"robots\" content=\"index, follow, max-snippet:-1, max-image-preview:large, max-video-preview:-1\" \/>\n<link rel=\"canonical\" href=\"https:\/\/museomitag.it\/de\/info\/lage\/\" \/>\n<meta property=\"og:locale\" content=\"de_DE\" \/>\n<meta property=\"og:type\" content=\"article\" \/>\n<meta property=\"og:title\" content=\"Lage - Museo Storico Italiano della Guerra\" \/>\n<meta property=\"og:description\" content=\"[vc_row content_placement=&#8220;middle&#8220; el_id=&#8220;dove-siamo&#8220;][vc_column][vc_column_text] MUSEO STORICO ITALIANO DELLA GUERRA via Castelbarco 7, 38068 Rovereto (TN) +39 0464 438100 | info@museomitag.it &nbsp; [\/vc_column_text][\/vc_column][\/vc_row][vc_row gap=&#8220;10&#8243; equal_height=&#8220;yes&#8220; css=&#8220;.vc_custom_1638438893769{margin-top: 30px !important;}&#8220;][vc_column css=&#8220;.vc_custom_1637570778416{margin-right: 0px !important;}&#8220;][vc_column_text] Wie Sie uns erreichen ZU FU\u00df: vom Bahnhof aus den Corso Rosmini bis zur gleichnamigen Piazza entlanggehen, dann in die Via Orefici einbiegen, weiter in die\" \/>\n<meta property=\"og:url\" content=\"https:\/\/museomitag.it\/de\/info\/lage\/\" \/>\n<meta property=\"og:site_name\" content=\"Museo Storico Italiano della Guerra\" \/>\n<meta property=\"article:publisher\" content=\"https:\/\/www.facebook.com\/museomitag\/\" \/>\n<meta property=\"article:modified_time\" content=\"2025-08-18T09:55:03+00:00\" \/>\n<meta name=\"twitter:card\" content=\"summary_large_image\" \/>\n<meta name=\"twitter:label1\" content=\"Gesch\u00e4tzte Lesezeit\" \/>\n\t<meta name=\"twitter:data1\" content=\"2\u00a0Minuten\" \/>\n<script type=\"application\/ld+json\" class=\"yoast-schema-graph\">{\"@context\":\"https:\\\/\\\/schema.org\",\"@graph\":[{\"@type\":\"WebPage\",\"@id\":\"https:\\\/\\\/museomitag.it\\\/de\\\/info\\\/lage\\\/\",\"url\":\"https:\\\/\\\/museomitag.it\\\/de\\\/info\\\/lage\\\/\",\"name\":\"Lage - Museo Storico Italiano della Guerra\",\"isPartOf\":{\"@id\":\"https:\\\/\\\/museomitag.it\\\/#website\"},\"datePublished\":\"2023-01-27T09:16:20+00:00\",\"dateModified\":\"2025-08-18T09:55:03+00:00\",\"breadcrumb\":{\"@id\":\"https:\\\/\\\/museomitag.it\\\/de\\\/info\\\/lage\\\/#breadcrumb\"},\"inLanguage\":\"de\",\"potentialAction\":[{\"@type\":\"ReadAction\",\"target\":[\"https:\\\/\\\/museomitag.it\\\/de\\\/info\\\/lage\\\/\"]}]},{\"@type\":\"BreadcrumbList\",\"@id\":\"https:\\\/\\\/museomitag.it\\\/de\\\/info\\\/lage\\\/#breadcrumb\",\"itemListElement\":[{\"@type\":\"ListItem\",\"position\":1,\"name\":\"Home\",\"item\":\"https:\\\/\\\/museomitag.it\\\/de\\\/\"},{\"@type\":\"ListItem\",\"position\":2,\"name\":\"Besuch\",\"item\":\"https:\\\/\\\/museomitag.it\\\/de\\\/?page_id=22194\"},{\"@type\":\"ListItem\",\"position\":3,\"name\":\"Info\",\"item\":\"https:\\\/\\\/museomitag.it\\\/de\\\/info\\\/\"},{\"@type\":\"ListItem\",\"position\":4,\"name\":\"Lage\"}]},{\"@type\":\"WebSite\",\"@id\":\"https:\\\/\\\/museomitag.it\\\/#website\",\"url\":\"https:\\\/\\\/museomitag.it\\\/\",\"name\":\"MITAG Museo Storico Italiano della Guerra\",\"description\":\"Rovereto (TN) - Trentino\",\"publisher\":{\"@id\":\"https:\\\/\\\/museomitag.it\\\/#organization\"},\"potentialAction\":[{\"@type\":\"SearchAction\",\"target\":{\"@type\":\"EntryPoint\",\"urlTemplate\":\"https:\\\/\\\/museomitag.it\\\/?s={search_term_string}\"},\"query-input\":{\"@type\":\"PropertyValueSpecification\",\"valueRequired\":true,\"valueName\":\"search_term_string\"}}],\"inLanguage\":\"de\"},{\"@type\":\"Organization\",\"@id\":\"https:\\\/\\\/museomitag.it\\\/#organization\",\"name\":\"MITAG Museo Storico Italiano della Guerra\",\"url\":\"https:\\\/\\\/museomitag.it\\\/\",\"logo\":{\"@type\":\"ImageObject\",\"inLanguage\":\"de\",\"@id\":\"https:\\\/\\\/museomitag.it\\\/#\\\/schema\\\/logo\\\/image\\\/\",\"url\":\"https:\\\/\\\/museomitag.it\\\/wp-content\\\/uploads\\\/2025\\\/07\\\/Logo-MITAG-nero-500px.png\",\"contentUrl\":\"https:\\\/\\\/museomitag.it\\\/wp-content\\\/uploads\\\/2025\\\/07\\\/Logo-MITAG-nero-500px.png\",\"width\":500,\"height\":185,\"caption\":\"MITAG Museo Storico Italiano della Guerra\"},\"image\":{\"@id\":\"https:\\\/\\\/museomitag.it\\\/#\\\/schema\\\/logo\\\/image\\\/\"},\"sameAs\":[\"https:\\\/\\\/www.facebook.com\\\/museomitag\\\/\",\"https:\\\/\\\/www.instagram.com\\\/museomitag\\\/\"]}]}<\/script>\n<!-- \/ Yoast SEO plugin. -->","yoast_head_json":{"title":"Lage - Museo Storico Italiano della Guerra","robots":{"index":"index","follow":"follow","max-snippet":"max-snippet:-1","max-image-preview":"max-image-preview:large","max-video-preview":"max-video-preview:-1"},"canonical":"https:\/\/museomitag.it\/de\/info\/lage\/","og_locale":"de_DE","og_type":"article","og_title":"Lage - Museo Storico Italiano della Guerra","og_description":"[vc_row content_placement=&#8220;middle&#8220; el_id=&#8220;dove-siamo&#8220;][vc_column][vc_column_text] MUSEO STORICO ITALIANO DELLA GUERRA via Castelbarco 7, 38068 Rovereto (TN) +39 0464 438100 | info@museomitag.it &nbsp; [\/vc_column_text][\/vc_column][\/vc_row][vc_row gap=&#8220;10&#8243; equal_height=&#8220;yes&#8220; css=&#8220;.vc_custom_1638438893769{margin-top: 30px !important;}&#8220;][vc_column css=&#8220;.vc_custom_1637570778416{margin-right: 0px !important;}&#8220;][vc_column_text] Wie Sie uns erreichen ZU FU\u00df: vom Bahnhof aus den Corso Rosmini bis zur gleichnamigen Piazza entlanggehen, dann in die Via Orefici einbiegen, weiter in die","og_url":"https:\/\/museomitag.it\/de\/info\/lage\/","og_site_name":"Museo Storico Italiano della Guerra","article_publisher":"https:\/\/www.facebook.com\/museomitag\/","article_modified_time":"2025-08-18T09:55:03+00:00","twitter_card":"summary_large_image","twitter_misc":{"Gesch\u00e4tzte Lesezeit":"2\u00a0Minuten"},"schema":{"@context":"https:\/\/schema.org","@graph":[{"@type":"WebPage","@id":"https:\/\/museomitag.it\/de\/info\/lage\/","url":"https:\/\/museomitag.it\/de\/info\/lage\/","name":"Lage - Museo Storico Italiano della Guerra","isPartOf":{"@id":"https:\/\/museomitag.it\/#website"},"datePublished":"2023-01-27T09:16:20+00:00","dateModified":"2025-08-18T09:55:03+00:00","breadcrumb":{"@id":"https:\/\/museomitag.it\/de\/info\/lage\/#breadcrumb"},"inLanguage":"de","potentialAction":[{"@type":"ReadAction","target":["https:\/\/museomitag.it\/de\/info\/lage\/"]}]},{"@type":"BreadcrumbList","@id":"https:\/\/museomitag.it\/de\/info\/lage\/#breadcrumb","itemListElement":[{"@type":"ListItem","position":1,"name":"Home","item":"https:\/\/museomitag.it\/de\/"},{"@type":"ListItem","position":2,"name":"Besuch","item":"https:\/\/museomitag.it\/de\/?page_id=22194"},{"@type":"ListItem","position":3,"name":"Info","item":"https:\/\/museomitag.it\/de\/info\/"},{"@type":"ListItem","position":4,"name":"Lage"}]},{"@type":"WebSite","@id":"https:\/\/museomitag.it\/#website","url":"https:\/\/museomitag.it\/","name":"MITAG Museo Storico Italiano della Guerra","description":"Rovereto (TN) - Trentino","publisher":{"@id":"https:\/\/museomitag.it\/#organization"},"potentialAction":[{"@type":"SearchAction","target":{"@type":"EntryPoint","urlTemplate":"https:\/\/museomitag.it\/?s={search_term_string}"},"query-input":{"@type":"PropertyValueSpecification","valueRequired":true,"valueName":"search_term_string"}}],"inLanguage":"de"},{"@type":"Organization","@id":"https:\/\/museomitag.it\/#organization","name":"MITAG Museo Storico Italiano della Guerra","url":"https:\/\/museomitag.it\/","logo":{"@type":"ImageObject","inLanguage":"de","@id":"https:\/\/museomitag.it\/#\/schema\/logo\/image\/","url":"https:\/\/museomitag.it\/wp-content\/uploads\/2025\/07\/Logo-MITAG-nero-500px.png","contentUrl":"https:\/\/museomitag.it\/wp-content\/uploads\/2025\/07\/Logo-MITAG-nero-500px.png","width":500,"height":185,"caption":"MITAG Museo Storico Italiano della Guerra"},"image":{"@id":"https:\/\/museomitag.it\/#\/schema\/logo\/image\/"},"sameAs":["https:\/\/www.facebook.com\/museomitag\/","https:\/\/www.instagram.com\/museomitag\/"]}]}},"_links":{"self":[{"href":"https:\/\/museomitag.it\/de\/wp-json\/wp\/v2\/pages\/22211","targetHints":{"allow":["GET"]}}],"collection":[{"href":"https:\/\/museomitag.it\/de\/wp-json\/wp\/v2\/pages"}],"about":[{"href":"https:\/\/museomitag.it\/de\/wp-json\/wp\/v2\/types\/page"}],"author":[{"embeddable":true,"href":"https:\/\/museomitag.it\/de\/wp-json\/wp\/v2\/users\/1"}],"replies":[{"embeddable":true,"href":"https:\/\/museomitag.it\/de\/wp-json\/wp\/v2\/comments?post=22211"}],"version-history":[{"count":5,"href":"https:\/\/museomitag.it\/de\/wp-json\/wp\/v2\/pages\/22211\/revisions"}],"predecessor-version":[{"id":29495,"href":"https:\/\/museomitag.it\/de\/wp-json\/wp\/v2\/pages\/22211\/revisions\/29495"}],"up":[{"embeddable":true,"href":"https:\/\/museomitag.it\/de\/wp-json\/wp\/v2\/pages\/22198"}],"wp:attachment":[{"href":"https:\/\/museomitag.it\/de\/wp-json\/wp\/v2\/media?parent=22211"}],"curies":[{"name":"wp","href":"https:\/\/api.w.org\/{rel}","templated":true}]}}