{"id":22219,"date":"2023-01-27T10:47:35","date_gmt":"2023-01-27T09:47:35","guid":{"rendered":"https:\/\/museomitag.it\/?page_id=22219"},"modified":"2025-08-18T11:57:36","modified_gmt":"2025-08-18T09:57:36","slug":"audiofuehrer","status":"publish","type":"page","link":"https:\/\/museomitag.it\/de\/info\/audiofuehrer\/","title":{"rendered":"Audiof\u00fchrer"},"content":{"rendered":"<p>[vc_row gap=&#8220;10&#8243; equal_height=&#8220;yes&#8220;][vc_column width=&#8220;2\/3&#8243;][vc_column_text]<\/p>\n<h3>MobiCult: der kostenlose Audioguide des Museums<\/h3>\n<p>MobCult ist die kostenlose App, die Sie durch das Museum und das Schloss f\u00fchrt, mit speziellen Routen, Audio und Fotos. W\u00e4hrend des Besuchs begleitet die App Sie entlang der Route und bietet f\u00fcr jede Station eine <strong>Audiobeschreibung der Ausstellungsr\u00e4ume<\/strong>. Dar\u00fcber hinaus gibt es Einblicke in die wichtigsten Objekte und Zeugnisse, die von T\u00f6nen und Bildern begleitet werden.<\/p>\n<p>Sie k\u00f6nnen den Audioguide <strong>direkt auf Ihrem Smartphone<\/strong> oder Tablet anh\u00f6ren, indem Sie die <a href=\"https:\/\/mobicult.suggesto.eu\/index_de.html\">kostenlose mobile Anwendung MobiCult<\/a>\u00a0herunterladen.<\/p>\n<p>Wir empfehlen Ihnen, die App und die Inhalte des Audioguides vor Ihrem Besuch herunterzuladen, damit sie auch <strong>offline zug\u00e4nglich<\/strong> sind. Die App ist f\u00fcr Android- und iOS-Systeme verf\u00fcgbar.<\/p>\n<p><strong> <a href=\"https:\/\/play.google.com\/store\/apps\/details?id=eu.suggesto.mobicult&amp;gl=IT\" target=\"_blank\" rel=\"noopener\"><img loading=\"lazy\" decoding=\"async\" class=\"alignnone wp-image-18125\" src=\"https:\/\/museomitag.it\/wp-content\/uploads\/2021\/11\/googleplay.it_ALL.png\" alt=\"\" width=\"150\" height=\"46\" \/><\/a>\u00a0 \u00a0 \u00a0 \u00a0 \u00a0 \u00a0 \u00a0 \u00a0 \u00a0<a href=\"https:\/\/apps.apple.com\/us\/app\/mobicult\/id1571265177?itsct=apps_box_link&amp;itscg=30200\" target=\"_blank\" rel=\"noopener\"><img loading=\"lazy\" decoding=\"async\" class=\"alignnone wp-image-18122\" src=\"https:\/\/museomitag.it\/wp-content\/uploads\/2021\/11\/app-store.jpg\" alt=\"\" width=\"150\" height=\"46\" \/><\/a>\u00a0 \u00a0 \u00a0 \u00a0\u00a0<\/strong>[\/vc_column_text][\/vc_column][vc_column width=&#8220;1\/3&#8243;][vc_single_image image=&#8220;16049&#8243; img_size=&#8220;full&#8220; onclick=&#8220;custom_link&#8220; img_link_target=&#8220;_blank&#8220; link=&#8220;https:\/\/mobicult.suggesto.eu\/index_de.html&#8220;][\/vc_column][\/vc_row]<\/p>\n","protected":false},"excerpt":{"rendered":"<p>[vc_row gap=&#8220;10&#8243; equal_height=&#8220;yes&#8220;][vc_column width=&#8220;2\/3&#8243;][vc_column_text] MobiCult: der kostenlose Audioguide des Museums MobCult ist die kostenlose App, die Sie durch das Museum und das Schloss f\u00fchrt, mit speziellen Routen, Audio und Fotos. W\u00e4hrend des Besuchs begleitet die App Sie entlang der Route und bietet f\u00fcr jede Station eine Audiobeschreibung der Ausstellungsr\u00e4ume. Dar\u00fcber hinaus gibt es Einblicke in<\/p>\n","protected":false},"author":1,"featured_media":0,"parent":22198,"menu_order":0,"comment_status":"closed","ping_status":"closed","template":"","meta":{"footnotes":""},"class_list":["post-22219","page","type-page","status-publish","hentry"],"yoast_head":"<!-- This site is optimized with the Yoast SEO plugin v27.3 - https:\/\/yoast.com\/product\/yoast-seo-wordpress\/ -->\n<title>Audiof\u00fchrer - Museo Storico Italiano della Guerra<\/title>\n<meta name=\"robots\" content=\"index, follow, max-snippet:-1, max-image-preview:large, max-video-preview:-1\" \/>\n<link rel=\"canonical\" href=\"https:\/\/museomitag.it\/de\/info\/audiofuehrer\/\" \/>\n<meta property=\"og:locale\" content=\"de_DE\" \/>\n<meta property=\"og:type\" content=\"article\" \/>\n<meta property=\"og:title\" content=\"Audiof\u00fchrer - Museo Storico Italiano della Guerra\" \/>\n<meta property=\"og:description\" content=\"[vc_row gap=&#8220;10&#8243; equal_height=&#8220;yes&#8220;][vc_column width=&#8220;2\/3&#8243;][vc_column_text] MobiCult: der kostenlose Audioguide des Museums MobCult ist die kostenlose App, die Sie durch das Museum und das Schloss f\u00fchrt, mit speziellen Routen, Audio und Fotos. W\u00e4hrend des Besuchs begleitet die App Sie entlang der Route und bietet f\u00fcr jede Station eine Audiobeschreibung der Ausstellungsr\u00e4ume. Dar\u00fcber hinaus gibt es Einblicke in\" \/>\n<meta property=\"og:url\" content=\"https:\/\/museomitag.it\/de\/info\/audiofuehrer\/\" \/>\n<meta property=\"og:site_name\" content=\"Museo Storico Italiano della Guerra\" \/>\n<meta property=\"article:publisher\" content=\"https:\/\/www.facebook.com\/museomitag\/\" \/>\n<meta property=\"article:modified_time\" content=\"2025-08-18T09:57:36+00:00\" \/>\n<meta property=\"og:image\" content=\"https:\/\/museomitag.it\/wp-content\/uploads\/2021\/11\/googleplay.it_ALL.png\" \/>\n\t<meta property=\"og:image:width\" content=\"646\" \/>\n\t<meta property=\"og:image:height\" content=\"250\" \/>\n\t<meta property=\"og:image:type\" content=\"image\/png\" \/>\n<meta name=\"twitter:card\" content=\"summary_large_image\" \/>\n<meta name=\"twitter:label1\" content=\"Gesch\u00e4tzte Lesezeit\" \/>\n\t<meta name=\"twitter:data1\" content=\"2\u00a0Minuten\" \/>\n<script type=\"application\/ld+json\" class=\"yoast-schema-graph\">{\"@context\":\"https:\\\/\\\/schema.org\",\"@graph\":[{\"@type\":\"WebPage\",\"@id\":\"https:\\\/\\\/museomitag.it\\\/de\\\/info\\\/audiofuehrer\\\/\",\"url\":\"https:\\\/\\\/museomitag.it\\\/de\\\/info\\\/audiofuehrer\\\/\",\"name\":\"Audiof\u00fchrer - Museo Storico Italiano della Guerra\",\"isPartOf\":{\"@id\":\"https:\\\/\\\/museomitag.it\\\/#website\"},\"primaryImageOfPage\":{\"@id\":\"https:\\\/\\\/museomitag.it\\\/de\\\/info\\\/audiofuehrer\\\/#primaryimage\"},\"image\":{\"@id\":\"https:\\\/\\\/museomitag.it\\\/de\\\/info\\\/audiofuehrer\\\/#primaryimage\"},\"thumbnailUrl\":\"https:\\\/\\\/museomitag.it\\\/wp-content\\\/uploads\\\/2021\\\/11\\\/googleplay.it_ALL.png\",\"datePublished\":\"2023-01-27T09:47:35+00:00\",\"dateModified\":\"2025-08-18T09:57:36+00:00\",\"breadcrumb\":{\"@id\":\"https:\\\/\\\/museomitag.it\\\/de\\\/info\\\/audiofuehrer\\\/#breadcrumb\"},\"inLanguage\":\"de\",\"potentialAction\":[{\"@type\":\"ReadAction\",\"target\":[\"https:\\\/\\\/museomitag.it\\\/de\\\/info\\\/audiofuehrer\\\/\"]}]},{\"@type\":\"ImageObject\",\"inLanguage\":\"de\",\"@id\":\"https:\\\/\\\/museomitag.it\\\/de\\\/info\\\/audiofuehrer\\\/#primaryimage\",\"url\":\"https:\\\/\\\/museomitag.it\\\/wp-content\\\/uploads\\\/2021\\\/11\\\/googleplay.it_ALL.png\",\"contentUrl\":\"https:\\\/\\\/museomitag.it\\\/wp-content\\\/uploads\\\/2021\\\/11\\\/googleplay.it_ALL.png\"},{\"@type\":\"BreadcrumbList\",\"@id\":\"https:\\\/\\\/museomitag.it\\\/de\\\/info\\\/audiofuehrer\\\/#breadcrumb\",\"itemListElement\":[{\"@type\":\"ListItem\",\"position\":1,\"name\":\"Home\",\"item\":\"https:\\\/\\\/museomitag.it\\\/de\\\/\"},{\"@type\":\"ListItem\",\"position\":2,\"name\":\"Besuch\",\"item\":\"https:\\\/\\\/museomitag.it\\\/de\\\/?page_id=22194\"},{\"@type\":\"ListItem\",\"position\":3,\"name\":\"Info\",\"item\":\"https:\\\/\\\/museomitag.it\\\/de\\\/info\\\/\"},{\"@type\":\"ListItem\",\"position\":4,\"name\":\"Audiof\u00fchrer\"}]},{\"@type\":\"WebSite\",\"@id\":\"https:\\\/\\\/museomitag.it\\\/#website\",\"url\":\"https:\\\/\\\/museomitag.it\\\/\",\"name\":\"MITAG Museo Storico Italiano della Guerra\",\"description\":\"Rovereto (TN) - Trentino\",\"publisher\":{\"@id\":\"https:\\\/\\\/museomitag.it\\\/#organization\"},\"potentialAction\":[{\"@type\":\"SearchAction\",\"target\":{\"@type\":\"EntryPoint\",\"urlTemplate\":\"https:\\\/\\\/museomitag.it\\\/?s={search_term_string}\"},\"query-input\":{\"@type\":\"PropertyValueSpecification\",\"valueRequired\":true,\"valueName\":\"search_term_string\"}}],\"inLanguage\":\"de\"},{\"@type\":\"Organization\",\"@id\":\"https:\\\/\\\/museomitag.it\\\/#organization\",\"name\":\"MITAG Museo Storico Italiano della Guerra\",\"url\":\"https:\\\/\\\/museomitag.it\\\/\",\"logo\":{\"@type\":\"ImageObject\",\"inLanguage\":\"de\",\"@id\":\"https:\\\/\\\/museomitag.it\\\/#\\\/schema\\\/logo\\\/image\\\/\",\"url\":\"https:\\\/\\\/museomitag.it\\\/wp-content\\\/uploads\\\/2025\\\/07\\\/Logo-MITAG-nero-500px.png\",\"contentUrl\":\"https:\\\/\\\/museomitag.it\\\/wp-content\\\/uploads\\\/2025\\\/07\\\/Logo-MITAG-nero-500px.png\",\"width\":500,\"height\":185,\"caption\":\"MITAG Museo Storico Italiano della Guerra\"},\"image\":{\"@id\":\"https:\\\/\\\/museomitag.it\\\/#\\\/schema\\\/logo\\\/image\\\/\"},\"sameAs\":[\"https:\\\/\\\/www.facebook.com\\\/museomitag\\\/\",\"https:\\\/\\\/www.instagram.com\\\/museomitag\\\/\"]}]}<\/script>\n<!-- \/ Yoast SEO plugin. -->","yoast_head_json":{"title":"Audiof\u00fchrer - Museo Storico Italiano della Guerra","robots":{"index":"index","follow":"follow","max-snippet":"max-snippet:-1","max-image-preview":"max-image-preview:large","max-video-preview":"max-video-preview:-1"},"canonical":"https:\/\/museomitag.it\/de\/info\/audiofuehrer\/","og_locale":"de_DE","og_type":"article","og_title":"Audiof\u00fchrer - Museo Storico Italiano della Guerra","og_description":"[vc_row gap=&#8220;10&#8243; equal_height=&#8220;yes&#8220;][vc_column width=&#8220;2\/3&#8243;][vc_column_text] MobiCult: der kostenlose Audioguide des Museums MobCult ist die kostenlose App, die Sie durch das Museum und das Schloss f\u00fchrt, mit speziellen Routen, Audio und Fotos. W\u00e4hrend des Besuchs begleitet die App Sie entlang der Route und bietet f\u00fcr jede Station eine Audiobeschreibung der Ausstellungsr\u00e4ume. Dar\u00fcber hinaus gibt es Einblicke in","og_url":"https:\/\/museomitag.it\/de\/info\/audiofuehrer\/","og_site_name":"Museo Storico Italiano della Guerra","article_publisher":"https:\/\/www.facebook.com\/museomitag\/","article_modified_time":"2025-08-18T09:57:36+00:00","og_image":[{"width":646,"height":250,"url":"https:\/\/museomitag.it\/wp-content\/uploads\/2021\/11\/googleplay.it_ALL.png","type":"image\/png"}],"twitter_card":"summary_large_image","twitter_misc":{"Gesch\u00e4tzte Lesezeit":"2\u00a0Minuten"},"schema":{"@context":"https:\/\/schema.org","@graph":[{"@type":"WebPage","@id":"https:\/\/museomitag.it\/de\/info\/audiofuehrer\/","url":"https:\/\/museomitag.it\/de\/info\/audiofuehrer\/","name":"Audiof\u00fchrer - Museo Storico Italiano della Guerra","isPartOf":{"@id":"https:\/\/museomitag.it\/#website"},"primaryImageOfPage":{"@id":"https:\/\/museomitag.it\/de\/info\/audiofuehrer\/#primaryimage"},"image":{"@id":"https:\/\/museomitag.it\/de\/info\/audiofuehrer\/#primaryimage"},"thumbnailUrl":"https:\/\/museomitag.it\/wp-content\/uploads\/2021\/11\/googleplay.it_ALL.png","datePublished":"2023-01-27T09:47:35+00:00","dateModified":"2025-08-18T09:57:36+00:00","breadcrumb":{"@id":"https:\/\/museomitag.it\/de\/info\/audiofuehrer\/#breadcrumb"},"inLanguage":"de","potentialAction":[{"@type":"ReadAction","target":["https:\/\/museomitag.it\/de\/info\/audiofuehrer\/"]}]},{"@type":"ImageObject","inLanguage":"de","@id":"https:\/\/museomitag.it\/de\/info\/audiofuehrer\/#primaryimage","url":"https:\/\/museomitag.it\/wp-content\/uploads\/2021\/11\/googleplay.it_ALL.png","contentUrl":"https:\/\/museomitag.it\/wp-content\/uploads\/2021\/11\/googleplay.it_ALL.png"},{"@type":"BreadcrumbList","@id":"https:\/\/museomitag.it\/de\/info\/audiofuehrer\/#breadcrumb","itemListElement":[{"@type":"ListItem","position":1,"name":"Home","item":"https:\/\/museomitag.it\/de\/"},{"@type":"ListItem","position":2,"name":"Besuch","item":"https:\/\/museomitag.it\/de\/?page_id=22194"},{"@type":"ListItem","position":3,"name":"Info","item":"https:\/\/museomitag.it\/de\/info\/"},{"@type":"ListItem","position":4,"name":"Audiof\u00fchrer"}]},{"@type":"WebSite","@id":"https:\/\/museomitag.it\/#website","url":"https:\/\/museomitag.it\/","name":"MITAG Museo Storico Italiano della Guerra","description":"Rovereto (TN) - Trentino","publisher":{"@id":"https:\/\/museomitag.it\/#organization"},"potentialAction":[{"@type":"SearchAction","target":{"@type":"EntryPoint","urlTemplate":"https:\/\/museomitag.it\/?s={search_term_string}"},"query-input":{"@type":"PropertyValueSpecification","valueRequired":true,"valueName":"search_term_string"}}],"inLanguage":"de"},{"@type":"Organization","@id":"https:\/\/museomitag.it\/#organization","name":"MITAG Museo Storico Italiano della Guerra","url":"https:\/\/museomitag.it\/","logo":{"@type":"ImageObject","inLanguage":"de","@id":"https:\/\/museomitag.it\/#\/schema\/logo\/image\/","url":"https:\/\/museomitag.it\/wp-content\/uploads\/2025\/07\/Logo-MITAG-nero-500px.png","contentUrl":"https:\/\/museomitag.it\/wp-content\/uploads\/2025\/07\/Logo-MITAG-nero-500px.png","width":500,"height":185,"caption":"MITAG Museo Storico Italiano della Guerra"},"image":{"@id":"https:\/\/museomitag.it\/#\/schema\/logo\/image\/"},"sameAs":["https:\/\/www.facebook.com\/museomitag\/","https:\/\/www.instagram.com\/museomitag\/"]}]}},"_links":{"self":[{"href":"https:\/\/museomitag.it\/de\/wp-json\/wp\/v2\/pages\/22219","targetHints":{"allow":["GET"]}}],"collection":[{"href":"https:\/\/museomitag.it\/de\/wp-json\/wp\/v2\/pages"}],"about":[{"href":"https:\/\/museomitag.it\/de\/wp-json\/wp\/v2\/types\/page"}],"author":[{"embeddable":true,"href":"https:\/\/museomitag.it\/de\/wp-json\/wp\/v2\/users\/1"}],"replies":[{"embeddable":true,"href":"https:\/\/museomitag.it\/de\/wp-json\/wp\/v2\/comments?post=22219"}],"version-history":[{"count":5,"href":"https:\/\/museomitag.it\/de\/wp-json\/wp\/v2\/pages\/22219\/revisions"}],"predecessor-version":[{"id":29499,"href":"https:\/\/museomitag.it\/de\/wp-json\/wp\/v2\/pages\/22219\/revisions\/29499"}],"up":[{"embeddable":true,"href":"https:\/\/museomitag.it\/de\/wp-json\/wp\/v2\/pages\/22198"}],"wp:attachment":[{"href":"https:\/\/museomitag.it\/de\/wp-json\/wp\/v2\/media?parent=22219"}],"curies":[{"name":"wp","href":"https:\/\/api.w.org\/{rel}","templated":true}]}}