{"id":22235,"date":"2023-01-31T14:25:35","date_gmt":"2023-01-31T13:25:35","guid":{"rendered":"https:\/\/museomitag.it\/?page_id=22235"},"modified":"2025-08-18T13:28:32","modified_gmt":"2025-08-18T11:28:32","slug":"beratungen","status":"publish","type":"page","link":"https:\/\/museomitag.it\/de\/serviceleistungen\/beratungen\/","title":{"rendered":"Beratungen"},"content":{"rendered":"<p>[vc_row gap=&#8220;10&#8243; equal_height=&#8220;yes&#8220;][vc_column width=&#8220;2\/3&#8243;][vc_column_text]<\/p>\n<h4>Ein gemeinsames Erbe<\/h4>\n<p>Die Weitergabe von Wissen \u00fcber das historische Erbe ist einer der Eckpfeiler der Aufgabe des Museums. Aus diesem Grund bietet das Museum kostenlose Dienstleistungen an, wie z. B. die Beratung bei der Grundlagenforschung, bei Hochschularbeiten und Ver\u00f6ffentlichungen mit unseren Experten sowie den Zugang zu nicht ausgestellten Sammlungen.<br \/>\nDas Museum unterst\u00fctzt Forscher sowohl mit traditionellen als auch mit innovativen disziplin\u00e4ren Ans\u00e4tzen, auch bei der Vermittlung von Forschungsergebnissen an die \u00d6ffentlichkeit.<br \/>\nUm den Erhalt und die Nutzbarkeit der Sammlungen im Laufe der Zeit zu gew\u00e4hrleisten, werden bestimmte Regeln f\u00fcr den Zugang zu dem aufbewahrten Material und bestimmte Reproduktionskosten festgelegt, die an bestimmte Forschungsaktivit\u00e4ten gebunden sind.<\/p>\n<p>Den Mitgliedern des Museums und den Inhabern der Young and Individual Membership Card stehen bestimmte Beratungs- und Forschungsleistungen kostenlos zur Verf\u00fcgung. Erfahren Sie, wie Sie Mitglied werden k\u00f6nnen.<\/p>\n<h5><strong>Verf\u00fcgbare Dienste<\/strong><\/h5>\n<ul>\n<li>Archivarische und bibliografische Beratung<\/li>\n<li>Einsichtnahme und Vervielf\u00e4ltigung der in den Archiven aufbewahrten Materialien<\/li>\n<li>Historische und wissenschaftliche Beratung und grundlegende Identifizierung von Relikten und Artefakten auch f\u00fcr lokale \u00f6ffentliche Einrichtungen und Streitkr\u00e4fte<\/li>\n<li>Beratung von Schulen im Bereich des Geschichtsunterrichts<\/li>\n<\/ul>\n<h5><strong>Modalit\u00e4ten und Kosten<\/strong><\/h5>\n<p>F\u00fcr Informationen und Beratungsanfragen wenden Sie sich bitte an die Leiter der einzelnen B\u00fcros. Einzelheiten zu den Modalit\u00e4ten und m\u00f6glichen Kosten entnehmen Sie bitte die <a href=\"https:\/\/museomitag.it\/wp-content\/uploads\/2022\/01\/Tariffario-servizi-Archivi-e-Collezioni-2022.pdf\">Preisliste<\/a>.[\/vc_column_text][vc_column_text css=&#8220;.vc_custom_1675171349546{margin-top: 30px !important;}&#8220;]<\/p>\n<h5>Regolamenti<\/h5>\n<ul>\n<li style=\"text-align: left;\"><a href=\"https:\/\/museomitag.it\/wp-content\/uploads\/2021\/01\/REGOLAMENTO-ARCHIVIO-STORICO.pdf\">Regolamento archivio<\/a><\/li>\n<li><a href=\"https:\/\/museomitag.it\/wp-content\/uploads\/2021\/01\/REGOLAMENTO-BIBLIOTECA.pdf\">Regolamento Biblioteca<\/a><\/li>\n<li><a href=\"https:\/\/museomitag.it\/wp-content\/uploads\/2021\/01\/Carta-dei-servizi.pdf\">Carta dei servizi<\/a><\/li>\n<li><a href=\"https:\/\/museomitag.it\/wp-content\/uploads\/2021\/01\/Carta-delle-collezioni.pdf\">Carta delle collezioni<\/a><\/li>\n<\/ul>\n<p>[\/vc_column_text][\/vc_column][vc_column width=&#8220;1\/3&#8243; css=&#8220;.vc_custom_1637577640375{padding-top: 20px !important;padding-right: 20px !important;padding-bottom: 20px !important;padding-left: 20px !important;background-color: #0052a1 !important;}&#8220;][vc_column_text css=&#8220;.vc_custom_1755516509588{padding-top: 20px !important;padding-right: 20px !important;padding-bottom: 20px !important;padding-left: 20px !important;}&#8220;]<\/p>\n<h3><span style=\"color: #ffffff;\">Kontakte<\/span><br \/>\n<span style=\"color: #ffffff;\">\u00a0<\/span><\/h3>\n<h5><span style=\"color: #ffffff;\"><strong>Archiv und Bibliothek<\/strong><\/span><\/h5>\n<p><span style=\"color: #ffffff;\"><strong>Nicola Fontana<\/strong><\/span><br \/>\n<span style=\"color: #ffffff;\">+39 0464 665183<\/span><br \/>\n<span style=\"color: #ffffff;\"><a style=\"color: #ffffff;\" href=\"mailto:archivio@museomitag.it\">archivio@museomitag.it<\/a><\/span><\/p>\n<p><span style=\"color: #ffffff;\">\u00a0<\/span><\/p>\n<h5><span style=\"color: #ffffff;\"><strong>Sammlung<\/strong><\/span><\/h5>\n<p><span style=\"color: #ffffff;\"><strong>Marco Leonardi Scomazzoni<\/strong><\/span><br \/>\n<span style=\"color: #ffffff;\">+39 0464 438100 int. 206<\/span><br \/>\n<span style=\"color: #ffffff;\"><a style=\"color: #ffffff;\" href=\"mailto:collezioni@museomitag.it\">collezioni@museomitag.it<\/a><\/span><\/p>\n<p><span style=\"color: #ffffff;\"><strong>Davide Zendri<\/strong><\/span><br \/>\n<span style=\"color: #ffffff;\">+39 0464 438100 int. 216<\/span><br \/>\n<span style=\"color: #ffffff;\"><a style=\"color: #ffffff;\" href=\"mailto:collezioni@museomitag.it\">collezioni@museomitag.it<\/a><\/span><\/p>\n<h5><\/h5>\n<h5><span style=\"color: #ffffff;\"><strong>Schulen<\/strong><\/span><\/h5>\n<p><span style=\"color: #ffffff;\"><strong>Anna Pisetti<\/strong><\/span><br \/>\n<span style=\"color: #ffffff;\">+39 0464 438100 int. 209<\/span><br \/>\n<span style=\"color: #ffffff;\"><a style=\"color: #ffffff;\" href=\"mailto:didattica@museomitag.it\">didattica@museomitag.it<\/a><\/span>[\/vc_column_text][\/vc_column][\/vc_row][vc_row gap=&#8220;10&#8243; equal_height=&#8220;yes&#8220; css=&#8220;.vc_custom_1638440568555{margin-top: 30px !important;}&#8220;][vc_column css=&#8220;.vc_custom_1637577844905{background-color: #f2f2f2 !important;}&#8220;][\/vc_column][\/vc_row]<\/p>\n","protected":false},"excerpt":{"rendered":"<p>[vc_row gap=&#8220;10&#8243; equal_height=&#8220;yes&#8220;][vc_column width=&#8220;2\/3&#8243;][vc_column_text] Ein gemeinsames Erbe Die Weitergabe von Wissen \u00fcber das historische Erbe ist einer der Eckpfeiler der Aufgabe des Museums. Aus diesem Grund bietet das Museum kostenlose Dienstleistungen an, wie z. B. die Beratung bei der Grundlagenforschung, bei Hochschularbeiten und Ver\u00f6ffentlichungen mit unseren Experten sowie den Zugang zu nicht ausgestellten Sammlungen. Das<\/p>\n","protected":false},"author":1,"featured_media":0,"parent":22227,"menu_order":1,"comment_status":"closed","ping_status":"closed","template":"","meta":{"footnotes":""},"class_list":["post-22235","page","type-page","status-publish","hentry"],"yoast_head":"<!-- This site is optimized with the Yoast SEO plugin v27.3 - https:\/\/yoast.com\/product\/yoast-seo-wordpress\/ -->\n<title>Beratungen - Museo Storico Italiano della Guerra<\/title>\n<meta name=\"robots\" content=\"index, follow, max-snippet:-1, max-image-preview:large, max-video-preview:-1\" \/>\n<link rel=\"canonical\" href=\"https:\/\/museomitag.it\/de\/serviceleistungen\/beratungen\/\" \/>\n<meta property=\"og:locale\" content=\"de_DE\" \/>\n<meta property=\"og:type\" content=\"article\" \/>\n<meta property=\"og:title\" content=\"Beratungen - Museo Storico Italiano della Guerra\" \/>\n<meta property=\"og:description\" content=\"[vc_row gap=&#8220;10&#8243; equal_height=&#8220;yes&#8220;][vc_column width=&#8220;2\/3&#8243;][vc_column_text] Ein gemeinsames Erbe Die Weitergabe von Wissen \u00fcber das historische Erbe ist einer der Eckpfeiler der Aufgabe des Museums. Aus diesem Grund bietet das Museum kostenlose Dienstleistungen an, wie z. B. die Beratung bei der Grundlagenforschung, bei Hochschularbeiten und Ver\u00f6ffentlichungen mit unseren Experten sowie den Zugang zu nicht ausgestellten Sammlungen. Das\" \/>\n<meta property=\"og:url\" content=\"https:\/\/museomitag.it\/de\/serviceleistungen\/beratungen\/\" \/>\n<meta property=\"og:site_name\" content=\"Museo Storico Italiano della Guerra\" \/>\n<meta property=\"article:publisher\" content=\"https:\/\/www.facebook.com\/museomitag\/\" \/>\n<meta property=\"article:modified_time\" content=\"2025-08-18T11:28:32+00:00\" \/>\n<meta name=\"twitter:card\" content=\"summary_large_image\" \/>\n<meta name=\"twitter:label1\" content=\"Gesch\u00e4tzte Lesezeit\" \/>\n\t<meta name=\"twitter:data1\" content=\"2\u00a0Minuten\" \/>\n<script type=\"application\/ld+json\" class=\"yoast-schema-graph\">{\"@context\":\"https:\\\/\\\/schema.org\",\"@graph\":[{\"@type\":\"WebPage\",\"@id\":\"https:\\\/\\\/museomitag.it\\\/de\\\/serviceleistungen\\\/beratungen\\\/\",\"url\":\"https:\\\/\\\/museomitag.it\\\/de\\\/serviceleistungen\\\/beratungen\\\/\",\"name\":\"Beratungen - Museo Storico Italiano della Guerra\",\"isPartOf\":{\"@id\":\"https:\\\/\\\/museomitag.it\\\/#website\"},\"datePublished\":\"2023-01-31T13:25:35+00:00\",\"dateModified\":\"2025-08-18T11:28:32+00:00\",\"breadcrumb\":{\"@id\":\"https:\\\/\\\/museomitag.it\\\/de\\\/serviceleistungen\\\/beratungen\\\/#breadcrumb\"},\"inLanguage\":\"de\",\"potentialAction\":[{\"@type\":\"ReadAction\",\"target\":[\"https:\\\/\\\/museomitag.it\\\/de\\\/serviceleistungen\\\/beratungen\\\/\"]}]},{\"@type\":\"BreadcrumbList\",\"@id\":\"https:\\\/\\\/museomitag.it\\\/de\\\/serviceleistungen\\\/beratungen\\\/#breadcrumb\",\"itemListElement\":[{\"@type\":\"ListItem\",\"position\":1,\"name\":\"Home\",\"item\":\"https:\\\/\\\/museomitag.it\\\/de\\\/\"},{\"@type\":\"ListItem\",\"position\":2,\"name\":\"Besuch\",\"item\":\"https:\\\/\\\/museomitag.it\\\/de\\\/?page_id=22194\"},{\"@type\":\"ListItem\",\"position\":3,\"name\":\"Serviceleistungen\",\"item\":\"https:\\\/\\\/museomitag.it\\\/de\\\/serviceleistungen\\\/\"},{\"@type\":\"ListItem\",\"position\":4,\"name\":\"Beratungen\"}]},{\"@type\":\"WebSite\",\"@id\":\"https:\\\/\\\/museomitag.it\\\/#website\",\"url\":\"https:\\\/\\\/museomitag.it\\\/\",\"name\":\"MITAG Museo Storico Italiano della Guerra\",\"description\":\"Rovereto (TN) - Trentino\",\"publisher\":{\"@id\":\"https:\\\/\\\/museomitag.it\\\/#organization\"},\"potentialAction\":[{\"@type\":\"SearchAction\",\"target\":{\"@type\":\"EntryPoint\",\"urlTemplate\":\"https:\\\/\\\/museomitag.it\\\/?s={search_term_string}\"},\"query-input\":{\"@type\":\"PropertyValueSpecification\",\"valueRequired\":true,\"valueName\":\"search_term_string\"}}],\"inLanguage\":\"de\"},{\"@type\":\"Organization\",\"@id\":\"https:\\\/\\\/museomitag.it\\\/#organization\",\"name\":\"MITAG Museo Storico Italiano della Guerra\",\"url\":\"https:\\\/\\\/museomitag.it\\\/\",\"logo\":{\"@type\":\"ImageObject\",\"inLanguage\":\"de\",\"@id\":\"https:\\\/\\\/museomitag.it\\\/#\\\/schema\\\/logo\\\/image\\\/\",\"url\":\"https:\\\/\\\/museomitag.it\\\/wp-content\\\/uploads\\\/2025\\\/07\\\/Logo-MITAG-nero-500px.png\",\"contentUrl\":\"https:\\\/\\\/museomitag.it\\\/wp-content\\\/uploads\\\/2025\\\/07\\\/Logo-MITAG-nero-500px.png\",\"width\":500,\"height\":185,\"caption\":\"MITAG Museo Storico Italiano della Guerra\"},\"image\":{\"@id\":\"https:\\\/\\\/museomitag.it\\\/#\\\/schema\\\/logo\\\/image\\\/\"},\"sameAs\":[\"https:\\\/\\\/www.facebook.com\\\/museomitag\\\/\",\"https:\\\/\\\/www.instagram.com\\\/museomitag\\\/\"]}]}<\/script>\n<!-- \/ Yoast SEO plugin. -->","yoast_head_json":{"title":"Beratungen - Museo Storico Italiano della Guerra","robots":{"index":"index","follow":"follow","max-snippet":"max-snippet:-1","max-image-preview":"max-image-preview:large","max-video-preview":"max-video-preview:-1"},"canonical":"https:\/\/museomitag.it\/de\/serviceleistungen\/beratungen\/","og_locale":"de_DE","og_type":"article","og_title":"Beratungen - Museo Storico Italiano della Guerra","og_description":"[vc_row gap=&#8220;10&#8243; equal_height=&#8220;yes&#8220;][vc_column width=&#8220;2\/3&#8243;][vc_column_text] Ein gemeinsames Erbe Die Weitergabe von Wissen \u00fcber das historische Erbe ist einer der Eckpfeiler der Aufgabe des Museums. Aus diesem Grund bietet das Museum kostenlose Dienstleistungen an, wie z. B. die Beratung bei der Grundlagenforschung, bei Hochschularbeiten und Ver\u00f6ffentlichungen mit unseren Experten sowie den Zugang zu nicht ausgestellten Sammlungen. Das","og_url":"https:\/\/museomitag.it\/de\/serviceleistungen\/beratungen\/","og_site_name":"Museo Storico Italiano della Guerra","article_publisher":"https:\/\/www.facebook.com\/museomitag\/","article_modified_time":"2025-08-18T11:28:32+00:00","twitter_card":"summary_large_image","twitter_misc":{"Gesch\u00e4tzte Lesezeit":"2\u00a0Minuten"},"schema":{"@context":"https:\/\/schema.org","@graph":[{"@type":"WebPage","@id":"https:\/\/museomitag.it\/de\/serviceleistungen\/beratungen\/","url":"https:\/\/museomitag.it\/de\/serviceleistungen\/beratungen\/","name":"Beratungen - Museo Storico Italiano della Guerra","isPartOf":{"@id":"https:\/\/museomitag.it\/#website"},"datePublished":"2023-01-31T13:25:35+00:00","dateModified":"2025-08-18T11:28:32+00:00","breadcrumb":{"@id":"https:\/\/museomitag.it\/de\/serviceleistungen\/beratungen\/#breadcrumb"},"inLanguage":"de","potentialAction":[{"@type":"ReadAction","target":["https:\/\/museomitag.it\/de\/serviceleistungen\/beratungen\/"]}]},{"@type":"BreadcrumbList","@id":"https:\/\/museomitag.it\/de\/serviceleistungen\/beratungen\/#breadcrumb","itemListElement":[{"@type":"ListItem","position":1,"name":"Home","item":"https:\/\/museomitag.it\/de\/"},{"@type":"ListItem","position":2,"name":"Besuch","item":"https:\/\/museomitag.it\/de\/?page_id=22194"},{"@type":"ListItem","position":3,"name":"Serviceleistungen","item":"https:\/\/museomitag.it\/de\/serviceleistungen\/"},{"@type":"ListItem","position":4,"name":"Beratungen"}]},{"@type":"WebSite","@id":"https:\/\/museomitag.it\/#website","url":"https:\/\/museomitag.it\/","name":"MITAG Museo Storico Italiano della Guerra","description":"Rovereto (TN) - Trentino","publisher":{"@id":"https:\/\/museomitag.it\/#organization"},"potentialAction":[{"@type":"SearchAction","target":{"@type":"EntryPoint","urlTemplate":"https:\/\/museomitag.it\/?s={search_term_string}"},"query-input":{"@type":"PropertyValueSpecification","valueRequired":true,"valueName":"search_term_string"}}],"inLanguage":"de"},{"@type":"Organization","@id":"https:\/\/museomitag.it\/#organization","name":"MITAG Museo Storico Italiano della Guerra","url":"https:\/\/museomitag.it\/","logo":{"@type":"ImageObject","inLanguage":"de","@id":"https:\/\/museomitag.it\/#\/schema\/logo\/image\/","url":"https:\/\/museomitag.it\/wp-content\/uploads\/2025\/07\/Logo-MITAG-nero-500px.png","contentUrl":"https:\/\/museomitag.it\/wp-content\/uploads\/2025\/07\/Logo-MITAG-nero-500px.png","width":500,"height":185,"caption":"MITAG Museo Storico Italiano della Guerra"},"image":{"@id":"https:\/\/museomitag.it\/#\/schema\/logo\/image\/"},"sameAs":["https:\/\/www.facebook.com\/museomitag\/","https:\/\/www.instagram.com\/museomitag\/"]}]}},"_links":{"self":[{"href":"https:\/\/museomitag.it\/de\/wp-json\/wp\/v2\/pages\/22235","targetHints":{"allow":["GET"]}}],"collection":[{"href":"https:\/\/museomitag.it\/de\/wp-json\/wp\/v2\/pages"}],"about":[{"href":"https:\/\/museomitag.it\/de\/wp-json\/wp\/v2\/types\/page"}],"author":[{"embeddable":true,"href":"https:\/\/museomitag.it\/de\/wp-json\/wp\/v2\/users\/1"}],"replies":[{"embeddable":true,"href":"https:\/\/museomitag.it\/de\/wp-json\/wp\/v2\/comments?post=22235"}],"version-history":[{"count":4,"href":"https:\/\/museomitag.it\/de\/wp-json\/wp\/v2\/pages\/22235\/revisions"}],"predecessor-version":[{"id":29511,"href":"https:\/\/museomitag.it\/de\/wp-json\/wp\/v2\/pages\/22235\/revisions\/29511"}],"up":[{"embeddable":true,"href":"https:\/\/museomitag.it\/de\/wp-json\/wp\/v2\/pages\/22227"}],"wp:attachment":[{"href":"https:\/\/museomitag.it\/de\/wp-json\/wp\/v2\/media?parent=22235"}],"curies":[{"name":"wp","href":"https:\/\/api.w.org\/{rel}","templated":true}]}}