{"id":22239,"date":"2023-01-30T12:59:45","date_gmt":"2023-01-30T11:59:45","guid":{"rendered":"https:\/\/museomitag.it\/?page_id=22239"},"modified":"2025-08-18T13:29:44","modified_gmt":"2025-08-18T11:29:44","slug":"leihgaben-und-konventionen","status":"publish","type":"page","link":"https:\/\/museomitag.it\/de\/serviceleistungen\/leihgaben-und-konventionen\/","title":{"rendered":"Leihgaben und Konventionen"},"content":{"rendered":"<p>[vc_row gap=&#8220;10&#8243; equal_height=&#8220;yes&#8220;][vc_column width=&#8220;2\/3&#8243;][vc_column_text css=&#8220;.vc_custom_1675078351754{margin-bottom: 20px !important;}&#8220;]<\/p>\n<h3>Einlagen und Darlehen<\/h3>\n<p>Das Museum arbeitet mit \u00f6ffentlichen und privaten Organisationen sowie mit in- und ausl\u00e4ndischen Kultureinrichtungen zusammen und stellt seine Best\u00e4nde und sein Fachwissen zur Verf\u00fcgung.<br \/>\nEin gro\u00dfer Teil der Sammlungen des Museums wird in Archiven und Depots aufbewahrt und kann f\u00fcr Ausstellungen, Wechselausstellungen oder andere kulturelle Veranstaltungen ausgeliehen werden.<br \/>\nEbenso pr\u00fcft das Museum Vorschl\u00e4ge f\u00fcr Deposita oder Vereinbarungen zur Erg\u00e4nzung oder Erweiterung seiner Sammlungen.[\/vc_column_text][vc_column_text css=&#8220;.vc_custom_1675078411400{margin-top: 30px !important;padding-top: 50px !important;padding-right: 50px !important;padding-bottom: 50px !important;padding-left: 50px !important;background-color: #f2f2f2 !important;}&#8220;]<\/p>\n<h3>Liste der Konventionen<\/h3>\n<p><a href=\"http:\/\/www.mostradiborgo.it\/\">ASCVOT Associazione storico-culturale Valsugana Orientale e Tesino<\/a><br \/>\nAssociazione Livinallongo Col di Lana, Museo Passo Pordoi<br \/>\n<a href=\"https:\/\/www.anabergamo.it\/\">Associazione Nazionale Alpini sezione di Bergamo<\/a><br \/>\n<a href=\"https:\/\/www.anacividale.it\/\">Associazione Nazionale Alpini sezione di Cividale del Friuli (Ud)<\/a><br \/>\n<a href=\"http:\/\/www.cavalleriareggio.org\/\">Associazione Nazionale Arma di Cavalleria<\/a>, sezione di Reggio Emilia<br \/>\nCentro Visite Parco naturale Tre Cime Toblach\/Dobbiaco (Bz)<br \/>\n<a href=\"http:\/\/www.comune.moena.tn.it\/\">Comune di Moena<\/a><br \/>\n<a href=\"https:\/\/www.comunesantalucia.it\/home\">Comune di Santa Lucia di Piave<\/a><br \/>\n<a href=\"http:\/\/www.comune.vermiglio.tn.it\/\">Comune di Vermiglio<\/a><br \/>\n<a href=\"http:\/\/www.vvfrovereto.it\/\">Corpo dei Vigili del Fuoco volontari di Rovereto<\/a><br \/>\n<a href=\"http:\/\/www.ossariodelpasubio.it\/fondazione-3-novembre-1918\/\">Fondazione 3 novembre, Ossario del Pasubio<\/a><br \/>\n<a href=\"https:\/\/www.fondazionemcr.it\/\">Fondazione Museo Civico di Rovereto<\/a><br \/>\n<a href=\"http:\/\/www.museostorico.it\/\">Fondazione Museo storico del Trentino<\/a><br \/>\n<a href=\"http:\/\/www.museostorico.it\/index.php\/Luoghi\/I-luoghi-della-Fondazione\/Museo-dell-aeronautica-Gianni-Caproni\">Museo dell\u2019Aeronautica Gianni Caproni<\/a><br \/>\n<a href=\"https:\/\/www.franzensfeste.info\/it\/raetselhafte-festung-2-2\/\">Forte di Fortezza &#8211; Musei Provinciali dell&#8217;Alto Adige<\/a><br \/>\n<a href=\"http:\/\/www.museovigilidelfuoco.it\/\">Galleria storica Nazionale dei Vigili del Fuoco<\/a> di Mantova<br \/>\n<a href=\"https:\/\/historia-europa.ep.eu\/it\/benvenuto-alla-casa-della-storia-europea\">House of European History, Bruxelles<\/a><br \/>\n<a href=\"https:\/\/www.mudec.it\/ita\/\">MUDEC Museo delle culture \u2013 Milano<\/a><br \/>\n<a href=\"http:\/\/www.mustalano.it\/\">Museo Alano di Piave<\/a><br \/>\n<a href=\"http:\/\/www.museosanmichele.it\/\">Museo degli Usi e Costumi della Gente Trentina<\/a><br \/>\n<a href=\"http:\/\/www.museodelpaesaggio.it\/home\">Museo del Paesaggio<\/a> Verbania<br \/>\n<a href=\"http:\/\/www.museodelrisorgimento.mi.it\/\">Museo del Risorgimento<\/a>\u00a0Milano<br \/>\n<a href=\"http:\/\/padovacultura.padovanet.it\/it\/musei\/museo-del-risorgimento\">Museo del Risorgimento e dell\u2019Et\u00e0 Contemporanea<\/a> Padova<br \/>\n<a href=\"https:\/\/www.museoguerrabianca.it\/\">Museo della Guerra Bianca in Adamello<\/a><br \/>\n<a href=\"https:\/\/www.museoaviotruppe.it\/it\/\">Museo delle Aviotruppe Militari dell\u2019Esercito Italiano di Pisa<\/a><br \/>\n<a href=\"http:\/\/www.museostorico.com\/\">Museo delle Forze Armate 1914-45<\/a><br \/>\n<a href=\"http:\/\/www.bergamoestoria.it\/\">Museo delle storie di Bergamo<\/a><br \/>\n<a href=\"http:\/\/www.museonazionalealpini.it\/\">Museo Nazionale Storico degli Alpini<\/a><br \/>\n<a href=\"https:\/\/www.visitmuve.it\/it\/musei\/museo-storico-navale-di-venezia\/\">Museo Storico Navale della Marina Militare<\/a><br \/>\n<a href=\"http:\/\/www.comune.torino.it\/musei\/elenco\/artiglieria.shtml\">Museo Storico Nazionale dell\u2019Artiglieria<\/a><br \/>\n<a href=\"https:\/\/www.schlosstirol.it\/it\/\">Schloss Tirol \u2013 Castel Tirolo<\/a><br \/>\n<a href=\"http:\/\/www.touriseum.it\/\">Touriseum Museo Provinciale del Turismo<\/a>[\/vc_column_text][\/vc_column][vc_column width=&#8220;1\/3&#8243; css=&#8220;.vc_custom_1637590481202{background-color: #0052a1 !important;}&#8220;][vc_column_text css=&#8220;.vc_custom_1755516582317{padding-top: 20px !important;padding-right: 20px !important;padding-bottom: 40px !important;padding-left: 20px !important;}&#8220;]<\/p>\n<h3><span style=\"color: #ffffff;\">Kontakte<\/span><\/h3>\n<p>&nbsp;<\/p>\n<h5><span style=\"color: #ffffff;\"><strong>Sammlung<\/strong><\/span><\/h5>\n<p><span style=\"color: #ffffff;\"><strong>Marco Leonardi Scomazzoni<\/strong><br \/>\n+39 0464 438100 int. 206<br \/>\n<a style=\"color: #ffffff;\" href=\"mailto:collezioni@museomitag.it\">collezioni@museomitag.it<\/a><br \/>\n<\/span><\/p>\n<p><span style=\"color: #ffffff;\"><strong>Davide Zendri<\/strong><\/span><br \/>\n<span style=\"color: #ffffff;\">+39 0464 438100 int. 216<br \/>\n<a style=\"color: #ffffff;\" href=\"mailto:collezioni@museomitag.it\">collezioni@museomitag.it<\/a><br \/>\n<\/span><\/p>\n<p>&nbsp;<\/p>\n<h5><span style=\"color: #ffffff;\"><strong>Archiv und Bibliothek<\/strong><\/span><\/h5>\n<p><span style=\"color: #333333;\"><span style=\"color: #ffffff;\"><strong>Nicola Fontana<\/strong><\/span><br \/>\n<span style=\"color: #ffffff;\">+39 0464 665183<\/span><br \/>\n<span style=\"color: #ffffff;\"><a class=\"moz-txt-link-abbreviated\" style=\"color: #ffffff;\" href=\"mailto:archivio@museodellaguerra.it\">archivio@museomitag.it<\/a><\/span><br \/>\n<\/span>[\/vc_column_text][\/vc_column][\/vc_row]<\/p>\n","protected":false},"excerpt":{"rendered":"<p>[vc_row gap=&#8220;10&#8243; equal_height=&#8220;yes&#8220;][vc_column width=&#8220;2\/3&#8243;][vc_column_text css=&#8220;.vc_custom_1675078351754{margin-bottom: 20px !important;}&#8220;] Einlagen und Darlehen Das Museum arbeitet mit \u00f6ffentlichen und privaten Organisationen sowie mit in- und ausl\u00e4ndischen Kultureinrichtungen zusammen und stellt seine Best\u00e4nde und sein Fachwissen zur Verf\u00fcgung. Ein gro\u00dfer Teil der Sammlungen des Museums wird in Archiven und Depots aufbewahrt und kann f\u00fcr Ausstellungen, Wechselausstellungen oder andere kulturelle<\/p>\n","protected":false},"author":1,"featured_media":0,"parent":22227,"menu_order":4,"comment_status":"closed","ping_status":"closed","template":"","meta":{"footnotes":""},"class_list":["post-22239","page","type-page","status-publish","hentry"],"yoast_head":"<!-- This site is optimized with the Yoast SEO plugin v27.3 - https:\/\/yoast.com\/product\/yoast-seo-wordpress\/ -->\n<title>Leihgaben und Konventionen - Museo Storico Italiano della Guerra<\/title>\n<meta name=\"robots\" content=\"index, follow, max-snippet:-1, max-image-preview:large, max-video-preview:-1\" \/>\n<link rel=\"canonical\" href=\"https:\/\/museomitag.it\/de\/serviceleistungen\/leihgaben-und-konventionen\/\" \/>\n<meta property=\"og:locale\" content=\"de_DE\" \/>\n<meta property=\"og:type\" content=\"article\" \/>\n<meta property=\"og:title\" content=\"Leihgaben und Konventionen - Museo Storico Italiano della Guerra\" \/>\n<meta property=\"og:description\" content=\"[vc_row gap=&#8220;10&#8243; equal_height=&#8220;yes&#8220;][vc_column width=&#8220;2\/3&#8243;][vc_column_text css=&#8220;.vc_custom_1675078351754{margin-bottom: 20px !important;}&#8220;] Einlagen und Darlehen Das Museum arbeitet mit \u00f6ffentlichen und privaten Organisationen sowie mit in- und ausl\u00e4ndischen Kultureinrichtungen zusammen und stellt seine Best\u00e4nde und sein Fachwissen zur Verf\u00fcgung. Ein gro\u00dfer Teil der Sammlungen des Museums wird in Archiven und Depots aufbewahrt und kann f\u00fcr Ausstellungen, Wechselausstellungen oder andere kulturelle\" \/>\n<meta property=\"og:url\" content=\"https:\/\/museomitag.it\/de\/serviceleistungen\/leihgaben-und-konventionen\/\" \/>\n<meta property=\"og:site_name\" content=\"Museo Storico Italiano della Guerra\" \/>\n<meta property=\"article:publisher\" content=\"https:\/\/www.facebook.com\/museomitag\/\" \/>\n<meta property=\"article:modified_time\" content=\"2025-08-18T11:29:44+00:00\" \/>\n<meta name=\"twitter:card\" content=\"summary_large_image\" \/>\n<meta name=\"twitter:label1\" content=\"Gesch\u00e4tzte Lesezeit\" \/>\n\t<meta name=\"twitter:data1\" content=\"2\u00a0Minuten\" \/>\n<script type=\"application\/ld+json\" class=\"yoast-schema-graph\">{\"@context\":\"https:\\\/\\\/schema.org\",\"@graph\":[{\"@type\":\"WebPage\",\"@id\":\"https:\\\/\\\/museomitag.it\\\/de\\\/serviceleistungen\\\/leihgaben-und-konventionen\\\/\",\"url\":\"https:\\\/\\\/museomitag.it\\\/de\\\/serviceleistungen\\\/leihgaben-und-konventionen\\\/\",\"name\":\"Leihgaben und Konventionen - Museo Storico Italiano della Guerra\",\"isPartOf\":{\"@id\":\"https:\\\/\\\/museomitag.it\\\/#website\"},\"datePublished\":\"2023-01-30T11:59:45+00:00\",\"dateModified\":\"2025-08-18T11:29:44+00:00\",\"breadcrumb\":{\"@id\":\"https:\\\/\\\/museomitag.it\\\/de\\\/serviceleistungen\\\/leihgaben-und-konventionen\\\/#breadcrumb\"},\"inLanguage\":\"de\",\"potentialAction\":[{\"@type\":\"ReadAction\",\"target\":[\"https:\\\/\\\/museomitag.it\\\/de\\\/serviceleistungen\\\/leihgaben-und-konventionen\\\/\"]}]},{\"@type\":\"BreadcrumbList\",\"@id\":\"https:\\\/\\\/museomitag.it\\\/de\\\/serviceleistungen\\\/leihgaben-und-konventionen\\\/#breadcrumb\",\"itemListElement\":[{\"@type\":\"ListItem\",\"position\":1,\"name\":\"Home\",\"item\":\"https:\\\/\\\/museomitag.it\\\/de\\\/\"},{\"@type\":\"ListItem\",\"position\":2,\"name\":\"Besuch\",\"item\":\"https:\\\/\\\/museomitag.it\\\/de\\\/?page_id=22194\"},{\"@type\":\"ListItem\",\"position\":3,\"name\":\"Serviceleistungen\",\"item\":\"https:\\\/\\\/museomitag.it\\\/de\\\/serviceleistungen\\\/\"},{\"@type\":\"ListItem\",\"position\":4,\"name\":\"Leihgaben und Konventionen\"}]},{\"@type\":\"WebSite\",\"@id\":\"https:\\\/\\\/museomitag.it\\\/#website\",\"url\":\"https:\\\/\\\/museomitag.it\\\/\",\"name\":\"MITAG Museo Storico Italiano della Guerra\",\"description\":\"Rovereto (TN) - Trentino\",\"publisher\":{\"@id\":\"https:\\\/\\\/museomitag.it\\\/#organization\"},\"potentialAction\":[{\"@type\":\"SearchAction\",\"target\":{\"@type\":\"EntryPoint\",\"urlTemplate\":\"https:\\\/\\\/museomitag.it\\\/?s={search_term_string}\"},\"query-input\":{\"@type\":\"PropertyValueSpecification\",\"valueRequired\":true,\"valueName\":\"search_term_string\"}}],\"inLanguage\":\"de\"},{\"@type\":\"Organization\",\"@id\":\"https:\\\/\\\/museomitag.it\\\/#organization\",\"name\":\"MITAG Museo Storico Italiano della Guerra\",\"url\":\"https:\\\/\\\/museomitag.it\\\/\",\"logo\":{\"@type\":\"ImageObject\",\"inLanguage\":\"de\",\"@id\":\"https:\\\/\\\/museomitag.it\\\/#\\\/schema\\\/logo\\\/image\\\/\",\"url\":\"https:\\\/\\\/museomitag.it\\\/wp-content\\\/uploads\\\/2025\\\/07\\\/Logo-MITAG-nero-500px.png\",\"contentUrl\":\"https:\\\/\\\/museomitag.it\\\/wp-content\\\/uploads\\\/2025\\\/07\\\/Logo-MITAG-nero-500px.png\",\"width\":500,\"height\":185,\"caption\":\"MITAG Museo Storico Italiano della Guerra\"},\"image\":{\"@id\":\"https:\\\/\\\/museomitag.it\\\/#\\\/schema\\\/logo\\\/image\\\/\"},\"sameAs\":[\"https:\\\/\\\/www.facebook.com\\\/museomitag\\\/\",\"https:\\\/\\\/www.instagram.com\\\/museomitag\\\/\"]}]}<\/script>\n<!-- \/ Yoast SEO plugin. -->","yoast_head_json":{"title":"Leihgaben und Konventionen - Museo Storico Italiano della Guerra","robots":{"index":"index","follow":"follow","max-snippet":"max-snippet:-1","max-image-preview":"max-image-preview:large","max-video-preview":"max-video-preview:-1"},"canonical":"https:\/\/museomitag.it\/de\/serviceleistungen\/leihgaben-und-konventionen\/","og_locale":"de_DE","og_type":"article","og_title":"Leihgaben und Konventionen - Museo Storico Italiano della Guerra","og_description":"[vc_row gap=&#8220;10&#8243; equal_height=&#8220;yes&#8220;][vc_column width=&#8220;2\/3&#8243;][vc_column_text css=&#8220;.vc_custom_1675078351754{margin-bottom: 20px !important;}&#8220;] Einlagen und Darlehen Das Museum arbeitet mit \u00f6ffentlichen und privaten Organisationen sowie mit in- und ausl\u00e4ndischen Kultureinrichtungen zusammen und stellt seine Best\u00e4nde und sein Fachwissen zur Verf\u00fcgung. Ein gro\u00dfer Teil der Sammlungen des Museums wird in Archiven und Depots aufbewahrt und kann f\u00fcr Ausstellungen, Wechselausstellungen oder andere kulturelle","og_url":"https:\/\/museomitag.it\/de\/serviceleistungen\/leihgaben-und-konventionen\/","og_site_name":"Museo Storico Italiano della Guerra","article_publisher":"https:\/\/www.facebook.com\/museomitag\/","article_modified_time":"2025-08-18T11:29:44+00:00","twitter_card":"summary_large_image","twitter_misc":{"Gesch\u00e4tzte Lesezeit":"2\u00a0Minuten"},"schema":{"@context":"https:\/\/schema.org","@graph":[{"@type":"WebPage","@id":"https:\/\/museomitag.it\/de\/serviceleistungen\/leihgaben-und-konventionen\/","url":"https:\/\/museomitag.it\/de\/serviceleistungen\/leihgaben-und-konventionen\/","name":"Leihgaben und Konventionen - Museo Storico Italiano della Guerra","isPartOf":{"@id":"https:\/\/museomitag.it\/#website"},"datePublished":"2023-01-30T11:59:45+00:00","dateModified":"2025-08-18T11:29:44+00:00","breadcrumb":{"@id":"https:\/\/museomitag.it\/de\/serviceleistungen\/leihgaben-und-konventionen\/#breadcrumb"},"inLanguage":"de","potentialAction":[{"@type":"ReadAction","target":["https:\/\/museomitag.it\/de\/serviceleistungen\/leihgaben-und-konventionen\/"]}]},{"@type":"BreadcrumbList","@id":"https:\/\/museomitag.it\/de\/serviceleistungen\/leihgaben-und-konventionen\/#breadcrumb","itemListElement":[{"@type":"ListItem","position":1,"name":"Home","item":"https:\/\/museomitag.it\/de\/"},{"@type":"ListItem","position":2,"name":"Besuch","item":"https:\/\/museomitag.it\/de\/?page_id=22194"},{"@type":"ListItem","position":3,"name":"Serviceleistungen","item":"https:\/\/museomitag.it\/de\/serviceleistungen\/"},{"@type":"ListItem","position":4,"name":"Leihgaben und Konventionen"}]},{"@type":"WebSite","@id":"https:\/\/museomitag.it\/#website","url":"https:\/\/museomitag.it\/","name":"MITAG Museo Storico Italiano della Guerra","description":"Rovereto (TN) - Trentino","publisher":{"@id":"https:\/\/museomitag.it\/#organization"},"potentialAction":[{"@type":"SearchAction","target":{"@type":"EntryPoint","urlTemplate":"https:\/\/museomitag.it\/?s={search_term_string}"},"query-input":{"@type":"PropertyValueSpecification","valueRequired":true,"valueName":"search_term_string"}}],"inLanguage":"de"},{"@type":"Organization","@id":"https:\/\/museomitag.it\/#organization","name":"MITAG Museo Storico Italiano della Guerra","url":"https:\/\/museomitag.it\/","logo":{"@type":"ImageObject","inLanguage":"de","@id":"https:\/\/museomitag.it\/#\/schema\/logo\/image\/","url":"https:\/\/museomitag.it\/wp-content\/uploads\/2025\/07\/Logo-MITAG-nero-500px.png","contentUrl":"https:\/\/museomitag.it\/wp-content\/uploads\/2025\/07\/Logo-MITAG-nero-500px.png","width":500,"height":185,"caption":"MITAG Museo Storico Italiano della Guerra"},"image":{"@id":"https:\/\/museomitag.it\/#\/schema\/logo\/image\/"},"sameAs":["https:\/\/www.facebook.com\/museomitag\/","https:\/\/www.instagram.com\/museomitag\/"]}]}},"_links":{"self":[{"href":"https:\/\/museomitag.it\/de\/wp-json\/wp\/v2\/pages\/22239","targetHints":{"allow":["GET"]}}],"collection":[{"href":"https:\/\/museomitag.it\/de\/wp-json\/wp\/v2\/pages"}],"about":[{"href":"https:\/\/museomitag.it\/de\/wp-json\/wp\/v2\/types\/page"}],"author":[{"embeddable":true,"href":"https:\/\/museomitag.it\/de\/wp-json\/wp\/v2\/users\/1"}],"replies":[{"embeddable":true,"href":"https:\/\/museomitag.it\/de\/wp-json\/wp\/v2\/comments?post=22239"}],"version-history":[{"count":5,"href":"https:\/\/museomitag.it\/de\/wp-json\/wp\/v2\/pages\/22239\/revisions"}],"predecessor-version":[{"id":29514,"href":"https:\/\/museomitag.it\/de\/wp-json\/wp\/v2\/pages\/22239\/revisions\/29514"}],"up":[{"embeddable":true,"href":"https:\/\/museomitag.it\/de\/wp-json\/wp\/v2\/pages\/22227"}],"wp:attachment":[{"href":"https:\/\/museomitag.it\/de\/wp-json\/wp\/v2\/media?parent=22239"}],"curies":[{"name":"wp","href":"https:\/\/api.w.org\/{rel}","templated":true}]}}