{"id":22247,"date":"2023-01-31T14:32:11","date_gmt":"2023-01-31T13:32:11","guid":{"rendered":"https:\/\/museomitag.it\/?page_id=22247"},"modified":"2025-08-18T13:31:22","modified_gmt":"2025-08-18T11:31:22","slug":"vermietungen","status":"publish","type":"page","link":"https:\/\/museomitag.it\/de\/serviceleistungen\/vermietungen\/","title":{"rendered":"Vermietungen"},"content":{"rendered":"<p>[vc_row gap=&#8220;10&#8243; equal_height=&#8220;yes&#8220;][vc_column width=&#8220;2\/3&#8243;][vc_column_text]<\/p>\n<h4>Organisieren Sie Ihre Veranstaltung im Schloss<\/h4>\n<p>Das Museum verf\u00fcgt \u00fcber einen Konferenzraum, in dem Sitzungen, Konferenzen, Pr\u00e4sentationen, Tagungen oder andere Initiativen organisiert werden k\u00f6nnen. Die Verf\u00fcgbarkeit des Raums ist an die Aktivit\u00e4ten des Museums gebunden, und seine Nutzung kann nach Reservierung durch \u00f6ffentliche oder private Einrichtungen, Unternehmen oder Privatpersonen erfolgen, die mit dem Museum den Zweck der Nutzung vereinbaren.<\/p>\n<p>Auf Anfrage und bei besonderen Anl\u00e4ssen k\u00f6nnen die Innen- und Au\u00dfenr\u00e4ume des Schlosses Rovereto auch f\u00fcr Veranstaltungen, Foto- oder Videoaufnahmen zur Verf\u00fcgung gestellt werden, die im Voraus zu vereinbaren sind.<br \/>\nNeben der Anmietung von R\u00e4umlichkeiten ist es m\u00f6glich, einige zus\u00e4tzliche Dienstleistungen anzufordern (Eintrittskarten oder F\u00fchrungen durch das Museum, Platz f\u00fcr Kaffeepausen oder anderes).<\/p>\n<p>F\u00fcr weitere Informationen wenden Sie sich bitte an das Museum.[\/vc_column_text][vc_row_inner css=&#8220;.vc_custom_1641977292013{margin-top: 30px !important;}&#8220;][vc_column_inner width=&#8220;1\/2&#8243;][vc_single_image image=&#8220;20796&#8243; img_size=&#8220;medium&#8220;][\/vc_column_inner][vc_column_inner width=&#8220;1\/2&#8243;][vc_column_text]<\/p>\n<h4>Ausstattung des Konferenzsaals<\/h4>\n<ul>\n<li>Maximale Kapazit\u00e4t 70 Pl\u00e4tze (feste Sessel)<\/li>\n<li>Wi-Fi-Abdeckung<\/li>\n<li>Videoprojektor<\/li>\n<li>Audio-\/Videoanlage<\/li>\n<\/ul>\n<p>[\/vc_column_text][\/vc_column_inner][\/vc_row_inner][\/vc_column][vc_column width=&#8220;1\/3&#8243; css=&#8220;.vc_custom_1638441089214{background-color: #0052a1 !important;}&#8220;][vc_column_text css=&#8220;.vc_custom_1755516680342{padding-top: 20px !important;padding-right: 20px !important;padding-left: 20px !important;}&#8220;]<\/p>\n<h3><span style=\"color: #ffffff;\">Kontakte<\/span><\/h3>\n<p><span style=\"color: #ffffff;\"><br \/>\n<strong>Sara Maffei<br \/>\nLaura Casarotto Romer<\/strong><br \/>\n+39 0464 438100 int. 207<br \/>\n<a style=\"color: #ffffff;\" href=\"mailto:info@museomitag.it\">info@museomitag.it<\/a><\/span>[\/vc_column_text][\/vc_column][\/vc_row]<\/p>\n","protected":false},"excerpt":{"rendered":"<p>[vc_row gap=&#8220;10&#8243; equal_height=&#8220;yes&#8220;][vc_column width=&#8220;2\/3&#8243;][vc_column_text] Organisieren Sie Ihre Veranstaltung im Schloss Das Museum verf\u00fcgt \u00fcber einen Konferenzraum, in dem Sitzungen, Konferenzen, Pr\u00e4sentationen, Tagungen oder andere Initiativen organisiert werden k\u00f6nnen. Die Verf\u00fcgbarkeit des Raums ist an die Aktivit\u00e4ten des Museums gebunden, und seine Nutzung kann nach Reservierung durch \u00f6ffentliche oder private Einrichtungen, Unternehmen oder Privatpersonen erfolgen, die<\/p>\n","protected":false},"author":1,"featured_media":0,"parent":22227,"menu_order":0,"comment_status":"closed","ping_status":"closed","template":"","meta":{"footnotes":""},"class_list":["post-22247","page","type-page","status-publish","hentry"],"yoast_head":"<!-- This site is optimized with the Yoast SEO plugin v27.3 - https:\/\/yoast.com\/product\/yoast-seo-wordpress\/ -->\n<title>Vermietungen - Museo Storico Italiano della Guerra<\/title>\n<meta name=\"robots\" content=\"index, follow, max-snippet:-1, max-image-preview:large, max-video-preview:-1\" \/>\n<link rel=\"canonical\" href=\"https:\/\/museomitag.it\/de\/serviceleistungen\/vermietungen\/\" \/>\n<meta property=\"og:locale\" content=\"de_DE\" \/>\n<meta property=\"og:type\" content=\"article\" \/>\n<meta property=\"og:title\" content=\"Vermietungen - Museo Storico Italiano della Guerra\" \/>\n<meta property=\"og:description\" content=\"[vc_row gap=&#8220;10&#8243; equal_height=&#8220;yes&#8220;][vc_column width=&#8220;2\/3&#8243;][vc_column_text] Organisieren Sie Ihre Veranstaltung im Schloss Das Museum verf\u00fcgt \u00fcber einen Konferenzraum, in dem Sitzungen, Konferenzen, Pr\u00e4sentationen, Tagungen oder andere Initiativen organisiert werden k\u00f6nnen. Die Verf\u00fcgbarkeit des Raums ist an die Aktivit\u00e4ten des Museums gebunden, und seine Nutzung kann nach Reservierung durch \u00f6ffentliche oder private Einrichtungen, Unternehmen oder Privatpersonen erfolgen, die\" \/>\n<meta property=\"og:url\" content=\"https:\/\/museomitag.it\/de\/serviceleistungen\/vermietungen\/\" \/>\n<meta property=\"og:site_name\" content=\"Museo Storico Italiano della Guerra\" \/>\n<meta property=\"article:publisher\" content=\"https:\/\/www.facebook.com\/museomitag\/\" \/>\n<meta property=\"article:modified_time\" content=\"2025-08-18T11:31:22+00:00\" \/>\n<meta name=\"twitter:card\" content=\"summary_large_image\" \/>\n<meta name=\"twitter:label1\" content=\"Gesch\u00e4tzte Lesezeit\" \/>\n\t<meta name=\"twitter:data1\" content=\"1\u00a0Minute\" \/>\n<script type=\"application\/ld+json\" class=\"yoast-schema-graph\">{\"@context\":\"https:\\\/\\\/schema.org\",\"@graph\":[{\"@type\":\"WebPage\",\"@id\":\"https:\\\/\\\/museomitag.it\\\/de\\\/serviceleistungen\\\/vermietungen\\\/\",\"url\":\"https:\\\/\\\/museomitag.it\\\/de\\\/serviceleistungen\\\/vermietungen\\\/\",\"name\":\"Vermietungen - Museo Storico Italiano della Guerra\",\"isPartOf\":{\"@id\":\"https:\\\/\\\/museomitag.it\\\/#website\"},\"datePublished\":\"2023-01-31T13:32:11+00:00\",\"dateModified\":\"2025-08-18T11:31:22+00:00\",\"breadcrumb\":{\"@id\":\"https:\\\/\\\/museomitag.it\\\/de\\\/serviceleistungen\\\/vermietungen\\\/#breadcrumb\"},\"inLanguage\":\"de\",\"potentialAction\":[{\"@type\":\"ReadAction\",\"target\":[\"https:\\\/\\\/museomitag.it\\\/de\\\/serviceleistungen\\\/vermietungen\\\/\"]}]},{\"@type\":\"BreadcrumbList\",\"@id\":\"https:\\\/\\\/museomitag.it\\\/de\\\/serviceleistungen\\\/vermietungen\\\/#breadcrumb\",\"itemListElement\":[{\"@type\":\"ListItem\",\"position\":1,\"name\":\"Home\",\"item\":\"https:\\\/\\\/museomitag.it\\\/de\\\/\"},{\"@type\":\"ListItem\",\"position\":2,\"name\":\"Besuch\",\"item\":\"https:\\\/\\\/museomitag.it\\\/de\\\/?page_id=22194\"},{\"@type\":\"ListItem\",\"position\":3,\"name\":\"Serviceleistungen\",\"item\":\"https:\\\/\\\/museomitag.it\\\/de\\\/serviceleistungen\\\/\"},{\"@type\":\"ListItem\",\"position\":4,\"name\":\"Vermietungen\"}]},{\"@type\":\"WebSite\",\"@id\":\"https:\\\/\\\/museomitag.it\\\/#website\",\"url\":\"https:\\\/\\\/museomitag.it\\\/\",\"name\":\"MITAG Museo Storico Italiano della Guerra\",\"description\":\"Rovereto (TN) - Trentino\",\"publisher\":{\"@id\":\"https:\\\/\\\/museomitag.it\\\/#organization\"},\"potentialAction\":[{\"@type\":\"SearchAction\",\"target\":{\"@type\":\"EntryPoint\",\"urlTemplate\":\"https:\\\/\\\/museomitag.it\\\/?s={search_term_string}\"},\"query-input\":{\"@type\":\"PropertyValueSpecification\",\"valueRequired\":true,\"valueName\":\"search_term_string\"}}],\"inLanguage\":\"de\"},{\"@type\":\"Organization\",\"@id\":\"https:\\\/\\\/museomitag.it\\\/#organization\",\"name\":\"MITAG Museo Storico Italiano della Guerra\",\"url\":\"https:\\\/\\\/museomitag.it\\\/\",\"logo\":{\"@type\":\"ImageObject\",\"inLanguage\":\"de\",\"@id\":\"https:\\\/\\\/museomitag.it\\\/#\\\/schema\\\/logo\\\/image\\\/\",\"url\":\"https:\\\/\\\/museomitag.it\\\/wp-content\\\/uploads\\\/2025\\\/07\\\/Logo-MITAG-nero-500px.png\",\"contentUrl\":\"https:\\\/\\\/museomitag.it\\\/wp-content\\\/uploads\\\/2025\\\/07\\\/Logo-MITAG-nero-500px.png\",\"width\":500,\"height\":185,\"caption\":\"MITAG Museo Storico Italiano della Guerra\"},\"image\":{\"@id\":\"https:\\\/\\\/museomitag.it\\\/#\\\/schema\\\/logo\\\/image\\\/\"},\"sameAs\":[\"https:\\\/\\\/www.facebook.com\\\/museomitag\\\/\",\"https:\\\/\\\/www.instagram.com\\\/museomitag\\\/\"]}]}<\/script>\n<!-- \/ Yoast SEO plugin. -->","yoast_head_json":{"title":"Vermietungen - Museo Storico Italiano della Guerra","robots":{"index":"index","follow":"follow","max-snippet":"max-snippet:-1","max-image-preview":"max-image-preview:large","max-video-preview":"max-video-preview:-1"},"canonical":"https:\/\/museomitag.it\/de\/serviceleistungen\/vermietungen\/","og_locale":"de_DE","og_type":"article","og_title":"Vermietungen - Museo Storico Italiano della Guerra","og_description":"[vc_row gap=&#8220;10&#8243; equal_height=&#8220;yes&#8220;][vc_column width=&#8220;2\/3&#8243;][vc_column_text] Organisieren Sie Ihre Veranstaltung im Schloss Das Museum verf\u00fcgt \u00fcber einen Konferenzraum, in dem Sitzungen, Konferenzen, Pr\u00e4sentationen, Tagungen oder andere Initiativen organisiert werden k\u00f6nnen. Die Verf\u00fcgbarkeit des Raums ist an die Aktivit\u00e4ten des Museums gebunden, und seine Nutzung kann nach Reservierung durch \u00f6ffentliche oder private Einrichtungen, Unternehmen oder Privatpersonen erfolgen, die","og_url":"https:\/\/museomitag.it\/de\/serviceleistungen\/vermietungen\/","og_site_name":"Museo Storico Italiano della Guerra","article_publisher":"https:\/\/www.facebook.com\/museomitag\/","article_modified_time":"2025-08-18T11:31:22+00:00","twitter_card":"summary_large_image","twitter_misc":{"Gesch\u00e4tzte Lesezeit":"1\u00a0Minute"},"schema":{"@context":"https:\/\/schema.org","@graph":[{"@type":"WebPage","@id":"https:\/\/museomitag.it\/de\/serviceleistungen\/vermietungen\/","url":"https:\/\/museomitag.it\/de\/serviceleistungen\/vermietungen\/","name":"Vermietungen - Museo Storico Italiano della Guerra","isPartOf":{"@id":"https:\/\/museomitag.it\/#website"},"datePublished":"2023-01-31T13:32:11+00:00","dateModified":"2025-08-18T11:31:22+00:00","breadcrumb":{"@id":"https:\/\/museomitag.it\/de\/serviceleistungen\/vermietungen\/#breadcrumb"},"inLanguage":"de","potentialAction":[{"@type":"ReadAction","target":["https:\/\/museomitag.it\/de\/serviceleistungen\/vermietungen\/"]}]},{"@type":"BreadcrumbList","@id":"https:\/\/museomitag.it\/de\/serviceleistungen\/vermietungen\/#breadcrumb","itemListElement":[{"@type":"ListItem","position":1,"name":"Home","item":"https:\/\/museomitag.it\/de\/"},{"@type":"ListItem","position":2,"name":"Besuch","item":"https:\/\/museomitag.it\/de\/?page_id=22194"},{"@type":"ListItem","position":3,"name":"Serviceleistungen","item":"https:\/\/museomitag.it\/de\/serviceleistungen\/"},{"@type":"ListItem","position":4,"name":"Vermietungen"}]},{"@type":"WebSite","@id":"https:\/\/museomitag.it\/#website","url":"https:\/\/museomitag.it\/","name":"MITAG Museo Storico Italiano della Guerra","description":"Rovereto (TN) - Trentino","publisher":{"@id":"https:\/\/museomitag.it\/#organization"},"potentialAction":[{"@type":"SearchAction","target":{"@type":"EntryPoint","urlTemplate":"https:\/\/museomitag.it\/?s={search_term_string}"},"query-input":{"@type":"PropertyValueSpecification","valueRequired":true,"valueName":"search_term_string"}}],"inLanguage":"de"},{"@type":"Organization","@id":"https:\/\/museomitag.it\/#organization","name":"MITAG Museo Storico Italiano della Guerra","url":"https:\/\/museomitag.it\/","logo":{"@type":"ImageObject","inLanguage":"de","@id":"https:\/\/museomitag.it\/#\/schema\/logo\/image\/","url":"https:\/\/museomitag.it\/wp-content\/uploads\/2025\/07\/Logo-MITAG-nero-500px.png","contentUrl":"https:\/\/museomitag.it\/wp-content\/uploads\/2025\/07\/Logo-MITAG-nero-500px.png","width":500,"height":185,"caption":"MITAG Museo Storico Italiano della Guerra"},"image":{"@id":"https:\/\/museomitag.it\/#\/schema\/logo\/image\/"},"sameAs":["https:\/\/www.facebook.com\/museomitag\/","https:\/\/www.instagram.com\/museomitag\/"]}]}},"_links":{"self":[{"href":"https:\/\/museomitag.it\/de\/wp-json\/wp\/v2\/pages\/22247","targetHints":{"allow":["GET"]}}],"collection":[{"href":"https:\/\/museomitag.it\/de\/wp-json\/wp\/v2\/pages"}],"about":[{"href":"https:\/\/museomitag.it\/de\/wp-json\/wp\/v2\/types\/page"}],"author":[{"embeddable":true,"href":"https:\/\/museomitag.it\/de\/wp-json\/wp\/v2\/users\/1"}],"replies":[{"embeddable":true,"href":"https:\/\/museomitag.it\/de\/wp-json\/wp\/v2\/comments?post=22247"}],"version-history":[{"count":4,"href":"https:\/\/museomitag.it\/de\/wp-json\/wp\/v2\/pages\/22247\/revisions"}],"predecessor-version":[{"id":29517,"href":"https:\/\/museomitag.it\/de\/wp-json\/wp\/v2\/pages\/22247\/revisions\/29517"}],"up":[{"embeddable":true,"href":"https:\/\/museomitag.it\/de\/wp-json\/wp\/v2\/pages\/22227"}],"wp:attachment":[{"href":"https:\/\/museomitag.it\/de\/wp-json\/wp\/v2\/media?parent=22247"}],"curies":[{"name":"wp","href":"https:\/\/api.w.org\/{rel}","templated":true}]}}