{"id":22251,"date":"2023-01-31T14:41:34","date_gmt":"2023-01-31T13:41:34","guid":{"rendered":"https:\/\/museomitag.it\/?page_id=22251"},"modified":"2023-01-31T14:41:34","modified_gmt":"2023-01-31T13:41:34","slug":"umgebung","status":"publish","type":"page","link":"https:\/\/museomitag.it\/de\/umgebung\/","title":{"rendered":"Umgebung"},"content":{"rendered":"<p>[vc_row gap=&#8220;10&#8243; equal_height=&#8220;yes&#8220;][vc_column width=&#8220;2\/3&#8243; css=&#8220;.vc_custom_1637590823487{margin-bottom: 30px !important;}&#8220;][vc_column_text]<\/p>\n<h3>Die Vallagarina und der Gro\u00dfe Krieg<\/h3>\n<p>Im Vallagarina sind noch zahlreiche Spuren des Ersten Weltkriegs erhalten, der in diesem Gebiet von Mai 1915 bis zum Waffenstillstand von 1918 ausgetragen wurde.<\/p>\n<p>In <strong>Rovereto<\/strong> gibt es neben dem Kriegsmuseum noch weitere wichtige Einrichtungen, die dem Gedenken an den Krieg gewidmet sind: Zwanzigtausend \u00f6sterreichische und italienische Gefallene ruhen im <strong>Kriegerdenkmal<\/strong>, die <strong>Campana dei Caduti<\/strong> l\u00e4utet jeden Abend ihre hundert Glocken, um vor dem Krieg zu warnen.<\/p>\n<p>In Pasubio, Zugna, Baldo, im Val di Gresta sowie im Etschtal gibt es viele historische St\u00e4tten, die man mit stimmungsvollen Wanderungen auf dem <a href=\"http:\/\/www.trentinograndeguerra.it\/sec_gen_searchresult.jsp?area=101&amp;ID_LINK=250&amp;id_schema=41&amp;COL0001=2&amp;COL0002=10&amp;geoarea=10\">Sentiero della Pace<\/a> erreichen kann.<\/p>\n<p>Bei den Routen kann man zwischen kurzen Spazierg\u00e4ngen, die f\u00fcr jedermann geeignet sind, und anspruchsvolleren Wanderungen w\u00e4hlen.<\/p>\n<p>&nbsp;<\/p>\n<div class=\"msig-video\"><iframe loading=\"lazy\" src=\"\/\/www.youtube.com\/embed\/_JjjYRbvwNM\" width=\"560\" height=\"315\" frameborder=\"0\" allowfullscreen=\"allowfullscreen\" data-mce-fragment=\"1\"><br \/>\n<\/iframe><\/div>\n<p>[\/vc_column_text][\/vc_column][vc_column width=&#8220;1\/3&#8243; css=&#8220;.vc_custom_1638874124438{background-color: #0052a1 !important;}&#8220;][vc_row_inner css=&#8220;.vc_custom_1636623069804{margin-bottom: 20px !important;}&#8220;][vc_column_inner][vc_column_text css=&#8220;.vc_custom_1675172483858{padding-top: 20px !important;padding-right: 20px !important;padding-bottom: 20px !important;padding-left: 20px !important;}&#8220;]<\/p>\n<h3 style=\"text-align: left;\"><span style=\"color: #ffffff;\">Touristeninformation<\/span><\/h3>\n<p style=\"text-align: left;\"><span style=\"color: #ffffff;\">Azienda per il turismo Rovereto e Vallagarina<br \/>\nCorso Rosmini 21, Rovereto<\/span><br \/>\n<span style=\"color: #ffffff;\">+39 0464 430363<\/span><br \/>\n<span style=\"color: #ffffff;\">info@visitrovereto.it<\/span><br \/>\n<span style=\"color: #ffffff;\"><a style=\"color: #ffffff;\" href=\"http:\/\/www.visitrovereto.it\/\">www.visitrovereto.it<\/a><\/span><\/p>\n<p>&nbsp;<\/p>\n<p style=\"text-align: center;\"><iframe loading=\"lazy\" style=\"border: 0;\" src=\"https:\/\/www.google.com\/maps\/embed?pb=!1m18!1m12!1m3!1d2777.017623818256!2d11.038532215691502!3d45.89096061288624!2m3!1f0!2f0!3f0!3m2!1i1024!2i768!4f13.1!3m3!1m2!1s0x47820eba3c7474a1%3A0x9fb240d500781c22!2sCorso+Antonio+Rosmini%2C+21%2C+38068+Rovereto+TN!5e0!3m2!1sit!2sit!4v1526571591732\" width=\"295\" height=\"180\" frameborder=\"0\" allowfullscreen=\"allowfullscreen\" data-mce-fragment=\"1\"><\/iframe><\/p>\n<p>[\/vc_column_text][\/vc_column_inner][\/vc_row_inner][\/vc_column][\/vc_row][vc_row gap=&#8220;15&#8243; equal_height=&#8220;yes&#8220; disable_element=&#8220;yes&#8220; css=&#8220;.vc_custom_1675172319807{margin-top: 30px !important;}&#8220;][vc_column width=&#8220;1\/3&#8243; css=&#8220;.vc_custom_1638441403643{background-color: #f2f2f2 !important;}&#8220;][vc_column_text css=&#8220;.vc_custom_1638874024678{padding-top: 25px !important;padding-right: 25px !important;padding-left: 25px !important;}&#8220;]<\/p>\n<h3>Itinerari<\/h3>\n<p>Scopri le escursioni lungo i sentieri della Prima guerra mondiale in Trentino sul sito della Rete Trentino Grande Guerra.[\/vc_column_text][vc_single_image image=&#8220;13320&#8243; img_size=&#8220;medium&#8220; onclick=&#8220;custom_link&#8220; link=&#8220;http:\/\/www.trentinograndeguerra.it&#8220; css=&#8220;.vc_custom_1638874059220{margin-top: 30px !important;padding-left: 25px !important;}&#8220;][vc_column_text css=&#8220;.vc_custom_1638873839319{margin-top: 30px !important;padding-right: 20px !important;padding-left: 20px !important;}&#8220;]<a class=\"msig_btn\" href=\"http:\/\/www.trentinograndeguerra.it\">Trentino Grande Guerra<\/a>[\/vc_column_text][\/vc_column][vc_column width=&#8220;1\/3&#8243; css=&#8220;.vc_custom_1638441412180{background-color: #f2f2f2 !important;}&#8220;][vc_column_text css=&#8220;.vc_custom_1640786023683{padding-top: 25px !important;padding-right: 25px !important;padding-bottom: 30px !important;padding-left: 25px !important;}&#8220;]<\/p>\n<h3>Audioguide gratuite<\/h3>\n<p>Su izi.TRAVEL tante audioguide gratuite da ascoltare on line dal proprio smartphone oppure installando l\u2019applicazione gratuita.<\/p>\n<ul>\n<li><a href=\"https:\/\/izi.travel\/it\/9105-museo-storico-italiano-della-guerra-castello-di-rovereto\/it\" target=\"_blank\" rel=\"noopener noreferrer\">Museo Storico Italiano della Guerra<\/a><\/li>\n<li><a href=\"https:\/\/izi.travel\/it\/12be-rovereto-tra-palazzi-e-musei\/it\" target=\"_blank\" rel=\"noopener noreferrer\">Rovereto tra palazzi e musei<\/a><\/li>\n<li><a href=\"https:\/\/izi.travel\/es\/7e3f-caposaldo-nagia-grom-val-di-gresta-tn\/it\">Campo trincerato del Nagi\u00e0 Grom (Val di Gresta)<\/a><\/li>\n<li><a href=\"https:\/\/izi.travel\/es\/156e-cimitero-militare-di-geroli\/it\">Cimitero militare di Geroli (Terragnolo)<\/a><\/li>\n<\/ul>\n<p><a class=\"msig_btn\" href=\"https:\/\/izi.travel\/it\/app\">Scarica l&#8217;app<\/a>[\/vc_column_text][\/vc_column][vc_column width=&#8220;1\/3&#8243; css=&#8220;.vc_custom_1638873974746{background-color: #f2f2f2 !important;}&#8220;][vc_column_text css=&#8220;.vc_custom_1640783459707{padding-top: 25px !important;padding-right: 25px !important;padding-bottom: 30px !important;padding-left: 25px !important;}&#8220;]<\/p>\n<h3>Carta escursionistica<\/h3>\n<p>Al Museo e negli uffici turistici puoi acquistare, al <strong>costo di 1 euro<\/strong>, la carta topografica Vallagarina. I luoghi della Prima guerra mondiale realizzata da 4Land. Consulta gratuitamente la <strong>mappa digitale<\/strong> scaricando l\u2019applicazione Pdf Maps.<\/p>\n<p><a class=\"msig_btn\" href=\"https:\/\/www.avenzamaps.com\/maps\/357565\/4land-900-vallagarina\/\">Vai alla mappa<\/a>[\/vc_column_text][\/vc_column][\/vc_row][vc_row disable_element=&#8220;yes&#8220; css=&#8220;.vc_custom_1675172324644{margin-top: 30px !important;}&#8220;][vc_column width=&#8220;1\/2&#8243;][vc_column_text css=&#8220;.vc_custom_1640783547082{padding-bottom: 20px !important;}&#8220;]<\/p>\n<h3><strong>Guida ai siti storici della Vallagarina<\/strong><\/h3>\n<p>La brochure<strong> \u201cI luoghi della Grande Guerra in Vallagarina\u201d <\/strong>contiene molte utili informazioni per conoscere i luoghi da visitare e scoprire come raggiungerli. Viene distribuita gratuitamente presso il Museo e l\u2019Azienda per il turismo di Rovereto, ed \u00e8 consultabile on line e disponibile in <a href=\"http:\/\/www.museodellaguerra.it\/wp-content\/uploads\/2018\/05\/20180427-mgr-gg-vallagarina-120x220-ITA-LOW.pdf\">versione pdf.<\/a>[\/vc_column_text][\/vc_column][vc_column width=&#8220;1\/2&#8243;][vc_column_text]<\/p>\n<p style=\"text-align: center;\"><iframe loading=\"lazy\" style=\"margin: 0 auto;\" src=\"\/\/v.calameo.com\/?bkcode=00600311198944814f6c3&amp;mode=mini&amp;page=4&amp;clickto=view&amp;clicktarget=_self\" width=\"480\" height=\"300\" frameborder=\"0\" scrolling=\"no\" allowfullscreen=\"allowfullscreen\" data-mce-fragment=\"1\"><\/iframe><\/p>\n<p>[\/vc_column_text][\/vc_column][\/vc_row][vc_row disable_element=&#8220;yes&#8220; css=&#8220;.vc_custom_1675172332649{margin-top: 30px !important;}&#8220;][vc_column][vc_column_text]<\/p>\n<h3>SCOPRI LA VALLAGARINA<\/h3>\n<p>[\/vc_column_text][\/vc_column][\/vc_row][vc_row gap=&#8220;10&#8243; equal_height=&#8220;yes&#8220; content_placement=&#8220;bottom&#8220; disable_element=&#8220;yes&#8220; css=&#8220;.vc_custom_1675172337780{margin-bottom: 10px !important;}&#8220;][vc_column css_animation=&#8220;none&#8220; width=&#8220;1\/3&#8243; el_class=&#8220;msig_intro_icona&#8220; css=&#8220;.vc_custom_1610460513165{background-image: url(http:\/\/museomitag.it\/wp-content\/uploads\/2020\/02\/scopri_castello_900x450.jpg?id=9270) !important;background-position: center !important;background-repeat: no-repeat !important;background-size: cover !important; }&#8220;][vc_column_text]<\/p>\n<h3><a class=\"msig_intro_txt\" title=\"Rovereto\" href=\"https:\/\/museomitag.it\/informazioni\/territorio\/rovereto\/\">Rovereto<\/a><br \/>\n<a class=\"msig_intro_txt\" title=\"Rovereto\" href=\"https:\/\/museomitag.it\/informazioni\/territorio\/rovereto\/\">Rovereto<\/a><\/h3>\n<p>[\/vc_column_text][\/vc_column][vc_column css_animation=&#8220;none&#8220; width=&#8220;1\/3&#8243; css=&#8220;.vc_custom_1641401137915{background-image: url(https:\/\/museomitag.it\/wp-content\/uploads\/2021\/12\/Forte-Pozzacchio_carlo-broni-Apt-Rovereto_900x450.jpg?id=18892) !important;background-position: center !important;background-repeat: no-repeat !important;background-size: cover !important;}&#8220; el_class=&#8220;msig_intro_icona&#8220;][vc_column_text]<\/p>\n<h3><a class=\"msig_intro_link\" title=\"Forte Pozzacchio\" href=\"https:\/\/museomitag.it\/visita\/territorio\/pozzacchio\/\">Forte Pozzacchio<\/a><br \/>\n<a class=\"msig_intro_txt\" title=\"Forte Pozzacchio\" href=\"https:\/\/museomitag.it\/visita\/territorio\/pozzacchio\/\">Forte Pozzacchio<\/a><\/h3>\n<p>[\/vc_column_text][\/vc_column][vc_column css_animation=&#8220;none&#8220; width=&#8220;1\/3&#8243; el_class=&#8220;msig_intro_icona&#8220; css=&#8220;.vc_custom_1641401165070{background-image: url(https:\/\/museomitag.it\/wp-content\/uploads\/2015\/03\/Trincerone-Zugna_MGR_2.jpg?id=1723) !important;background-position: center !important;background-repeat: no-repeat !important;background-size: cover !important;}&#8220;][vc_column_text]<\/p>\n<h3><a class=\"msig_intro_link\" title=\"Monte Zugna\" href=\"https:\/\/museomitag.it\/visita\/territorio\/monte-zugna\/\">Monte Zugna<\/a><br \/>\n<a class=\"msig_intro_txt\" title=\"Monte Zugna\" href=\"https:\/\/museomitag.it\/visita\/territorio\/monte-zugna\/\">Monte Zugna<\/a><\/h3>\n<p>[\/vc_column_text][\/vc_column][\/vc_row][vc_row gap=&#8220;10&#8243; equal_height=&#8220;yes&#8220; content_placement=&#8220;bottom&#8220; disable_element=&#8220;yes&#8220; css=&#8220;.vc_custom_1675172343249{margin-bottom: 10px !important;}&#8220;][vc_column css_animation=&#8220;none&#8220; width=&#8220;1\/3&#8243; css=&#8220;.vc_custom_1641401194703{background-image: url(https:\/\/museomitag.it\/wp-content\/uploads\/2022\/01\/Naga-Grom_MSIG_1200x450.jpg?id=20002) !important;background-position: center !important;background-repeat: no-repeat !important;background-size: cover !important;}&#8220; el_class=&#8220;msig_intro_icona&#8220;][vc_column_text]<\/p>\n<h3><a class=\"msig_intro_link\" title=\"Val di Gresta\" href=\"https:\/\/museomitag.it\/visita\/territorio\/val-di-gresta\/\">Val di Gresta<\/a><br \/>\n<a class=\"msig_intro_txt\" title=\"Val di Gresta\" href=\"https:\/\/museomitag.it\/visita\/territorio\/val-di-gresta\/\">Val di Gresta<\/a><\/h3>\n<p>[\/vc_column_text][\/vc_column][vc_column css_animation=&#8220;none&#8220; width=&#8220;1\/3&#8243; el_class=&#8220;msig_intro_icona&#8220; css=&#8220;.vc_custom_1641401222253{background-image: url(https:\/\/museomitag.it\/wp-content\/uploads\/2016\/01\/Pasubio_Dente-austriaco_1110x450.jpg?id=3174) !important;background-position: center !important;background-repeat: no-repeat !important;background-size: cover !important;}&#8220;][vc_column_text]<\/p>\n<h3><a class=\"msig_intro_link\" title=\"Pasubio, Vallarsa, Terragnolo\" href=\"https:\/\/museomitag.it\/informazioni\/territorio-3\/pasubio-vallarsa-terragnolo-e-trambileno\/\">Pasubio, Vallarsa, Terragnolo<\/a><br \/>\n<a class=\"msig_intro_txt\" title=\"Pasubio, Vallarsa, Terragnolo\" href=\"https:\/\/museomitag.it\/informazioni\/territorio-3\/pasubio-vallarsa-terragnolo-e-trambileno\/\">Pasubio, Vallarsa, Terragnolo<\/a><\/h3>\n<p>[\/vc_column_text][\/vc_column][vc_column css_animation=&#8220;none&#8220; width=&#8220;1\/3&#8243; el_class=&#8220;msig_intro_icona&#8220; css=&#8220;.vc_custom_1641401265902{background-image: url(https:\/\/museomitag.it\/wp-content\/uploads\/2016\/01\/Asmara_low.jpg?id=5294) !important;background-position: center !important;background-repeat: no-repeat !important;background-size: cover !important;}&#8220;][vc_column_text]<\/p>\n<h3><a class=\"msig_intro_link\" title=\"Mori, Ala, Avio\" href=\"https:\/\/museomitag.it\/visita\/territorio\/mori-ala-avio\/\">Mori, Ala, Avio<\/a><br \/>\n<a class=\"msig_intro_txt\" title=\"Mori, Ala, Avio\" href=\"https:\/\/museomitag.it\/visita\/territorio\/mori-ala-avio\/\">Mori, Ala, Avio<\/a><\/h3>\n<p>[\/vc_column_text][\/vc_column][\/vc_row][vc_row gap=&#8220;10&#8243; equal_height=&#8220;yes&#8220; content_placement=&#8220;bottom&#8220; disable_element=&#8220;yes&#8220;][vc_column css_animation=&#8220;none&#8220; width=&#8220;1\/3&#8243; css=&#8220;.vc_custom_1642423633582{background-image: url(https:\/\/museomitag.it\/wp-content\/uploads\/2015\/05\/Vignola_SAM_0384_1110X450.jpg?id=1934) !important;background-position: center !important;background-repeat: no-repeat !important;background-size: cover !important;}&#8220; el_class=&#8220;msig_intro_icona&#8220;][vc_column_text]<\/p>\n<h3><a class=\"msig_intro_link\" title=\"Monte Baldo\" href=\"https:\/\/museomitag.it\/visita\/territorio\/monte-baldo\/\">Monte Baldo<\/a><br \/>\n<a class=\"msig_intro_txt\" title=\"Monte Baldo\" href=\"https:\/\/museomitag.it\/visita\/territorio\/monte-baldo\/\">Monte Baldo<\/a><\/h3>\n<p>[\/vc_column_text][\/vc_column][\/vc_row]<\/p>\n","protected":false},"excerpt":{"rendered":"<p>[vc_row gap=&#8220;10&#8243; equal_height=&#8220;yes&#8220;][vc_column width=&#8220;2\/3&#8243; css=&#8220;.vc_custom_1637590823487{margin-bottom: 30px !important;}&#8220;][vc_column_text] Die Vallagarina und der Gro\u00dfe Krieg Im Vallagarina sind noch zahlreiche Spuren des Ersten Weltkriegs erhalten, der in diesem Gebiet von Mai 1915 bis zum Waffenstillstand von 1918 ausgetragen wurde. In Rovereto gibt es neben dem Kriegsmuseum noch weitere wichtige Einrichtungen, die dem Gedenken an den Krieg gewidmet<\/p>\n","protected":false},"author":1,"featured_media":0,"parent":22194,"menu_order":0,"comment_status":"closed","ping_status":"closed","template":"","meta":{"footnotes":""},"class_list":["post-22251","page","type-page","status-publish","hentry"],"yoast_head":"<!-- This site is optimized with the Yoast SEO plugin v27.3 - https:\/\/yoast.com\/product\/yoast-seo-wordpress\/ -->\n<title>Umgebung - Museo Storico Italiano della Guerra<\/title>\n<meta name=\"robots\" content=\"index, follow, max-snippet:-1, max-image-preview:large, max-video-preview:-1\" \/>\n<link rel=\"canonical\" href=\"https:\/\/museomitag.it\/de\/umgebung\/\" \/>\n<meta property=\"og:locale\" content=\"de_DE\" \/>\n<meta property=\"og:type\" content=\"article\" \/>\n<meta property=\"og:title\" content=\"Umgebung - Museo Storico Italiano della Guerra\" \/>\n<meta property=\"og:description\" content=\"[vc_row gap=&#8220;10&#8243; equal_height=&#8220;yes&#8220;][vc_column width=&#8220;2\/3&#8243; css=&#8220;.vc_custom_1637590823487{margin-bottom: 30px !important;}&#8220;][vc_column_text] Die Vallagarina und der Gro\u00dfe Krieg Im Vallagarina sind noch zahlreiche Spuren des Ersten Weltkriegs erhalten, der in diesem Gebiet von Mai 1915 bis zum Waffenstillstand von 1918 ausgetragen wurde. In Rovereto gibt es neben dem Kriegsmuseum noch weitere wichtige Einrichtungen, die dem Gedenken an den Krieg gewidmet\" \/>\n<meta property=\"og:url\" content=\"https:\/\/museomitag.it\/de\/umgebung\/\" \/>\n<meta property=\"og:site_name\" content=\"Museo Storico Italiano della Guerra\" \/>\n<meta property=\"article:publisher\" content=\"https:\/\/www.facebook.com\/museomitag\/\" \/>\n<meta name=\"twitter:card\" content=\"summary_large_image\" \/>\n<meta name=\"twitter:label1\" content=\"Gesch\u00e4tzte Lesezeit\" \/>\n\t<meta name=\"twitter:data1\" content=\"5\u00a0Minuten\" \/>\n<script type=\"application\/ld+json\" class=\"yoast-schema-graph\">{\"@context\":\"https:\\\/\\\/schema.org\",\"@graph\":[{\"@type\":\"WebPage\",\"@id\":\"https:\\\/\\\/museomitag.it\\\/de\\\/umgebung\\\/\",\"url\":\"https:\\\/\\\/museomitag.it\\\/de\\\/umgebung\\\/\",\"name\":\"Umgebung - Museo Storico Italiano della Guerra\",\"isPartOf\":{\"@id\":\"https:\\\/\\\/museomitag.it\\\/#website\"},\"datePublished\":\"2023-01-31T13:41:34+00:00\",\"breadcrumb\":{\"@id\":\"https:\\\/\\\/museomitag.it\\\/de\\\/umgebung\\\/#breadcrumb\"},\"inLanguage\":\"de\",\"potentialAction\":[{\"@type\":\"ReadAction\",\"target\":[\"https:\\\/\\\/museomitag.it\\\/de\\\/umgebung\\\/\"]}]},{\"@type\":\"BreadcrumbList\",\"@id\":\"https:\\\/\\\/museomitag.it\\\/de\\\/umgebung\\\/#breadcrumb\",\"itemListElement\":[{\"@type\":\"ListItem\",\"position\":1,\"name\":\"Home\",\"item\":\"https:\\\/\\\/museomitag.it\\\/de\\\/\"},{\"@type\":\"ListItem\",\"position\":2,\"name\":\"Besuch\",\"item\":\"https:\\\/\\\/museomitag.it\\\/de\\\/?page_id=22194\"},{\"@type\":\"ListItem\",\"position\":3,\"name\":\"Umgebung\"}]},{\"@type\":\"WebSite\",\"@id\":\"https:\\\/\\\/museomitag.it\\\/#website\",\"url\":\"https:\\\/\\\/museomitag.it\\\/\",\"name\":\"MITAG Museo Storico Italiano della Guerra\",\"description\":\"Rovereto (TN) - Trentino\",\"publisher\":{\"@id\":\"https:\\\/\\\/museomitag.it\\\/#organization\"},\"potentialAction\":[{\"@type\":\"SearchAction\",\"target\":{\"@type\":\"EntryPoint\",\"urlTemplate\":\"https:\\\/\\\/museomitag.it\\\/?s={search_term_string}\"},\"query-input\":{\"@type\":\"PropertyValueSpecification\",\"valueRequired\":true,\"valueName\":\"search_term_string\"}}],\"inLanguage\":\"de\"},{\"@type\":\"Organization\",\"@id\":\"https:\\\/\\\/museomitag.it\\\/#organization\",\"name\":\"MITAG Museo Storico Italiano della Guerra\",\"url\":\"https:\\\/\\\/museomitag.it\\\/\",\"logo\":{\"@type\":\"ImageObject\",\"inLanguage\":\"de\",\"@id\":\"https:\\\/\\\/museomitag.it\\\/#\\\/schema\\\/logo\\\/image\\\/\",\"url\":\"https:\\\/\\\/museomitag.it\\\/wp-content\\\/uploads\\\/2025\\\/07\\\/Logo-MITAG-nero-500px.png\",\"contentUrl\":\"https:\\\/\\\/museomitag.it\\\/wp-content\\\/uploads\\\/2025\\\/07\\\/Logo-MITAG-nero-500px.png\",\"width\":500,\"height\":185,\"caption\":\"MITAG Museo Storico Italiano della Guerra\"},\"image\":{\"@id\":\"https:\\\/\\\/museomitag.it\\\/#\\\/schema\\\/logo\\\/image\\\/\"},\"sameAs\":[\"https:\\\/\\\/www.facebook.com\\\/museomitag\\\/\",\"https:\\\/\\\/www.instagram.com\\\/museomitag\\\/\"]}]}<\/script>\n<!-- \/ Yoast SEO plugin. -->","yoast_head_json":{"title":"Umgebung - Museo Storico Italiano della Guerra","robots":{"index":"index","follow":"follow","max-snippet":"max-snippet:-1","max-image-preview":"max-image-preview:large","max-video-preview":"max-video-preview:-1"},"canonical":"https:\/\/museomitag.it\/de\/umgebung\/","og_locale":"de_DE","og_type":"article","og_title":"Umgebung - Museo Storico Italiano della Guerra","og_description":"[vc_row gap=&#8220;10&#8243; equal_height=&#8220;yes&#8220;][vc_column width=&#8220;2\/3&#8243; css=&#8220;.vc_custom_1637590823487{margin-bottom: 30px !important;}&#8220;][vc_column_text] Die Vallagarina und der Gro\u00dfe Krieg Im Vallagarina sind noch zahlreiche Spuren des Ersten Weltkriegs erhalten, der in diesem Gebiet von Mai 1915 bis zum Waffenstillstand von 1918 ausgetragen wurde. In Rovereto gibt es neben dem Kriegsmuseum noch weitere wichtige Einrichtungen, die dem Gedenken an den Krieg gewidmet","og_url":"https:\/\/museomitag.it\/de\/umgebung\/","og_site_name":"Museo Storico Italiano della Guerra","article_publisher":"https:\/\/www.facebook.com\/museomitag\/","twitter_card":"summary_large_image","twitter_misc":{"Gesch\u00e4tzte Lesezeit":"5\u00a0Minuten"},"schema":{"@context":"https:\/\/schema.org","@graph":[{"@type":"WebPage","@id":"https:\/\/museomitag.it\/de\/umgebung\/","url":"https:\/\/museomitag.it\/de\/umgebung\/","name":"Umgebung - Museo Storico Italiano della Guerra","isPartOf":{"@id":"https:\/\/museomitag.it\/#website"},"datePublished":"2023-01-31T13:41:34+00:00","breadcrumb":{"@id":"https:\/\/museomitag.it\/de\/umgebung\/#breadcrumb"},"inLanguage":"de","potentialAction":[{"@type":"ReadAction","target":["https:\/\/museomitag.it\/de\/umgebung\/"]}]},{"@type":"BreadcrumbList","@id":"https:\/\/museomitag.it\/de\/umgebung\/#breadcrumb","itemListElement":[{"@type":"ListItem","position":1,"name":"Home","item":"https:\/\/museomitag.it\/de\/"},{"@type":"ListItem","position":2,"name":"Besuch","item":"https:\/\/museomitag.it\/de\/?page_id=22194"},{"@type":"ListItem","position":3,"name":"Umgebung"}]},{"@type":"WebSite","@id":"https:\/\/museomitag.it\/#website","url":"https:\/\/museomitag.it\/","name":"MITAG Museo Storico Italiano della Guerra","description":"Rovereto (TN) - Trentino","publisher":{"@id":"https:\/\/museomitag.it\/#organization"},"potentialAction":[{"@type":"SearchAction","target":{"@type":"EntryPoint","urlTemplate":"https:\/\/museomitag.it\/?s={search_term_string}"},"query-input":{"@type":"PropertyValueSpecification","valueRequired":true,"valueName":"search_term_string"}}],"inLanguage":"de"},{"@type":"Organization","@id":"https:\/\/museomitag.it\/#organization","name":"MITAG Museo Storico Italiano della Guerra","url":"https:\/\/museomitag.it\/","logo":{"@type":"ImageObject","inLanguage":"de","@id":"https:\/\/museomitag.it\/#\/schema\/logo\/image\/","url":"https:\/\/museomitag.it\/wp-content\/uploads\/2025\/07\/Logo-MITAG-nero-500px.png","contentUrl":"https:\/\/museomitag.it\/wp-content\/uploads\/2025\/07\/Logo-MITAG-nero-500px.png","width":500,"height":185,"caption":"MITAG Museo Storico Italiano della Guerra"},"image":{"@id":"https:\/\/museomitag.it\/#\/schema\/logo\/image\/"},"sameAs":["https:\/\/www.facebook.com\/museomitag\/","https:\/\/www.instagram.com\/museomitag\/"]}]}},"_links":{"self":[{"href":"https:\/\/museomitag.it\/de\/wp-json\/wp\/v2\/pages\/22251","targetHints":{"allow":["GET"]}}],"collection":[{"href":"https:\/\/museomitag.it\/de\/wp-json\/wp\/v2\/pages"}],"about":[{"href":"https:\/\/museomitag.it\/de\/wp-json\/wp\/v2\/types\/page"}],"author":[{"embeddable":true,"href":"https:\/\/museomitag.it\/de\/wp-json\/wp\/v2\/users\/1"}],"replies":[{"embeddable":true,"href":"https:\/\/museomitag.it\/de\/wp-json\/wp\/v2\/comments?post=22251"}],"version-history":[{"count":3,"href":"https:\/\/museomitag.it\/de\/wp-json\/wp\/v2\/pages\/22251\/revisions"}],"predecessor-version":[{"id":23730,"href":"https:\/\/museomitag.it\/de\/wp-json\/wp\/v2\/pages\/22251\/revisions\/23730"}],"up":[{"embeddable":true,"href":"https:\/\/museomitag.it\/de\/wp-json\/wp\/v2\/pages\/22194"}],"wp:attachment":[{"href":"https:\/\/museomitag.it\/de\/wp-json\/wp\/v2\/media?parent=22251"}],"curies":[{"name":"wp","href":"https:\/\/api.w.org\/{rel}","templated":true}]}}