{"id":22259,"date":"2022-08-17T10:41:18","date_gmt":"2022-08-17T08:41:18","guid":{"rendered":"https:\/\/museomitag.it\/?page_id=22259"},"modified":"2023-11-10T09:30:31","modified_gmt":"2023-11-10T08:30:31","slug":"besichtigungen","status":"publish","type":"page","link":"https:\/\/museomitag.it\/de\/besichtigungen\/","title":{"rendered":"Besichtigungen"},"content":{"rendered":"<p>[vc_row disable_element=&#8220;yes&#8220;][vc_column][vc_images_carousel images=&#8220;10315,10318,10327,10321,10343,10312,10324,10339,10330,10333&#8243; img_size=&#8220;full&#8220; autoplay=&#8220;yes&#8220; hide_pagination_control=&#8220;yes&#8220; hide_prev_next_buttons=&#8220;yes&#8220; wrap=&#8220;yes&#8220; el_class=&#8220;img-tondo&#8220;][\/vc_column][\/vc_row][vc_row css=&#8220;.vc_custom_1638442128366{margin-top: 30px !important;}&#8220;][vc_column width=&#8220;1\/2&#8243;][vc_column_text]<\/p>\n<div class=\"msig-video\"><iframe loading=\"lazy\" src=\"\/\/www.youtube.com\/embed\/rlHTNH81Vws\" width=\"560\" height=\"315\" frameborder=\"0\" allowfullscreen=\"allowfullscreen\" data-mce-fragment=\"1\"><br \/>\n<\/iframe><\/div>\n<p>[\/vc_column_text][\/vc_column][vc_column width=&#8220;1\/2&#8243;][vc_column_text]<\/p>\n<h3>Besuch planen<\/h3>\n<p>Die Besichtigung der Burg und des Museums besteht aus einem Rundgang, der sich inhaltlich auf zwei Themenbereiche konzentriert:\u00a0 Zum einem geht es um die Geschichte der Armeen und der Kriegsf\u00fchrung zwischen dem neunzehnten Jahrhundert und dem Ersten Weltkrieg, zum anderen soll die Architektur der Burg zum Ausdruck gebracht werden sowie die Waffensammlungen der Neuzeit (XV-XVIII Jahrhundert) pr\u00e4sentiert werden.\u00a0 Von Mai bis Oktober ist es auch m\u00f6glich, die Abteilung \u201cArtillerie des gro\u00dfen Krieges 1914-18\u201d zu besichtigen. Der Eingang befindet sich in Podest\u00e0platz, in der N\u00e4he von der Kasse.<\/p>\n<p>Der gesamte Besuch dauert <strong>mindestens eineinhalb Stunden<\/strong>. Der <strong>letzte Einlass ist um 17.00 Uhr<\/strong>, und die Besichtigung des Schlosses kann bis zu einer halben Stunde vor Schlie\u00dfungszeit erfolgen. Wir laden Sie daher ein, Ihre Zeit zu planen und im Voraus die Abschnitte auszuw\u00e4hlen, die Sie am meisten interessieren.<\/p>\n<p>Es gibt einen <a href=\"https:\/\/museomitag.it\/de\/info\/audiofuehrer\/\"><strong>kostenlosen Audioguide<\/strong><\/a> des vollen Rundgangs, den man mit der izi.TRAVEL h\u00f6ren kann.[\/vc_column_text][\/vc_column][\/vc_row][vc_row equal_height=&#8220;yes&#8220; css=&#8220;.vc_custom_1638443815079{margin-top: 30px !important;}&#8220;][vc_column width=&#8220;1\/2&#8243; css=&#8220;.vc_custom_1622537974251{background-color: #f2f2f2 !important; }&#8220;][vc_column_text css=&#8220;.vc_custom_1676035825667{padding-top: 20px !important;padding-right: 20px !important;padding-bottom: 20px !important;padding-left: 20px !important;}&#8220;]<\/p>\n<h4>Der Krieg zwischen dem neunzehnten und zwanzigsten Jahrhundert<\/h4>\n<p>Die ersten S\u00e4le der Ausstellung erz\u00e4hlen die Entwicklung der Ausr\u00fcstung der Soldaten und die Ver\u00e4nderungen des Kriegs und des K\u00e4mpfens zwischen dem achtzehnten und neunzehnten Jahrhunderts, mit einer interessanten Vertiefung \u00fcber das italienische Risorgimento, anhand einer der wichtigen Sammlung von patriotischen Keramiken.<br \/>\nEs gibt zahlreiche S\u00e4le mit Waffen, die dem ersten Weltkrieg gewidmet sind,\u00a0 Dokumenten, Bildern, Alltagsgegenst\u00e4nden, Zeugenaussagen von Soldaten und Zivilisten. Die Themen, die angesprochen werden, reichen von technologischen Innovationen, der Mobilmachung der Armeen, den Folgen des Krieges f\u00fcr die Bev\u00f6lkerung, bis zur Kriegspropaganda.<br \/>\nIn den S\u00e4len wird nur ein Teil der breiten Museumssch\u00e4tze ausgestellt, der auch Uniformen, Artillerien, milit\u00e4rische Fahrzeuge und Kunstobjekte umfasst, die in den Lagerr\u00e4umen des Museums verwahrt werden.<\/p>\n<p><a href=\"https:\/\/museomitag.it\/de\/die-sammlungen\/\">Sammlung &gt;&gt;<\/a>[\/vc_column_text][\/vc_column][vc_column width=&#8220;1\/2&#8243; css=&#8220;.vc_custom_1638442421755{background: #f2f2f2 url(https:\/\/museomitag.it\/wp-content\/uploads\/2021\/03\/Allestimenti-2020-12_Graziano-Galvagni.jpg?id=14886) !important;background-position: center !important;background-repeat: no-repeat !important;background-size: cover !important;}&#8220;][vc_column_text]<a class=\"msig_link\" href=\"https:\/\/museomitag.it\/de\/die-sammlungen\/\">Collezioni<\/a>[\/vc_column_text][\/vc_column][\/vc_row][vc_row equal_height=&#8220;yes&#8220; css=&#8220;.vc_custom_1638443382606{margin-top: 30px !important;}&#8220;][vc_column width=&#8220;1\/2&#8243; css=&#8220;.vc_custom_1638443372157{background: #f2f2f2 url(https:\/\/museomitag.it\/wp-content\/uploads\/2020\/06\/Galvagni_Museo_900x450.jpg?id=10265) !important;background-position: center !important;background-repeat: no-repeat !important;background-size: cover !important;}&#8220;][vc_column_text]<a class=\"msig_link\" href=\"https:\/\/museomitag.it\/de\/die-burg\/\">Castello<\/a>[\/vc_column_text][\/vc_column][vc_column width=&#8220;1\/2&#8243; css=&#8220;.vc_custom_1622537974251{background-color: #f2f2f2 !important; }&#8220;][vc_column_text css=&#8220;.vc_custom_1676035862402{padding-top: 20px !important;padding-right: 20px !important;padding-bottom: 20px !important;padding-left: 20px !important;}&#8220;]<\/p>\n<h4>Die Burg und die Waffen der Neuzeit<\/h4>\n<p>Der Besuch f\u00fchrt zu den renovierten R\u00e4ume der Burg, zu den Tunnels, zum Erdwall, die w\u00e4hrend des venezianischen Zeitalters gebaut wurden. Hier kann man herausfinden, wie die Architektur und die Festung durch die Jahrhunderte sich entwickelt haben.<br \/>\nIn den Hauptt\u00fcrmen Marino und Malipiero sind die \u00e4ltesten Sammlungen des Museums ausgestellt: einige ur- und fr\u00fchgeschichtliche Waffen, die Werkzeuge des Waffenschmiedes, Jagdwaffen und dann R\u00fcstungen, Hiebwaffen und Schusswaffen, vom Mittelalter bis zur Neuzeit.<\/p>\n<p><a href=\"https:\/\/museomitag.it\/de\/die-burg\/\">Die Burg &gt;&gt;<\/a>[\/vc_column_text][\/vc_column][\/vc_row][vc_row equal_height=&#8220;yes&#8220; css=&#8220;.vc_custom_1638443441756{margin-top: 30px !important;}&#8220;][vc_column width=&#8220;1\/2&#8243; css=&#8220;.vc_custom_1638443435205{background-color: #f2f2f2 !important;}&#8220;][vc_column_text css=&#8220;.vc_custom_1698307202408{padding-top: 20px !important;padding-right: 20px !important;padding-bottom: 20px !important;padding-left: 20px !important;}&#8220;]<\/p>\n<h4>Artillerie des Gro\u00dfen Krieges 1914-18<\/h4>\n<p>Das Museum stellt etwa vierzig italienische, \u00f6sterreichisch-ungarische, deutsche und englische Artilleriest\u00fccke des Ersten Weltkriegs aus. Diese befinden sich in einem Luftschutzkeller des Zweiten Weltkriegs, am Fu\u00dfe der Burg in Podest\u00e0platz. Ge\u00f6ffnet von Mai bis September.<\/p>\n<p><a href=\"https:\/\/museomitag.it\/de\/die-sammlungen\/ausstellungsgegenstaende\/artillerie\/\">Artillerie &gt;&gt;<\/a>[\/vc_column_text][\/vc_column][vc_column width=&#8220;1\/2&#8243; css=&#8220;.vc_custom_1638879645862{background: #f2f2f2 url(https:\/\/museomitag.it\/wp-content\/uploads\/2020\/10\/Galvagni_Artiglierie_900x450_FX0_0574.jpg?id=12488) !important;background-position: center !important;background-repeat: no-repeat !important;background-size: cover !important;}&#8220;][vc_column_text]<a class=\"msig_link\" href=\"https:\/\/museomitag.it\/de\/die-sammlungen\/ausstellungsgegenstaende\/artillerie\/\">Artiglierie<\/a>[\/vc_column_text][\/vc_column][\/vc_row][vc_row equal_height=&#8220;yes&#8220; css=&#8220;.vc_custom_1638443441756{margin-top: 30px !important;}&#8220;][vc_column width=&#8220;1\/2&#8243; css=&#8220;.vc_custom_1638879939147{background: #f2f2f2 url(https:\/\/museomitag.it\/wp-content\/uploads\/2021\/11\/Donne-in-guerra_mostre_MSIG.jpg?id=18178) !important;background-position: center !important;background-repeat: no-repeat !important;background-size: cover !important;}&#8220;][vc_column_text]<a class=\"msig_link\" href=\"https:\/\/museomitag.it\/scopri\/mostre\/\">Mostre<\/a>[\/vc_column_text][\/vc_column][vc_column width=&#8220;1\/2&#8243; css=&#8220;.vc_custom_1638879945331{background-color: #f2f2f2 !important;}&#8220;][vc_column_text css=&#8220;.vc_custom_1676035957776{padding-top: 20px !important;padding-right: 20px !important;padding-bottom: 20px !important;padding-left: 20px !important;}&#8220;]<\/p>\n<h4>Sonderausstellungen<\/h4>\n<p>Im Laufe des Jahres bietet das Museum kleine tempor\u00e4ren Ausstellungen, um die Kulturerbe aus den Archiven und die Sammlungen, die w\u00e4hrend des Jahres keinen Raum in der permanenten F\u00fchrung finden, aufzuwerten.<br \/>\nDar\u00fcber hinaus bef\u00f6rdert das Museum Ausstellungen in anderen Standorten, Ergebnisse der Zusammenarbeit mit nationalen und internationalen Anstalten und Einrichtungen.<\/p>\n<p><a href=\"https:\/\/museomitag.it\/scopri\/mostre\/\">Sonderausstellungen &gt;&gt;<\/a>[\/vc_column_text][\/vc_column][\/vc_row]<\/p>\n","protected":false},"excerpt":{"rendered":"<p>[vc_row disable_element=&#8220;yes&#8220;][vc_column][vc_images_carousel images=&#8220;10315,10318,10327,10321,10343,10312,10324,10339,10330,10333&#8243; img_size=&#8220;full&#8220; autoplay=&#8220;yes&#8220; hide_pagination_control=&#8220;yes&#8220; hide_prev_next_buttons=&#8220;yes&#8220; wrap=&#8220;yes&#8220; el_class=&#8220;img-tondo&#8220;][\/vc_column][\/vc_row][vc_row css=&#8220;.vc_custom_1638442128366{margin-top: 30px !important;}&#8220;][vc_column width=&#8220;1\/2&#8243;][vc_column_text] [\/vc_column_text][\/vc_column][vc_column width=&#8220;1\/2&#8243;][vc_column_text] Besuch planen Die Besichtigung der Burg und des Museums besteht aus einem Rundgang, der sich inhaltlich auf zwei Themenbereiche konzentriert:\u00a0 Zum einem geht es um die Geschichte der Armeen und der Kriegsf\u00fchrung zwischen dem neunzehnten Jahrhundert und dem Ersten Weltkrieg,<\/p>\n","protected":false},"author":1,"featured_media":0,"parent":22255,"menu_order":0,"comment_status":"closed","ping_status":"closed","template":"page_visita.php","meta":{"footnotes":""},"class_list":["post-22259","page","type-page","status-publish","hentry"],"yoast_head":"<!-- This site is optimized with the Yoast SEO plugin v27.3 - https:\/\/yoast.com\/product\/yoast-seo-wordpress\/ -->\n<title>Besichtigungen - Museo Storico Italiano della Guerra<\/title>\n<meta name=\"robots\" content=\"index, follow, max-snippet:-1, max-image-preview:large, max-video-preview:-1\" \/>\n<link rel=\"canonical\" href=\"https:\/\/museomitag.it\/de\/besichtigungen\/\" \/>\n<meta property=\"og:locale\" content=\"de_DE\" \/>\n<meta property=\"og:type\" content=\"article\" \/>\n<meta property=\"og:title\" content=\"Besichtigungen - Museo Storico Italiano della Guerra\" \/>\n<meta property=\"og:description\" content=\"[vc_row disable_element=&#8220;yes&#8220;][vc_column][vc_images_carousel images=&#8220;10315,10318,10327,10321,10343,10312,10324,10339,10330,10333&#8243; img_size=&#8220;full&#8220; autoplay=&#8220;yes&#8220; hide_pagination_control=&#8220;yes&#8220; hide_prev_next_buttons=&#8220;yes&#8220; wrap=&#8220;yes&#8220; el_class=&#8220;img-tondo&#8220;][\/vc_column][\/vc_row][vc_row css=&#8220;.vc_custom_1638442128366{margin-top: 30px !important;}&#8220;][vc_column width=&#8220;1\/2&#8243;][vc_column_text] [\/vc_column_text][\/vc_column][vc_column width=&#8220;1\/2&#8243;][vc_column_text] Besuch planen Die Besichtigung der Burg und des Museums besteht aus einem Rundgang, der sich inhaltlich auf zwei Themenbereiche konzentriert:\u00a0 Zum einem geht es um die Geschichte der Armeen und der Kriegsf\u00fchrung zwischen dem neunzehnten Jahrhundert und dem Ersten Weltkrieg,\" \/>\n<meta property=\"og:url\" content=\"https:\/\/museomitag.it\/de\/besichtigungen\/\" \/>\n<meta property=\"og:site_name\" content=\"Museo Storico Italiano della Guerra\" \/>\n<meta property=\"article:publisher\" content=\"https:\/\/www.facebook.com\/museomitag\/\" \/>\n<meta property=\"article:modified_time\" content=\"2023-11-10T08:30:31+00:00\" \/>\n<meta name=\"twitter:card\" content=\"summary_large_image\" \/>\n<meta name=\"twitter:label1\" content=\"Gesch\u00e4tzte Lesezeit\" \/>\n\t<meta name=\"twitter:data1\" content=\"5\u00a0Minuten\" \/>\n<script type=\"application\/ld+json\" class=\"yoast-schema-graph\">{\"@context\":\"https:\\\/\\\/schema.org\",\"@graph\":[{\"@type\":\"WebPage\",\"@id\":\"https:\\\/\\\/museomitag.it\\\/de\\\/besichtigungen\\\/\",\"url\":\"https:\\\/\\\/museomitag.it\\\/de\\\/besichtigungen\\\/\",\"name\":\"Besichtigungen - Museo Storico Italiano della Guerra\",\"isPartOf\":{\"@id\":\"https:\\\/\\\/museomitag.it\\\/#website\"},\"datePublished\":\"2022-08-17T08:41:18+00:00\",\"dateModified\":\"2023-11-10T08:30:31+00:00\",\"breadcrumb\":{\"@id\":\"https:\\\/\\\/museomitag.it\\\/de\\\/besichtigungen\\\/#breadcrumb\"},\"inLanguage\":\"de\",\"potentialAction\":[{\"@type\":\"ReadAction\",\"target\":[\"https:\\\/\\\/museomitag.it\\\/de\\\/besichtigungen\\\/\"]}]},{\"@type\":\"BreadcrumbList\",\"@id\":\"https:\\\/\\\/museomitag.it\\\/de\\\/besichtigungen\\\/#breadcrumb\",\"itemListElement\":[{\"@type\":\"ListItem\",\"position\":1,\"name\":\"Home\",\"item\":\"https:\\\/\\\/museomitag.it\\\/de\\\/\"},{\"@type\":\"ListItem\",\"position\":2,\"name\":\"Organisiere\",\"item\":\"https:\\\/\\\/museomitag.it\\\/de\\\/?page_id=22255\"},{\"@type\":\"ListItem\",\"position\":3,\"name\":\"Besichtigungen\"}]},{\"@type\":\"WebSite\",\"@id\":\"https:\\\/\\\/museomitag.it\\\/#website\",\"url\":\"https:\\\/\\\/museomitag.it\\\/\",\"name\":\"MITAG Museo Storico Italiano della Guerra\",\"description\":\"Rovereto (TN) - Trentino\",\"publisher\":{\"@id\":\"https:\\\/\\\/museomitag.it\\\/#organization\"},\"potentialAction\":[{\"@type\":\"SearchAction\",\"target\":{\"@type\":\"EntryPoint\",\"urlTemplate\":\"https:\\\/\\\/museomitag.it\\\/?s={search_term_string}\"},\"query-input\":{\"@type\":\"PropertyValueSpecification\",\"valueRequired\":true,\"valueName\":\"search_term_string\"}}],\"inLanguage\":\"de\"},{\"@type\":\"Organization\",\"@id\":\"https:\\\/\\\/museomitag.it\\\/#organization\",\"name\":\"MITAG Museo Storico Italiano della Guerra\",\"url\":\"https:\\\/\\\/museomitag.it\\\/\",\"logo\":{\"@type\":\"ImageObject\",\"inLanguage\":\"de\",\"@id\":\"https:\\\/\\\/museomitag.it\\\/#\\\/schema\\\/logo\\\/image\\\/\",\"url\":\"https:\\\/\\\/museomitag.it\\\/wp-content\\\/uploads\\\/2025\\\/07\\\/Logo-MITAG-nero-500px.png\",\"contentUrl\":\"https:\\\/\\\/museomitag.it\\\/wp-content\\\/uploads\\\/2025\\\/07\\\/Logo-MITAG-nero-500px.png\",\"width\":500,\"height\":185,\"caption\":\"MITAG Museo Storico Italiano della Guerra\"},\"image\":{\"@id\":\"https:\\\/\\\/museomitag.it\\\/#\\\/schema\\\/logo\\\/image\\\/\"},\"sameAs\":[\"https:\\\/\\\/www.facebook.com\\\/museomitag\\\/\",\"https:\\\/\\\/www.instagram.com\\\/museomitag\\\/\"]}]}<\/script>\n<!-- \/ Yoast SEO plugin. -->","yoast_head_json":{"title":"Besichtigungen - Museo Storico Italiano della Guerra","robots":{"index":"index","follow":"follow","max-snippet":"max-snippet:-1","max-image-preview":"max-image-preview:large","max-video-preview":"max-video-preview:-1"},"canonical":"https:\/\/museomitag.it\/de\/besichtigungen\/","og_locale":"de_DE","og_type":"article","og_title":"Besichtigungen - Museo Storico Italiano della Guerra","og_description":"[vc_row disable_element=&#8220;yes&#8220;][vc_column][vc_images_carousel images=&#8220;10315,10318,10327,10321,10343,10312,10324,10339,10330,10333&#8243; img_size=&#8220;full&#8220; autoplay=&#8220;yes&#8220; hide_pagination_control=&#8220;yes&#8220; hide_prev_next_buttons=&#8220;yes&#8220; wrap=&#8220;yes&#8220; el_class=&#8220;img-tondo&#8220;][\/vc_column][\/vc_row][vc_row css=&#8220;.vc_custom_1638442128366{margin-top: 30px !important;}&#8220;][vc_column width=&#8220;1\/2&#8243;][vc_column_text] [\/vc_column_text][\/vc_column][vc_column width=&#8220;1\/2&#8243;][vc_column_text] Besuch planen Die Besichtigung der Burg und des Museums besteht aus einem Rundgang, der sich inhaltlich auf zwei Themenbereiche konzentriert:\u00a0 Zum einem geht es um die Geschichte der Armeen und der Kriegsf\u00fchrung zwischen dem neunzehnten Jahrhundert und dem Ersten Weltkrieg,","og_url":"https:\/\/museomitag.it\/de\/besichtigungen\/","og_site_name":"Museo Storico Italiano della Guerra","article_publisher":"https:\/\/www.facebook.com\/museomitag\/","article_modified_time":"2023-11-10T08:30:31+00:00","twitter_card":"summary_large_image","twitter_misc":{"Gesch\u00e4tzte Lesezeit":"5\u00a0Minuten"},"schema":{"@context":"https:\/\/schema.org","@graph":[{"@type":"WebPage","@id":"https:\/\/museomitag.it\/de\/besichtigungen\/","url":"https:\/\/museomitag.it\/de\/besichtigungen\/","name":"Besichtigungen - Museo Storico Italiano della Guerra","isPartOf":{"@id":"https:\/\/museomitag.it\/#website"},"datePublished":"2022-08-17T08:41:18+00:00","dateModified":"2023-11-10T08:30:31+00:00","breadcrumb":{"@id":"https:\/\/museomitag.it\/de\/besichtigungen\/#breadcrumb"},"inLanguage":"de","potentialAction":[{"@type":"ReadAction","target":["https:\/\/museomitag.it\/de\/besichtigungen\/"]}]},{"@type":"BreadcrumbList","@id":"https:\/\/museomitag.it\/de\/besichtigungen\/#breadcrumb","itemListElement":[{"@type":"ListItem","position":1,"name":"Home","item":"https:\/\/museomitag.it\/de\/"},{"@type":"ListItem","position":2,"name":"Organisiere","item":"https:\/\/museomitag.it\/de\/?page_id=22255"},{"@type":"ListItem","position":3,"name":"Besichtigungen"}]},{"@type":"WebSite","@id":"https:\/\/museomitag.it\/#website","url":"https:\/\/museomitag.it\/","name":"MITAG Museo Storico Italiano della Guerra","description":"Rovereto (TN) - Trentino","publisher":{"@id":"https:\/\/museomitag.it\/#organization"},"potentialAction":[{"@type":"SearchAction","target":{"@type":"EntryPoint","urlTemplate":"https:\/\/museomitag.it\/?s={search_term_string}"},"query-input":{"@type":"PropertyValueSpecification","valueRequired":true,"valueName":"search_term_string"}}],"inLanguage":"de"},{"@type":"Organization","@id":"https:\/\/museomitag.it\/#organization","name":"MITAG Museo Storico Italiano della Guerra","url":"https:\/\/museomitag.it\/","logo":{"@type":"ImageObject","inLanguage":"de","@id":"https:\/\/museomitag.it\/#\/schema\/logo\/image\/","url":"https:\/\/museomitag.it\/wp-content\/uploads\/2025\/07\/Logo-MITAG-nero-500px.png","contentUrl":"https:\/\/museomitag.it\/wp-content\/uploads\/2025\/07\/Logo-MITAG-nero-500px.png","width":500,"height":185,"caption":"MITAG Museo Storico Italiano della Guerra"},"image":{"@id":"https:\/\/museomitag.it\/#\/schema\/logo\/image\/"},"sameAs":["https:\/\/www.facebook.com\/museomitag\/","https:\/\/www.instagram.com\/museomitag\/"]}]}},"_links":{"self":[{"href":"https:\/\/museomitag.it\/de\/wp-json\/wp\/v2\/pages\/22259","targetHints":{"allow":["GET"]}}],"collection":[{"href":"https:\/\/museomitag.it\/de\/wp-json\/wp\/v2\/pages"}],"about":[{"href":"https:\/\/museomitag.it\/de\/wp-json\/wp\/v2\/types\/page"}],"author":[{"embeddable":true,"href":"https:\/\/museomitag.it\/de\/wp-json\/wp\/v2\/users\/1"}],"replies":[{"embeddable":true,"href":"https:\/\/museomitag.it\/de\/wp-json\/wp\/v2\/comments?post=22259"}],"version-history":[{"count":8,"href":"https:\/\/museomitag.it\/de\/wp-json\/wp\/v2\/pages\/22259\/revisions"}],"predecessor-version":[{"id":25689,"href":"https:\/\/museomitag.it\/de\/wp-json\/wp\/v2\/pages\/22259\/revisions\/25689"}],"up":[{"embeddable":true,"href":"https:\/\/museomitag.it\/de\/wp-json\/wp\/v2\/pages\/22255"}],"wp:attachment":[{"href":"https:\/\/museomitag.it\/de\/wp-json\/wp\/v2\/media?parent=22259"}],"curies":[{"name":"wp","href":"https:\/\/api.w.org\/{rel}","templated":true}]}}