{"id":22267,"date":"2022-08-17T11:07:21","date_gmt":"2022-08-17T09:07:21","guid":{"rendered":"https:\/\/museomitag.it\/?page_id=22267"},"modified":"2026-02-02T13:02:04","modified_gmt":"2026-02-02T12:02:04","slug":"gruppen","status":"publish","type":"page","link":"https:\/\/museomitag.it\/de\/gruppen\/","title":{"rendered":"Gruppen"},"content":{"rendered":"<p>[vc_row gap=&#8220;10&#8243; equal_height=&#8220;yes&#8220;][vc_column width=&#8220;2\/3&#8243;][vc_column_text css=&#8220;.vc_custom_1770033722243{padding-top: 20px !important;}&#8220;]<\/p>\n<h3>Gruppen<\/h3>\n<p>F\u00fcr Gruppen, die das Museum besichtigen m\u00f6chten, gibt es die M\u00f6glichkeit einer F\u00fchrung oder eines individuellen Rundgangs.<br \/>\nDie Reservierung ist obligatorisch f\u00fcr die Gruppen ab 10 Personen, auch f\u00fcr die Besichtigungen ohne F\u00fchrung kontaktieren Sie das Sekretariat (+39 0464 488041).<\/p>\n<p>&nbsp;<\/p>\n<h3>F\u00fchrungen<\/h3>\n<p>Der Besuch des Museums, des Schlosses und der tempor\u00e4ren Ausstellungen ist sehr umfassend, aus diesem Grund kann man vor der F\u00fchrung bestimmte Schwerpunkte vereinbaren.<\/p>\n<ul>\n<li>Gruppen von maximal 20 Personen<\/li>\n<li>Eintrittspreise: 10\u20ac pro Person, gratis f\u00fcr Jugendliche bis 18 Jahren, f\u00fcr Begleitpersonen und Gruppenreisef\u00fchrer<\/li>\n<li>F\u00fchrungen: 60\u20ac f\u00fcr jede F\u00fchrung (max. 20 Personen), die\u00a0 ca. 75 Minuten dauert.<\/li>\n<li>Die Reservierung ist maximal eine Woche vor dem geplanten Besuch unter der Telefonnummer+39 0464 488041 m\u00f6glich.<\/li>\n<\/ul>\n<p>&nbsp;<\/p>\n<h3>Zugang und Barrierefreiheit<\/h3>\n<p>Die Besichtigung findet innerhalb des Museums statt.<br \/>\nAufgrund der architektonischer Hindernisse m\u00fcssen Gruppen mit Besuchern mit motorischen Problemen vor der Besichtigung das Sekretariat kontaktieren.<br \/>\nF\u00fcr weitere Informationen konsultieren Sie bitte die <a href=\"https:\/\/museomitag.it\/de\/info\/zugaenglichkeit\/\">Seite Zugang.<\/a>[\/vc_column_text][\/vc_column][vc_column width=&#8220;1\/3&#8243; css=&#8220;.vc_custom_1637572552475{background-color: #6fa178 !important;}&#8220;][vc_column_text css=&#8220;.vc_custom_1755511442607{padding-top: 20px !important;padding-right: 20px !important;padding-left: 20px !important;}&#8220;]<\/p>\n<h3><span style=\"color: #ffffff;\">Kontakt<\/span><\/h3>\n<p><span style=\"color: #ffffff;\"><strong>Katjuscia Tevini<\/strong><\/span><br \/>\n<span style=\"color: #ffffff;\">tel. +39 0464 488041<br \/>\n<a style=\"color: #ffffff;\" href=\"mailto:didattica@museomitag.it\">didattica@museomitag.it<\/a><\/span><\/p>\n<p><span style=\"color: #ffffff;\"><br \/>\n<strong>Anna Pisetti<\/strong><\/span><br \/>\n<span style=\"color: #ffffff;\">+39 0464 438100 int. 209<br \/>\n<a style=\"color: #ffffff;\" href=\"mailto:annapisetti@museomitag.it\">annapisetti@museomitag.it<\/a><\/span>[\/vc_column_text][\/vc_column][\/vc_row][vc_row gap=&#8220;10&#8243; equal_height=&#8220;yes&#8220; disable_element=&#8220;yes&#8220; css=&#8220;.vc_custom_1642427981187{margin-top: 30px !important;}&#8220;][vc_column][vc_column_text]<\/p>\n<h3 style=\"text-align: left;\">VANTAGGI RISERVATI AI GRUPPI<\/h3>\n<p>[\/vc_column_text][\/vc_column][vc_column width=&#8220;1\/3&#8243; css=&#8220;.vc_custom_1637658081230{background-color: #f2f2f2 !important;}&#8220;][vc_column_text css=&#8220;.vc_custom_1637658060970{padding-top: 25px !important;padding-right: 25px !important;padding-bottom: 30px !important;padding-left: 25px !important;}&#8220;]<\/p>\n<h4>Cantina d&#8217;Isera<\/h4>\n<p>Visitando il Museo riceverete un coupon che d\u00e0 diritto allo sconto del 15% su tutti i vini e gli spumanti in vendita presso la Cantina d\u2019Isera. Per ricevere lo sconto \u00e8 sufficiente presentare il coupon insieme al biglietto d\u2019ingresso.<\/p>\n<p><a class=\"msig_btn\" href=\"http:\/\/www.cantinaisera.it\/\">Scopri la Cantina<\/a>[\/vc_column_text][vc_single_image image=&#8220;20727&#8243; img_size=&#8220;large&#8220;][\/vc_column][vc_column width=&#8220;1\/3&#8243; css=&#8220;.vc_custom_1637658090032{background-color: #f2f2f2 !important;}&#8220;][vc_column_text css=&#8220;.vc_custom_1637657603355{padding-top: 25px !important;padding-right: 25px !important;padding-bottom: 30px !important;padding-left: 25px !important;}&#8220;]<\/p>\n<h4>Ristoranti<\/h4>\n<p>Presentando il biglietto di ingresso al Museo il giorno stesso della visita o quello successivo nei ristoranti aderenti \u00e8 previsto il 10% di sconto su un pranzo o una cena. Consulta la lista dei ristoranti aderenti.<\/p>\n<p><a class=\"msig_btn\" href=\"http:\/\/www.midaticket.it\/eventi\/museo-della-guerra\">Lista dei ristoranti aderenti<\/a>[\/vc_column_text][vc_single_image image=&#8220;20730&#8243; img_size=&#8220;large&#8220;][\/vc_column][vc_column width=&#8220;1\/3&#8243; css=&#8220;.vc_custom_1637658100464{background-color: #f2f2f2 !important;}&#8220;][vc_column_text css=&#8220;.vc_custom_1637658005112{padding-top: 25px !important;padding-right: 25px !important;padding-bottom: 30px !important;padding-left: 25px !important;}&#8220;]<\/p>\n<h4>Proposte in Vallagarina<\/h4>\n<p>Bla bla bla bla bla Bla bla bla bla blaBla bla bla bla blaBla bla bla bla blaBla bla bla bla blaBla bla bla bla blaBla bla bla bla blaBla bla bla bla blaBla bla bla bla blaBla bla bla bla blaBla bla bla bla blaBla<\/p>\n<p><a class=\"msig_btn\" href=\"http:\/\/www.visitrovereto.it\">Scopri le proposte<\/a>[\/vc_column_text][vc_single_image image=&#8220;20733&#8243; img_size=&#8220;large&#8220;][\/vc_column][\/vc_row]<\/p>\n","protected":false},"excerpt":{"rendered":"<p>[vc_row gap=&#8220;10&#8243; equal_height=&#8220;yes&#8220;][vc_column width=&#8220;2\/3&#8243;][vc_column_text css=&#8220;.vc_custom_1770033722243{padding-top: 20px !important;}&#8220;] Gruppen F\u00fcr Gruppen, die das Museum besichtigen m\u00f6chten, gibt es die M\u00f6glichkeit einer F\u00fchrung oder eines individuellen Rundgangs. Die Reservierung ist obligatorisch f\u00fcr die Gruppen ab 10 Personen, auch f\u00fcr die Besichtigungen ohne F\u00fchrung kontaktieren Sie das Sekretariat (+39 0464 488041). &nbsp; F\u00fchrungen Der Besuch des Museums, des<\/p>\n","protected":false},"author":1,"featured_media":0,"parent":22255,"menu_order":0,"comment_status":"closed","ping_status":"closed","template":"page_visita.php","meta":{"footnotes":""},"class_list":["post-22267","page","type-page","status-publish","hentry"],"yoast_head":"<!-- This site is optimized with the Yoast SEO plugin v27.3 - https:\/\/yoast.com\/product\/yoast-seo-wordpress\/ -->\n<title>Gruppen - Museo Storico Italiano della Guerra<\/title>\n<meta name=\"robots\" content=\"index, follow, max-snippet:-1, max-image-preview:large, max-video-preview:-1\" \/>\n<link rel=\"canonical\" href=\"https:\/\/museomitag.it\/de\/gruppen\/\" \/>\n<meta property=\"og:locale\" content=\"de_DE\" \/>\n<meta property=\"og:type\" content=\"article\" \/>\n<meta property=\"og:title\" content=\"Gruppen - Museo Storico Italiano della Guerra\" \/>\n<meta property=\"og:description\" content=\"[vc_row gap=&#8220;10&#8243; equal_height=&#8220;yes&#8220;][vc_column width=&#8220;2\/3&#8243;][vc_column_text css=&#8220;.vc_custom_1770033722243{padding-top: 20px !important;}&#8220;] Gruppen F\u00fcr Gruppen, die das Museum besichtigen m\u00f6chten, gibt es die M\u00f6glichkeit einer F\u00fchrung oder eines individuellen Rundgangs. Die Reservierung ist obligatorisch f\u00fcr die Gruppen ab 10 Personen, auch f\u00fcr die Besichtigungen ohne F\u00fchrung kontaktieren Sie das Sekretariat (+39 0464 488041). &nbsp; F\u00fchrungen Der Besuch des Museums, des\" \/>\n<meta property=\"og:url\" content=\"https:\/\/museomitag.it\/de\/gruppen\/\" \/>\n<meta property=\"og:site_name\" content=\"Museo Storico Italiano della Guerra\" \/>\n<meta property=\"article:publisher\" content=\"https:\/\/www.facebook.com\/museomitag\/\" \/>\n<meta property=\"article:modified_time\" content=\"2026-02-02T12:02:04+00:00\" \/>\n<meta name=\"twitter:card\" content=\"summary_large_image\" \/>\n<meta name=\"twitter:label1\" content=\"Gesch\u00e4tzte Lesezeit\" \/>\n\t<meta name=\"twitter:data1\" content=\"3\u00a0Minuten\" \/>\n<script type=\"application\/ld+json\" class=\"yoast-schema-graph\">{\"@context\":\"https:\\\/\\\/schema.org\",\"@graph\":[{\"@type\":\"WebPage\",\"@id\":\"https:\\\/\\\/museomitag.it\\\/de\\\/gruppen\\\/\",\"url\":\"https:\\\/\\\/museomitag.it\\\/de\\\/gruppen\\\/\",\"name\":\"Gruppen - Museo Storico Italiano della Guerra\",\"isPartOf\":{\"@id\":\"https:\\\/\\\/museomitag.it\\\/#website\"},\"datePublished\":\"2022-08-17T09:07:21+00:00\",\"dateModified\":\"2026-02-02T12:02:04+00:00\",\"breadcrumb\":{\"@id\":\"https:\\\/\\\/museomitag.it\\\/de\\\/gruppen\\\/#breadcrumb\"},\"inLanguage\":\"de\",\"potentialAction\":[{\"@type\":\"ReadAction\",\"target\":[\"https:\\\/\\\/museomitag.it\\\/de\\\/gruppen\\\/\"]}]},{\"@type\":\"BreadcrumbList\",\"@id\":\"https:\\\/\\\/museomitag.it\\\/de\\\/gruppen\\\/#breadcrumb\",\"itemListElement\":[{\"@type\":\"ListItem\",\"position\":1,\"name\":\"Home\",\"item\":\"https:\\\/\\\/museomitag.it\\\/de\\\/\"},{\"@type\":\"ListItem\",\"position\":2,\"name\":\"Organisiere\",\"item\":\"https:\\\/\\\/museomitag.it\\\/de\\\/?page_id=22255\"},{\"@type\":\"ListItem\",\"position\":3,\"name\":\"Gruppen\"}]},{\"@type\":\"WebSite\",\"@id\":\"https:\\\/\\\/museomitag.it\\\/#website\",\"url\":\"https:\\\/\\\/museomitag.it\\\/\",\"name\":\"MITAG Museo Storico Italiano della Guerra\",\"description\":\"Rovereto (TN) - Trentino\",\"publisher\":{\"@id\":\"https:\\\/\\\/museomitag.it\\\/#organization\"},\"potentialAction\":[{\"@type\":\"SearchAction\",\"target\":{\"@type\":\"EntryPoint\",\"urlTemplate\":\"https:\\\/\\\/museomitag.it\\\/?s={search_term_string}\"},\"query-input\":{\"@type\":\"PropertyValueSpecification\",\"valueRequired\":true,\"valueName\":\"search_term_string\"}}],\"inLanguage\":\"de\"},{\"@type\":\"Organization\",\"@id\":\"https:\\\/\\\/museomitag.it\\\/#organization\",\"name\":\"MITAG Museo Storico Italiano della Guerra\",\"url\":\"https:\\\/\\\/museomitag.it\\\/\",\"logo\":{\"@type\":\"ImageObject\",\"inLanguage\":\"de\",\"@id\":\"https:\\\/\\\/museomitag.it\\\/#\\\/schema\\\/logo\\\/image\\\/\",\"url\":\"https:\\\/\\\/museomitag.it\\\/wp-content\\\/uploads\\\/2025\\\/07\\\/Logo-MITAG-nero-500px.png\",\"contentUrl\":\"https:\\\/\\\/museomitag.it\\\/wp-content\\\/uploads\\\/2025\\\/07\\\/Logo-MITAG-nero-500px.png\",\"width\":500,\"height\":185,\"caption\":\"MITAG Museo Storico Italiano della Guerra\"},\"image\":{\"@id\":\"https:\\\/\\\/museomitag.it\\\/#\\\/schema\\\/logo\\\/image\\\/\"},\"sameAs\":[\"https:\\\/\\\/www.facebook.com\\\/museomitag\\\/\",\"https:\\\/\\\/www.instagram.com\\\/museomitag\\\/\"]}]}<\/script>\n<!-- \/ Yoast SEO plugin. -->","yoast_head_json":{"title":"Gruppen - Museo Storico Italiano della Guerra","robots":{"index":"index","follow":"follow","max-snippet":"max-snippet:-1","max-image-preview":"max-image-preview:large","max-video-preview":"max-video-preview:-1"},"canonical":"https:\/\/museomitag.it\/de\/gruppen\/","og_locale":"de_DE","og_type":"article","og_title":"Gruppen - Museo Storico Italiano della Guerra","og_description":"[vc_row gap=&#8220;10&#8243; equal_height=&#8220;yes&#8220;][vc_column width=&#8220;2\/3&#8243;][vc_column_text css=&#8220;.vc_custom_1770033722243{padding-top: 20px !important;}&#8220;] Gruppen F\u00fcr Gruppen, die das Museum besichtigen m\u00f6chten, gibt es die M\u00f6glichkeit einer F\u00fchrung oder eines individuellen Rundgangs. Die Reservierung ist obligatorisch f\u00fcr die Gruppen ab 10 Personen, auch f\u00fcr die Besichtigungen ohne F\u00fchrung kontaktieren Sie das Sekretariat (+39 0464 488041). &nbsp; F\u00fchrungen Der Besuch des Museums, des","og_url":"https:\/\/museomitag.it\/de\/gruppen\/","og_site_name":"Museo Storico Italiano della Guerra","article_publisher":"https:\/\/www.facebook.com\/museomitag\/","article_modified_time":"2026-02-02T12:02:04+00:00","twitter_card":"summary_large_image","twitter_misc":{"Gesch\u00e4tzte Lesezeit":"3\u00a0Minuten"},"schema":{"@context":"https:\/\/schema.org","@graph":[{"@type":"WebPage","@id":"https:\/\/museomitag.it\/de\/gruppen\/","url":"https:\/\/museomitag.it\/de\/gruppen\/","name":"Gruppen - Museo Storico Italiano della Guerra","isPartOf":{"@id":"https:\/\/museomitag.it\/#website"},"datePublished":"2022-08-17T09:07:21+00:00","dateModified":"2026-02-02T12:02:04+00:00","breadcrumb":{"@id":"https:\/\/museomitag.it\/de\/gruppen\/#breadcrumb"},"inLanguage":"de","potentialAction":[{"@type":"ReadAction","target":["https:\/\/museomitag.it\/de\/gruppen\/"]}]},{"@type":"BreadcrumbList","@id":"https:\/\/museomitag.it\/de\/gruppen\/#breadcrumb","itemListElement":[{"@type":"ListItem","position":1,"name":"Home","item":"https:\/\/museomitag.it\/de\/"},{"@type":"ListItem","position":2,"name":"Organisiere","item":"https:\/\/museomitag.it\/de\/?page_id=22255"},{"@type":"ListItem","position":3,"name":"Gruppen"}]},{"@type":"WebSite","@id":"https:\/\/museomitag.it\/#website","url":"https:\/\/museomitag.it\/","name":"MITAG Museo Storico Italiano della Guerra","description":"Rovereto (TN) - Trentino","publisher":{"@id":"https:\/\/museomitag.it\/#organization"},"potentialAction":[{"@type":"SearchAction","target":{"@type":"EntryPoint","urlTemplate":"https:\/\/museomitag.it\/?s={search_term_string}"},"query-input":{"@type":"PropertyValueSpecification","valueRequired":true,"valueName":"search_term_string"}}],"inLanguage":"de"},{"@type":"Organization","@id":"https:\/\/museomitag.it\/#organization","name":"MITAG Museo Storico Italiano della Guerra","url":"https:\/\/museomitag.it\/","logo":{"@type":"ImageObject","inLanguage":"de","@id":"https:\/\/museomitag.it\/#\/schema\/logo\/image\/","url":"https:\/\/museomitag.it\/wp-content\/uploads\/2025\/07\/Logo-MITAG-nero-500px.png","contentUrl":"https:\/\/museomitag.it\/wp-content\/uploads\/2025\/07\/Logo-MITAG-nero-500px.png","width":500,"height":185,"caption":"MITAG Museo Storico Italiano della Guerra"},"image":{"@id":"https:\/\/museomitag.it\/#\/schema\/logo\/image\/"},"sameAs":["https:\/\/www.facebook.com\/museomitag\/","https:\/\/www.instagram.com\/museomitag\/"]}]}},"_links":{"self":[{"href":"https:\/\/museomitag.it\/de\/wp-json\/wp\/v2\/pages\/22267","targetHints":{"allow":["GET"]}}],"collection":[{"href":"https:\/\/museomitag.it\/de\/wp-json\/wp\/v2\/pages"}],"about":[{"href":"https:\/\/museomitag.it\/de\/wp-json\/wp\/v2\/types\/page"}],"author":[{"embeddable":true,"href":"https:\/\/museomitag.it\/de\/wp-json\/wp\/v2\/users\/1"}],"replies":[{"embeddable":true,"href":"https:\/\/museomitag.it\/de\/wp-json\/wp\/v2\/comments?post=22267"}],"version-history":[{"count":9,"href":"https:\/\/museomitag.it\/de\/wp-json\/wp\/v2\/pages\/22267\/revisions"}],"predecessor-version":[{"id":30311,"href":"https:\/\/museomitag.it\/de\/wp-json\/wp\/v2\/pages\/22267\/revisions\/30311"}],"up":[{"embeddable":true,"href":"https:\/\/museomitag.it\/de\/wp-json\/wp\/v2\/pages\/22255"}],"wp:attachment":[{"href":"https:\/\/museomitag.it\/de\/wp-json\/wp\/v2\/media?parent=22267"}],"curies":[{"name":"wp","href":"https:\/\/api.w.org\/{rel}","templated":true}]}}