{"id":22271,"date":"2022-08-17T11:20:35","date_gmt":"2022-08-17T09:20:35","guid":{"rendered":"https:\/\/museomitag.it\/?page_id=22271"},"modified":"2025-08-18T12:04:56","modified_gmt":"2025-08-18T10:04:56","slug":"familien","status":"publish","type":"page","link":"https:\/\/museomitag.it\/de\/familien\/","title":{"rendered":"Familien"},"content":{"rendered":"<p>[vc_row gap=&#8220;10&#8243; equal_height=&#8220;yes&#8220;][vc_column width=&#8220;1\/3&#8243; css=&#8220;.vc_custom_1637573578727{margin-left: 0px !important;background-image: url(https:\/\/museomitag.it\/wp-content\/uploads\/2020\/11\/Vettori_450x900_Famiglie_008_low.jpg?id=13164) !important;background-position: center !important;background-repeat: no-repeat !important;background-size: cover !important;}&#8220;][\/vc_column][vc_column width=&#8220;2\/3&#8243;][vc_column_text]<\/p>\n<h3>Das Museum mit den Kindern besuchen<\/h3>\n<p>Im Inneren der Burg f\u00fchrt ein eindrucksvoller Rundgang zur Entdeckung des Gefechtsmasts, der Stollen, der Kannonenscharten und der weiten Sammlung von R\u00fcstungen, wei\u00dfen Waffen und Schusswaffen.<br \/>\nIn der Abteilung, die dem ersten Weltkrieg gewidmet ist, werden die Gegenst\u00e4nde von Bildern und Zeugenaussagen des Krieges begleitet, die den Kindern das schwierige Thema des Krieges n\u00e4her beibringen sollen.<\/p>\n<h5><strong>Familienticket<\/strong><\/h5>\n<p>F\u00fcr die Erwachsene betr\u00e4gt die Eintrittskarte 11 Euro, <strong>der Eintritt ist frei f\u00fcr Kinder unter 18<\/strong>.<br \/>\n<a href=\"https:\/\/fcard.trentinofamiglia.it\/\">Euregio Family Pass<\/a>: reduzierte Eintrittskarte f\u00fcr Familien mit 1 oder 2 Erwachsenen und minderj\u00e4hrigen Kindern.<\/p>\n<h5><strong>Zugang und Kundendienst\u00a0<\/strong><\/h5>\n<p>Der Rundgang schl\u00e4ngelt sich in der Burg, deshalb sind einige architektonischen Barriere vorhanden.<br \/>\nKinderwagen k\u00f6nnen w\u00e4hrend des Museumsbesuches in der N\u00e4he von der Kasse\u00a0 in Verwahrung abgegeben werden. Im Eingang befindet sich die Toilette, die mit Wickeltisch ausgestattet ist.<\/p>\n<h5><strong>F\u00fcr Kinder<\/strong><\/h5>\n<p>W\u00e4hrend der Besichtigung werden Sie Schilderungen f\u00fcr Kinder finden,\u00a0 sodass sie die Themen, die in Museum behandelt werden, auf spielerische Weise besser verstehen k\u00f6nnen.<\/p>\n<p>&nbsp;<\/p>\n<p>Das Museum ist mit der familienfreundlichen Auszeichnung <em>Family in Trentino <\/em>der autonomen Provinz von Trient versehen.<\/p>\n<p><a href=\"https:\/\/www.trentinofamiglia.it\/Certificazioni-e-reti\/Family-in-Trentino\"><img loading=\"lazy\" decoding=\"async\" class=\"alignleft wp-image-13170\" src=\"https:\/\/museomitag.it\/wp-content\/uploads\/2015\/03\/Family-in-Trentino-R-trasparenza-300x154.png\" alt=\"\" width=\"150\" height=\"77\" srcset=\"https:\/\/museomitag.it\/wp-content\/uploads\/2015\/03\/Family-in-Trentino-R-trasparenza-300x154.png 300w, https:\/\/museomitag.it\/wp-content\/uploads\/2015\/03\/Family-in-Trentino-R-trasparenza.png 585w\" sizes=\"auto, (max-width: 150px) 100vw, 150px\" \/><\/a> \u00a0<img loading=\"lazy\" decoding=\"async\" class=\"aligncenter wp-image-13173\" src=\"https:\/\/museomitag.it\/wp-content\/uploads\/2020\/11\/MemberDFInTrentino_Colori_SfondoChiaro-300x185-1.png\" alt=\"\" width=\"150\" height=\"92\" \/>[\/vc_column_text][\/vc_column][\/vc_row][vc_row disable_element=&#8220;yes&#8220; css=&#8220;.vc_custom_1660727477839{margin-top: 30px !important;}&#8220;][vc_column width=&#8220;1\/2&#8243;][vc_column_text css=&#8220;.vc_custom_1649931796067{padding-top: 25px !important;padding-right: 25px !important;padding-bottom: 30px !important;padding-left: 25px !important;background-color: #f2f2f2 !important;}&#8220;]<\/p>\n<h4>Membership Card Family<\/h4>\n<p>Ti piace venire al Museo con i bambini? Iscriviti al nostro programma di Membership! Con la <strong>Card Family<\/strong> la tua famiglia entra gratis al museo per un anno e partecipa gratuitamente alle attivit\u00e0 del calendario per famiglie.<br \/>\n<a class=\"msig_btn\" href=\"https:\/\/museomitag.it\/de\/jahresmitglied-werden\/\">Scopri di pi\u00f9<\/a>[\/vc_column_text][vc_single_image image=&#8220;21648&#8243; img_size=&#8220;full&#8220;][\/vc_column][vc_column width=&#8220;1\/2&#8243;][vc_column_text css=&#8220;.vc_custom_1649932564431{padding-top: 20px !important;padding-right: 20px !important;padding-bottom: 20px !important;padding-left: 20px !important;background-color: #f2f2f2 !important;}&#8220;]<\/p>\n<h4>Compleanno al Castello<\/h4>\n<p>Vuoi festeggiare un compleanno diverso dal solito? Per i bambini dai 5 agli 8 anni il Museo propone una caccia al tesoro all&#8217;interno del Castello e uno spazio riservato per aprire i regali e festeggiare coi tuoi amici. Contattaci per maggiori informazioni!<\/p>\n<p><a class=\"msig_btn\" href=\"https:\/\/museomitag.it\/wp-content\/uploads\/2022\/04\/Compleanno-al-Castello-2022.pdf\">Scopri di pi\u00f9<\/a>[\/vc_column_text][vc_single_image image=&#8220;21926&#8243; img_size=&#8220;full&#8220; onclick=&#8220;custom_link&#8220; link=&#8220;https:\/\/museomitag.it\/wp-content\/uploads\/2022\/04\/Compleanno-al-Castello-2022.pdf&#8220;][\/vc_column][\/vc_row][vc_row gap=&#8220;10&#8243; equal_height=&#8220;yes&#8220; content_placement=&#8220;middle&#8220; css=&#8220;.vc_custom_1638454005201{margin-top: 30px !important;}&#8220;][vc_column width=&#8220;1\/2&#8243; css=&#8220;.vc_custom_1622720988491{background-image: url(https:\/\/museomitag.it\/wp-content\/uploads\/2021\/06\/IMG_20210401_134000-scaled.jpg?id=15298) !important;background-position: center !important;background-repeat: no-repeat !important;background-size: cover !important; }&#8220; el_class=&#8220;msig_intro_icona&#8220;][vc_column_text css=&#8220;.vc_custom_1676036218147{background-position: center !important;background-repeat: no-repeat !important;background-size: cover !important;}&#8220;]<\/p>\n<h3><a class=\"msig_intro_link\" title=\"Guarda, leggi e colora\" href=\"https:\/\/museomitag.it\/de\/familien\/beobachten-lesen-und-ausmalen\/\">Beobachten, lesen und ausmalen<\/a><br \/>\n<a class=\"msig_intro_txt\" title=\"Guarda, leggi e colora\" href=\"https:\/\/museomitag.it\/de\/familien\/beobachten-lesen-und-ausmalen\/\">Beobachten, lesen und ausmalen<\/a><\/h3>\n<p>[\/vc_column_text][\/vc_column][vc_column width=&#8220;1\/2&#8243; el_class=&#8220;msig_intro_icona&#8220; css=&#8220;.vc_custom_1622721594174{background-image: url(https:\/\/museomitag.it\/wp-content\/uploads\/2021\/06\/Asmara_famiglie-scaled.jpg?id=15303) !important;background-position: center !important;background-repeat: no-repeat !important;background-size: cover !important; }&#8220;][vc_column_text css=&#8220;.vc_custom_1676036233298{background-position: center !important;background-repeat: no-repeat !important;background-size: cover !important;}&#8220;]<\/p>\n<h3><a class=\"msig_intro_link\" title=\"Itinerari per famiglie\" href=\"https:\/\/museomitag.it\/de\/familien\/besichtigungsvorschlaege-fuer-familien\/\">Besichtigungsvorschl\u00e4ge f\u00fcr Familien<\/a><br \/>\n<a class=\"msig_intro_txt\" title=\"Itinerari per famiglie\" href=\"https:\/\/museomitag.it\/de\/familien\/besichtigungsvorschlaege-fuer-familien\/\">Besichtigungsvorschl\u00e4ge f\u00fcr Familien<\/a><\/h3>\n<p>[\/vc_column_text][\/vc_column][\/vc_row]<\/p>\n","protected":false},"excerpt":{"rendered":"<p>[vc_row gap=&#8220;10&#8243; equal_height=&#8220;yes&#8220;][vc_column width=&#8220;1\/3&#8243; css=&#8220;.vc_custom_1637573578727{margin-left: 0px !important;background-image: url(https:\/\/museomitag.it\/wp-content\/uploads\/2020\/11\/Vettori_450x900_Famiglie_008_low.jpg?id=13164) !important;background-position: center !important;background-repeat: no-repeat !important;background-size: cover !important;}&#8220;][\/vc_column][vc_column width=&#8220;2\/3&#8243;][vc_column_text] Das Museum mit den Kindern besuchen Im Inneren der Burg f\u00fchrt ein eindrucksvoller Rundgang zur Entdeckung des Gefechtsmasts, der Stollen, der Kannonenscharten und der weiten Sammlung von R\u00fcstungen, wei\u00dfen Waffen und Schusswaffen. In der Abteilung, die dem ersten Weltkrieg<\/p>\n","protected":false},"author":1,"featured_media":0,"parent":22255,"menu_order":0,"comment_status":"closed","ping_status":"closed","template":"page_visita.php","meta":{"footnotes":""},"class_list":["post-22271","page","type-page","status-publish","hentry"],"yoast_head":"<!-- This site is optimized with the Yoast SEO plugin v27.3 - https:\/\/yoast.com\/product\/yoast-seo-wordpress\/ -->\n<title>Familien - Museo Storico Italiano della Guerra<\/title>\n<meta name=\"robots\" content=\"index, follow, max-snippet:-1, max-image-preview:large, max-video-preview:-1\" \/>\n<link rel=\"canonical\" href=\"https:\/\/museomitag.it\/de\/familien\/\" \/>\n<meta property=\"og:locale\" content=\"de_DE\" \/>\n<meta property=\"og:type\" content=\"article\" \/>\n<meta property=\"og:title\" content=\"Familien - Museo Storico Italiano della Guerra\" \/>\n<meta property=\"og:description\" content=\"[vc_row gap=&#8220;10&#8243; equal_height=&#8220;yes&#8220;][vc_column width=&#8220;1\/3&#8243; css=&#8220;.vc_custom_1637573578727{margin-left: 0px !important;background-image: url(https:\/\/museomitag.it\/wp-content\/uploads\/2020\/11\/Vettori_450x900_Famiglie_008_low.jpg?id=13164) !important;background-position: center !important;background-repeat: no-repeat !important;background-size: cover !important;}&#8220;][\/vc_column][vc_column width=&#8220;2\/3&#8243;][vc_column_text] Das Museum mit den Kindern besuchen Im Inneren der Burg f\u00fchrt ein eindrucksvoller Rundgang zur Entdeckung des Gefechtsmasts, der Stollen, der Kannonenscharten und der weiten Sammlung von R\u00fcstungen, wei\u00dfen Waffen und Schusswaffen. In der Abteilung, die dem ersten Weltkrieg\" \/>\n<meta property=\"og:url\" content=\"https:\/\/museomitag.it\/de\/familien\/\" \/>\n<meta property=\"og:site_name\" content=\"Museo Storico Italiano della Guerra\" \/>\n<meta property=\"article:publisher\" content=\"https:\/\/www.facebook.com\/museomitag\/\" \/>\n<meta property=\"article:modified_time\" content=\"2025-08-18T10:04:56+00:00\" \/>\n<meta property=\"og:image\" content=\"https:\/\/museomitag.it\/wp-content\/uploads\/2015\/03\/Family-in-Trentino-R-trasparenza.png\" \/>\n\t<meta property=\"og:image:width\" content=\"585\" \/>\n\t<meta property=\"og:image:height\" content=\"300\" \/>\n\t<meta property=\"og:image:type\" content=\"image\/png\" \/>\n<meta name=\"twitter:card\" content=\"summary_large_image\" \/>\n<meta name=\"twitter:label1\" content=\"Gesch\u00e4tzte Lesezeit\" \/>\n\t<meta name=\"twitter:data1\" content=\"3\u00a0Minuten\" \/>\n<script type=\"application\/ld+json\" class=\"yoast-schema-graph\">{\"@context\":\"https:\\\/\\\/schema.org\",\"@graph\":[{\"@type\":\"WebPage\",\"@id\":\"https:\\\/\\\/museomitag.it\\\/de\\\/familien\\\/\",\"url\":\"https:\\\/\\\/museomitag.it\\\/de\\\/familien\\\/\",\"name\":\"Familien - Museo Storico Italiano della Guerra\",\"isPartOf\":{\"@id\":\"https:\\\/\\\/museomitag.it\\\/#website\"},\"primaryImageOfPage\":{\"@id\":\"https:\\\/\\\/museomitag.it\\\/de\\\/familien\\\/#primaryimage\"},\"image\":{\"@id\":\"https:\\\/\\\/museomitag.it\\\/de\\\/familien\\\/#primaryimage\"},\"thumbnailUrl\":\"https:\\\/\\\/museomitag.it\\\/wp-content\\\/uploads\\\/2015\\\/03\\\/Family-in-Trentino-R-trasparenza-300x154.png\",\"datePublished\":\"2022-08-17T09:20:35+00:00\",\"dateModified\":\"2025-08-18T10:04:56+00:00\",\"breadcrumb\":{\"@id\":\"https:\\\/\\\/museomitag.it\\\/de\\\/familien\\\/#breadcrumb\"},\"inLanguage\":\"de\",\"potentialAction\":[{\"@type\":\"ReadAction\",\"target\":[\"https:\\\/\\\/museomitag.it\\\/de\\\/familien\\\/\"]}]},{\"@type\":\"ImageObject\",\"inLanguage\":\"de\",\"@id\":\"https:\\\/\\\/museomitag.it\\\/de\\\/familien\\\/#primaryimage\",\"url\":\"https:\\\/\\\/museomitag.it\\\/wp-content\\\/uploads\\\/2015\\\/03\\\/Family-in-Trentino-R-trasparenza-300x154.png\",\"contentUrl\":\"https:\\\/\\\/museomitag.it\\\/wp-content\\\/uploads\\\/2015\\\/03\\\/Family-in-Trentino-R-trasparenza-300x154.png\"},{\"@type\":\"BreadcrumbList\",\"@id\":\"https:\\\/\\\/museomitag.it\\\/de\\\/familien\\\/#breadcrumb\",\"itemListElement\":[{\"@type\":\"ListItem\",\"position\":1,\"name\":\"Home\",\"item\":\"https:\\\/\\\/museomitag.it\\\/de\\\/\"},{\"@type\":\"ListItem\",\"position\":2,\"name\":\"Organisiere\",\"item\":\"https:\\\/\\\/museomitag.it\\\/de\\\/?page_id=22255\"},{\"@type\":\"ListItem\",\"position\":3,\"name\":\"Familien\"}]},{\"@type\":\"WebSite\",\"@id\":\"https:\\\/\\\/museomitag.it\\\/#website\",\"url\":\"https:\\\/\\\/museomitag.it\\\/\",\"name\":\"MITAG Museo Storico Italiano della Guerra\",\"description\":\"Rovereto (TN) - Trentino\",\"publisher\":{\"@id\":\"https:\\\/\\\/museomitag.it\\\/#organization\"},\"potentialAction\":[{\"@type\":\"SearchAction\",\"target\":{\"@type\":\"EntryPoint\",\"urlTemplate\":\"https:\\\/\\\/museomitag.it\\\/?s={search_term_string}\"},\"query-input\":{\"@type\":\"PropertyValueSpecification\",\"valueRequired\":true,\"valueName\":\"search_term_string\"}}],\"inLanguage\":\"de\"},{\"@type\":\"Organization\",\"@id\":\"https:\\\/\\\/museomitag.it\\\/#organization\",\"name\":\"MITAG Museo Storico Italiano della Guerra\",\"url\":\"https:\\\/\\\/museomitag.it\\\/\",\"logo\":{\"@type\":\"ImageObject\",\"inLanguage\":\"de\",\"@id\":\"https:\\\/\\\/museomitag.it\\\/#\\\/schema\\\/logo\\\/image\\\/\",\"url\":\"https:\\\/\\\/museomitag.it\\\/wp-content\\\/uploads\\\/2025\\\/07\\\/Logo-MITAG-nero-500px.png\",\"contentUrl\":\"https:\\\/\\\/museomitag.it\\\/wp-content\\\/uploads\\\/2025\\\/07\\\/Logo-MITAG-nero-500px.png\",\"width\":500,\"height\":185,\"caption\":\"MITAG Museo Storico Italiano della Guerra\"},\"image\":{\"@id\":\"https:\\\/\\\/museomitag.it\\\/#\\\/schema\\\/logo\\\/image\\\/\"},\"sameAs\":[\"https:\\\/\\\/www.facebook.com\\\/museomitag\\\/\",\"https:\\\/\\\/www.instagram.com\\\/museomitag\\\/\"]}]}<\/script>\n<!-- \/ Yoast SEO plugin. -->","yoast_head_json":{"title":"Familien - Museo Storico Italiano della Guerra","robots":{"index":"index","follow":"follow","max-snippet":"max-snippet:-1","max-image-preview":"max-image-preview:large","max-video-preview":"max-video-preview:-1"},"canonical":"https:\/\/museomitag.it\/de\/familien\/","og_locale":"de_DE","og_type":"article","og_title":"Familien - Museo Storico Italiano della Guerra","og_description":"[vc_row gap=&#8220;10&#8243; equal_height=&#8220;yes&#8220;][vc_column width=&#8220;1\/3&#8243; css=&#8220;.vc_custom_1637573578727{margin-left: 0px !important;background-image: url(https:\/\/museomitag.it\/wp-content\/uploads\/2020\/11\/Vettori_450x900_Famiglie_008_low.jpg?id=13164) !important;background-position: center !important;background-repeat: no-repeat !important;background-size: cover !important;}&#8220;][\/vc_column][vc_column width=&#8220;2\/3&#8243;][vc_column_text] Das Museum mit den Kindern besuchen Im Inneren der Burg f\u00fchrt ein eindrucksvoller Rundgang zur Entdeckung des Gefechtsmasts, der Stollen, der Kannonenscharten und der weiten Sammlung von R\u00fcstungen, wei\u00dfen Waffen und Schusswaffen. In der Abteilung, die dem ersten Weltkrieg","og_url":"https:\/\/museomitag.it\/de\/familien\/","og_site_name":"Museo Storico Italiano della Guerra","article_publisher":"https:\/\/www.facebook.com\/museomitag\/","article_modified_time":"2025-08-18T10:04:56+00:00","og_image":[{"width":585,"height":300,"url":"https:\/\/museomitag.it\/wp-content\/uploads\/2015\/03\/Family-in-Trentino-R-trasparenza.png","type":"image\/png"}],"twitter_card":"summary_large_image","twitter_misc":{"Gesch\u00e4tzte Lesezeit":"3\u00a0Minuten"},"schema":{"@context":"https:\/\/schema.org","@graph":[{"@type":"WebPage","@id":"https:\/\/museomitag.it\/de\/familien\/","url":"https:\/\/museomitag.it\/de\/familien\/","name":"Familien - Museo Storico Italiano della Guerra","isPartOf":{"@id":"https:\/\/museomitag.it\/#website"},"primaryImageOfPage":{"@id":"https:\/\/museomitag.it\/de\/familien\/#primaryimage"},"image":{"@id":"https:\/\/museomitag.it\/de\/familien\/#primaryimage"},"thumbnailUrl":"https:\/\/museomitag.it\/wp-content\/uploads\/2015\/03\/Family-in-Trentino-R-trasparenza-300x154.png","datePublished":"2022-08-17T09:20:35+00:00","dateModified":"2025-08-18T10:04:56+00:00","breadcrumb":{"@id":"https:\/\/museomitag.it\/de\/familien\/#breadcrumb"},"inLanguage":"de","potentialAction":[{"@type":"ReadAction","target":["https:\/\/museomitag.it\/de\/familien\/"]}]},{"@type":"ImageObject","inLanguage":"de","@id":"https:\/\/museomitag.it\/de\/familien\/#primaryimage","url":"https:\/\/museomitag.it\/wp-content\/uploads\/2015\/03\/Family-in-Trentino-R-trasparenza-300x154.png","contentUrl":"https:\/\/museomitag.it\/wp-content\/uploads\/2015\/03\/Family-in-Trentino-R-trasparenza-300x154.png"},{"@type":"BreadcrumbList","@id":"https:\/\/museomitag.it\/de\/familien\/#breadcrumb","itemListElement":[{"@type":"ListItem","position":1,"name":"Home","item":"https:\/\/museomitag.it\/de\/"},{"@type":"ListItem","position":2,"name":"Organisiere","item":"https:\/\/museomitag.it\/de\/?page_id=22255"},{"@type":"ListItem","position":3,"name":"Familien"}]},{"@type":"WebSite","@id":"https:\/\/museomitag.it\/#website","url":"https:\/\/museomitag.it\/","name":"MITAG Museo Storico Italiano della Guerra","description":"Rovereto (TN) - Trentino","publisher":{"@id":"https:\/\/museomitag.it\/#organization"},"potentialAction":[{"@type":"SearchAction","target":{"@type":"EntryPoint","urlTemplate":"https:\/\/museomitag.it\/?s={search_term_string}"},"query-input":{"@type":"PropertyValueSpecification","valueRequired":true,"valueName":"search_term_string"}}],"inLanguage":"de"},{"@type":"Organization","@id":"https:\/\/museomitag.it\/#organization","name":"MITAG Museo Storico Italiano della Guerra","url":"https:\/\/museomitag.it\/","logo":{"@type":"ImageObject","inLanguage":"de","@id":"https:\/\/museomitag.it\/#\/schema\/logo\/image\/","url":"https:\/\/museomitag.it\/wp-content\/uploads\/2025\/07\/Logo-MITAG-nero-500px.png","contentUrl":"https:\/\/museomitag.it\/wp-content\/uploads\/2025\/07\/Logo-MITAG-nero-500px.png","width":500,"height":185,"caption":"MITAG Museo Storico Italiano della Guerra"},"image":{"@id":"https:\/\/museomitag.it\/#\/schema\/logo\/image\/"},"sameAs":["https:\/\/www.facebook.com\/museomitag\/","https:\/\/www.instagram.com\/museomitag\/"]}]}},"_links":{"self":[{"href":"https:\/\/museomitag.it\/de\/wp-json\/wp\/v2\/pages\/22271","targetHints":{"allow":["GET"]}}],"collection":[{"href":"https:\/\/museomitag.it\/de\/wp-json\/wp\/v2\/pages"}],"about":[{"href":"https:\/\/museomitag.it\/de\/wp-json\/wp\/v2\/types\/page"}],"author":[{"embeddable":true,"href":"https:\/\/museomitag.it\/de\/wp-json\/wp\/v2\/users\/1"}],"replies":[{"embeddable":true,"href":"https:\/\/museomitag.it\/de\/wp-json\/wp\/v2\/comments?post=22271"}],"version-history":[{"count":7,"href":"https:\/\/museomitag.it\/de\/wp-json\/wp\/v2\/pages\/22271\/revisions"}],"predecessor-version":[{"id":29506,"href":"https:\/\/museomitag.it\/de\/wp-json\/wp\/v2\/pages\/22271\/revisions\/29506"}],"up":[{"embeddable":true,"href":"https:\/\/museomitag.it\/de\/wp-json\/wp\/v2\/pages\/22255"}],"wp:attachment":[{"href":"https:\/\/museomitag.it\/de\/wp-json\/wp\/v2\/media?parent=22271"}],"curies":[{"name":"wp","href":"https:\/\/api.w.org\/{rel}","templated":true}]}}