{"id":22275,"date":"2022-08-17T11:36:44","date_gmt":"2022-08-17T09:36:44","guid":{"rendered":"https:\/\/museomitag.it\/?page_id=22275"},"modified":"2023-02-10T14:40:12","modified_gmt":"2023-02-10T13:40:12","slug":"beobachten-lesen-und-ausmalen","status":"publish","type":"page","link":"https:\/\/museomitag.it\/de\/familien\/beobachten-lesen-und-ausmalen\/","title":{"rendered":"Beobachten, lesen und ausmalen"},"content":{"rendered":"<p>[vc_row gap=&#8220;10&#8243; equal_height=&#8220;yes&#8220; content_placement=&#8220;top&#8220;][vc_column width=&#8220;1\/2&#8243;][vc_column_text]<\/p>\n<h4>Die Kriegsfolgen mit einem Video verstehen<\/h4>\n<p>Dieser kurzen Animationsfilm macht verst\u00e4ndlich, was der Erste Weltkrieg war, und zeigt die Folgen f\u00fcr die Bev\u00f6lkerung und die Landschaft in Trentino.<\/p>\n<p>Das Video basiert auf den Illustrationen des Buchs \u201cAuf den Spuren des Gro\u00dfen Krieges im Trentino\u201d, realisiert vom Italienischen Kriegsmuseum, mit den Illustrationen von Federica Periotto und den Stimmen von Mario Spallino und Patrizia Pasqui.<\/p>\n<p>Auf dem <a href=\"https:\/\/www.youtube.com\/c\/MuseodellaGuerraRovereto\/featured\">Youtube-Kanal des Museums<\/a> finden Sie andere interessante Videos zum Thema.[\/vc_column_text][\/vc_column][vc_column width=&#8220;1\/2&#8243;][vc_column_text]<\/p>\n<div class=\"msig-video\"><iframe loading=\"lazy\" src=\"\/\/www.youtube.com\/embed\/QAKUm713b5E\" width=\"560\" height=\"315\" frameborder=\"0\" allowfullscreen=\"allowfullscreen\" data-mce-fragment=\"1\"><br \/>\n<\/iframe><\/div>\n<p>[\/vc_column_text][\/vc_column][\/vc_row][vc_row gap=&#8220;10&#8243; equal_height=&#8220;yes&#8220; content_placement=&#8220;middle&#8220; css=&#8220;.vc_custom_1638454377626{margin-top: 30px !important;}&#8220;][vc_column width=&#8220;1\/2&#8243;][vc_column_text css=&#8220;.vc_custom_1676036405209{padding-top: 20px !important;padding-right: 20px !important;padding-bottom: 20px !important;padding-left: 20px !important;background-color: #6fa178 !important;}&#8220;]<\/p>\n<div style=\"text-align: center;\">\n<p><iframe loading=\"lazy\" style=\"margin: 0 auto;\" src=\"\/\/v.calameo.com\/?bkcode=006003111e2324ce6d1b1&amp;mode=mini&amp;clickto=embed\" width=\"480\" height=\"300\" frameborder=\"0\" scrolling=\"no\" allowfullscreen=\"allowfullscreen\" data-mce-fragment=\"1\"><\/iframe><\/div>\n<p>[\/vc_column_text][\/vc_column][vc_column width=&#8220;1\/2&#8243;][vc_column_text css=&#8220;.vc_custom_1660728952337{padding-top: 20px !important;padding-bottom: 20px !important;}&#8220;]<\/p>\n<h4>Auf den Spuren des Krieges<\/h4>\n<p>In diesem B\u00fcchlein erz\u00e4hlen wir einige der bedeutendsten Aspekten des Krieges: das Leben der Soldaten in den Sch\u00fctzengraben, die Ver\u00e4nderung der Landschaft, die Geschichte von Gefangenen und Fl\u00fcchtlingen. Bilder und Fotos bereichern die Seiten und zeigen die Objekte, die man in den Museen oder in anderen Orten unseres Gebietes finden kann.<\/p>\n<p>Bl\u00e4ttern Sie\u00a0 es kostenlos durch oder kaufen Sie es im Museumsshop, es kostet nur 1\u0454! Andernfalls ist die Bestellung per Email m\u00f6glich, schreiben Sie bitte an\u00a0 <a href=\"mailto:bookshop@museodellagerra.it\">bookshop@museodellagerra.it<\/a>. Das B\u00fcchlein steht auf Italienisch, Englisch und Deutsch zur Verf\u00fcgung.[\/vc_column_text][\/vc_column][\/vc_row][vc_row css=&#8220;.vc_custom_1638867882705{margin-top: 30px !important;background-color: #f2f2f2 !important;}&#8220;][vc_column width=&#8220;1\/3&#8243;][vc_column_text css=&#8220;.vc_custom_1660728976395{padding-top: 20px !important;padding-left: 20px !important;}&#8220;]<\/p>\n<h4>Bilder zum Ausdrucken und Ausmalen<\/h4>\n<p>Speichern Sie die Bilder, dr\u00fccken Sie sie aus und am\u00fcsieren Sie sich beim Ausmalen wie Sie es m\u00f6gen. Die Bilder sind von Elena Modena realisiert worden.[\/vc_column_text][\/vc_column][vc_column width=&#8220;2\/3&#8243;][vc_masonry_media_grid element_width=&#8220;6&#8243; initial_loading_animation=&#8220;none&#8220; grid_id=&#8220;vc_gid:1676036409722-5e1fb5e0-81c3-10&#8243; include=&#8220;9672,9663,9675,13289&#8243; css=&#8220;.vc_custom_1638867836707{padding-top: 20px !important;padding-right: 50px !important;padding-bottom: 20px !important;padding-left: 50px !important;background-color: #f2f2f2 !important;}&#8220;][\/vc_column][\/vc_row]<\/p>\n","protected":false},"excerpt":{"rendered":"<p>[vc_row gap=&#8220;10&#8243; equal_height=&#8220;yes&#8220; content_placement=&#8220;top&#8220;][vc_column width=&#8220;1\/2&#8243;][vc_column_text] Die Kriegsfolgen mit einem Video verstehen Dieser kurzen Animationsfilm macht verst\u00e4ndlich, was der Erste Weltkrieg war, und zeigt die Folgen f\u00fcr die Bev\u00f6lkerung und die Landschaft in Trentino. Das Video basiert auf den Illustrationen des Buchs \u201cAuf den Spuren des Gro\u00dfen Krieges im Trentino\u201d, realisiert vom Italienischen Kriegsmuseum, mit den<\/p>\n","protected":false},"author":1,"featured_media":0,"parent":22271,"menu_order":0,"comment_status":"closed","ping_status":"closed","template":"page_visita.php","meta":{"footnotes":""},"class_list":["post-22275","page","type-page","status-publish","hentry"],"yoast_head":"<!-- This site is optimized with the Yoast SEO plugin v27.3 - https:\/\/yoast.com\/product\/yoast-seo-wordpress\/ -->\n<title>Beobachten, lesen und ausmalen - Museo Storico Italiano della Guerra<\/title>\n<meta name=\"robots\" content=\"index, follow, max-snippet:-1, max-image-preview:large, max-video-preview:-1\" \/>\n<link rel=\"canonical\" href=\"https:\/\/museomitag.it\/de\/familien\/beobachten-lesen-und-ausmalen\/\" \/>\n<meta property=\"og:locale\" content=\"de_DE\" \/>\n<meta property=\"og:type\" content=\"article\" \/>\n<meta property=\"og:title\" content=\"Beobachten, lesen und ausmalen - Museo Storico Italiano della Guerra\" \/>\n<meta property=\"og:description\" content=\"[vc_row gap=&#8220;10&#8243; equal_height=&#8220;yes&#8220; content_placement=&#8220;top&#8220;][vc_column width=&#8220;1\/2&#8243;][vc_column_text] Die Kriegsfolgen mit einem Video verstehen Dieser kurzen Animationsfilm macht verst\u00e4ndlich, was der Erste Weltkrieg war, und zeigt die Folgen f\u00fcr die Bev\u00f6lkerung und die Landschaft in Trentino. Das Video basiert auf den Illustrationen des Buchs \u201cAuf den Spuren des Gro\u00dfen Krieges im Trentino\u201d, realisiert vom Italienischen Kriegsmuseum, mit den\" \/>\n<meta property=\"og:url\" content=\"https:\/\/museomitag.it\/de\/familien\/beobachten-lesen-und-ausmalen\/\" \/>\n<meta property=\"og:site_name\" content=\"Museo Storico Italiano della Guerra\" \/>\n<meta property=\"article:publisher\" content=\"https:\/\/www.facebook.com\/museomitag\/\" \/>\n<meta property=\"article:modified_time\" content=\"2023-02-10T13:40:12+00:00\" \/>\n<meta name=\"twitter:card\" content=\"summary_large_image\" \/>\n<meta name=\"twitter:label1\" content=\"Gesch\u00e4tzte Lesezeit\" \/>\n\t<meta name=\"twitter:data1\" content=\"2\u00a0Minuten\" \/>\n<script type=\"application\/ld+json\" class=\"yoast-schema-graph\">{\"@context\":\"https:\\\/\\\/schema.org\",\"@graph\":[{\"@type\":\"WebPage\",\"@id\":\"https:\\\/\\\/museomitag.it\\\/de\\\/familien\\\/beobachten-lesen-und-ausmalen\\\/\",\"url\":\"https:\\\/\\\/museomitag.it\\\/de\\\/familien\\\/beobachten-lesen-und-ausmalen\\\/\",\"name\":\"Beobachten, lesen und ausmalen - Museo Storico Italiano della Guerra\",\"isPartOf\":{\"@id\":\"https:\\\/\\\/museomitag.it\\\/#website\"},\"datePublished\":\"2022-08-17T09:36:44+00:00\",\"dateModified\":\"2023-02-10T13:40:12+00:00\",\"breadcrumb\":{\"@id\":\"https:\\\/\\\/museomitag.it\\\/de\\\/familien\\\/beobachten-lesen-und-ausmalen\\\/#breadcrumb\"},\"inLanguage\":\"de\",\"potentialAction\":[{\"@type\":\"ReadAction\",\"target\":[\"https:\\\/\\\/museomitag.it\\\/de\\\/familien\\\/beobachten-lesen-und-ausmalen\\\/\"]}]},{\"@type\":\"BreadcrumbList\",\"@id\":\"https:\\\/\\\/museomitag.it\\\/de\\\/familien\\\/beobachten-lesen-und-ausmalen\\\/#breadcrumb\",\"itemListElement\":[{\"@type\":\"ListItem\",\"position\":1,\"name\":\"Home\",\"item\":\"https:\\\/\\\/museomitag.it\\\/de\\\/\"},{\"@type\":\"ListItem\",\"position\":2,\"name\":\"Organisiere\",\"item\":\"https:\\\/\\\/museomitag.it\\\/de\\\/?page_id=22255\"},{\"@type\":\"ListItem\",\"position\":3,\"name\":\"Familien\",\"item\":\"https:\\\/\\\/museomitag.it\\\/de\\\/familien\\\/\"},{\"@type\":\"ListItem\",\"position\":4,\"name\":\"Beobachten, lesen und ausmalen\"}]},{\"@type\":\"WebSite\",\"@id\":\"https:\\\/\\\/museomitag.it\\\/#website\",\"url\":\"https:\\\/\\\/museomitag.it\\\/\",\"name\":\"MITAG Museo Storico Italiano della Guerra\",\"description\":\"Rovereto (TN) - Trentino\",\"publisher\":{\"@id\":\"https:\\\/\\\/museomitag.it\\\/#organization\"},\"potentialAction\":[{\"@type\":\"SearchAction\",\"target\":{\"@type\":\"EntryPoint\",\"urlTemplate\":\"https:\\\/\\\/museomitag.it\\\/?s={search_term_string}\"},\"query-input\":{\"@type\":\"PropertyValueSpecification\",\"valueRequired\":true,\"valueName\":\"search_term_string\"}}],\"inLanguage\":\"de\"},{\"@type\":\"Organization\",\"@id\":\"https:\\\/\\\/museomitag.it\\\/#organization\",\"name\":\"MITAG Museo Storico Italiano della Guerra\",\"url\":\"https:\\\/\\\/museomitag.it\\\/\",\"logo\":{\"@type\":\"ImageObject\",\"inLanguage\":\"de\",\"@id\":\"https:\\\/\\\/museomitag.it\\\/#\\\/schema\\\/logo\\\/image\\\/\",\"url\":\"https:\\\/\\\/museomitag.it\\\/wp-content\\\/uploads\\\/2025\\\/07\\\/Logo-MITAG-nero-500px.png\",\"contentUrl\":\"https:\\\/\\\/museomitag.it\\\/wp-content\\\/uploads\\\/2025\\\/07\\\/Logo-MITAG-nero-500px.png\",\"width\":500,\"height\":185,\"caption\":\"MITAG Museo Storico Italiano della Guerra\"},\"image\":{\"@id\":\"https:\\\/\\\/museomitag.it\\\/#\\\/schema\\\/logo\\\/image\\\/\"},\"sameAs\":[\"https:\\\/\\\/www.facebook.com\\\/museomitag\\\/\",\"https:\\\/\\\/www.instagram.com\\\/museomitag\\\/\"]}]}<\/script>\n<!-- \/ Yoast SEO plugin. -->","yoast_head_json":{"title":"Beobachten, lesen und ausmalen - Museo Storico Italiano della Guerra","robots":{"index":"index","follow":"follow","max-snippet":"max-snippet:-1","max-image-preview":"max-image-preview:large","max-video-preview":"max-video-preview:-1"},"canonical":"https:\/\/museomitag.it\/de\/familien\/beobachten-lesen-und-ausmalen\/","og_locale":"de_DE","og_type":"article","og_title":"Beobachten, lesen und ausmalen - Museo Storico Italiano della Guerra","og_description":"[vc_row gap=&#8220;10&#8243; equal_height=&#8220;yes&#8220; content_placement=&#8220;top&#8220;][vc_column width=&#8220;1\/2&#8243;][vc_column_text] Die Kriegsfolgen mit einem Video verstehen Dieser kurzen Animationsfilm macht verst\u00e4ndlich, was der Erste Weltkrieg war, und zeigt die Folgen f\u00fcr die Bev\u00f6lkerung und die Landschaft in Trentino. Das Video basiert auf den Illustrationen des Buchs \u201cAuf den Spuren des Gro\u00dfen Krieges im Trentino\u201d, realisiert vom Italienischen Kriegsmuseum, mit den","og_url":"https:\/\/museomitag.it\/de\/familien\/beobachten-lesen-und-ausmalen\/","og_site_name":"Museo Storico Italiano della Guerra","article_publisher":"https:\/\/www.facebook.com\/museomitag\/","article_modified_time":"2023-02-10T13:40:12+00:00","twitter_card":"summary_large_image","twitter_misc":{"Gesch\u00e4tzte Lesezeit":"2\u00a0Minuten"},"schema":{"@context":"https:\/\/schema.org","@graph":[{"@type":"WebPage","@id":"https:\/\/museomitag.it\/de\/familien\/beobachten-lesen-und-ausmalen\/","url":"https:\/\/museomitag.it\/de\/familien\/beobachten-lesen-und-ausmalen\/","name":"Beobachten, lesen und ausmalen - Museo Storico Italiano della Guerra","isPartOf":{"@id":"https:\/\/museomitag.it\/#website"},"datePublished":"2022-08-17T09:36:44+00:00","dateModified":"2023-02-10T13:40:12+00:00","breadcrumb":{"@id":"https:\/\/museomitag.it\/de\/familien\/beobachten-lesen-und-ausmalen\/#breadcrumb"},"inLanguage":"de","potentialAction":[{"@type":"ReadAction","target":["https:\/\/museomitag.it\/de\/familien\/beobachten-lesen-und-ausmalen\/"]}]},{"@type":"BreadcrumbList","@id":"https:\/\/museomitag.it\/de\/familien\/beobachten-lesen-und-ausmalen\/#breadcrumb","itemListElement":[{"@type":"ListItem","position":1,"name":"Home","item":"https:\/\/museomitag.it\/de\/"},{"@type":"ListItem","position":2,"name":"Organisiere","item":"https:\/\/museomitag.it\/de\/?page_id=22255"},{"@type":"ListItem","position":3,"name":"Familien","item":"https:\/\/museomitag.it\/de\/familien\/"},{"@type":"ListItem","position":4,"name":"Beobachten, lesen und ausmalen"}]},{"@type":"WebSite","@id":"https:\/\/museomitag.it\/#website","url":"https:\/\/museomitag.it\/","name":"MITAG Museo Storico Italiano della Guerra","description":"Rovereto (TN) - Trentino","publisher":{"@id":"https:\/\/museomitag.it\/#organization"},"potentialAction":[{"@type":"SearchAction","target":{"@type":"EntryPoint","urlTemplate":"https:\/\/museomitag.it\/?s={search_term_string}"},"query-input":{"@type":"PropertyValueSpecification","valueRequired":true,"valueName":"search_term_string"}}],"inLanguage":"de"},{"@type":"Organization","@id":"https:\/\/museomitag.it\/#organization","name":"MITAG Museo Storico Italiano della Guerra","url":"https:\/\/museomitag.it\/","logo":{"@type":"ImageObject","inLanguage":"de","@id":"https:\/\/museomitag.it\/#\/schema\/logo\/image\/","url":"https:\/\/museomitag.it\/wp-content\/uploads\/2025\/07\/Logo-MITAG-nero-500px.png","contentUrl":"https:\/\/museomitag.it\/wp-content\/uploads\/2025\/07\/Logo-MITAG-nero-500px.png","width":500,"height":185,"caption":"MITAG Museo Storico Italiano della Guerra"},"image":{"@id":"https:\/\/museomitag.it\/#\/schema\/logo\/image\/"},"sameAs":["https:\/\/www.facebook.com\/museomitag\/","https:\/\/www.instagram.com\/museomitag\/"]}]}},"_links":{"self":[{"href":"https:\/\/museomitag.it\/de\/wp-json\/wp\/v2\/pages\/22275","targetHints":{"allow":["GET"]}}],"collection":[{"href":"https:\/\/museomitag.it\/de\/wp-json\/wp\/v2\/pages"}],"about":[{"href":"https:\/\/museomitag.it\/de\/wp-json\/wp\/v2\/types\/page"}],"author":[{"embeddable":true,"href":"https:\/\/museomitag.it\/de\/wp-json\/wp\/v2\/users\/1"}],"replies":[{"embeddable":true,"href":"https:\/\/museomitag.it\/de\/wp-json\/wp\/v2\/comments?post=22275"}],"version-history":[{"count":4,"href":"https:\/\/museomitag.it\/de\/wp-json\/wp\/v2\/pages\/22275\/revisions"}],"predecessor-version":[{"id":23893,"href":"https:\/\/museomitag.it\/de\/wp-json\/wp\/v2\/pages\/22275\/revisions\/23893"}],"up":[{"embeddable":true,"href":"https:\/\/museomitag.it\/de\/wp-json\/wp\/v2\/pages\/22271"}],"wp:attachment":[{"href":"https:\/\/museomitag.it\/de\/wp-json\/wp\/v2\/media?parent=22275"}],"curies":[{"name":"wp","href":"https:\/\/api.w.org\/{rel}","templated":true}]}}