{"id":22287,"date":"2023-02-02T13:22:48","date_gmt":"2023-02-02T12:22:48","guid":{"rendered":"https:\/\/museomitag.it\/?page_id=22287"},"modified":"2023-02-10T15:45:38","modified_gmt":"2023-02-10T14:45:38","slug":"mission-und-geschichte","status":"publish","type":"page","link":"https:\/\/museomitag.it\/de\/mission-und-geschichte\/","title":{"rendered":"Mission und Geschichte"},"content":{"rendered":"<p>[vc_row][vc_column][vc_single_image image=&#8220;18394&#8243; img_size=&#8220;full&#8220;][\/vc_column][\/vc_row][vc_row css=&#8220;.vc_custom_1638445953048{margin-top: 30px !important;}&#8220;][vc_column][vc_column_text css=&#8220;.vc_custom_1676040335684{margin-bottom: 30px !important;}&#8220;]<\/p>\n<h3>\u00dcber uns<\/h3>\n<p>Das Italienische Historische Kriegsmuseum ist ein privatrechtlicher <a href=\"https:\/\/museomitag.it\/de\/verein\/\">Verein<\/a> mit etwa 300 Mitgliedern. Ihm beitreten k\u00f6nnen Museen, Vereine, Unternehmen, \u00f6ffentliche Einrichtungen und Privatpersonen. Die Mitglieder entrichten einen j\u00e4hrlichen Mitgliedsbeitrag. Gef\u00fchrt wird die Einrichtung von einem von den Mitgliedern gew\u00e4hlten Verwaltungsrat. Die Haushaltf\u00fchrung und die Verabschiedung der Jahresbilanz erfolgen mit maximaler Transparenz.<\/p>\n<p>Das Museum geh\u00f6rt dem Museumsverbund der Autonomen Provinz Trient an. Es hat seinen Sitz in der Burg von Rovereto, die der Stadtgemeinde Rovereto geh\u00f6rt.<\/p>\n<p>Es bestehen Beziehungen mit \u00f6ffentlichen Einrichtungen, Vereinen und Unternehmen sowie <a href=\"https:\/\/museomitag.it\/de\/serviceleistungen\/leihgaben-und-konventionen\/\">Kollaborationen<\/a> und Austausche mit Dutzenden von Museen in Italien und Europa.<\/p>\n<p>Das Museum koordiniert den Museumsverbund <a href=\"https:\/\/museomitag.it\/de\/sonderprojekte\/rete-trentino-grande-guerra\/\">Rete Trentino Grande Guerra<\/a>.[\/vc_column_text][vc_tta_accordion color=&#8220;juicy-pink&#8220; c_icon=&#8220;chevron&#8220; active_section=&#8220;&#8220; collapsible_all=&#8220;true&#8220;][vc_tta_section title=&#8220;Mission&#8220; tab_id=&#8220;1638188076985-514d5b2b-340d&#8220;][vc_column_text]Das Italienische Historische Kriegsmuseum sammelt und stellt Dokumente, Bilder und Zeugnisse von M\u00e4nner und Frauen aus Kriegen von der Moderne bis in die heutige Zeit aus.<\/p>\n<p>Das Museum ist ein Ort der Konservation, Forschung, Wissensvermittlung und Weiterbildung zum Thema Krieg und seiner Auswirkungen auf Menschen, Gesellschaft, Kultur und Umwelt.<\/p>\n<p>Seit 1921 bewahrt und interpretiert das Museum die vielseitigen materiellen und immateriellen Hinterlassenschaften des Ersten Weltkrieges und anderer zeitgeschichtlicher Konflikte.<\/p>\n<p>Das Museum sieht es als seine Aufgabe an, ausgehend von der zerrei\u00dfenden Erfahrungen des Ersten Weltkrieges, mittels \u00f6ffentlicher Debatte und aktiven Teilnahme am \u00f6ffentlichen Leben, eine kritische Sichtweise \u00fcber die Geschichte der Kriege zu f\u00f6rdern und die Grundprinzipien Frieden und Vers\u00f6hnung zu st\u00e4rken.<\/p>\n<p>Die Perspektive in der Recherche und im Storytelling reicht in internationaler Optik von der Moderne bis zu aktuellen Konflikten.<\/p>\n<p>Das Museum arbeitet mit nationalen und internationalen Kultureinrichtungen zusammen, die die gleichen Ziele verfolgen.<\/p>\n<p>Auf regionaler Ebene zielt das Museum darauf ab, die materiellen und immateriellen Erinnerungen an den Ersten Weltkrieg zu bewahren und das durch die historischen Ereignisse gepr\u00e4gte Land aufzuwerten. Zu diesem Zweck arbeitet es mit \u00f6ffentlichen Einrichtungen und privatrechtlichen Vereinen zusammen, und koordiniert zudem das Museumsnetzwerk auf Provinzebene.<\/p>\n<p>Das Museum setzt sich f\u00fcr einen besseren Zugang auf Wissen und Sammlungen ein, mit dem Bewusstsein, dass die Einbeziehung der Bev\u00f6lkerung entscheidend f\u00fcr das Erreichen eines kollektiven Wohlergehens ist.[\/vc_column_text][\/vc_tta_section][\/vc_tta_accordion][\/vc_column][\/vc_row][vc_row css=&#8220;.vc_custom_1639658861621{margin-top: 30px !important;}&#8220;][vc_column][vc_column_text]<\/p>\n<h3>Unsere Geschichte<\/h3>\n<p>In den Anfangsjahren bot das Museum eine ideologische Sichtweise des Konfliktes, als abschlie\u00dfendes Kapitel des Risorgimento. Die Gr\u00fcnderv\u00e4ter sahen das Museum als eine Einrichtung, die an die Befreiung des Landes erinnern und mit dem der Anschluss des Trentino an Italien zelebriert werden sollte.<\/p>\n<p>Die urspr\u00fcngliche Ausstellungsgestaltung hatte ein p\u00e4dagogisches Ziel: es wurde weder nach den Ursachen gefragt noch die Ereignisse chronologisch dargestellt. Die damaligen Besucher waren Zeitzeugen und bed\u00fcrften keiner beschreibenden oder erkl\u00e4renden Texte.<\/p>\n<p>Ab Mitte der 1980er Jahre gab es eine Richtungswendung in der Arbeit des Museums. Mittels Sonderausstellungen, Tagungen und Ver\u00f6ffentlichungen wurden neue Themen aufgegriffen. Es wurden Kontakte mit den Universit\u00e4ten gekn\u00fcpft, die museale Darstellung in Frage gestellt und die Sammlungen analysiert. Als Ende der 1990er Jahre ein Projekt in Angriff genommen wurde, welches die Restaurierung der Burg zum Ziel hatte, wurde zugleich der Weg f\u00fcr eine Neugestaltung der Dauerausstellungen frei, die auch die Art der Darstellung des Themas Erster Weltkrieg umfasste.<\/p>\n<p>Seitdem hat sich das Museum immer mehr als kulturelles Zentrum des Landes herauskristallisiert, in dem man sich trifft und neue Erfahrungen sammelt. Besonderes Augenmerk wurde auf die verschiedenen Bed\u00fcrfnisse eines differenzierten Besucherstroms gerichtet und Instrumente sowie Besuchsprogramme geschaffen, die Familien, ausl\u00e4ndische Besucher und Touristen zufriedenstellen. Einen zentralen Punkt nehmen dabei Schulklassen ein, f\u00fcr die zahlreiche didaktische Angebote geschaffen wurden. Es wurden Kontakte mit Kulturzentren, Vereinen und \u00f6rtlichen Einrichtungen gekn\u00fcpft, die h\u00e4ufig die Aufwertung des historischen Erbes des Ersten Weltkrieges zum Ziel haben. Das Museum begann zudem seinen Archivbestand im Internet und mittels multimedialer Instrumente zur Verf\u00fcgung zu stellen.<\/p>\n<p>Zum hundertsten Jahrestag des Bestehens des Museums wurde der Band <em>Un secolo di storia, cent\u2019anni di storie. Museo Storico Italiano della Guerra 1921-2021\u00a0<\/em>ver\u00f6ffentlicht. Weitere <a href=\"https:\/\/museomitag.it\/wp-content\/uploads\/2021\/11\/Un-secolo-di-storia-centanni-di-storie_Scheda-libro.docx.pdf\">Infos zum Buch<\/a>.[\/vc_column_text][vc_images_carousel images=&#8220;15558,15555,15552,15549,15543,15537,15534,15531,15528,15522,15525&#8243; img_size=&#8220;large&#8220; onclick=&#8220;link_no&#8220; speed=&#8220;3500&#8243; autoplay=&#8220;yes&#8220; wrap=&#8220;yes&#8220; css=&#8220;.vc_custom_1638195359977{margin-top: 30px !important;margin-bottom: 30px !important;padding-right: 20px !important;padding-left: 20px !important;}&#8220;][\/vc_column][\/vc_row]<\/p>\n","protected":false},"excerpt":{"rendered":"<p>[vc_row][vc_column][vc_single_image image=&#8220;18394&#8243; img_size=&#8220;full&#8220;][\/vc_column][\/vc_row][vc_row css=&#8220;.vc_custom_1638445953048{margin-top: 30px !important;}&#8220;][vc_column][vc_column_text css=&#8220;.vc_custom_1676040335684{margin-bottom: 30px !important;}&#8220;] \u00dcber uns Das Italienische Historische Kriegsmuseum ist ein privatrechtlicher Verein mit etwa 300 Mitgliedern. Ihm beitreten k\u00f6nnen Museen, Vereine, Unternehmen, \u00f6ffentliche Einrichtungen und Privatpersonen. Die Mitglieder entrichten einen j\u00e4hrlichen Mitgliedsbeitrag. Gef\u00fchrt wird die Einrichtung von einem von den Mitgliedern gew\u00e4hlten Verwaltungsrat. Die Haushaltf\u00fchrung und die Verabschiedung<\/p>\n","protected":false},"author":1,"featured_media":0,"parent":22283,"menu_order":0,"comment_status":"closed","ping_status":"closed","template":"page_chi.php","meta":{"footnotes":""},"class_list":["post-22287","page","type-page","status-publish","hentry"],"yoast_head":"<!-- This site is optimized with the Yoast SEO plugin v27.3 - https:\/\/yoast.com\/product\/yoast-seo-wordpress\/ -->\n<title>Mission und Geschichte - Museo Storico Italiano della Guerra<\/title>\n<meta name=\"robots\" content=\"index, follow, max-snippet:-1, max-image-preview:large, max-video-preview:-1\" \/>\n<link rel=\"canonical\" href=\"https:\/\/museomitag.it\/de\/mission-und-geschichte\/\" \/>\n<meta property=\"og:locale\" content=\"de_DE\" \/>\n<meta property=\"og:type\" content=\"article\" \/>\n<meta property=\"og:title\" content=\"Mission und Geschichte - Museo Storico Italiano della Guerra\" \/>\n<meta property=\"og:description\" content=\"[vc_row][vc_column][vc_single_image image=&#8220;18394&#8243; img_size=&#8220;full&#8220;][\/vc_column][\/vc_row][vc_row css=&#8220;.vc_custom_1638445953048{margin-top: 30px !important;}&#8220;][vc_column][vc_column_text css=&#8220;.vc_custom_1676040335684{margin-bottom: 30px !important;}&#8220;] \u00dcber uns Das Italienische Historische Kriegsmuseum ist ein privatrechtlicher Verein mit etwa 300 Mitgliedern. Ihm beitreten k\u00f6nnen Museen, Vereine, Unternehmen, \u00f6ffentliche Einrichtungen und Privatpersonen. Die Mitglieder entrichten einen j\u00e4hrlichen Mitgliedsbeitrag. Gef\u00fchrt wird die Einrichtung von einem von den Mitgliedern gew\u00e4hlten Verwaltungsrat. Die Haushaltf\u00fchrung und die Verabschiedung\" \/>\n<meta property=\"og:url\" content=\"https:\/\/museomitag.it\/de\/mission-und-geschichte\/\" \/>\n<meta property=\"og:site_name\" content=\"Museo Storico Italiano della Guerra\" \/>\n<meta property=\"article:publisher\" content=\"https:\/\/www.facebook.com\/museomitag\/\" \/>\n<meta property=\"article:modified_time\" content=\"2023-02-10T14:45:38+00:00\" \/>\n<meta name=\"twitter:card\" content=\"summary_large_image\" \/>\n<meta name=\"twitter:label1\" content=\"Gesch\u00e4tzte Lesezeit\" \/>\n\t<meta name=\"twitter:data1\" content=\"4\u00a0Minuten\" \/>\n<script type=\"application\/ld+json\" class=\"yoast-schema-graph\">{\"@context\":\"https:\\\/\\\/schema.org\",\"@graph\":[{\"@type\":\"WebPage\",\"@id\":\"https:\\\/\\\/museomitag.it\\\/de\\\/mission-und-geschichte\\\/\",\"url\":\"https:\\\/\\\/museomitag.it\\\/de\\\/mission-und-geschichte\\\/\",\"name\":\"Mission und Geschichte - Museo Storico Italiano della Guerra\",\"isPartOf\":{\"@id\":\"https:\\\/\\\/museomitag.it\\\/#website\"},\"datePublished\":\"2023-02-02T12:22:48+00:00\",\"dateModified\":\"2023-02-10T14:45:38+00:00\",\"breadcrumb\":{\"@id\":\"https:\\\/\\\/museomitag.it\\\/de\\\/mission-und-geschichte\\\/#breadcrumb\"},\"inLanguage\":\"de\",\"potentialAction\":[{\"@type\":\"ReadAction\",\"target\":[\"https:\\\/\\\/museomitag.it\\\/de\\\/mission-und-geschichte\\\/\"]}]},{\"@type\":\"BreadcrumbList\",\"@id\":\"https:\\\/\\\/museomitag.it\\\/de\\\/mission-und-geschichte\\\/#breadcrumb\",\"itemListElement\":[{\"@type\":\"ListItem\",\"position\":1,\"name\":\"Home\",\"item\":\"https:\\\/\\\/museomitag.it\\\/de\\\/\"},{\"@type\":\"ListItem\",\"position\":2,\"name\":\"Wer wir sind\",\"item\":\"https:\\\/\\\/museomitag.it\\\/de\\\/?page_id=22283\"},{\"@type\":\"ListItem\",\"position\":3,\"name\":\"Mission und Geschichte\"}]},{\"@type\":\"WebSite\",\"@id\":\"https:\\\/\\\/museomitag.it\\\/#website\",\"url\":\"https:\\\/\\\/museomitag.it\\\/\",\"name\":\"MITAG Museo Storico Italiano della Guerra\",\"description\":\"Rovereto (TN) - Trentino\",\"publisher\":{\"@id\":\"https:\\\/\\\/museomitag.it\\\/#organization\"},\"potentialAction\":[{\"@type\":\"SearchAction\",\"target\":{\"@type\":\"EntryPoint\",\"urlTemplate\":\"https:\\\/\\\/museomitag.it\\\/?s={search_term_string}\"},\"query-input\":{\"@type\":\"PropertyValueSpecification\",\"valueRequired\":true,\"valueName\":\"search_term_string\"}}],\"inLanguage\":\"de\"},{\"@type\":\"Organization\",\"@id\":\"https:\\\/\\\/museomitag.it\\\/#organization\",\"name\":\"MITAG Museo Storico Italiano della Guerra\",\"url\":\"https:\\\/\\\/museomitag.it\\\/\",\"logo\":{\"@type\":\"ImageObject\",\"inLanguage\":\"de\",\"@id\":\"https:\\\/\\\/museomitag.it\\\/#\\\/schema\\\/logo\\\/image\\\/\",\"url\":\"https:\\\/\\\/museomitag.it\\\/wp-content\\\/uploads\\\/2025\\\/07\\\/Logo-MITAG-nero-500px.png\",\"contentUrl\":\"https:\\\/\\\/museomitag.it\\\/wp-content\\\/uploads\\\/2025\\\/07\\\/Logo-MITAG-nero-500px.png\",\"width\":500,\"height\":185,\"caption\":\"MITAG Museo Storico Italiano della Guerra\"},\"image\":{\"@id\":\"https:\\\/\\\/museomitag.it\\\/#\\\/schema\\\/logo\\\/image\\\/\"},\"sameAs\":[\"https:\\\/\\\/www.facebook.com\\\/museomitag\\\/\",\"https:\\\/\\\/www.instagram.com\\\/museomitag\\\/\"]}]}<\/script>\n<!-- \/ Yoast SEO plugin. -->","yoast_head_json":{"title":"Mission und Geschichte - Museo Storico Italiano della Guerra","robots":{"index":"index","follow":"follow","max-snippet":"max-snippet:-1","max-image-preview":"max-image-preview:large","max-video-preview":"max-video-preview:-1"},"canonical":"https:\/\/museomitag.it\/de\/mission-und-geschichte\/","og_locale":"de_DE","og_type":"article","og_title":"Mission und Geschichte - Museo Storico Italiano della Guerra","og_description":"[vc_row][vc_column][vc_single_image image=&#8220;18394&#8243; img_size=&#8220;full&#8220;][\/vc_column][\/vc_row][vc_row css=&#8220;.vc_custom_1638445953048{margin-top: 30px !important;}&#8220;][vc_column][vc_column_text css=&#8220;.vc_custom_1676040335684{margin-bottom: 30px !important;}&#8220;] \u00dcber uns Das Italienische Historische Kriegsmuseum ist ein privatrechtlicher Verein mit etwa 300 Mitgliedern. Ihm beitreten k\u00f6nnen Museen, Vereine, Unternehmen, \u00f6ffentliche Einrichtungen und Privatpersonen. Die Mitglieder entrichten einen j\u00e4hrlichen Mitgliedsbeitrag. Gef\u00fchrt wird die Einrichtung von einem von den Mitgliedern gew\u00e4hlten Verwaltungsrat. Die Haushaltf\u00fchrung und die Verabschiedung","og_url":"https:\/\/museomitag.it\/de\/mission-und-geschichte\/","og_site_name":"Museo Storico Italiano della Guerra","article_publisher":"https:\/\/www.facebook.com\/museomitag\/","article_modified_time":"2023-02-10T14:45:38+00:00","twitter_card":"summary_large_image","twitter_misc":{"Gesch\u00e4tzte Lesezeit":"4\u00a0Minuten"},"schema":{"@context":"https:\/\/schema.org","@graph":[{"@type":"WebPage","@id":"https:\/\/museomitag.it\/de\/mission-und-geschichte\/","url":"https:\/\/museomitag.it\/de\/mission-und-geschichte\/","name":"Mission und Geschichte - Museo Storico Italiano della Guerra","isPartOf":{"@id":"https:\/\/museomitag.it\/#website"},"datePublished":"2023-02-02T12:22:48+00:00","dateModified":"2023-02-10T14:45:38+00:00","breadcrumb":{"@id":"https:\/\/museomitag.it\/de\/mission-und-geschichte\/#breadcrumb"},"inLanguage":"de","potentialAction":[{"@type":"ReadAction","target":["https:\/\/museomitag.it\/de\/mission-und-geschichte\/"]}]},{"@type":"BreadcrumbList","@id":"https:\/\/museomitag.it\/de\/mission-und-geschichte\/#breadcrumb","itemListElement":[{"@type":"ListItem","position":1,"name":"Home","item":"https:\/\/museomitag.it\/de\/"},{"@type":"ListItem","position":2,"name":"Wer wir sind","item":"https:\/\/museomitag.it\/de\/?page_id=22283"},{"@type":"ListItem","position":3,"name":"Mission und Geschichte"}]},{"@type":"WebSite","@id":"https:\/\/museomitag.it\/#website","url":"https:\/\/museomitag.it\/","name":"MITAG Museo Storico Italiano della Guerra","description":"Rovereto (TN) - Trentino","publisher":{"@id":"https:\/\/museomitag.it\/#organization"},"potentialAction":[{"@type":"SearchAction","target":{"@type":"EntryPoint","urlTemplate":"https:\/\/museomitag.it\/?s={search_term_string}"},"query-input":{"@type":"PropertyValueSpecification","valueRequired":true,"valueName":"search_term_string"}}],"inLanguage":"de"},{"@type":"Organization","@id":"https:\/\/museomitag.it\/#organization","name":"MITAG Museo Storico Italiano della Guerra","url":"https:\/\/museomitag.it\/","logo":{"@type":"ImageObject","inLanguage":"de","@id":"https:\/\/museomitag.it\/#\/schema\/logo\/image\/","url":"https:\/\/museomitag.it\/wp-content\/uploads\/2025\/07\/Logo-MITAG-nero-500px.png","contentUrl":"https:\/\/museomitag.it\/wp-content\/uploads\/2025\/07\/Logo-MITAG-nero-500px.png","width":500,"height":185,"caption":"MITAG Museo Storico Italiano della Guerra"},"image":{"@id":"https:\/\/museomitag.it\/#\/schema\/logo\/image\/"},"sameAs":["https:\/\/www.facebook.com\/museomitag\/","https:\/\/www.instagram.com\/museomitag\/"]}]}},"_links":{"self":[{"href":"https:\/\/museomitag.it\/de\/wp-json\/wp\/v2\/pages\/22287","targetHints":{"allow":["GET"]}}],"collection":[{"href":"https:\/\/museomitag.it\/de\/wp-json\/wp\/v2\/pages"}],"about":[{"href":"https:\/\/museomitag.it\/de\/wp-json\/wp\/v2\/types\/page"}],"author":[{"embeddable":true,"href":"https:\/\/museomitag.it\/de\/wp-json\/wp\/v2\/users\/1"}],"replies":[{"embeddable":true,"href":"https:\/\/museomitag.it\/de\/wp-json\/wp\/v2\/comments?post=22287"}],"version-history":[{"count":5,"href":"https:\/\/museomitag.it\/de\/wp-json\/wp\/v2\/pages\/22287\/revisions"}],"predecessor-version":[{"id":23928,"href":"https:\/\/museomitag.it\/de\/wp-json\/wp\/v2\/pages\/22287\/revisions\/23928"}],"up":[{"embeddable":true,"href":"https:\/\/museomitag.it\/de\/wp-json\/wp\/v2\/pages\/22283"}],"wp:attachment":[{"href":"https:\/\/museomitag.it\/de\/wp-json\/wp\/v2\/media?parent=22287"}],"curies":[{"name":"wp","href":"https:\/\/api.w.org\/{rel}","templated":true}]}}