{"id":22291,"date":"2023-02-03T14:05:50","date_gmt":"2023-02-03T13:05:50","guid":{"rendered":"https:\/\/museomitag.it\/?page_id=22291"},"modified":"2023-02-03T14:05:50","modified_gmt":"2023-02-03T13:05:50","slug":"verein","status":"publish","type":"page","link":"https:\/\/museomitag.it\/de\/verein\/","title":{"rendered":"Verein"},"content":{"rendered":"<p>[vc_row gap=&#8220;10&#8243; equal_height=&#8220;yes&#8220; css=&#8220;.vc_custom_1606647146853{margin-bottom: 10px !important;}&#8220;][vc_column width=&#8220;2\/3&#8243;][vc_column_text]<\/p>\n<h3>Das Vereinsleben des Museums<\/h3>\n<p>Das Museum ist ein gemeinn\u00fctziger Verein und als solcher entsprechend eingetragen. In diesem gemeinn\u00fctzigen Sinne werden die Ziele verfolgt, wie im Statut beschrieben.<br \/>\nInfolge einer Gesetzesreform wird das Museum zuk\u00fcnftig eine sogenannte \u201eEinrichtung des Dritten Sektors\u201c. Aus rechtlicher Sicht handelt es sich um einen privatrechtlichen Verein mit etwa 300 Mitgliedern.<\/p>\n<p>Die Mitgliedschaft steht Museen, Vereinen, Unternehmen, \u00f6ffentlichen Einrichtungen und Privatpersonen offen. Die Mitglieder zahlen einen Jahresbeitrag, der zur Teilnahme an den Vereinsversammlungen einschlie\u00dflich Stimmrecht erm\u00e4chtigt und mit einigen kostenlosen Leistungen und Beg\u00fcnstigungen verbunden ist.<\/p>\n<p>Dem Museum steht ein demokratisch gew\u00e4hlter Verwaltungsrat vor, der drei Jahre im Amt ist. Die Haushaltsf\u00fchrung und der Bilanzabschluss erfolgen in maximaler Transparenz.[\/vc_column_text][\/vc_column][vc_column width=&#8220;1\/3&#8243; css=&#8220;.vc_custom_1638361846658{background-color: #db4d43 !important;}&#8220;][vc_column_text css=&#8220;.vc_custom_1675429546029{padding-top: 20px !important;padding-right: 20px !important;padding-bottom: 20px !important;padding-left: 20px !important;}&#8220;]<\/p>\n<h3><span style=\"color: #ffffff;\">Kontakte<\/span><\/h3>\n<p><span style=\"color: #ffffff;\">Ufficio Affari Generali<\/span><br \/>\n<span style=\"color: #ffffff;\"><strong>Giovanna Pedron<\/strong><\/span><br \/>\n<span style=\"color: #ffffff;\">+39 0464 438100 int. 204<\/span><br \/>\n<span style=\"color: #ffffff;\">amministrazione@museodellaguerra.it<\/span>[\/vc_column_text][\/vc_column][\/vc_row][vc_row css=&#8220;.vc_custom_1641997650595{margin-top: 30px !important;background-color: #f2f2f2 !important;}&#8220;][vc_column width=&#8220;1\/2&#8243;][vc_single_image image=&#8220;15648&#8243; img_size=&#8220;large&#8220; css=&#8220;.vc_custom_1638196631914{margin-top: 20px !important;margin-bottom: 20px !important;margin-left: 20px !important;}&#8220;][\/vc_column][vc_column width=&#8220;1\/2&#8243;][vc_column_text css=&#8220;.vc_custom_1643791227695{padding-top: 20px !important;padding-right: 20px !important;padding-bottom: 20px !important;padding-left: 20px !important;}&#8220;]<\/p>\n<h5><strong>Consiglio del Museo per il triennio 2019-2022<\/strong><\/h5>\n<p><strong>Presidente\u00a0<\/strong>Alberto Miorandi<br \/>\n<strong>Vice Presidente<\/strong> Oswald Mederle<\/p>\n<p><strong>Consiglieri<\/strong> Luigi Carretta, Volfango Chiocchetti, Flavio Dalbosco, Enrico Finazzer, Giuseppe Gottardi, Lucia Ongaro<\/p>\n<p><strong>Collegio dei Revisori dei Conti <\/strong>Emiliano Dorighelli, Andrea Tabarelli de Fatis, Renato Trinco<\/p>\n<p><strong>Collegio dei Probiviri <\/strong>Silvio Rosina, Graziano Simonini<\/p>\n<p><strong>Membri di diritto <\/strong>Marco Riccardo Rabuffi, Ten. Col. a. terr. Marco Panciroli (Ministero della Difesa), Francesco Valduga (Sindaco di Rovereto), Giulio Prosser (Presidente APT di Rovereto e Vallagarina)[\/vc_column_text][\/vc_column][\/vc_row]<\/p>\n","protected":false},"excerpt":{"rendered":"<p>[vc_row gap=&#8220;10&#8243; equal_height=&#8220;yes&#8220; css=&#8220;.vc_custom_1606647146853{margin-bottom: 10px !important;}&#8220;][vc_column width=&#8220;2\/3&#8243;][vc_column_text] Das Vereinsleben des Museums Das Museum ist ein gemeinn\u00fctziger Verein und als solcher entsprechend eingetragen. In diesem gemeinn\u00fctzigen Sinne werden die Ziele verfolgt, wie im Statut beschrieben. Infolge einer Gesetzesreform wird das Museum zuk\u00fcnftig eine sogenannte \u201eEinrichtung des Dritten Sektors\u201c. Aus rechtlicher Sicht handelt es sich um einen<\/p>\n","protected":false},"author":1,"featured_media":0,"parent":22283,"menu_order":0,"comment_status":"closed","ping_status":"closed","template":"page_chi.php","meta":{"footnotes":""},"class_list":["post-22291","page","type-page","status-publish","hentry"],"yoast_head":"<!-- This site is optimized with the Yoast SEO plugin v27.3 - https:\/\/yoast.com\/product\/yoast-seo-wordpress\/ -->\n<title>Verein - Museo Storico Italiano della Guerra<\/title>\n<meta name=\"robots\" content=\"index, follow, max-snippet:-1, max-image-preview:large, max-video-preview:-1\" \/>\n<link rel=\"canonical\" href=\"https:\/\/museomitag.it\/de\/verein\/\" \/>\n<meta property=\"og:locale\" content=\"de_DE\" \/>\n<meta property=\"og:type\" content=\"article\" \/>\n<meta property=\"og:title\" content=\"Verein - Museo Storico Italiano della Guerra\" \/>\n<meta property=\"og:description\" content=\"[vc_row gap=&#8220;10&#8243; equal_height=&#8220;yes&#8220; css=&#8220;.vc_custom_1606647146853{margin-bottom: 10px !important;}&#8220;][vc_column width=&#8220;2\/3&#8243;][vc_column_text] Das Vereinsleben des Museums Das Museum ist ein gemeinn\u00fctziger Verein und als solcher entsprechend eingetragen. In diesem gemeinn\u00fctzigen Sinne werden die Ziele verfolgt, wie im Statut beschrieben. Infolge einer Gesetzesreform wird das Museum zuk\u00fcnftig eine sogenannte \u201eEinrichtung des Dritten Sektors\u201c. Aus rechtlicher Sicht handelt es sich um einen\" \/>\n<meta property=\"og:url\" content=\"https:\/\/museomitag.it\/de\/verein\/\" \/>\n<meta property=\"og:site_name\" content=\"Museo Storico Italiano della Guerra\" \/>\n<meta property=\"article:publisher\" content=\"https:\/\/www.facebook.com\/museomitag\/\" \/>\n<meta name=\"twitter:card\" content=\"summary_large_image\" \/>\n<meta name=\"twitter:label1\" content=\"Gesch\u00e4tzte Lesezeit\" \/>\n\t<meta name=\"twitter:data1\" content=\"2\u00a0Minuten\" \/>\n<script type=\"application\/ld+json\" class=\"yoast-schema-graph\">{\"@context\":\"https:\\\/\\\/schema.org\",\"@graph\":[{\"@type\":\"WebPage\",\"@id\":\"https:\\\/\\\/museomitag.it\\\/de\\\/verein\\\/\",\"url\":\"https:\\\/\\\/museomitag.it\\\/de\\\/verein\\\/\",\"name\":\"Verein - Museo Storico Italiano della Guerra\",\"isPartOf\":{\"@id\":\"https:\\\/\\\/museomitag.it\\\/#website\"},\"datePublished\":\"2023-02-03T13:05:50+00:00\",\"breadcrumb\":{\"@id\":\"https:\\\/\\\/museomitag.it\\\/de\\\/verein\\\/#breadcrumb\"},\"inLanguage\":\"de\",\"potentialAction\":[{\"@type\":\"ReadAction\",\"target\":[\"https:\\\/\\\/museomitag.it\\\/de\\\/verein\\\/\"]}]},{\"@type\":\"BreadcrumbList\",\"@id\":\"https:\\\/\\\/museomitag.it\\\/de\\\/verein\\\/#breadcrumb\",\"itemListElement\":[{\"@type\":\"ListItem\",\"position\":1,\"name\":\"Home\",\"item\":\"https:\\\/\\\/museomitag.it\\\/de\\\/\"},{\"@type\":\"ListItem\",\"position\":2,\"name\":\"Wer wir sind\",\"item\":\"https:\\\/\\\/museomitag.it\\\/de\\\/?page_id=22283\"},{\"@type\":\"ListItem\",\"position\":3,\"name\":\"Verein\"}]},{\"@type\":\"WebSite\",\"@id\":\"https:\\\/\\\/museomitag.it\\\/#website\",\"url\":\"https:\\\/\\\/museomitag.it\\\/\",\"name\":\"MITAG Museo Storico Italiano della Guerra\",\"description\":\"Rovereto (TN) - Trentino\",\"publisher\":{\"@id\":\"https:\\\/\\\/museomitag.it\\\/#organization\"},\"potentialAction\":[{\"@type\":\"SearchAction\",\"target\":{\"@type\":\"EntryPoint\",\"urlTemplate\":\"https:\\\/\\\/museomitag.it\\\/?s={search_term_string}\"},\"query-input\":{\"@type\":\"PropertyValueSpecification\",\"valueRequired\":true,\"valueName\":\"search_term_string\"}}],\"inLanguage\":\"de\"},{\"@type\":\"Organization\",\"@id\":\"https:\\\/\\\/museomitag.it\\\/#organization\",\"name\":\"MITAG Museo Storico Italiano della Guerra\",\"url\":\"https:\\\/\\\/museomitag.it\\\/\",\"logo\":{\"@type\":\"ImageObject\",\"inLanguage\":\"de\",\"@id\":\"https:\\\/\\\/museomitag.it\\\/#\\\/schema\\\/logo\\\/image\\\/\",\"url\":\"https:\\\/\\\/museomitag.it\\\/wp-content\\\/uploads\\\/2025\\\/07\\\/Logo-MITAG-nero-500px.png\",\"contentUrl\":\"https:\\\/\\\/museomitag.it\\\/wp-content\\\/uploads\\\/2025\\\/07\\\/Logo-MITAG-nero-500px.png\",\"width\":500,\"height\":185,\"caption\":\"MITAG Museo Storico Italiano della Guerra\"},\"image\":{\"@id\":\"https:\\\/\\\/museomitag.it\\\/#\\\/schema\\\/logo\\\/image\\\/\"},\"sameAs\":[\"https:\\\/\\\/www.facebook.com\\\/museomitag\\\/\",\"https:\\\/\\\/www.instagram.com\\\/museomitag\\\/\"]}]}<\/script>\n<!-- \/ Yoast SEO plugin. -->","yoast_head_json":{"title":"Verein - Museo Storico Italiano della Guerra","robots":{"index":"index","follow":"follow","max-snippet":"max-snippet:-1","max-image-preview":"max-image-preview:large","max-video-preview":"max-video-preview:-1"},"canonical":"https:\/\/museomitag.it\/de\/verein\/","og_locale":"de_DE","og_type":"article","og_title":"Verein - Museo Storico Italiano della Guerra","og_description":"[vc_row gap=&#8220;10&#8243; equal_height=&#8220;yes&#8220; css=&#8220;.vc_custom_1606647146853{margin-bottom: 10px !important;}&#8220;][vc_column width=&#8220;2\/3&#8243;][vc_column_text] Das Vereinsleben des Museums Das Museum ist ein gemeinn\u00fctziger Verein und als solcher entsprechend eingetragen. In diesem gemeinn\u00fctzigen Sinne werden die Ziele verfolgt, wie im Statut beschrieben. Infolge einer Gesetzesreform wird das Museum zuk\u00fcnftig eine sogenannte \u201eEinrichtung des Dritten Sektors\u201c. Aus rechtlicher Sicht handelt es sich um einen","og_url":"https:\/\/museomitag.it\/de\/verein\/","og_site_name":"Museo Storico Italiano della Guerra","article_publisher":"https:\/\/www.facebook.com\/museomitag\/","twitter_card":"summary_large_image","twitter_misc":{"Gesch\u00e4tzte Lesezeit":"2\u00a0Minuten"},"schema":{"@context":"https:\/\/schema.org","@graph":[{"@type":"WebPage","@id":"https:\/\/museomitag.it\/de\/verein\/","url":"https:\/\/museomitag.it\/de\/verein\/","name":"Verein - Museo Storico Italiano della Guerra","isPartOf":{"@id":"https:\/\/museomitag.it\/#website"},"datePublished":"2023-02-03T13:05:50+00:00","breadcrumb":{"@id":"https:\/\/museomitag.it\/de\/verein\/#breadcrumb"},"inLanguage":"de","potentialAction":[{"@type":"ReadAction","target":["https:\/\/museomitag.it\/de\/verein\/"]}]},{"@type":"BreadcrumbList","@id":"https:\/\/museomitag.it\/de\/verein\/#breadcrumb","itemListElement":[{"@type":"ListItem","position":1,"name":"Home","item":"https:\/\/museomitag.it\/de\/"},{"@type":"ListItem","position":2,"name":"Wer wir sind","item":"https:\/\/museomitag.it\/de\/?page_id=22283"},{"@type":"ListItem","position":3,"name":"Verein"}]},{"@type":"WebSite","@id":"https:\/\/museomitag.it\/#website","url":"https:\/\/museomitag.it\/","name":"MITAG Museo Storico Italiano della Guerra","description":"Rovereto (TN) - Trentino","publisher":{"@id":"https:\/\/museomitag.it\/#organization"},"potentialAction":[{"@type":"SearchAction","target":{"@type":"EntryPoint","urlTemplate":"https:\/\/museomitag.it\/?s={search_term_string}"},"query-input":{"@type":"PropertyValueSpecification","valueRequired":true,"valueName":"search_term_string"}}],"inLanguage":"de"},{"@type":"Organization","@id":"https:\/\/museomitag.it\/#organization","name":"MITAG Museo Storico Italiano della Guerra","url":"https:\/\/museomitag.it\/","logo":{"@type":"ImageObject","inLanguage":"de","@id":"https:\/\/museomitag.it\/#\/schema\/logo\/image\/","url":"https:\/\/museomitag.it\/wp-content\/uploads\/2025\/07\/Logo-MITAG-nero-500px.png","contentUrl":"https:\/\/museomitag.it\/wp-content\/uploads\/2025\/07\/Logo-MITAG-nero-500px.png","width":500,"height":185,"caption":"MITAG Museo Storico Italiano della Guerra"},"image":{"@id":"https:\/\/museomitag.it\/#\/schema\/logo\/image\/"},"sameAs":["https:\/\/www.facebook.com\/museomitag\/","https:\/\/www.instagram.com\/museomitag\/"]}]}},"_links":{"self":[{"href":"https:\/\/museomitag.it\/de\/wp-json\/wp\/v2\/pages\/22291","targetHints":{"allow":["GET"]}}],"collection":[{"href":"https:\/\/museomitag.it\/de\/wp-json\/wp\/v2\/pages"}],"about":[{"href":"https:\/\/museomitag.it\/de\/wp-json\/wp\/v2\/types\/page"}],"author":[{"embeddable":true,"href":"https:\/\/museomitag.it\/de\/wp-json\/wp\/v2\/users\/1"}],"replies":[{"embeddable":true,"href":"https:\/\/museomitag.it\/de\/wp-json\/wp\/v2\/comments?post=22291"}],"version-history":[{"count":3,"href":"https:\/\/museomitag.it\/de\/wp-json\/wp\/v2\/pages\/22291\/revisions"}],"predecessor-version":[{"id":23838,"href":"https:\/\/museomitag.it\/de\/wp-json\/wp\/v2\/pages\/22291\/revisions\/23838"}],"up":[{"embeddable":true,"href":"https:\/\/museomitag.it\/de\/wp-json\/wp\/v2\/pages\/22283"}],"wp:attachment":[{"href":"https:\/\/museomitag.it\/de\/wp-json\/wp\/v2\/media?parent=22291"}],"curies":[{"name":"wp","href":"https:\/\/api.w.org\/{rel}","templated":true}]}}