{"id":22295,"date":"2023-02-03T14:08:53","date_gmt":"2023-02-03T13:08:53","guid":{"rendered":"https:\/\/museomitag.it\/?page_id=22295"},"modified":"2023-02-24T16:29:36","modified_gmt":"2023-02-24T15:29:36","slug":"sonderprojekte","status":"publish","type":"page","link":"https:\/\/museomitag.it\/de\/sonderprojekte\/","title":{"rendered":"Sonderprojekte"},"content":{"rendered":"<p>[vc_row][vc_column][vc_column_text]<\/p>\n<h3>Sonderprojekte<\/h3>\n<p>Jedes Jahr ist das Museum, neben seinen normalen Arbeitsfeldern, mit zahlreichen Initiativen und Projekten besch\u00e4ftigt, die sich in Zusammenarbeit mit anderen \u00f6ffentlichen und privaten Einrichtungen, auch \u00fcber mehrere Jahre hinaus entwickeln. Auf dieser Seite sind die laufenden Projekte und die aus der j\u00fcngsten Vergangenheit aufgef\u00fchrt.[\/vc_column_text][\/vc_column][\/vc_row][vc_row gap=&#8220;10&#8243; equal_height=&#8220;yes&#8220; content_placement=&#8220;bottom&#8220; css=&#8220;.vc_custom_1644489564526{margin-top: 20px !important;}&#8220;][vc_column css_animation=&#8220;fadeIn&#8220; width=&#8220;1\/3&#8243; css=&#8220;.vc_custom_1641396879604{background-image: url(https:\/\/museomitag.it\/wp-content\/uploads\/2022\/01\/Foto-storica_MSIG_6_2149-scaled.jpg?id=20613) !important;background-position: center !important;background-repeat: no-repeat !important;background-size: cover !important;}&#8220; el_class=&#8220;msig_intro_icona&#8220;][vc_column_text]<\/p>\n<h3><a class=\"msig_intro_link\" title=\"Archivi digitali\" href=\"https:\/\/museomitag.it\/de\/sonderprojekte\/digitales-archiv\/\">Digitales Archiv<\/a><br \/>\n<a class=\"msig_intro_txt\" title=\"Archivi digitali\" href=\"https:\/\/museomitag.it\/de\/sonderprojekte\/digitales-archiv\/\">Digitales Archiv<\/a><\/h3>\n<p>[\/vc_column_text][\/vc_column][vc_column css_animation=&#8220;fadeIn&#8220; width=&#8220;1\/3&#8243; el_class=&#8220;msig_intro_icona&#8220; css=&#8220;.vc_custom_1641397698839{background-image: url(https:\/\/museomitag.it\/wp-content\/uploads\/2022\/01\/Memoriale-Caduti_MSIG_900x450.jpg?id=20616) !important;background-position: center !important;background-repeat: no-repeat !important;background-size: cover !important;}&#8220;][vc_column_text]<\/p>\n<h3><a class=\"msig_intro_link\" title=\"Catalogo Uniformi Regio Esercito\" href=\"https:\/\/museomitag.it\/de\/sonderprojekte\/gefallenenarchiv\/\">Gefallenenarchiv<\/a><br \/>\n<a class=\"msig_intro_txt\" title=\"Catalogo Uniformi Regio Esercito\" href=\"https:\/\/museomitag.it\/de\/sonderprojekte\/gefallenenarchiv\/\">Gefallenenarchiv<\/a><\/h3>\n<p>[\/vc_column_text][\/vc_column][vc_column css_animation=&#8220;fadeIn&#8220; width=&#8220;1\/3&#8243; css=&#8220;.vc_custom_1676040989461{background-image: url(https:\/\/museomitag.it\/wp-content\/uploads\/2021\/08\/Rete-TGG_1096x600.jpg?id=15907) !important;background-position: center !important;background-repeat: no-repeat !important;background-size: cover !important;}&#8220;][vc_column_text]<a class=\"msig_link\" href=\"https:\/\/museomitag.it\/chi-siamo\/progetti-speciali\/retetgg\/\">Rete TGG<\/a>[\/vc_column_text][\/vc_column][\/vc_row][vc_row gap=&#8220;10&#8243; equal_height=&#8220;yes&#8220; content_placement=&#8220;bottom&#8220; css_animation=&#8220;fadeIn&#8220; css=&#8220;.vc_custom_1677251644093{margin-top: 15px !important;}&#8220;][vc_column css_animation=&#8220;fadeIn&#8220; width=&#8220;1\/3&#8243; css=&#8220;.vc_custom_1677252538506{background-image: url(https:\/\/museomitag.it\/wp-content\/uploads\/2021\/09\/uniformi-grigio-verde_870x320.jpg?id=18839) !important;background-position: center !important;background-repeat: no-repeat !important;background-size: cover !important;}&#8220;][vc_column_text el_class=&#8220;msig_intro_icona&#8220;]<\/p>\n<h3><a class=\"msig_intro_link\" title=\"Catalogo Uniformi Regio Esercito\" href=\"https:\/\/museomitag.it\/?page_id=20602&amp;preview=true\">Katalog Uniformen des Regio Esercito<\/a><br \/>\n<a class=\"msig_intro_txt\" title=\"Catalogo Uniformi Regio Esercito\" href=\"https:\/\/museomitag.it\/?page_id=20602&amp;preview=true\">Katalog Uniformen des Regio Esercito<\/a><\/h3>\n<p>[\/vc_column_text][\/vc_column][\/vc_row][vc_row gap=&#8220;10&#8243; equal_height=&#8220;yes&#8220; content_placement=&#8220;bottom&#8220; css_animation=&#8220;fadeIn&#8220; disable_element=&#8220;yes&#8220; css=&#8220;.vc_custom_1676040929153{margin-top: 15px !important;}&#8220;][vc_column css_animation=&#8220;fadeIn&#8220; width=&#8220;1\/3&#8243; el_class=&#8220;msig_intro_icona&#8220; css=&#8220;.vc_custom_1642685441222{background-image: url(https:\/\/museomitag.it\/wp-content\/uploads\/2022\/01\/Il-castello_HL.jpg?id=19970) !important;background-position: center !important;background-repeat: no-repeat !important;background-size: cover !important;}&#8220;][vc_column_text]<\/p>\n<h3><a class=\"msig_intro_link\" title=\"Serie TV \" href=\"https:\/\/museomitag.it\/chi-siamo\/progetti-speciali\/serie-tv-il-castello\/\">TV-Reihe &#8222;Il Castello&#8220;<\/a><br \/>\n<a class=\"msig_intro_txt\" title=\"Serie TV \" href=\"https:\/\/museomitag.it\/chi-siamo\/progetti-speciali\/serie-tv-il-castello\/\">TV-Reihe &#8222;Il Castello&#8220;<\/a><\/h3>\n<p>[\/vc_column_text][\/vc_column][vc_column width=&#8220;1\/3&#8243;][vc_column_text]<\/p>\n<h3><a class=\"msig_intro_link\" title=\"Catalogo Uniformi Regio Esercito\" href=\"https:\/\/museomitag.it\/?page_id=20602&amp;preview=true\">Katalog Uniformen des Regio Esercito<\/a><br \/>\n<a class=\"msig_intro_txt\" title=\"Catalogo Uniformi Regio Esercito\" href=\"https:\/\/museomitag.it\/?page_id=20602&amp;preview=true\">Katalog Uniformen des Regio Esercito<\/a><\/h3>\n<p>[\/vc_column_text][\/vc_column][\/vc_row][vc_row equal_height=&#8220;yes&#8220; css_animation=&#8220;fadeIn&#8220; disable_element=&#8220;yes&#8220; css=&#8220;.vc_custom_1675429662087{margin-top: 15px !important;margin-bottom: 30px !important;background-color: #f2f2f2 !important;}&#8220;][vc_column css_animation=&#8220;none&#8220; width=&#8220;1\/3&#8243; css=&#8220;.vc_custom_1638443634388{background-image: url(https:\/\/museomitag.it\/wp-content\/uploads\/2021\/11\/Logo-Centenario_900x450.png?id=17861) !important;background-position: center !important;background-repeat: no-repeat !important;background-size: cover !important;}&#8220;][vc_column_text]<a class=\"msig_link\" href=\"https:\/\/museomitag.it\/chi-siamo\/progetti-speciali\/centenario\/\">Centenario<\/a>[\/vc_column_text][\/vc_column][vc_column width=&#8220;2\/3&#8243;][vc_column_text css=&#8220;.vc_custom_1638443688961{padding-top: 25px !important;padding-right: 25px !important;padding-bottom: 30px !important;padding-left: 25px !important;}&#8220;]<\/p>\n<h3>Centenario del Museo<\/h3>\n<p>Le mostre, gli eventi, le pubblicazioni realizzate per ricordare i cento anni del Museo.<\/p>\n<p><a class=\"msig_btn\" href=\"https:\/\/museomitag.it\/chi-siamo\/progetti-speciali\/centenario\/\">Scopri di pi\u00f9<\/a>[\/vc_column_text][\/vc_column][\/vc_row][vc_row css=&#8220;.vc_custom_1644489370536{margin-top: 20px !important;}&#8220;][vc_column][vc_column_text css=&#8220;.vc_custom_1675429652311{padding-bottom: 20px !important;}&#8220;]<\/p>\n<h3><strong>Jahresreport<\/strong><\/h3>\n<p>Eine Zusammenfassung der T\u00e4tigkeiten findet sich in unserem Jahresreport, eine Ver\u00f6ffentlichung, die den Mitgliedern zur Verf\u00fcgung gestellt wird und online eingesehen werden kann. Im Report sind die wichtigsten Daten \u00fcber die T\u00e4tigkeiten, durchgef\u00fchrte Veranstaltungen und erschienene Ver\u00f6ffentlichungen des Museums aufgef\u00fchrt.[\/vc_column_text][vc_row_inner css=&#8220;.vc_custom_1644489375430{margin-top: 20px !important;}&#8220;][vc_column_inner width=&#8220;1\/4&#8243;][vc_single_image image=&#8220;21660&#8243; img_size=&#8220;medium&#8220; onclick=&#8220;custom_link&#8220; link=&#8220;https:\/\/museomitag.it\/wp-content\/uploads\/2022\/03\/Report-annuale-2021_Museo-Guerra-Rovereto.pdf&#8220;][\/vc_column_inner][vc_column_inner width=&#8220;1\/4&#8243;][vc_single_image image=&#8220;21417&#8243; img_size=&#8220;medium&#8220; onclick=&#8220;custom_link&#8220; link=&#8220;https:\/\/museomitag.it\/wp-content\/uploads\/2022\/02\/Report-Museo-Guerra-Rovereto-2020.pdf&#8220;][\/vc_column_inner][vc_column_inner width=&#8220;1\/4&#8243;][vc_single_image image=&#8220;21414&#8243; img_size=&#8220;medium&#8220; onclick=&#8220;custom_link&#8220; link=&#8220;https:\/\/museomitag.it\/wp-content\/uploads\/2022\/02\/Report-Museo-Guerra-Rovereto_2019.pdf&#8220;][\/vc_column_inner][vc_column_inner width=&#8220;1\/4&#8243;][vc_single_image image=&#8220;21408&#8243; img_size=&#8220;medium&#8220; onclick=&#8220;custom_link&#8220; link=&#8220;https:\/\/museomitag.it\/wp-content\/uploads\/2022\/02\/Report-Museo-della-Guerra_2018.pdf&#8220;][\/vc_column_inner][\/vc_row_inner][\/vc_column][\/vc_row]<\/p>\n","protected":false},"excerpt":{"rendered":"<p>[vc_row][vc_column][vc_column_text] Sonderprojekte Jedes Jahr ist das Museum, neben seinen normalen Arbeitsfeldern, mit zahlreichen Initiativen und Projekten besch\u00e4ftigt, die sich in Zusammenarbeit mit anderen \u00f6ffentlichen und privaten Einrichtungen, auch \u00fcber mehrere Jahre hinaus entwickeln. Auf dieser Seite sind die laufenden Projekte und die aus der j\u00fcngsten Vergangenheit aufgef\u00fchrt.[\/vc_column_text][\/vc_column][\/vc_row][vc_row gap=&#8220;10&#8243; equal_height=&#8220;yes&#8220; content_placement=&#8220;bottom&#8220; css=&#8220;.vc_custom_1644489564526{margin-top: 20px !important;}&#8220;][vc_column css_animation=&#8220;fadeIn&#8220; width=&#8220;1\/3&#8243;<\/p>\n","protected":false},"author":1,"featured_media":0,"parent":22283,"menu_order":0,"comment_status":"closed","ping_status":"closed","template":"page_chi.php","meta":{"footnotes":""},"class_list":["post-22295","page","type-page","status-publish","hentry"],"yoast_head":"<!-- This site is optimized with the Yoast SEO plugin v27.3 - https:\/\/yoast.com\/product\/yoast-seo-wordpress\/ -->\n<title>Sonderprojekte - Museo Storico Italiano della Guerra<\/title>\n<meta name=\"robots\" content=\"index, follow, max-snippet:-1, max-image-preview:large, max-video-preview:-1\" \/>\n<link rel=\"canonical\" href=\"https:\/\/museomitag.it\/de\/sonderprojekte\/\" \/>\n<meta property=\"og:locale\" content=\"de_DE\" \/>\n<meta property=\"og:type\" content=\"article\" \/>\n<meta property=\"og:title\" content=\"Sonderprojekte - Museo Storico Italiano della Guerra\" \/>\n<meta property=\"og:description\" content=\"[vc_row][vc_column][vc_column_text] Sonderprojekte Jedes Jahr ist das Museum, neben seinen normalen Arbeitsfeldern, mit zahlreichen Initiativen und Projekten besch\u00e4ftigt, die sich in Zusammenarbeit mit anderen \u00f6ffentlichen und privaten Einrichtungen, auch \u00fcber mehrere Jahre hinaus entwickeln. Auf dieser Seite sind die laufenden Projekte und die aus der j\u00fcngsten Vergangenheit aufgef\u00fchrt.[\/vc_column_text][\/vc_column][\/vc_row][vc_row gap=&#8220;10&#8243; equal_height=&#8220;yes&#8220; content_placement=&#8220;bottom&#8220; css=&#8220;.vc_custom_1644489564526{margin-top: 20px !important;}&#8220;][vc_column css_animation=&#8220;fadeIn&#8220; width=&#8220;1\/3&#8243;\" \/>\n<meta property=\"og:url\" content=\"https:\/\/museomitag.it\/de\/sonderprojekte\/\" \/>\n<meta property=\"og:site_name\" content=\"Museo Storico Italiano della Guerra\" \/>\n<meta property=\"article:publisher\" content=\"https:\/\/www.facebook.com\/museomitag\/\" \/>\n<meta property=\"article:modified_time\" content=\"2023-02-24T15:29:36+00:00\" \/>\n<meta name=\"twitter:card\" content=\"summary_large_image\" \/>\n<meta name=\"twitter:label1\" content=\"Gesch\u00e4tzte Lesezeit\" \/>\n\t<meta name=\"twitter:data1\" content=\"3\u00a0Minuten\" \/>\n<script type=\"application\/ld+json\" class=\"yoast-schema-graph\">{\"@context\":\"https:\\\/\\\/schema.org\",\"@graph\":[{\"@type\":\"WebPage\",\"@id\":\"https:\\\/\\\/museomitag.it\\\/de\\\/sonderprojekte\\\/\",\"url\":\"https:\\\/\\\/museomitag.it\\\/de\\\/sonderprojekte\\\/\",\"name\":\"Sonderprojekte - Museo Storico Italiano della Guerra\",\"isPartOf\":{\"@id\":\"https:\\\/\\\/museomitag.it\\\/#website\"},\"datePublished\":\"2023-02-03T13:08:53+00:00\",\"dateModified\":\"2023-02-24T15:29:36+00:00\",\"breadcrumb\":{\"@id\":\"https:\\\/\\\/museomitag.it\\\/de\\\/sonderprojekte\\\/#breadcrumb\"},\"inLanguage\":\"de\",\"potentialAction\":[{\"@type\":\"ReadAction\",\"target\":[\"https:\\\/\\\/museomitag.it\\\/de\\\/sonderprojekte\\\/\"]}]},{\"@type\":\"BreadcrumbList\",\"@id\":\"https:\\\/\\\/museomitag.it\\\/de\\\/sonderprojekte\\\/#breadcrumb\",\"itemListElement\":[{\"@type\":\"ListItem\",\"position\":1,\"name\":\"Home\",\"item\":\"https:\\\/\\\/museomitag.it\\\/de\\\/\"},{\"@type\":\"ListItem\",\"position\":2,\"name\":\"Wer wir sind\",\"item\":\"https:\\\/\\\/museomitag.it\\\/de\\\/?page_id=22283\"},{\"@type\":\"ListItem\",\"position\":3,\"name\":\"Sonderprojekte\"}]},{\"@type\":\"WebSite\",\"@id\":\"https:\\\/\\\/museomitag.it\\\/#website\",\"url\":\"https:\\\/\\\/museomitag.it\\\/\",\"name\":\"MITAG Museo Storico Italiano della Guerra\",\"description\":\"Rovereto (TN) - Trentino\",\"publisher\":{\"@id\":\"https:\\\/\\\/museomitag.it\\\/#organization\"},\"potentialAction\":[{\"@type\":\"SearchAction\",\"target\":{\"@type\":\"EntryPoint\",\"urlTemplate\":\"https:\\\/\\\/museomitag.it\\\/?s={search_term_string}\"},\"query-input\":{\"@type\":\"PropertyValueSpecification\",\"valueRequired\":true,\"valueName\":\"search_term_string\"}}],\"inLanguage\":\"de\"},{\"@type\":\"Organization\",\"@id\":\"https:\\\/\\\/museomitag.it\\\/#organization\",\"name\":\"MITAG Museo Storico Italiano della Guerra\",\"url\":\"https:\\\/\\\/museomitag.it\\\/\",\"logo\":{\"@type\":\"ImageObject\",\"inLanguage\":\"de\",\"@id\":\"https:\\\/\\\/museomitag.it\\\/#\\\/schema\\\/logo\\\/image\\\/\",\"url\":\"https:\\\/\\\/museomitag.it\\\/wp-content\\\/uploads\\\/2025\\\/07\\\/Logo-MITAG-nero-500px.png\",\"contentUrl\":\"https:\\\/\\\/museomitag.it\\\/wp-content\\\/uploads\\\/2025\\\/07\\\/Logo-MITAG-nero-500px.png\",\"width\":500,\"height\":185,\"caption\":\"MITAG Museo Storico Italiano della Guerra\"},\"image\":{\"@id\":\"https:\\\/\\\/museomitag.it\\\/#\\\/schema\\\/logo\\\/image\\\/\"},\"sameAs\":[\"https:\\\/\\\/www.facebook.com\\\/museomitag\\\/\",\"https:\\\/\\\/www.instagram.com\\\/museomitag\\\/\"]}]}<\/script>\n<!-- \/ Yoast SEO plugin. -->","yoast_head_json":{"title":"Sonderprojekte - Museo Storico Italiano della Guerra","robots":{"index":"index","follow":"follow","max-snippet":"max-snippet:-1","max-image-preview":"max-image-preview:large","max-video-preview":"max-video-preview:-1"},"canonical":"https:\/\/museomitag.it\/de\/sonderprojekte\/","og_locale":"de_DE","og_type":"article","og_title":"Sonderprojekte - Museo Storico Italiano della Guerra","og_description":"[vc_row][vc_column][vc_column_text] Sonderprojekte Jedes Jahr ist das Museum, neben seinen normalen Arbeitsfeldern, mit zahlreichen Initiativen und Projekten besch\u00e4ftigt, die sich in Zusammenarbeit mit anderen \u00f6ffentlichen und privaten Einrichtungen, auch \u00fcber mehrere Jahre hinaus entwickeln. Auf dieser Seite sind die laufenden Projekte und die aus der j\u00fcngsten Vergangenheit aufgef\u00fchrt.[\/vc_column_text][\/vc_column][\/vc_row][vc_row gap=&#8220;10&#8243; equal_height=&#8220;yes&#8220; content_placement=&#8220;bottom&#8220; css=&#8220;.vc_custom_1644489564526{margin-top: 20px !important;}&#8220;][vc_column css_animation=&#8220;fadeIn&#8220; width=&#8220;1\/3&#8243;","og_url":"https:\/\/museomitag.it\/de\/sonderprojekte\/","og_site_name":"Museo Storico Italiano della Guerra","article_publisher":"https:\/\/www.facebook.com\/museomitag\/","article_modified_time":"2023-02-24T15:29:36+00:00","twitter_card":"summary_large_image","twitter_misc":{"Gesch\u00e4tzte Lesezeit":"3\u00a0Minuten"},"schema":{"@context":"https:\/\/schema.org","@graph":[{"@type":"WebPage","@id":"https:\/\/museomitag.it\/de\/sonderprojekte\/","url":"https:\/\/museomitag.it\/de\/sonderprojekte\/","name":"Sonderprojekte - Museo Storico Italiano della Guerra","isPartOf":{"@id":"https:\/\/museomitag.it\/#website"},"datePublished":"2023-02-03T13:08:53+00:00","dateModified":"2023-02-24T15:29:36+00:00","breadcrumb":{"@id":"https:\/\/museomitag.it\/de\/sonderprojekte\/#breadcrumb"},"inLanguage":"de","potentialAction":[{"@type":"ReadAction","target":["https:\/\/museomitag.it\/de\/sonderprojekte\/"]}]},{"@type":"BreadcrumbList","@id":"https:\/\/museomitag.it\/de\/sonderprojekte\/#breadcrumb","itemListElement":[{"@type":"ListItem","position":1,"name":"Home","item":"https:\/\/museomitag.it\/de\/"},{"@type":"ListItem","position":2,"name":"Wer wir sind","item":"https:\/\/museomitag.it\/de\/?page_id=22283"},{"@type":"ListItem","position":3,"name":"Sonderprojekte"}]},{"@type":"WebSite","@id":"https:\/\/museomitag.it\/#website","url":"https:\/\/museomitag.it\/","name":"MITAG Museo Storico Italiano della Guerra","description":"Rovereto (TN) - Trentino","publisher":{"@id":"https:\/\/museomitag.it\/#organization"},"potentialAction":[{"@type":"SearchAction","target":{"@type":"EntryPoint","urlTemplate":"https:\/\/museomitag.it\/?s={search_term_string}"},"query-input":{"@type":"PropertyValueSpecification","valueRequired":true,"valueName":"search_term_string"}}],"inLanguage":"de"},{"@type":"Organization","@id":"https:\/\/museomitag.it\/#organization","name":"MITAG Museo Storico Italiano della Guerra","url":"https:\/\/museomitag.it\/","logo":{"@type":"ImageObject","inLanguage":"de","@id":"https:\/\/museomitag.it\/#\/schema\/logo\/image\/","url":"https:\/\/museomitag.it\/wp-content\/uploads\/2025\/07\/Logo-MITAG-nero-500px.png","contentUrl":"https:\/\/museomitag.it\/wp-content\/uploads\/2025\/07\/Logo-MITAG-nero-500px.png","width":500,"height":185,"caption":"MITAG Museo Storico Italiano della Guerra"},"image":{"@id":"https:\/\/museomitag.it\/#\/schema\/logo\/image\/"},"sameAs":["https:\/\/www.facebook.com\/museomitag\/","https:\/\/www.instagram.com\/museomitag\/"]}]}},"_links":{"self":[{"href":"https:\/\/museomitag.it\/de\/wp-json\/wp\/v2\/pages\/22295","targetHints":{"allow":["GET"]}}],"collection":[{"href":"https:\/\/museomitag.it\/de\/wp-json\/wp\/v2\/pages"}],"about":[{"href":"https:\/\/museomitag.it\/de\/wp-json\/wp\/v2\/types\/page"}],"author":[{"embeddable":true,"href":"https:\/\/museomitag.it\/de\/wp-json\/wp\/v2\/users\/1"}],"replies":[{"embeddable":true,"href":"https:\/\/museomitag.it\/de\/wp-json\/wp\/v2\/comments?post=22295"}],"version-history":[{"count":6,"href":"https:\/\/museomitag.it\/de\/wp-json\/wp\/v2\/pages\/22295\/revisions"}],"predecessor-version":[{"id":23991,"href":"https:\/\/museomitag.it\/de\/wp-json\/wp\/v2\/pages\/22295\/revisions\/23991"}],"up":[{"embeddable":true,"href":"https:\/\/museomitag.it\/de\/wp-json\/wp\/v2\/pages\/22283"}],"wp:attachment":[{"href":"https:\/\/museomitag.it\/de\/wp-json\/wp\/v2\/media?parent=22295"}],"curies":[{"name":"wp","href":"https:\/\/api.w.org\/{rel}","templated":true}]}}