{"id":22307,"date":"2023-02-03T14:35:51","date_gmt":"2023-02-03T13:35:51","guid":{"rendered":"https:\/\/museomitag.it\/?page_id=22307"},"modified":"2023-02-03T14:35:51","modified_gmt":"2023-02-03T13:35:51","slug":"gefallenenarchiv","status":"publish","type":"page","link":"https:\/\/museomitag.it\/de\/sonderprojekte\/gefallenenarchiv\/","title":{"rendered":"Gefallenenarchiv"},"content":{"rendered":"<p>[vc_row css=&#8220;.vc_custom_1638368811345{margin-bottom: 30px !important;}&#8220;][vc_column][vc_single_image image=&#8220;20855&#8243; img_size=&#8220;full&#8220;][\/vc_column][\/vc_row][vc_row gap=&#8220;10&#8243; equal_height=&#8220;yes&#8220; css=&#8220;.vc_custom_1638368791901{margin-bottom: 20px !important;}&#8220;][vc_column width=&#8220;2\/3&#8243;][vc_column_text css=&#8220;.vc_custom_1675430152694{padding-top: 20px !important;padding-right: 20px !important;padding-bottom: 20px !important;padding-left: 20px !important;}&#8220;]<strong>Sterberegister der Trentiner Gefallenen des Ersten Weltkrieges<\/strong><\/p>\n<p>Seit 2005 hat das Museum mit der Z\u00e4hlung und der Sammlung von Daten der im Ersten Weltkrieg gefallenen Trentiner Soldaten begonnen. Mit dem von der Autonomen Provinz Trient gef\u00f6rderten Projekt konnte ein\u00a0 <a href=\"https:\/\/www.cultura.trentino.it\/portal\/server.pt\/community\/caduti_in_guerra\">Register der im Ersten Weltkrieg gefallenen Trentiner<\/a> geschaffen werden, das online auf der Seite von Trentino Cultura unter dem Stichwort \u201ePatrimonio online\u201c zur Verf\u00fcgung steht.<\/p>\n<p>F\u00fcr jeden Gefallenen wurde eine eigene Dateikarte mit dem Nachnamen, Vornamen eventuellen Spitznamen, den Geburts- und Sterbedaten, dem Bestattungsort, dem Familienstand, eventuellen Kindern, Wohnort, Beruf, Name der Eltern, Einheit und Rang des Gefallenen sowie eventuell erhaltene Auszeichnungen angelegt. Die Todesursachen und -umst\u00e4nde sind, soweit bekannt, kurz zusammengefasst angegeben. Falls vorhanden wurde das Foto des Verstorbenen und handschriftliche Aufzeichnungen eingef\u00fcgt.<\/p>\n<p>Auf dem Portal steht eine Suchfunktion zur Verf\u00fcgung. Des Weiteren sind Informationen zu den Quellen sowie Literaturhinweise angegeben.<\/p>\n<p>Von den \u00fcber 55.000 Trentiner Soldaten, die zwischen 1914 und 1918 in Galizien, Serbien und an der italienischen Front k\u00e4mpften, starben \u00fcber 11.000 in den Sch\u00fctzengr\u00e4ben, Lazaretten und in den Kriegsgefangenenlagern. Ihre Leichname wurden auf Friedh\u00f6fen bestattet, die von den wenigsten Familien aufgesucht werden konnten.<\/p>\n<p>Der Zusammenbruch der \u00f6sterreichisch-ungarischen Monarchie, in deren Armee der Gro\u00dfteil k\u00e4mpfte und der Anschluss des Trentino an das K\u00f6nigreich Italien hatten eine akkurate und gebotene Erhebung der Verluste behindert. In der Nachkriegszeit war es die \u00f6rtliche Bev\u00f6lkerung, die das Gedenken an ihre Gefallenen wachhielt, mit dem Bau von Monumenten und Gedenksteinen auf den Friedh\u00f6fen, in Kirchen und auf den Pl\u00e4tzen.[\/vc_column_text][vc_message message_box_color=&#8220;grey&#8220; icon_type=&#8220;linecons&#8220; icon_linecons=&#8220;vc_li vc_li-search&#8220; css=&#8220;.vc_custom_1675431345834{margin-top: 30px !important;margin-right: 20px !important;margin-bottom: 30px !important;margin-left: 20px !important;}&#8220;]<\/p>\n<h5><a href=\"https:\/\/www.cultura.trentino.it\/portal\/server.pt\/community\/caduti_in_guerra_-_cerca\/309\/cerca_nella_banca_data\/19671\">Einen Gefallenen finden<\/a><\/h5>\n<p>[\/vc_message][\/vc_column][vc_column width=&#8220;1\/3&#8243; css=&#8220;.vc_custom_1638368415766{padding-right: 20px !important;padding-left: 20px !important;background-color: #db4d43 !important;}&#8220;][vc_column_text css=&#8220;.vc_custom_1638869687480{padding-top: 20px !important;padding-right: 20px !important;padding-left: 20px !important;}&#8220;]<\/p>\n<h3><span style=\"color: #ffffff;\">Contatti<\/span><\/h3>\n<p><span style=\"color: #ffffff;\">Archivi e Biblioteca<\/span><br \/>\n<span style=\"color: #ffffff;\">Nicola Fontana<\/span><br \/>\n<span style=\"color: #ffffff;\">via della Terra 48, Rovereto<\/span><br \/>\n<span style=\"color: #ffffff;\">+39 0464 420824<\/span><br \/>\n<span style=\"color: #ffffff;\"><a class=\"moz-txt-link-abbreviated\" style=\"color: #ffffff;\" href=\"mailto:archivio@museodellaguerra.it\">archivio@museodellaguerra.it<\/a><\/span><\/p>\n<p><span style=\"color: #ffffff;\">Lun-Ven 8.30-12.30 e 14-17<\/span><br \/>\n<span style=\"color: #ffffff;\">Accesso solo su appuntamento<\/span>[\/vc_column_text][vc_single_image image=&#8220;15922&#8243; img_size=&#8220;medium&#8220; alignment=&#8220;center&#8220; onclick=&#8220;custom_link&#8220; link=&#8220;https:\/\/www.cultura.trentino.it\/portal\/server.pt\/community\/caduti_in_guerra&#8220; css=&#8220;.vc_custom_1641310352115{margin-top: 50px !important;margin-bottom: 20px !important;}&#8220;][\/vc_column][\/vc_row]<\/p>\n","protected":false},"excerpt":{"rendered":"<p>[vc_row css=&#8220;.vc_custom_1638368811345{margin-bottom: 30px !important;}&#8220;][vc_column][vc_single_image image=&#8220;20855&#8243; img_size=&#8220;full&#8220;][\/vc_column][\/vc_row][vc_row gap=&#8220;10&#8243; equal_height=&#8220;yes&#8220; css=&#8220;.vc_custom_1638368791901{margin-bottom: 20px !important;}&#8220;][vc_column width=&#8220;2\/3&#8243;][vc_column_text css=&#8220;.vc_custom_1675430152694{padding-top: 20px !important;padding-right: 20px !important;padding-bottom: 20px !important;padding-left: 20px !important;}&#8220;]Sterberegister der Trentiner Gefallenen des Ersten Weltkrieges Seit 2005 hat das Museum mit der Z\u00e4hlung und der Sammlung von Daten der im Ersten Weltkrieg gefallenen Trentiner Soldaten begonnen. Mit dem von der Autonomen Provinz Trient<\/p>\n","protected":false},"author":1,"featured_media":0,"parent":22295,"menu_order":0,"comment_status":"closed","ping_status":"closed","template":"page_chi.php","meta":{"footnotes":""},"class_list":["post-22307","page","type-page","status-publish","hentry"],"yoast_head":"<!-- This site is optimized with the Yoast SEO plugin v27.1.1 - https:\/\/yoast.com\/product\/yoast-seo-wordpress\/ -->\n<title>Gefallenenarchiv - Museo Storico Italiano della Guerra<\/title>\n<meta name=\"robots\" content=\"index, follow, max-snippet:-1, max-image-preview:large, max-video-preview:-1\" \/>\n<link rel=\"canonical\" href=\"https:\/\/museomitag.it\/chi-siamo\/progetti-speciali\/archivio-caduti\/\" \/>\n<meta property=\"og:locale\" content=\"de_DE\" \/>\n<meta property=\"og:type\" content=\"article\" \/>\n<meta property=\"og:title\" content=\"Gefallenenarchiv - Museo Storico Italiano della Guerra\" \/>\n<meta property=\"og:description\" content=\"[vc_row css=&#8220;.vc_custom_1638368811345{margin-bottom: 30px !important;}&#8220;][vc_column][vc_single_image image=&#8220;20855&#8243; img_size=&#8220;full&#8220;][\/vc_column][\/vc_row][vc_row gap=&#8220;10&#8243; equal_height=&#8220;yes&#8220; css=&#8220;.vc_custom_1638368791901{margin-bottom: 20px !important;}&#8220;][vc_column width=&#8220;2\/3&#8243;][vc_column_text css=&#8220;.vc_custom_1675430152694{padding-top: 20px !important;padding-right: 20px !important;padding-bottom: 20px !important;padding-left: 20px !important;}&#8220;]Sterberegister der Trentiner Gefallenen des Ersten Weltkrieges Seit 2005 hat das Museum mit der Z\u00e4hlung und der Sammlung von Daten der im Ersten Weltkrieg gefallenen Trentiner Soldaten begonnen. Mit dem von der Autonomen Provinz Trient\" \/>\n<meta property=\"og:url\" content=\"https:\/\/museomitag.it\/chi-siamo\/progetti-speciali\/archivio-caduti\/\" \/>\n<meta property=\"og:site_name\" content=\"Museo Storico Italiano della Guerra\" \/>\n<meta property=\"article:publisher\" content=\"https:\/\/www.facebook.com\/museomitag\/\" \/>\n<meta name=\"twitter:card\" content=\"summary_large_image\" \/>\n<meta name=\"twitter:label1\" content=\"Gesch\u00e4tzte Lesezeit\" \/>\n\t<meta name=\"twitter:data1\" content=\"2\u00a0Minuten\" \/>\n<script type=\"application\/ld+json\" class=\"yoast-schema-graph\">{\"@context\":\"https:\/\/schema.org\",\"@graph\":[{\"@type\":\"WebPage\",\"@id\":\"https:\/\/museomitag.it\/chi-siamo\/progetti-speciali\/archivio-caduti\/\",\"url\":\"https:\/\/museomitag.it\/chi-siamo\/progetti-speciali\/archivio-caduti\/\",\"name\":\"Gefallenenarchiv - Museo Storico Italiano della Guerra\",\"isPartOf\":{\"@id\":\"https:\/\/museomitag.it\/#website\"},\"datePublished\":\"2023-02-03T13:35:51+00:00\",\"breadcrumb\":{\"@id\":\"https:\/\/museomitag.it\/chi-siamo\/progetti-speciali\/archivio-caduti\/#breadcrumb\"},\"inLanguage\":\"de\",\"potentialAction\":[{\"@type\":\"ReadAction\",\"target\":[\"https:\/\/museomitag.it\/chi-siamo\/progetti-speciali\/archivio-caduti\/\"]}]},{\"@type\":\"BreadcrumbList\",\"@id\":\"https:\/\/museomitag.it\/chi-siamo\/progetti-speciali\/archivio-caduti\/#breadcrumb\",\"itemListElement\":[{\"@type\":\"ListItem\",\"position\":1,\"name\":\"Home\",\"item\":\"https:\/\/museomitag.it\/de\/\"},{\"@type\":\"ListItem\",\"position\":2,\"name\":\"Wer wir sind\",\"item\":\"https:\/\/museomitag.it\/de\/?page_id=22283\"},{\"@type\":\"ListItem\",\"position\":3,\"name\":\"Sonderprojekte\",\"item\":\"https:\/\/museomitag.it\/de\/sonderprojekte\/\"},{\"@type\":\"ListItem\",\"position\":4,\"name\":\"Gefallenenarchiv\"}]},{\"@type\":\"WebSite\",\"@id\":\"https:\/\/museomitag.it\/#website\",\"url\":\"https:\/\/museomitag.it\/\",\"name\":\"MITAG Museo Storico Italiano della Guerra\",\"description\":\"Rovereto (TN) - Trentino\",\"publisher\":{\"@id\":\"https:\/\/museomitag.it\/#organization\"},\"potentialAction\":[{\"@type\":\"SearchAction\",\"target\":{\"@type\":\"EntryPoint\",\"urlTemplate\":\"https:\/\/museomitag.it\/?s={search_term_string}\"},\"query-input\":{\"@type\":\"PropertyValueSpecification\",\"valueRequired\":true,\"valueName\":\"search_term_string\"}}],\"inLanguage\":\"de\"},{\"@type\":\"Organization\",\"@id\":\"https:\/\/museomitag.it\/#organization\",\"name\":\"MITAG Museo Storico Italiano della Guerra\",\"url\":\"https:\/\/museomitag.it\/\",\"logo\":{\"@type\":\"ImageObject\",\"inLanguage\":\"de\",\"@id\":\"https:\/\/museomitag.it\/#\/schema\/logo\/image\/\",\"url\":\"https:\/\/museomitag.it\/wp-content\/uploads\/2025\/07\/Logo-MITAG-nero-500px.png\",\"contentUrl\":\"https:\/\/museomitag.it\/wp-content\/uploads\/2025\/07\/Logo-MITAG-nero-500px.png\",\"width\":500,\"height\":185,\"caption\":\"MITAG Museo Storico Italiano della Guerra\"},\"image\":{\"@id\":\"https:\/\/museomitag.it\/#\/schema\/logo\/image\/\"},\"sameAs\":[\"https:\/\/www.facebook.com\/museomitag\/\",\"https:\/\/www.instagram.com\/museomitag\/\"]}]}<\/script>\n<!-- \/ Yoast SEO plugin. -->","yoast_head_json":{"title":"Gefallenenarchiv - Museo Storico Italiano della Guerra","robots":{"index":"index","follow":"follow","max-snippet":"max-snippet:-1","max-image-preview":"max-image-preview:large","max-video-preview":"max-video-preview:-1"},"canonical":"https:\/\/museomitag.it\/chi-siamo\/progetti-speciali\/archivio-caduti\/","og_locale":"de_DE","og_type":"article","og_title":"Gefallenenarchiv - Museo Storico Italiano della Guerra","og_description":"[vc_row css=&#8220;.vc_custom_1638368811345{margin-bottom: 30px !important;}&#8220;][vc_column][vc_single_image image=&#8220;20855&#8243; img_size=&#8220;full&#8220;][\/vc_column][\/vc_row][vc_row gap=&#8220;10&#8243; equal_height=&#8220;yes&#8220; css=&#8220;.vc_custom_1638368791901{margin-bottom: 20px !important;}&#8220;][vc_column width=&#8220;2\/3&#8243;][vc_column_text css=&#8220;.vc_custom_1675430152694{padding-top: 20px !important;padding-right: 20px !important;padding-bottom: 20px !important;padding-left: 20px !important;}&#8220;]Sterberegister der Trentiner Gefallenen des Ersten Weltkrieges Seit 2005 hat das Museum mit der Z\u00e4hlung und der Sammlung von Daten der im Ersten Weltkrieg gefallenen Trentiner Soldaten begonnen. Mit dem von der Autonomen Provinz Trient","og_url":"https:\/\/museomitag.it\/chi-siamo\/progetti-speciali\/archivio-caduti\/","og_site_name":"Museo Storico Italiano della Guerra","article_publisher":"https:\/\/www.facebook.com\/museomitag\/","twitter_card":"summary_large_image","twitter_misc":{"Gesch\u00e4tzte Lesezeit":"2\u00a0Minuten"},"schema":{"@context":"https:\/\/schema.org","@graph":[{"@type":"WebPage","@id":"https:\/\/museomitag.it\/chi-siamo\/progetti-speciali\/archivio-caduti\/","url":"https:\/\/museomitag.it\/chi-siamo\/progetti-speciali\/archivio-caduti\/","name":"Gefallenenarchiv - Museo Storico Italiano della Guerra","isPartOf":{"@id":"https:\/\/museomitag.it\/#website"},"datePublished":"2023-02-03T13:35:51+00:00","breadcrumb":{"@id":"https:\/\/museomitag.it\/chi-siamo\/progetti-speciali\/archivio-caduti\/#breadcrumb"},"inLanguage":"de","potentialAction":[{"@type":"ReadAction","target":["https:\/\/museomitag.it\/chi-siamo\/progetti-speciali\/archivio-caduti\/"]}]},{"@type":"BreadcrumbList","@id":"https:\/\/museomitag.it\/chi-siamo\/progetti-speciali\/archivio-caduti\/#breadcrumb","itemListElement":[{"@type":"ListItem","position":1,"name":"Home","item":"https:\/\/museomitag.it\/de\/"},{"@type":"ListItem","position":2,"name":"Wer wir sind","item":"https:\/\/museomitag.it\/de\/?page_id=22283"},{"@type":"ListItem","position":3,"name":"Sonderprojekte","item":"https:\/\/museomitag.it\/de\/sonderprojekte\/"},{"@type":"ListItem","position":4,"name":"Gefallenenarchiv"}]},{"@type":"WebSite","@id":"https:\/\/museomitag.it\/#website","url":"https:\/\/museomitag.it\/","name":"MITAG Museo Storico Italiano della Guerra","description":"Rovereto (TN) - Trentino","publisher":{"@id":"https:\/\/museomitag.it\/#organization"},"potentialAction":[{"@type":"SearchAction","target":{"@type":"EntryPoint","urlTemplate":"https:\/\/museomitag.it\/?s={search_term_string}"},"query-input":{"@type":"PropertyValueSpecification","valueRequired":true,"valueName":"search_term_string"}}],"inLanguage":"de"},{"@type":"Organization","@id":"https:\/\/museomitag.it\/#organization","name":"MITAG Museo Storico Italiano della Guerra","url":"https:\/\/museomitag.it\/","logo":{"@type":"ImageObject","inLanguage":"de","@id":"https:\/\/museomitag.it\/#\/schema\/logo\/image\/","url":"https:\/\/museomitag.it\/wp-content\/uploads\/2025\/07\/Logo-MITAG-nero-500px.png","contentUrl":"https:\/\/museomitag.it\/wp-content\/uploads\/2025\/07\/Logo-MITAG-nero-500px.png","width":500,"height":185,"caption":"MITAG Museo Storico Italiano della Guerra"},"image":{"@id":"https:\/\/museomitag.it\/#\/schema\/logo\/image\/"},"sameAs":["https:\/\/www.facebook.com\/museomitag\/","https:\/\/www.instagram.com\/museomitag\/"]}]}},"_links":{"self":[{"href":"https:\/\/museomitag.it\/de\/wp-json\/wp\/v2\/pages\/22307","targetHints":{"allow":["GET"]}}],"collection":[{"href":"https:\/\/museomitag.it\/de\/wp-json\/wp\/v2\/pages"}],"about":[{"href":"https:\/\/museomitag.it\/de\/wp-json\/wp\/v2\/types\/page"}],"author":[{"embeddable":true,"href":"https:\/\/museomitag.it\/de\/wp-json\/wp\/v2\/users\/1"}],"replies":[{"embeddable":true,"href":"https:\/\/museomitag.it\/de\/wp-json\/wp\/v2\/comments?post=22307"}],"version-history":[{"count":3,"href":"https:\/\/museomitag.it\/de\/wp-json\/wp\/v2\/pages\/22307\/revisions"}],"predecessor-version":[{"id":23849,"href":"https:\/\/museomitag.it\/de\/wp-json\/wp\/v2\/pages\/22307\/revisions\/23849"}],"up":[{"embeddable":true,"href":"https:\/\/museomitag.it\/de\/wp-json\/wp\/v2\/pages\/22295"}],"wp:attachment":[{"href":"https:\/\/museomitag.it\/de\/wp-json\/wp\/v2\/media?parent=22307"}],"curies":[{"name":"wp","href":"https:\/\/api.w.org\/{rel}","templated":true}]}}