{"id":22331,"date":"2023-02-03T14:47:34","date_gmt":"2023-02-03T13:47:34","guid":{"rendered":"https:\/\/museomitag.it\/?page_id=22331"},"modified":"2025-03-18T12:24:08","modified_gmt":"2025-03-18T11:24:08","slug":"kontakte","status":"publish","type":"page","link":"https:\/\/museomitag.it\/de\/kontakte\/","title":{"rendered":"Kontakte"},"content":{"rendered":"<p>[vc_row][vc_column][vc_column_text]<\/p>\n<h3><strong>MITAG MUSEO STORICO ITALIANO DELLA GUERRA<\/strong><\/h3>\n<p>Via Castelbarco, 7<br \/>\n38068 Rovereto (TN)<br \/>\nTel +39 0464 438100<br \/>\ninfo@museomitag.it<br \/>\nmuseoguerrarovereto@pec.it[\/vc_column_text][vc_column_text css=&#8220;.vc_custom_1742297045389{margin-top: 50px !important;}&#8220;]<\/p>\n<h3><strong>STAFF<\/strong><\/h3>\n<p>F\u00fcr den Besuch der B\u00fcros unserer Fachabteilungen ist eine Voranmeldung n\u00f6tig. F\u00fcr weitere Informationen und Anfragen kontaktieren Sie bitte telefonisch oder per E-Mail den entsprechenden Abteilungsleiter.<\/p>\n<p>&nbsp;<\/p>\n<h5>Provveditore<\/h5>\n<p>Francesco Frizzera | +39 0464 438100 | <a href=\"mailto:francescofrizzera@museomitag.it\">francescofrizzera@museomitag.it<\/a><\/p>\n<h5>Ufficio Affari generali<\/h5>\n<p>Giovanna Pedron | +39 0464 438100 int. 204 | <a href=\"mailto:amministrazione@museomitag.it\">amministrazione@museomitag.it<\/a><\/p>\n<h5>Contabilit\u00e0<\/h5>\n<p>Federica Gianuzzi | +39 0464 438100 int. 205 | <a href=\"mailto:contabilita@museomitag.it\">contabilita@museomitag.it<\/a><\/p>\n<h5>Collezioni<\/h5>\n<p>Marco Leonardi Scomazzoni | +39 0464 438100 int. 206 | <a href=\"mailto:collezioni@museomitag.it\">collezioni@museomitag.it<\/a><br \/>\nDavide Zendri | +39 0464 438100 int. 216 |\u00a0<a href=\"mailto:collezioni@museomitag.it\">collezioni@museomitag.it<\/a><\/p>\n<h5>Archivio storico, fotografico e biblioteca<\/h5>\n<p>Nicola Fontana | +39 0464 438100 int. 250 \u00a0|\u00a0<a href=\"mailto:archivio@museomitag.it\">archivio@museomitag.it<\/a><\/p>\n<h5>Sezione educativa<\/h5>\n<p>Responsabile: Anna Pisetti | +39 0464 438100 int. 209 |\u00a0<a href=\"mailto:annapisetti@museomitag.it\">annapisetti@museomitag.it<\/a><br \/>\nSegreteria didattica: Katjuscia Tevini | +39 0464 488041 | <a href=\"mailto:didattica@museomitag.it\">didattica@museomitag.it<\/a><\/p>\n<h5>Servizi al pubblico<\/h5>\n<p>Sara Maffei | +39 0464 438100 int. 207 | <a href=\"mailto:info@museomitag.it\">info@museomitag.it<\/a><br \/>\nLaura Casarotto Romer | +39 0464 438100 int. 207 | <a href=\"mailto:info@museomitag.it\">info@museomitag.it<\/a><\/p>\n<h5>Comunicazione e Marketing<\/h5>\n<p>MariaElena Cavicchioli | +39 0464 438100 int. 210 | +39 328 9376576 | <a href=\"mailto:comunicazione@museomitag.it\">comunicazione@museomitag.it<\/a><\/p>\n<h5>Rete Trentino Grande Guerra<\/h5>\n<p>Elisa Corni | +39 0464 438100 | <a href=\"mailto:rete@trentinograndeguerra.it\">rete@trentinograndeguerra.it<\/a><br \/>\nMariaElena Cavicchioli | +39 0464 438100 int. 210 | <a href=\"mailto:rete@trentinograndeguerra.it\">rete@trentinograndeguerra.it<\/a><\/p>\n<h5>Web e Multimedia<\/h5>\n<p>Gianluca Serra | +39 0464 438100 int. 211 |\u00a0<a href=\"mailto:web@museomitag.it\">web@museomitag.it<\/a><\/p>\n<h5>Bookshop<\/h5>\n<p>Sara Maffei | +39 0464 438100 int. 207 | <a href=\"mailto:bookshop@museomitag.it\">bookshop@museomitag.it<\/a><br \/>\nLaura Casarotto Romer | +39 0464 438100 int. 207 |\u00a0<a href=\"mailto:bookshop@museomitag.it\">bookshop@museomitag.it<\/a><\/p>\n<h5>Ufficio tecnico<\/h5>\n<p>Reinhold Stimpfl | +39 0464 438100 int. 211 | <a href=\"mailto:tecnico@museomitag.it\">tecnico@museomitag.it<\/a><br \/>\nAndrea Taddei |\u00a0+39 0464 438100<\/p>\n<h5>Personale di custodia<\/h5>\n<p>Per il servizio di custodia il Museo si avvale del personale assegnato dal Servizio per l\u2019Occupazione e la Valorizzazione Ambientale della Provincia Autonoma di Trento, Servizio Politiche Sociali del Comune di Rovereto, in collaborazione con le cooperative CLERA S.C. e Job\u2019s Coop.[\/vc_column_text][vc_row_inner css=&#8220;.vc_custom_1640084038385{margin-top: 30px !important;}&#8220;][vc_column_inner][vc_single_image image=&#8220;18925&#8243; img_size=&#8220;800&#215;533&#8243;][\/vc_column_inner][\/vc_row_inner][\/vc_column][\/vc_row]<\/p>\n","protected":false},"excerpt":{"rendered":"<p>[vc_row][vc_column][vc_column_text] MITAG MUSEO STORICO ITALIANO DELLA GUERRA Via Castelbarco, 7 38068 Rovereto (TN) Tel +39 0464 438100 info@museomitag.it museoguerrarovereto@pec.it[\/vc_column_text][vc_column_text css=&#8220;.vc_custom_1742297045389{margin-top: 50px !important;}&#8220;] STAFF F\u00fcr den Besuch der B\u00fcros unserer Fachabteilungen ist eine Voranmeldung n\u00f6tig. F\u00fcr weitere Informationen und Anfragen kontaktieren Sie bitte telefonisch oder per E-Mail den entsprechenden Abteilungsleiter. &nbsp; Provveditore Francesco Frizzera | +39<\/p>\n","protected":false},"author":1,"featured_media":0,"parent":22283,"menu_order":0,"comment_status":"closed","ping_status":"closed","template":"page_chi.php","meta":{"footnotes":""},"class_list":["post-22331","page","type-page","status-publish","hentry"],"yoast_head":"<!-- This site is optimized with the Yoast SEO plugin v27.3 - https:\/\/yoast.com\/product\/yoast-seo-wordpress\/ -->\n<title>Kontakte - Museo Storico Italiano della Guerra<\/title>\n<meta name=\"robots\" content=\"index, follow, max-snippet:-1, max-image-preview:large, max-video-preview:-1\" \/>\n<link rel=\"canonical\" href=\"https:\/\/museomitag.it\/chi-siamo\/contatti\/\" \/>\n<meta property=\"og:locale\" content=\"de_DE\" \/>\n<meta property=\"og:type\" content=\"article\" \/>\n<meta property=\"og:title\" content=\"Kontakte - Museo Storico Italiano della Guerra\" \/>\n<meta property=\"og:description\" content=\"[vc_row][vc_column][vc_column_text] MITAG MUSEO STORICO ITALIANO DELLA GUERRA Via Castelbarco, 7 38068 Rovereto (TN) Tel +39 0464 438100 info@museomitag.it museoguerrarovereto@pec.it[\/vc_column_text][vc_column_text css=&#8220;.vc_custom_1742297045389{margin-top: 50px !important;}&#8220;] STAFF F\u00fcr den Besuch der B\u00fcros unserer Fachabteilungen ist eine Voranmeldung n\u00f6tig. F\u00fcr weitere Informationen und Anfragen kontaktieren Sie bitte telefonisch oder per E-Mail den entsprechenden Abteilungsleiter. &nbsp; Provveditore Francesco Frizzera | +39\" \/>\n<meta property=\"og:url\" content=\"https:\/\/museomitag.it\/chi-siamo\/contatti\/\" \/>\n<meta property=\"og:site_name\" content=\"Museo Storico Italiano della Guerra\" \/>\n<meta property=\"article:publisher\" content=\"https:\/\/www.facebook.com\/museomitag\/\" \/>\n<meta property=\"article:modified_time\" content=\"2025-03-18T11:24:08+00:00\" \/>\n<meta name=\"twitter:card\" content=\"summary_large_image\" \/>\n<meta name=\"twitter:label1\" content=\"Gesch\u00e4tzte Lesezeit\" \/>\n\t<meta name=\"twitter:data1\" content=\"1\u00a0Minute\" \/>\n<script type=\"application\/ld+json\" class=\"yoast-schema-graph\">{\"@context\":\"https:\\\/\\\/schema.org\",\"@graph\":[{\"@type\":\"WebPage\",\"@id\":\"https:\\\/\\\/museomitag.it\\\/chi-siamo\\\/contatti\\\/\",\"url\":\"https:\\\/\\\/museomitag.it\\\/chi-siamo\\\/contatti\\\/\",\"name\":\"Kontakte - Museo Storico Italiano della Guerra\",\"isPartOf\":{\"@id\":\"https:\\\/\\\/museomitag.it\\\/#website\"},\"datePublished\":\"2023-02-03T13:47:34+00:00\",\"dateModified\":\"2025-03-18T11:24:08+00:00\",\"breadcrumb\":{\"@id\":\"https:\\\/\\\/museomitag.it\\\/chi-siamo\\\/contatti\\\/#breadcrumb\"},\"inLanguage\":\"de\",\"potentialAction\":[{\"@type\":\"ReadAction\",\"target\":[\"https:\\\/\\\/museomitag.it\\\/chi-siamo\\\/contatti\\\/\"]}]},{\"@type\":\"BreadcrumbList\",\"@id\":\"https:\\\/\\\/museomitag.it\\\/chi-siamo\\\/contatti\\\/#breadcrumb\",\"itemListElement\":[{\"@type\":\"ListItem\",\"position\":1,\"name\":\"Home\",\"item\":\"https:\\\/\\\/museomitag.it\\\/de\\\/\"},{\"@type\":\"ListItem\",\"position\":2,\"name\":\"Wer wir sind\",\"item\":\"https:\\\/\\\/museomitag.it\\\/de\\\/?page_id=22283\"},{\"@type\":\"ListItem\",\"position\":3,\"name\":\"Kontakte\"}]},{\"@type\":\"WebSite\",\"@id\":\"https:\\\/\\\/museomitag.it\\\/#website\",\"url\":\"https:\\\/\\\/museomitag.it\\\/\",\"name\":\"MITAG Museo Storico Italiano della Guerra\",\"description\":\"Rovereto (TN) - Trentino\",\"publisher\":{\"@id\":\"https:\\\/\\\/museomitag.it\\\/#organization\"},\"potentialAction\":[{\"@type\":\"SearchAction\",\"target\":{\"@type\":\"EntryPoint\",\"urlTemplate\":\"https:\\\/\\\/museomitag.it\\\/?s={search_term_string}\"},\"query-input\":{\"@type\":\"PropertyValueSpecification\",\"valueRequired\":true,\"valueName\":\"search_term_string\"}}],\"inLanguage\":\"de\"},{\"@type\":\"Organization\",\"@id\":\"https:\\\/\\\/museomitag.it\\\/#organization\",\"name\":\"MITAG Museo Storico Italiano della Guerra\",\"url\":\"https:\\\/\\\/museomitag.it\\\/\",\"logo\":{\"@type\":\"ImageObject\",\"inLanguage\":\"de\",\"@id\":\"https:\\\/\\\/museomitag.it\\\/#\\\/schema\\\/logo\\\/image\\\/\",\"url\":\"https:\\\/\\\/museomitag.it\\\/wp-content\\\/uploads\\\/2025\\\/07\\\/Logo-MITAG-nero-500px.png\",\"contentUrl\":\"https:\\\/\\\/museomitag.it\\\/wp-content\\\/uploads\\\/2025\\\/07\\\/Logo-MITAG-nero-500px.png\",\"width\":500,\"height\":185,\"caption\":\"MITAG Museo Storico Italiano della Guerra\"},\"image\":{\"@id\":\"https:\\\/\\\/museomitag.it\\\/#\\\/schema\\\/logo\\\/image\\\/\"},\"sameAs\":[\"https:\\\/\\\/www.facebook.com\\\/museomitag\\\/\",\"https:\\\/\\\/www.instagram.com\\\/museomitag\\\/\"]}]}<\/script>\n<!-- \/ Yoast SEO plugin. -->","yoast_head_json":{"title":"Kontakte - Museo Storico Italiano della Guerra","robots":{"index":"index","follow":"follow","max-snippet":"max-snippet:-1","max-image-preview":"max-image-preview:large","max-video-preview":"max-video-preview:-1"},"canonical":"https:\/\/museomitag.it\/chi-siamo\/contatti\/","og_locale":"de_DE","og_type":"article","og_title":"Kontakte - Museo Storico Italiano della Guerra","og_description":"[vc_row][vc_column][vc_column_text] MITAG MUSEO STORICO ITALIANO DELLA GUERRA Via Castelbarco, 7 38068 Rovereto (TN) Tel +39 0464 438100 info@museomitag.it museoguerrarovereto@pec.it[\/vc_column_text][vc_column_text css=&#8220;.vc_custom_1742297045389{margin-top: 50px !important;}&#8220;] STAFF F\u00fcr den Besuch der B\u00fcros unserer Fachabteilungen ist eine Voranmeldung n\u00f6tig. F\u00fcr weitere Informationen und Anfragen kontaktieren Sie bitte telefonisch oder per E-Mail den entsprechenden Abteilungsleiter. &nbsp; Provveditore Francesco Frizzera | +39","og_url":"https:\/\/museomitag.it\/chi-siamo\/contatti\/","og_site_name":"Museo Storico Italiano della Guerra","article_publisher":"https:\/\/www.facebook.com\/museomitag\/","article_modified_time":"2025-03-18T11:24:08+00:00","twitter_card":"summary_large_image","twitter_misc":{"Gesch\u00e4tzte Lesezeit":"1\u00a0Minute"},"schema":{"@context":"https:\/\/schema.org","@graph":[{"@type":"WebPage","@id":"https:\/\/museomitag.it\/chi-siamo\/contatti\/","url":"https:\/\/museomitag.it\/chi-siamo\/contatti\/","name":"Kontakte - Museo Storico Italiano della Guerra","isPartOf":{"@id":"https:\/\/museomitag.it\/#website"},"datePublished":"2023-02-03T13:47:34+00:00","dateModified":"2025-03-18T11:24:08+00:00","breadcrumb":{"@id":"https:\/\/museomitag.it\/chi-siamo\/contatti\/#breadcrumb"},"inLanguage":"de","potentialAction":[{"@type":"ReadAction","target":["https:\/\/museomitag.it\/chi-siamo\/contatti\/"]}]},{"@type":"BreadcrumbList","@id":"https:\/\/museomitag.it\/chi-siamo\/contatti\/#breadcrumb","itemListElement":[{"@type":"ListItem","position":1,"name":"Home","item":"https:\/\/museomitag.it\/de\/"},{"@type":"ListItem","position":2,"name":"Wer wir sind","item":"https:\/\/museomitag.it\/de\/?page_id=22283"},{"@type":"ListItem","position":3,"name":"Kontakte"}]},{"@type":"WebSite","@id":"https:\/\/museomitag.it\/#website","url":"https:\/\/museomitag.it\/","name":"MITAG Museo Storico Italiano della Guerra","description":"Rovereto (TN) - Trentino","publisher":{"@id":"https:\/\/museomitag.it\/#organization"},"potentialAction":[{"@type":"SearchAction","target":{"@type":"EntryPoint","urlTemplate":"https:\/\/museomitag.it\/?s={search_term_string}"},"query-input":{"@type":"PropertyValueSpecification","valueRequired":true,"valueName":"search_term_string"}}],"inLanguage":"de"},{"@type":"Organization","@id":"https:\/\/museomitag.it\/#organization","name":"MITAG Museo Storico Italiano della Guerra","url":"https:\/\/museomitag.it\/","logo":{"@type":"ImageObject","inLanguage":"de","@id":"https:\/\/museomitag.it\/#\/schema\/logo\/image\/","url":"https:\/\/museomitag.it\/wp-content\/uploads\/2025\/07\/Logo-MITAG-nero-500px.png","contentUrl":"https:\/\/museomitag.it\/wp-content\/uploads\/2025\/07\/Logo-MITAG-nero-500px.png","width":500,"height":185,"caption":"MITAG Museo Storico Italiano della Guerra"},"image":{"@id":"https:\/\/museomitag.it\/#\/schema\/logo\/image\/"},"sameAs":["https:\/\/www.facebook.com\/museomitag\/","https:\/\/www.instagram.com\/museomitag\/"]}]}},"_links":{"self":[{"href":"https:\/\/museomitag.it\/de\/wp-json\/wp\/v2\/pages\/22331","targetHints":{"allow":["GET"]}}],"collection":[{"href":"https:\/\/museomitag.it\/de\/wp-json\/wp\/v2\/pages"}],"about":[{"href":"https:\/\/museomitag.it\/de\/wp-json\/wp\/v2\/types\/page"}],"author":[{"embeddable":true,"href":"https:\/\/museomitag.it\/de\/wp-json\/wp\/v2\/users\/1"}],"replies":[{"embeddable":true,"href":"https:\/\/museomitag.it\/de\/wp-json\/wp\/v2\/comments?post=22331"}],"version-history":[{"count":5,"href":"https:\/\/museomitag.it\/de\/wp-json\/wp\/v2\/pages\/22331\/revisions"}],"predecessor-version":[{"id":28147,"href":"https:\/\/museomitag.it\/de\/wp-json\/wp\/v2\/pages\/22331\/revisions\/28147"}],"up":[{"embeddable":true,"href":"https:\/\/museomitag.it\/de\/wp-json\/wp\/v2\/pages\/22283"}],"wp:attachment":[{"href":"https:\/\/museomitag.it\/de\/wp-json\/wp\/v2\/media?parent=22331"}],"curies":[{"name":"wp","href":"https:\/\/api.w.org\/{rel}","templated":true}]}}