{"id":23817,"date":"2023-02-02T11:54:13","date_gmt":"2023-02-02T10:54:13","guid":{"rendered":"https:\/\/museomitag.it\/?page_id=23817"},"modified":"2023-02-02T11:54:13","modified_gmt":"2023-02-02T10:54:13","slug":"online-veroeffentlichungen","status":"publish","type":"page","link":"https:\/\/museomitag.it\/de\/verlagsprogramm\/online-veroeffentlichungen\/","title":{"rendered":"Online-ver\u00f6ffentlichungen"},"content":{"rendered":"<p>[vc_row gap=&#8220;10&#8243; equal_height=&#8220;yes&#8220; css=&#8220;.vc_custom_1637765923979{margin-bottom: 30px !important;}&#8220;][vc_column][vc_column_text]<\/p>\n<h3><strong>Unsere Ver\u00f6ffentlichungen kostenlos nutzen<\/strong><\/h3>\n<p>Online steht eine <strong>Auswahl von B\u00e4nden<\/strong> unseres Verlagsprogramm zur Verf\u00fcgung. Als PDF k\u00f6nnen vergriffene oder nicht mehr im Buchhandel erh\u00e4ltliche Ver\u00f6ffentlichungen heruntergeladen werden.<\/p>\n<p>Unsere <strong>Jahresberichte<\/strong> beinhalten historische und wissenschaftliche Beitr\u00e4ge, Berichte \u00fcber die Arbeitsfelder, Forschungsarbeiten und Sammlungen des Museums. Konsultiere online oder lade kostenlos die Nummern 9 bis 28 herunter.[\/vc_column_text][\/vc_column][\/vc_row][vc_row gap=&#8220;10&#8243; equal_height=&#8220;yes&#8220; content_placement=&#8220;bottom&#8220; css=&#8220;.vc_custom_1604347646137{margin-bottom: 10px !important;}&#8220;][vc_column css_animation=&#8220;none&#8220; width=&#8220;1\/2&#8243; css=&#8220;.vc_custom_1619181218278{margin-right: 0px !important;margin-left: 0px !important;border-top-width: 0px !important;border-right-width: 0px !important;border-bottom-width: 0px !important;border-left-width: 0px !important;background-image: url(https:\/\/museomitag.it\/wp-content\/uploads\/2021\/04\/book-3610618_1920.jpg?id=15146) !important;background-position: center !important;background-repeat: no-repeat !important;background-size: cover !important;border-left-color: #f9a555 !important;border-left-style: none !important;border-right-color: #f9a555 !important;border-right-style: none !important;border-top-color: #f9a555 !important;border-top-style: none !important;border-bottom-color: #f9a555 !important;border-bottom-style: none !important; }&#8220; el_class=&#8220;msig_intro_icona&#8220;][vc_column_text]<\/p>\n<h3><a class=\"msig_intro_link\" title=\"Libri digitali\" href=\"https:\/\/museomitag.it\/scopri-il-museo\/produzione-editoriale\/pubblicazioni-online\/libri-digitali\/\">Libri digitali<\/a><br \/>\n<a class=\"msig_intro_txt\" title=\"Libri digitali\" href=\"https:\/\/museomitag.it\/scopri-il-museo\/produzione-editoriale\/pubblicazioni-online\/libri-digitali\/\">Libri digitali<\/a><\/h3>\n<p>[\/vc_column_text][\/vc_column][vc_column css_animation=&#8220;none&#8220; width=&#8220;1\/2&#8243; el_class=&#8220;msig_intro_icona&#8220; css=&#8220;.vc_custom_1637765868148{background-image: url(https:\/\/museomitag.it\/wp-content\/uploads\/2021\/04\/Annali_copertina23.jpg?id=15024) !important;background-position: center !important;background-repeat: no-repeat !important;background-size: cover !important;}&#8220;][vc_column_text]<\/p>\n<h3><a class=\"msig_intro_link\" title=\"Annali del Museo\" href=\"https:\/\/museomitag.it\/scopri-il-museo\/produzione-editoriale\/pubblicazioni-online\/annali\/\">Annali del Museo<\/a><br \/>\n<a class=\"msig_intro_txt\" title=\"Annali del Museo\" href=\"https:\/\/museomitag.it\/scopri-il-museo\/produzione-editoriale\/pubblicazioni-online\/annali\/\">Annali del Museo<\/a><\/h3>\n<p>[\/vc_column_text][\/vc_column][\/vc_row]<\/p>\n","protected":false},"excerpt":{"rendered":"<p>[vc_row gap=&#8220;10&#8243; equal_height=&#8220;yes&#8220; css=&#8220;.vc_custom_1637765923979{margin-bottom: 30px !important;}&#8220;][vc_column][vc_column_text] Unsere Ver\u00f6ffentlichungen kostenlos nutzen Online steht eine Auswahl von B\u00e4nden unseres Verlagsprogramm zur Verf\u00fcgung. Als PDF k\u00f6nnen vergriffene oder nicht mehr im Buchhandel erh\u00e4ltliche Ver\u00f6ffentlichungen heruntergeladen werden. Unsere Jahresberichte beinhalten historische und wissenschaftliche Beitr\u00e4ge, Berichte \u00fcber die Arbeitsfelder, Forschungsarbeiten und Sammlungen des Museums. Konsultiere online oder lade kostenlos die<\/p>\n","protected":false},"author":2,"featured_media":0,"parent":22186,"menu_order":0,"comment_status":"closed","ping_status":"closed","template":"page_museo.php","meta":{"footnotes":""},"class_list":["post-23817","page","type-page","status-publish","hentry"],"yoast_head":"<!-- This site is optimized with the Yoast SEO plugin v27.3 - https:\/\/yoast.com\/product\/yoast-seo-wordpress\/ -->\n<title>Online-ver\u00f6ffentlichungen - Museo Storico Italiano della Guerra<\/title>\n<meta name=\"robots\" content=\"index, follow, max-snippet:-1, max-image-preview:large, max-video-preview:-1\" \/>\n<link rel=\"canonical\" href=\"https:\/\/museomitag.it\/de\/verlagsprogramm\/online-veroeffentlichungen\/\" \/>\n<meta property=\"og:locale\" content=\"de_DE\" \/>\n<meta property=\"og:type\" content=\"article\" \/>\n<meta property=\"og:title\" content=\"Online-ver\u00f6ffentlichungen - Museo Storico Italiano della Guerra\" \/>\n<meta property=\"og:description\" content=\"[vc_row gap=&#8220;10&#8243; equal_height=&#8220;yes&#8220; css=&#8220;.vc_custom_1637765923979{margin-bottom: 30px !important;}&#8220;][vc_column][vc_column_text] Unsere Ver\u00f6ffentlichungen kostenlos nutzen Online steht eine Auswahl von B\u00e4nden unseres Verlagsprogramm zur Verf\u00fcgung. Als PDF k\u00f6nnen vergriffene oder nicht mehr im Buchhandel erh\u00e4ltliche Ver\u00f6ffentlichungen heruntergeladen werden. Unsere Jahresberichte beinhalten historische und wissenschaftliche Beitr\u00e4ge, Berichte \u00fcber die Arbeitsfelder, Forschungsarbeiten und Sammlungen des Museums. Konsultiere online oder lade kostenlos die\" \/>\n<meta property=\"og:url\" content=\"https:\/\/museomitag.it\/de\/verlagsprogramm\/online-veroeffentlichungen\/\" \/>\n<meta property=\"og:site_name\" content=\"Museo Storico Italiano della Guerra\" \/>\n<meta property=\"article:publisher\" content=\"https:\/\/www.facebook.com\/museomitag\/\" \/>\n<meta name=\"twitter:card\" content=\"summary_large_image\" \/>\n<meta name=\"twitter:label1\" content=\"Gesch\u00e4tzte Lesezeit\" \/>\n\t<meta name=\"twitter:data1\" content=\"1\u00a0Minute\" \/>\n<script type=\"application\/ld+json\" class=\"yoast-schema-graph\">{\"@context\":\"https:\\\/\\\/schema.org\",\"@graph\":[{\"@type\":\"WebPage\",\"@id\":\"https:\\\/\\\/museomitag.it\\\/de\\\/verlagsprogramm\\\/online-veroeffentlichungen\\\/\",\"url\":\"https:\\\/\\\/museomitag.it\\\/de\\\/verlagsprogramm\\\/online-veroeffentlichungen\\\/\",\"name\":\"Online-ver\u00f6ffentlichungen - Museo Storico Italiano della Guerra\",\"isPartOf\":{\"@id\":\"https:\\\/\\\/museomitag.it\\\/#website\"},\"datePublished\":\"2023-02-02T10:54:13+00:00\",\"breadcrumb\":{\"@id\":\"https:\\\/\\\/museomitag.it\\\/de\\\/verlagsprogramm\\\/online-veroeffentlichungen\\\/#breadcrumb\"},\"inLanguage\":\"de\",\"potentialAction\":[{\"@type\":\"ReadAction\",\"target\":[\"https:\\\/\\\/museomitag.it\\\/de\\\/verlagsprogramm\\\/online-veroeffentlichungen\\\/\"]}]},{\"@type\":\"BreadcrumbList\",\"@id\":\"https:\\\/\\\/museomitag.it\\\/de\\\/verlagsprogramm\\\/online-veroeffentlichungen\\\/#breadcrumb\",\"itemListElement\":[{\"@type\":\"ListItem\",\"position\":1,\"name\":\"Home\",\"item\":\"https:\\\/\\\/museomitag.it\\\/de\\\/\"},{\"@type\":\"ListItem\",\"position\":2,\"name\":\"Entdecke\",\"item\":\"https:\\\/\\\/museomitag.it\\\/de\\\/?page_id=22088\"},{\"@type\":\"ListItem\",\"position\":3,\"name\":\"Verlagsprogramm\",\"item\":\"https:\\\/\\\/museomitag.it\\\/de\\\/verlagsprogramm\\\/\"},{\"@type\":\"ListItem\",\"position\":4,\"name\":\"Online-ver\u00f6ffentlichungen\"}]},{\"@type\":\"WebSite\",\"@id\":\"https:\\\/\\\/museomitag.it\\\/#website\",\"url\":\"https:\\\/\\\/museomitag.it\\\/\",\"name\":\"MITAG Museo Storico Italiano della Guerra\",\"description\":\"Rovereto (TN) - Trentino\",\"publisher\":{\"@id\":\"https:\\\/\\\/museomitag.it\\\/#organization\"},\"potentialAction\":[{\"@type\":\"SearchAction\",\"target\":{\"@type\":\"EntryPoint\",\"urlTemplate\":\"https:\\\/\\\/museomitag.it\\\/?s={search_term_string}\"},\"query-input\":{\"@type\":\"PropertyValueSpecification\",\"valueRequired\":true,\"valueName\":\"search_term_string\"}}],\"inLanguage\":\"de\"},{\"@type\":\"Organization\",\"@id\":\"https:\\\/\\\/museomitag.it\\\/#organization\",\"name\":\"MITAG Museo Storico Italiano della Guerra\",\"url\":\"https:\\\/\\\/museomitag.it\\\/\",\"logo\":{\"@type\":\"ImageObject\",\"inLanguage\":\"de\",\"@id\":\"https:\\\/\\\/museomitag.it\\\/#\\\/schema\\\/logo\\\/image\\\/\",\"url\":\"https:\\\/\\\/museomitag.it\\\/wp-content\\\/uploads\\\/2025\\\/07\\\/Logo-MITAG-nero-500px.png\",\"contentUrl\":\"https:\\\/\\\/museomitag.it\\\/wp-content\\\/uploads\\\/2025\\\/07\\\/Logo-MITAG-nero-500px.png\",\"width\":500,\"height\":185,\"caption\":\"MITAG Museo Storico Italiano della Guerra\"},\"image\":{\"@id\":\"https:\\\/\\\/museomitag.it\\\/#\\\/schema\\\/logo\\\/image\\\/\"},\"sameAs\":[\"https:\\\/\\\/www.facebook.com\\\/museomitag\\\/\",\"https:\\\/\\\/www.instagram.com\\\/museomitag\\\/\"]}]}<\/script>\n<!-- \/ Yoast SEO plugin. -->","yoast_head_json":{"title":"Online-ver\u00f6ffentlichungen - Museo Storico Italiano della Guerra","robots":{"index":"index","follow":"follow","max-snippet":"max-snippet:-1","max-image-preview":"max-image-preview:large","max-video-preview":"max-video-preview:-1"},"canonical":"https:\/\/museomitag.it\/de\/verlagsprogramm\/online-veroeffentlichungen\/","og_locale":"de_DE","og_type":"article","og_title":"Online-ver\u00f6ffentlichungen - Museo Storico Italiano della Guerra","og_description":"[vc_row gap=&#8220;10&#8243; equal_height=&#8220;yes&#8220; css=&#8220;.vc_custom_1637765923979{margin-bottom: 30px !important;}&#8220;][vc_column][vc_column_text] Unsere Ver\u00f6ffentlichungen kostenlos nutzen Online steht eine Auswahl von B\u00e4nden unseres Verlagsprogramm zur Verf\u00fcgung. Als PDF k\u00f6nnen vergriffene oder nicht mehr im Buchhandel erh\u00e4ltliche Ver\u00f6ffentlichungen heruntergeladen werden. Unsere Jahresberichte beinhalten historische und wissenschaftliche Beitr\u00e4ge, Berichte \u00fcber die Arbeitsfelder, Forschungsarbeiten und Sammlungen des Museums. Konsultiere online oder lade kostenlos die","og_url":"https:\/\/museomitag.it\/de\/verlagsprogramm\/online-veroeffentlichungen\/","og_site_name":"Museo Storico Italiano della Guerra","article_publisher":"https:\/\/www.facebook.com\/museomitag\/","twitter_card":"summary_large_image","twitter_misc":{"Gesch\u00e4tzte Lesezeit":"1\u00a0Minute"},"schema":{"@context":"https:\/\/schema.org","@graph":[{"@type":"WebPage","@id":"https:\/\/museomitag.it\/de\/verlagsprogramm\/online-veroeffentlichungen\/","url":"https:\/\/museomitag.it\/de\/verlagsprogramm\/online-veroeffentlichungen\/","name":"Online-ver\u00f6ffentlichungen - Museo Storico Italiano della Guerra","isPartOf":{"@id":"https:\/\/museomitag.it\/#website"},"datePublished":"2023-02-02T10:54:13+00:00","breadcrumb":{"@id":"https:\/\/museomitag.it\/de\/verlagsprogramm\/online-veroeffentlichungen\/#breadcrumb"},"inLanguage":"de","potentialAction":[{"@type":"ReadAction","target":["https:\/\/museomitag.it\/de\/verlagsprogramm\/online-veroeffentlichungen\/"]}]},{"@type":"BreadcrumbList","@id":"https:\/\/museomitag.it\/de\/verlagsprogramm\/online-veroeffentlichungen\/#breadcrumb","itemListElement":[{"@type":"ListItem","position":1,"name":"Home","item":"https:\/\/museomitag.it\/de\/"},{"@type":"ListItem","position":2,"name":"Entdecke","item":"https:\/\/museomitag.it\/de\/?page_id=22088"},{"@type":"ListItem","position":3,"name":"Verlagsprogramm","item":"https:\/\/museomitag.it\/de\/verlagsprogramm\/"},{"@type":"ListItem","position":4,"name":"Online-ver\u00f6ffentlichungen"}]},{"@type":"WebSite","@id":"https:\/\/museomitag.it\/#website","url":"https:\/\/museomitag.it\/","name":"MITAG Museo Storico Italiano della Guerra","description":"Rovereto (TN) - Trentino","publisher":{"@id":"https:\/\/museomitag.it\/#organization"},"potentialAction":[{"@type":"SearchAction","target":{"@type":"EntryPoint","urlTemplate":"https:\/\/museomitag.it\/?s={search_term_string}"},"query-input":{"@type":"PropertyValueSpecification","valueRequired":true,"valueName":"search_term_string"}}],"inLanguage":"de"},{"@type":"Organization","@id":"https:\/\/museomitag.it\/#organization","name":"MITAG Museo Storico Italiano della Guerra","url":"https:\/\/museomitag.it\/","logo":{"@type":"ImageObject","inLanguage":"de","@id":"https:\/\/museomitag.it\/#\/schema\/logo\/image\/","url":"https:\/\/museomitag.it\/wp-content\/uploads\/2025\/07\/Logo-MITAG-nero-500px.png","contentUrl":"https:\/\/museomitag.it\/wp-content\/uploads\/2025\/07\/Logo-MITAG-nero-500px.png","width":500,"height":185,"caption":"MITAG Museo Storico Italiano della Guerra"},"image":{"@id":"https:\/\/museomitag.it\/#\/schema\/logo\/image\/"},"sameAs":["https:\/\/www.facebook.com\/museomitag\/","https:\/\/www.instagram.com\/museomitag\/"]}]}},"_links":{"self":[{"href":"https:\/\/museomitag.it\/de\/wp-json\/wp\/v2\/pages\/23817","targetHints":{"allow":["GET"]}}],"collection":[{"href":"https:\/\/museomitag.it\/de\/wp-json\/wp\/v2\/pages"}],"about":[{"href":"https:\/\/museomitag.it\/de\/wp-json\/wp\/v2\/types\/page"}],"author":[{"embeddable":true,"href":"https:\/\/museomitag.it\/de\/wp-json\/wp\/v2\/users\/2"}],"replies":[{"embeddable":true,"href":"https:\/\/museomitag.it\/de\/wp-json\/wp\/v2\/comments?post=23817"}],"version-history":[{"count":1,"href":"https:\/\/museomitag.it\/de\/wp-json\/wp\/v2\/pages\/23817\/revisions"}],"predecessor-version":[{"id":23818,"href":"https:\/\/museomitag.it\/de\/wp-json\/wp\/v2\/pages\/23817\/revisions\/23818"}],"up":[{"embeddable":true,"href":"https:\/\/museomitag.it\/de\/wp-json\/wp\/v2\/pages\/22186"}],"wp:attachment":[{"href":"https:\/\/museomitag.it\/de\/wp-json\/wp\/v2\/media?parent=23817"}],"curies":[{"name":"wp","href":"https:\/\/api.w.org\/{rel}","templated":true}]}}