{"id":23827,"date":"2023-02-02T12:02:21","date_gmt":"2023-02-02T11:02:21","guid":{"rendered":"https:\/\/museomitag.it\/?page_id=23827"},"modified":"2023-02-02T12:02:21","modified_gmt":"2023-02-02T11:02:21","slug":"jahresberichte","status":"publish","type":"page","link":"https:\/\/museomitag.it\/de\/verlagsprogramm\/online-veroeffentlichungen\/jahresberichte\/","title":{"rendered":"Jahresberichte"},"content":{"rendered":"<p>[vc_row gap=&#8220;10&#8243; equal_height=&#8220;yes&#8220; css=&#8220;.vc_custom_1607944475507{margin-bottom: 10px !important;}&#8220;][vc_column width=&#8220;2\/3&#8243;][vc_column_text]<\/p>\n<h3><strong>Das Museum berichtet \u00fcber sich<\/strong><\/h3>\n<p>Seit vielen Jahren gibt das Museum die Reihe der <strong>Jahresberichte des Italienischen Historischen Kriegsmuseums<\/strong> heraus, die historische und wissenschaftliche Beitr\u00e4ge beinhalten, Beitr\u00e4ge und Berichte \u00fcber die Arbeitsfelder des Museums, seine Forschungsarbeiten und \u00fcber seine Sammlungen. Es wurden auch eine themenbezogene Ausz\u00fcge ver\u00f6ffentlicht, die sich mit besonders bedeutenden Themen oder vom Museum veranstalteten Tagungen befassen.<\/p>\n<p>Seit dem Jahresbericht Nr. 25 werden sie nur noch in digitaler Form ver\u00f6ffentlicht. Auf dieser Seite k\u00f6nnen die vollst\u00e4ndigen Ausgaben <strong>online eingesehen und als PDF heruntergeladen<\/strong> werden. Zudem steht eine Reihe von Beitr\u00e4gen zur Verf\u00fcgung, die im Abschnitt \u201eStudien und Untersuchungen\u201c ver\u00f6ffentlicht wurden.<\/p>\n<p>Die Ausgaben bis zur Nr. 24 k\u00f6nnen in Museumsbookshop erworben werden. Bestellanfragen k\u00f6nnen per E-Mail an bookshop@museodellaguerra.it oder telefonisch an die Nummer 0464 438100 aufgegeben werden.[\/vc_column_text][\/vc_column][vc_column width=&#8220;1\/3&#8243; css=&#8220;.vc_custom_1637933491760{background-color: #fd7d27 !important;}&#8220;][vc_column_text css=&#8220;.vc_custom_1675335734316{padding-top: 20px !important;padding-right: 20px !important;padding-left: 20px !important;}&#8220;]<\/p>\n<h3 style=\"text-align: left;\"><span style=\"color: #ffffff;\">Kontakte<\/span><\/h3>\n<p style=\"text-align: left;\"><span style=\"color: #ffffff;\"><br \/>\n<strong>Nicola Fontana<\/strong><br \/>\n+39 0464 438100 int. 250<br \/>\narchivio@museodellaguerra.it\u00a0<\/span><\/p>\n<p>[\/vc_column_text][\/vc_column][\/vc_row][vc_row gap=&#8220;10&#8243; equal_height=&#8220;yes&#8220; content_placement=&#8220;bottom&#8220; css=&#8220;.vc_custom_1637846315349{margin-top: 20px !important;margin-bottom: 10px !important;}&#8220;][vc_column css_animation=&#8220;none&#8220; width=&#8220;1\/3&#8243; el_class=&#8220;msig_intro_icona&#8220; css=&#8220;.vc_custom_1648464967564{background: #f2f2f2 url(https:\/\/museomitag.it\/wp-content\/uploads\/2022\/03\/Annali-29_copertina.jpg?id=21667) !important;background-position: center !important;background-repeat: no-repeat !important;background-size: cover !important;}&#8220;][vc_column_text]<\/p>\n<h3><a class=\"msig_intro_link\" title=\"Annali 29\" href=\"https:\/\/museomitag.it\/scopri\/produzione-editoriale\/pubblicazioni-online\/annali\/annali-n29\/\">Annali 29 &#8211; 2021<\/a><br \/>\n<a class=\"msig_intro_txt\" title=\"Annali 29\" href=\"https:\/\/museomitag.it\/scopri\/produzione-editoriale\/pubblicazioni-online\/annali\/annali-n29\/\">Annali 29 &#8211; 2021<\/a><\/h3>\n<p>[\/vc_column_text][\/vc_column][vc_column css_animation=&#8220;none&#8220; width=&#8220;1\/3&#8243; css=&#8220;.vc_custom_1619008962879{border-top-width: 5px !important;border-right-width: 5px !important;border-bottom-width: 5px !important;border-left-width: 5px !important;background-image: url(https:\/\/museomitag.it\/wp-content\/uploads\/2021\/04\/Annali-28_Copertina-600&#215;843-1.jpg?id=15006) !important;background-position: center !important;background-repeat: no-repeat !important;background-size: cover !important;border-left-color: #f9a555 !important;border-left-style: none !important;border-right-color: #f9a555 !important;border-right-style: none !important;border-top-color: #f9a555 !important;border-top-style: none !important;border-bottom-color: #f9a555 !important;border-bottom-style: none !important; }&#8220; el_class=&#8220;msig_intro_icona&#8220;][vc_column_text]<\/p>\n<h3><a class=\"msig_intro_link\" title=\"Annali 28\" href=\"https:\/\/museomitag.it\/scopri-il-museo\/produzione-editoriale\/annali\/annali-n28\/\">Annali 28 &#8211; 2020<\/a><br \/>\n<a class=\"msig_intro_txt\" title=\"Annali 28\" href=\"https:\/\/museomitag.it\/scopri-il-museo\/produzione-editoriale\/annali\/annali-n28\/\">Annali 28 &#8211; 2020<\/a><\/h3>\n<p>[\/vc_column_text][\/vc_column][vc_column css_animation=&#8220;none&#8220; width=&#8220;1\/3&#8243; el_class=&#8220;msig_intro_icona&#8220; css=&#8220;.vc_custom_1619019273933{background-image: url(https:\/\/museomitag.it\/wp-content\/uploads\/2021\/04\/Copertina_web_19-600&#215;847-1.jpg?id=15010) !important;background-position: center !important;background-repeat: no-repeat !important;background-size: cover !important; }&#8220;][vc_column_text]<\/p>\n<h3><a class=\"msig_intro_link\" title=\"Annali 27\" href=\"https:\/\/museomitag.it\/scopri-il-museo\/produzione-editoriale\/pubblicazioni-online\/annali\/annali-n27\/\">Annali 27 &#8211; 2019<\/a><br \/>\n<a class=\"msig_intro_txt\" title=\"Annali 27\" href=\"https:\/\/museomitag.it\/scopri-il-museo\/produzione-editoriale\/pubblicazioni-online\/annali\/annali-n27\/\">Annali 27 &#8211; 2019<\/a><\/h3>\n<p>[\/vc_column_text][\/vc_column][\/vc_row][vc_row gap=&#8220;10&#8243; equal_height=&#8220;yes&#8220; content_placement=&#8220;bottom&#8220; css=&#8220;.vc_custom_1604347646137{margin-bottom: 10px !important;}&#8220;][vc_column css_animation=&#8220;none&#8220; width=&#8220;1\/3&#8243; el_class=&#8220;msig_intro_icona&#8220; css=&#8220;.vc_custom_1648464922089{background: #f2f2f2 url(https:\/\/museomitag.it\/wp-content\/uploads\/2021\/04\/Copertina_web_18-600&#215;847-1.jpg?id=15014) !important;background-position: center !important;background-repeat: no-repeat !important;background-size: cover !important;}&#8220;][vc_column_text]<\/p>\n<h3><a class=\"msig_intro_link\" title=\"Annali 26\" href=\"https:\/\/museomitag.it\/scopri-il-museo\/produzione-editoriale\/pubblicazioni-online\/annali\/annali-n26\/\">Annali 26 &#8211; 2018<\/a><br \/>\n<a class=\"msig_intro_txt\" title=\"Annali 26\" href=\"https:\/\/museomitag.it\/scopri-il-museo\/produzione-editoriale\/pubblicazioni-online\/annali\/annali-n26\/\">Annali 26 &#8211; 2018<\/a><\/h3>\n<p>[\/vc_column_text][\/vc_column][vc_column css_animation=&#8220;none&#8220; width=&#8220;1\/3&#8243; css=&#8220;.vc_custom_1619019616498{border-top-width: 5px !important;border-right-width: 5px !important;border-bottom-width: 5px !important;border-left-width: 5px !important;background-image: url(https:\/\/museomitag.it\/wp-content\/uploads\/2021\/04\/Copertina_web_25.jpg?id=15018) !important;background-position: center !important;background-repeat: no-repeat !important;background-size: cover !important;border-left-color: #f9a555 !important;border-left-style: none !important;border-right-color: #f9a555 !important;border-right-style: none !important;border-top-color: #f9a555 !important;border-top-style: none !important;border-bottom-color: #f9a555 !important;border-bottom-style: none !important; }&#8220; el_class=&#8220;msig_intro_icona&#8220;][vc_column_text]<\/p>\n<h3><a class=\"msig_intro_link\" title=\"Annali 25\" href=\"https:\/\/museomitag.it\/scopri-il-museo\/produzione-editoriale\/pubblicazioni-online\/annali\/annali-n25\/\">Annali 25 &#8211; 2017<\/a><br \/>\n<a class=\"msig_intro_txt\" title=\"Annali 25\" href=\"https:\/\/museomitag.it\/scopri-il-museo\/produzione-editoriale\/pubblicazioni-online\/annali\/annali-n25\/\">Annali 25 &#8211; 2017<\/a><\/h3>\n<p>[\/vc_column_text][\/vc_column][vc_column css_animation=&#8220;none&#8220; width=&#8220;1\/3&#8243; el_class=&#8220;msig_intro_icona&#8220; css=&#8220;.vc_custom_1619019641251{background-image: url(https:\/\/museomitag.it\/wp-content\/uploads\/2021\/04\/Annali_24.jpg?id=15021) !important;background-position: center !important;background-repeat: no-repeat !important;background-size: cover !important; }&#8220;][vc_column_text]<\/p>\n<h3><a class=\"msig_intro_link\" title=\"Annali 24\" href=\"https:\/\/museomitag.it\/scopri-il-museo\/produzione-editoriale\/pubblicazioni-online\/annali\/annali-n24\/\">Annali 24 &#8211; 2016<\/a><br \/>\n<a class=\"msig_intro_txt\" title=\"Annali 24\" href=\"https:\/\/museomitag.it\/scopri-il-museo\/produzione-editoriale\/pubblicazioni-online\/annali\/annali-n24\/\">Annali 24 &#8211; 2016<\/a><\/h3>\n<p>[\/vc_column_text][\/vc_column][\/vc_row][vc_row gap=&#8220;10&#8243; equal_height=&#8220;yes&#8220; content_placement=&#8220;bottom&#8220; css=&#8220;.vc_custom_1604347646137{margin-bottom: 10px !important;}&#8220;][vc_column css_animation=&#8220;none&#8220; width=&#8220;1\/3&#8243; el_class=&#8220;msig_intro_icona&#8220; css=&#8220;.vc_custom_1648464862010{background: #f2f2f2 url(https:\/\/museomitag.it\/wp-content\/uploads\/2021\/04\/Annali_copertina23.jpg?id=15024) !important;background-position: center !important;background-repeat: no-repeat !important;background-size: cover !important;}&#8220;][vc_column_text]<\/p>\n<h3><a class=\"msig_intro_link\" title=\"Annali 23\" href=\"https:\/\/museomitag.it\/scopri-il-museo\/produzione-editoriale\/pubblicazioni-online\/annali\/annali-n23\/\">Annali 23 &#8211; 2015<\/a><br \/>\n<a class=\"msig_intro_txt\" title=\"Annali 23\" href=\"https:\/\/museomitag.it\/scopri-il-museo\/produzione-editoriale\/pubblicazioni-online\/annali\/annali-n23\/\">Annali 23 &#8211; 2015<\/a><\/h3>\n<p>[\/vc_column_text][\/vc_column][vc_column css_animation=&#8220;none&#8220; width=&#8220;1\/3&#8243; css=&#8220;.vc_custom_1619019995024{border-top-width: 5px !important;border-right-width: 5px !important;border-bottom-width: 5px !important;border-left-width: 5px !important;background-image: url(https:\/\/museomitag.it\/wp-content\/uploads\/2021\/04\/17.jpg?id=15030) !important;background-position: center !important;background-repeat: no-repeat !important;background-size: cover !important;border-left-color: #f9a555 !important;border-left-style: none !important;border-right-color: #f9a555 !important;border-right-style: none !important;border-top-color: #f9a555 !important;border-top-style: none !important;border-bottom-color: #f9a555 !important;border-bottom-style: none !important; }&#8220; el_class=&#8220;msig_intro_icona&#8220;][vc_column_text]<\/p>\n<h3><a class=\"msig_intro_link\" title=\"Annali 17\/22\" href=\"https:\/\/museomitag.it\/scopri-il-museo\/produzione-editoriale\/pubblicazioni-online\/annali\/annali-n17-22\/\">Annali 17\/22 2009-2014<\/a><br \/>\n<a class=\"msig_intro_txt\" title=\"Annali 17\/22\" href=\"https:\/\/museomitag.it\/scopri-il-museo\/produzione-editoriale\/pubblicazioni-online\/annali\/annali-n17-22\/\">Annali 17\/22 2009-2014<\/a><\/h3>\n<p>[\/vc_column_text][\/vc_column][vc_column css_animation=&#8220;none&#8220; width=&#8220;1\/3&#8243; el_class=&#8220;msig_intro_icona&#8220; css=&#8220;.vc_custom_1619020016882{background-image: url(https:\/\/museomitag.it\/wp-content\/uploads\/2021\/04\/14.jpg?id=15033) !important;background-position: center !important;background-repeat: no-repeat !important;background-size: cover !important; }&#8220;][vc_column_text]<\/p>\n<h3><a class=\"msig_intro_link\" title=\"Annali 14\/16\" href=\"https:\/\/museomitag.it\/scopri-il-museo\/produzione-editoriale\/pubblicazioni-online\/annali\/annali-n14-16\/\">Annali 14\/16 2006-2008<\/a><br \/>\n<a class=\"msig_intro_txt\" title=\"Annali 14\/16\" href=\"https:\/\/museomitag.it\/scopri-il-museo\/produzione-editoriale\/pubblicazioni-online\/annali\/annali-n14-16\/\">Annali 14\/16 2006-2008<\/a><\/h3>\n<p>[\/vc_column_text][\/vc_column][\/vc_row][vc_row gap=&#8220;10&#8243; equal_height=&#8220;yes&#8220; content_placement=&#8220;bottom&#8220; css=&#8220;.vc_custom_1604347646137{margin-bottom: 10px !important;}&#8220;][vc_column css_animation=&#8220;none&#8220; width=&#8220;1\/3&#8243; el_class=&#8220;msig_intro_icona&#8220; css=&#8220;.vc_custom_1619020040265{background: #f2f2f2 url(https:\/\/museomitag.it\/wp-content\/uploads\/2021\/04\/12.jpg?id=15036) !important;background-position: center !important;background-repeat: no-repeat !important;background-size: cover !important; }&#8220;][vc_column_text]<\/p>\n<h3><a class=\"msig_intro_link\" title=\"Annali 12\/13\" href=\"https:\/\/museomitag.it\/scopri-il-museo\/produzione-editoriale\/pubblicazioni-online\/annali\/annali-n12-13\/\">Annali 12\/13 2004-2005<\/a><br \/>\n<a class=\"msig_intro_txt\" title=\"Annali 12\/13\" href=\"https:\/\/museomitag.it\/scopri-il-museo\/produzione-editoriale\/pubblicazioni-online\/annali\/annali-n12-13\/\">Annali 12\/13 2004-2005<\/a><\/h3>\n<p>[\/vc_column_text][\/vc_column][vc_column css_animation=&#8220;none&#8220; width=&#8220;1\/3&#8243; el_class=&#8220;msig_intro_icona&#8220; css=&#8220;.vc_custom_1648464780829{background-image: url(https:\/\/museomitag.it\/wp-content\/uploads\/2021\/04\/9.jpg?id=15040) !important;background-position: center !important;background-repeat: no-repeat !important;background-size: cover !important;}&#8220;][vc_column_text]<\/p>\n<h3><a class=\"msig_intro_link\" title=\"Annali 9\/11\" href=\"https:\/\/museomitag.it\/scopri-il-museo\/produzione-editoriale\/pubblicazioni-online\/annali\/annali-n9-11\/\">Annali 9\/11 2001-2003<\/a><br \/>\n<a class=\"msig_intro_txt\" title=\"Annali 9\/11\" href=\"https:\/\/museomitag.it\/scopri-il-museo\/produzione-editoriale\/pubblicazioni-online\/annali\/annali-n9-11\/\">Annali 9\/11 2001-2003<\/a><\/h3>\n<p>[\/vc_column_text][\/vc_column][\/vc_row]<\/p>\n","protected":false},"excerpt":{"rendered":"<p>[vc_row gap=&#8220;10&#8243; equal_height=&#8220;yes&#8220; css=&#8220;.vc_custom_1607944475507{margin-bottom: 10px !important;}&#8220;][vc_column width=&#8220;2\/3&#8243;][vc_column_text] Das Museum berichtet \u00fcber sich Seit vielen Jahren gibt das Museum die Reihe der Jahresberichte des Italienischen Historischen Kriegsmuseums heraus, die historische und wissenschaftliche Beitr\u00e4ge beinhalten, Beitr\u00e4ge und Berichte \u00fcber die Arbeitsfelder des Museums, seine Forschungsarbeiten und \u00fcber seine Sammlungen. Es wurden auch eine themenbezogene Ausz\u00fcge ver\u00f6ffentlicht, die<\/p>\n","protected":false},"author":2,"featured_media":0,"parent":23817,"menu_order":0,"comment_status":"closed","ping_status":"closed","template":"page_museo.php","meta":{"footnotes":""},"class_list":["post-23827","page","type-page","status-publish","hentry"],"yoast_head":"<!-- This site is optimized with the Yoast SEO plugin v27.3 - https:\/\/yoast.com\/product\/yoast-seo-wordpress\/ -->\n<title>Jahresberichte - Museo Storico Italiano della Guerra<\/title>\n<meta name=\"robots\" content=\"index, follow, max-snippet:-1, max-image-preview:large, max-video-preview:-1\" \/>\n<link rel=\"canonical\" href=\"https:\/\/museomitag.it\/scopri\/produzione-editoriale\/pubblicazioni-online\/annali\/\" \/>\n<meta property=\"og:locale\" content=\"de_DE\" \/>\n<meta property=\"og:type\" content=\"article\" \/>\n<meta property=\"og:title\" content=\"Jahresberichte - Museo Storico Italiano della Guerra\" \/>\n<meta property=\"og:description\" content=\"[vc_row gap=&#8220;10&#8243; equal_height=&#8220;yes&#8220; css=&#8220;.vc_custom_1607944475507{margin-bottom: 10px !important;}&#8220;][vc_column width=&#8220;2\/3&#8243;][vc_column_text] Das Museum berichtet \u00fcber sich Seit vielen Jahren gibt das Museum die Reihe der Jahresberichte des Italienischen Historischen Kriegsmuseums heraus, die historische und wissenschaftliche Beitr\u00e4ge beinhalten, Beitr\u00e4ge und Berichte \u00fcber die Arbeitsfelder des Museums, seine Forschungsarbeiten und \u00fcber seine Sammlungen. Es wurden auch eine themenbezogene Ausz\u00fcge ver\u00f6ffentlicht, die\" \/>\n<meta property=\"og:url\" content=\"https:\/\/museomitag.it\/scopri\/produzione-editoriale\/pubblicazioni-online\/annali\/\" \/>\n<meta property=\"og:site_name\" content=\"Museo Storico Italiano della Guerra\" \/>\n<meta property=\"article:publisher\" content=\"https:\/\/www.facebook.com\/museomitag\/\" \/>\n<meta name=\"twitter:card\" content=\"summary_large_image\" \/>\n<meta name=\"twitter:label1\" content=\"Gesch\u00e4tzte Lesezeit\" \/>\n\t<meta name=\"twitter:data1\" content=\"5\u00a0Minuten\" \/>\n<script type=\"application\/ld+json\" class=\"yoast-schema-graph\">{\"@context\":\"https:\\\/\\\/schema.org\",\"@graph\":[{\"@type\":\"WebPage\",\"@id\":\"https:\\\/\\\/museomitag.it\\\/scopri\\\/produzione-editoriale\\\/pubblicazioni-online\\\/annali\\\/\",\"url\":\"https:\\\/\\\/museomitag.it\\\/scopri\\\/produzione-editoriale\\\/pubblicazioni-online\\\/annali\\\/\",\"name\":\"Jahresberichte - Museo Storico Italiano della Guerra\",\"isPartOf\":{\"@id\":\"https:\\\/\\\/museomitag.it\\\/#website\"},\"datePublished\":\"2023-02-02T11:02:21+00:00\",\"breadcrumb\":{\"@id\":\"https:\\\/\\\/museomitag.it\\\/scopri\\\/produzione-editoriale\\\/pubblicazioni-online\\\/annali\\\/#breadcrumb\"},\"inLanguage\":\"de\",\"potentialAction\":[{\"@type\":\"ReadAction\",\"target\":[\"https:\\\/\\\/museomitag.it\\\/scopri\\\/produzione-editoriale\\\/pubblicazioni-online\\\/annali\\\/\"]}]},{\"@type\":\"BreadcrumbList\",\"@id\":\"https:\\\/\\\/museomitag.it\\\/scopri\\\/produzione-editoriale\\\/pubblicazioni-online\\\/annali\\\/#breadcrumb\",\"itemListElement\":[{\"@type\":\"ListItem\",\"position\":1,\"name\":\"Home\",\"item\":\"https:\\\/\\\/museomitag.it\\\/de\\\/\"},{\"@type\":\"ListItem\",\"position\":2,\"name\":\"Entdecke\",\"item\":\"https:\\\/\\\/museomitag.it\\\/de\\\/?page_id=22088\"},{\"@type\":\"ListItem\",\"position\":3,\"name\":\"Verlagsprogramm\",\"item\":\"https:\\\/\\\/museomitag.it\\\/de\\\/verlagsprogramm\\\/\"},{\"@type\":\"ListItem\",\"position\":4,\"name\":\"Online-ver\u00f6ffentlichungen\",\"item\":\"https:\\\/\\\/museomitag.it\\\/de\\\/verlagsprogramm\\\/online-veroeffentlichungen\\\/\"},{\"@type\":\"ListItem\",\"position\":5,\"name\":\"Jahresberichte\"}]},{\"@type\":\"WebSite\",\"@id\":\"https:\\\/\\\/museomitag.it\\\/#website\",\"url\":\"https:\\\/\\\/museomitag.it\\\/\",\"name\":\"MITAG Museo Storico Italiano della Guerra\",\"description\":\"Rovereto (TN) - Trentino\",\"publisher\":{\"@id\":\"https:\\\/\\\/museomitag.it\\\/#organization\"},\"potentialAction\":[{\"@type\":\"SearchAction\",\"target\":{\"@type\":\"EntryPoint\",\"urlTemplate\":\"https:\\\/\\\/museomitag.it\\\/?s={search_term_string}\"},\"query-input\":{\"@type\":\"PropertyValueSpecification\",\"valueRequired\":true,\"valueName\":\"search_term_string\"}}],\"inLanguage\":\"de\"},{\"@type\":\"Organization\",\"@id\":\"https:\\\/\\\/museomitag.it\\\/#organization\",\"name\":\"MITAG Museo Storico Italiano della Guerra\",\"url\":\"https:\\\/\\\/museomitag.it\\\/\",\"logo\":{\"@type\":\"ImageObject\",\"inLanguage\":\"de\",\"@id\":\"https:\\\/\\\/museomitag.it\\\/#\\\/schema\\\/logo\\\/image\\\/\",\"url\":\"https:\\\/\\\/museomitag.it\\\/wp-content\\\/uploads\\\/2025\\\/07\\\/Logo-MITAG-nero-500px.png\",\"contentUrl\":\"https:\\\/\\\/museomitag.it\\\/wp-content\\\/uploads\\\/2025\\\/07\\\/Logo-MITAG-nero-500px.png\",\"width\":500,\"height\":185,\"caption\":\"MITAG Museo Storico Italiano della Guerra\"},\"image\":{\"@id\":\"https:\\\/\\\/museomitag.it\\\/#\\\/schema\\\/logo\\\/image\\\/\"},\"sameAs\":[\"https:\\\/\\\/www.facebook.com\\\/museomitag\\\/\",\"https:\\\/\\\/www.instagram.com\\\/museomitag\\\/\"]}]}<\/script>\n<!-- \/ Yoast SEO plugin. -->","yoast_head_json":{"title":"Jahresberichte - Museo Storico Italiano della Guerra","robots":{"index":"index","follow":"follow","max-snippet":"max-snippet:-1","max-image-preview":"max-image-preview:large","max-video-preview":"max-video-preview:-1"},"canonical":"https:\/\/museomitag.it\/scopri\/produzione-editoriale\/pubblicazioni-online\/annali\/","og_locale":"de_DE","og_type":"article","og_title":"Jahresberichte - Museo Storico Italiano della Guerra","og_description":"[vc_row gap=&#8220;10&#8243; equal_height=&#8220;yes&#8220; css=&#8220;.vc_custom_1607944475507{margin-bottom: 10px !important;}&#8220;][vc_column width=&#8220;2\/3&#8243;][vc_column_text] Das Museum berichtet \u00fcber sich Seit vielen Jahren gibt das Museum die Reihe der Jahresberichte des Italienischen Historischen Kriegsmuseums heraus, die historische und wissenschaftliche Beitr\u00e4ge beinhalten, Beitr\u00e4ge und Berichte \u00fcber die Arbeitsfelder des Museums, seine Forschungsarbeiten und \u00fcber seine Sammlungen. Es wurden auch eine themenbezogene Ausz\u00fcge ver\u00f6ffentlicht, die","og_url":"https:\/\/museomitag.it\/scopri\/produzione-editoriale\/pubblicazioni-online\/annali\/","og_site_name":"Museo Storico Italiano della Guerra","article_publisher":"https:\/\/www.facebook.com\/museomitag\/","twitter_card":"summary_large_image","twitter_misc":{"Gesch\u00e4tzte Lesezeit":"5\u00a0Minuten"},"schema":{"@context":"https:\/\/schema.org","@graph":[{"@type":"WebPage","@id":"https:\/\/museomitag.it\/scopri\/produzione-editoriale\/pubblicazioni-online\/annali\/","url":"https:\/\/museomitag.it\/scopri\/produzione-editoriale\/pubblicazioni-online\/annali\/","name":"Jahresberichte - Museo Storico Italiano della Guerra","isPartOf":{"@id":"https:\/\/museomitag.it\/#website"},"datePublished":"2023-02-02T11:02:21+00:00","breadcrumb":{"@id":"https:\/\/museomitag.it\/scopri\/produzione-editoriale\/pubblicazioni-online\/annali\/#breadcrumb"},"inLanguage":"de","potentialAction":[{"@type":"ReadAction","target":["https:\/\/museomitag.it\/scopri\/produzione-editoriale\/pubblicazioni-online\/annali\/"]}]},{"@type":"BreadcrumbList","@id":"https:\/\/museomitag.it\/scopri\/produzione-editoriale\/pubblicazioni-online\/annali\/#breadcrumb","itemListElement":[{"@type":"ListItem","position":1,"name":"Home","item":"https:\/\/museomitag.it\/de\/"},{"@type":"ListItem","position":2,"name":"Entdecke","item":"https:\/\/museomitag.it\/de\/?page_id=22088"},{"@type":"ListItem","position":3,"name":"Verlagsprogramm","item":"https:\/\/museomitag.it\/de\/verlagsprogramm\/"},{"@type":"ListItem","position":4,"name":"Online-ver\u00f6ffentlichungen","item":"https:\/\/museomitag.it\/de\/verlagsprogramm\/online-veroeffentlichungen\/"},{"@type":"ListItem","position":5,"name":"Jahresberichte"}]},{"@type":"WebSite","@id":"https:\/\/museomitag.it\/#website","url":"https:\/\/museomitag.it\/","name":"MITAG Museo Storico Italiano della Guerra","description":"Rovereto (TN) - Trentino","publisher":{"@id":"https:\/\/museomitag.it\/#organization"},"potentialAction":[{"@type":"SearchAction","target":{"@type":"EntryPoint","urlTemplate":"https:\/\/museomitag.it\/?s={search_term_string}"},"query-input":{"@type":"PropertyValueSpecification","valueRequired":true,"valueName":"search_term_string"}}],"inLanguage":"de"},{"@type":"Organization","@id":"https:\/\/museomitag.it\/#organization","name":"MITAG Museo Storico Italiano della Guerra","url":"https:\/\/museomitag.it\/","logo":{"@type":"ImageObject","inLanguage":"de","@id":"https:\/\/museomitag.it\/#\/schema\/logo\/image\/","url":"https:\/\/museomitag.it\/wp-content\/uploads\/2025\/07\/Logo-MITAG-nero-500px.png","contentUrl":"https:\/\/museomitag.it\/wp-content\/uploads\/2025\/07\/Logo-MITAG-nero-500px.png","width":500,"height":185,"caption":"MITAG Museo Storico Italiano della Guerra"},"image":{"@id":"https:\/\/museomitag.it\/#\/schema\/logo\/image\/"},"sameAs":["https:\/\/www.facebook.com\/museomitag\/","https:\/\/www.instagram.com\/museomitag\/"]}]}},"_links":{"self":[{"href":"https:\/\/museomitag.it\/de\/wp-json\/wp\/v2\/pages\/23827","targetHints":{"allow":["GET"]}}],"collection":[{"href":"https:\/\/museomitag.it\/de\/wp-json\/wp\/v2\/pages"}],"about":[{"href":"https:\/\/museomitag.it\/de\/wp-json\/wp\/v2\/types\/page"}],"author":[{"embeddable":true,"href":"https:\/\/museomitag.it\/de\/wp-json\/wp\/v2\/users\/2"}],"replies":[{"embeddable":true,"href":"https:\/\/museomitag.it\/de\/wp-json\/wp\/v2\/comments?post=23827"}],"version-history":[{"count":1,"href":"https:\/\/museomitag.it\/de\/wp-json\/wp\/v2\/pages\/23827\/revisions"}],"predecessor-version":[{"id":23828,"href":"https:\/\/museomitag.it\/de\/wp-json\/wp\/v2\/pages\/23827\/revisions\/23828"}],"up":[{"embeddable":true,"href":"https:\/\/museomitag.it\/de\/wp-json\/wp\/v2\/pages\/23817"}],"wp:attachment":[{"href":"https:\/\/museomitag.it\/de\/wp-json\/wp\/v2\/media?parent=23827"}],"curies":[{"name":"wp","href":"https:\/\/api.w.org\/{rel}","templated":true}]}}