{"id":22168,"date":"2023-02-24T16:34:20","date_gmt":"2023-02-24T15:34:20","guid":{"rendered":"https:\/\/museomitag.it\/?page_id=22168"},"modified":"2023-02-24T16:34:20","modified_gmt":"2023-02-24T15:34:20","slug":"corporate-support","status":"publish","type":"page","link":"https:\/\/museomitag.it\/en\/corporate-support\/","title":{"rendered":"Corporate support"},"content":{"rendered":"<p>[vc_row gap=&#8221;10&#8243; equal_height=&#8221;yes&#8221; css=&#8221;.vc_custom_1638869611500{margin-top: 30px !important;}&#8221;][vc_column width=&#8221;2\/3&#8243;][vc_column_text]<\/p>\n<h3>Le aziende del territorio a sostegno della cultura<\/h3>\n<p>Cultura e impresa possono insieme creare valore e occasioni di sviluppo e crescita. Per questo, alcune aziende della Vallagarina hanno deciso di sostenere il Museo della Guerra.<\/p>\n<p>Sei titolare di un&#8217;azienda e vuoi conoscerci meglio? Vai alla pagina <a href=\"https:\/\/museomitag.it\/chi-siamo\/\">Chi siamo<\/a> oppure contattaci!<\/p>\n<p>&nbsp;<\/p>\n<h4>Partner istituzionali<\/h4>\n<p>&nbsp;<\/p>\n<p><img loading=\"lazy\" decoding=\"async\" class=\"alignnone wp-image-20728 size-medium\" src=\"https:\/\/museomitag.it\/wp-content\/uploads\/2022\/01\/cantina-isera-logo_900x450-300x150.jpg\" alt=\"\" width=\"300\" height=\"150\" srcset=\"https:\/\/museomitag.it\/wp-content\/uploads\/2022\/01\/cantina-isera-logo_900x450-300x150.jpg 300w, https:\/\/museomitag.it\/wp-content\/uploads\/2022\/01\/cantina-isera-logo_900x450-768x384.jpg 768w, https:\/\/museomitag.it\/wp-content\/uploads\/2022\/01\/cantina-isera-logo_900x450-770x388.jpg 770w, https:\/\/museomitag.it\/wp-content\/uploads\/2022\/01\/cantina-isera-logo_900x450.jpg 900w\" sizes=\"auto, (max-width: 300px) 100vw, 300px\" \/><\/p>\n<p>Nata nel 1907, la Cantina d\u2019Isera \u00e8 una delle pi\u00f9 antiche del Trentino e gi\u00e0 allora raccoglieva le uve pregiate delle colline basaltiche di Isera, prime fra tutte quelle di Marzemino. Su una superficie di 230 ettari, oggi sono oltre 200 i soci che conferiscono alla Cantina uve scelte e pregiate.<\/p>\n<p>&nbsp;<\/p>\n<p>[\/vc_column_text][\/vc_column][vc_column width=&#8221;1\/3&#8243; css=&#8221;.vc_custom_1638869630580{background-color: #3d7ab8 !important;}&#8221;][vc_column_text css=&#8221;.vc_custom_1641997273667{padding-top: 20px !important;padding-right: 20px !important;padding-left: 20px !important;}&#8221;]<\/p>\n<h3><span style=\"color: #ffffff;\">Contatti<\/span><\/h3>\n<p>&nbsp;<\/p>\n<p><span style=\"color: #ffffff;\"><strong>Ufficio Affari Generali<\/strong><\/span><br \/>\n<span style=\"color: #ffffff;\">Giovanna Pedron<\/span><br \/>\n<span style=\"color: #ffffff;\">+39 0464 438100 int. 207<\/span><br \/>\n<span style=\"color: #ffffff;\">amministrazione@museodellaguerra.i<\/span>[\/vc_column_text][\/vc_column][\/vc_row]<\/p>\n","protected":false},"excerpt":{"rendered":"<p>[vc_row gap=&#8221;10&#8243; equal_height=&#8221;yes&#8221; css=&#8221;.vc_custom_1638869611500{margin-top: 30px !important;}&#8221;][vc_column width=&#8221;2\/3&#8243;][vc_column_text] Le aziende del territorio a sostegno della cultura Cultura e impresa possono insieme creare valore e occasioni di sviluppo e crescita. Per questo, alcune aziende della Vallagarina hanno deciso di sostenere il Museo della Guerra. Sei titolare di un&#8217;azienda e vuoi conoscerci meglio? Vai alla pagina Chi siamo<\/p>\n","protected":false},"author":1,"featured_media":0,"parent":22160,"menu_order":0,"comment_status":"closed","ping_status":"closed","template":"page_sostieni.php","meta":{"footnotes":""},"class_list":["post-22168","page","type-page","status-publish","hentry"],"yoast_head":"<!-- This site is optimized with the Yoast SEO plugin v27.3 - https:\/\/yoast.com\/product\/yoast-seo-wordpress\/ -->\n<title>Corporate support - Museo Storico Italiano della Guerra<\/title>\n<meta name=\"robots\" content=\"index, follow, max-snippet:-1, max-image-preview:large, max-video-preview:-1\" \/>\n<link rel=\"canonical\" href=\"https:\/\/museomitag.it\/en\/corporate-support\/\" \/>\n<meta property=\"og:locale\" content=\"en_US\" \/>\n<meta property=\"og:type\" content=\"article\" \/>\n<meta property=\"og:title\" content=\"Corporate support - Museo Storico Italiano della Guerra\" \/>\n<meta property=\"og:description\" content=\"[vc_row gap=&#8221;10&#8243; equal_height=&#8221;yes&#8221; css=&#8221;.vc_custom_1638869611500{margin-top: 30px !important;}&#8221;][vc_column width=&#8221;2\/3&#8243;][vc_column_text] Le aziende del territorio a sostegno della cultura Cultura e impresa possono insieme creare valore e occasioni di sviluppo e crescita. Per questo, alcune aziende della Vallagarina hanno deciso di sostenere il Museo della Guerra. Sei titolare di un&#8217;azienda e vuoi conoscerci meglio? Vai alla pagina Chi siamo\" \/>\n<meta property=\"og:url\" content=\"https:\/\/museomitag.it\/en\/corporate-support\/\" \/>\n<meta property=\"og:site_name\" content=\"Museo Storico Italiano della Guerra\" \/>\n<meta property=\"article:publisher\" content=\"https:\/\/www.facebook.com\/museomitag\/\" \/>\n<meta property=\"og:image\" content=\"https:\/\/museomitag.it\/wp-content\/uploads\/2022\/01\/cantina-isera-logo_900x450.jpg\" \/>\n\t<meta property=\"og:image:width\" content=\"900\" \/>\n\t<meta property=\"og:image:height\" content=\"450\" \/>\n\t<meta property=\"og:image:type\" content=\"image\/jpeg\" \/>\n<meta name=\"twitter:card\" content=\"summary_large_image\" \/>\n<meta name=\"twitter:label1\" content=\"Est. reading time\" \/>\n\t<meta name=\"twitter:data1\" content=\"1 minute\" \/>\n<script type=\"application\/ld+json\" class=\"yoast-schema-graph\">{\"@context\":\"https:\\\/\\\/schema.org\",\"@graph\":[{\"@type\":\"WebPage\",\"@id\":\"https:\\\/\\\/museomitag.it\\\/en\\\/corporate-support\\\/\",\"url\":\"https:\\\/\\\/museomitag.it\\\/en\\\/corporate-support\\\/\",\"name\":\"Corporate support - Museo Storico Italiano della Guerra\",\"isPartOf\":{\"@id\":\"https:\\\/\\\/museomitag.it\\\/#website\"},\"primaryImageOfPage\":{\"@id\":\"https:\\\/\\\/museomitag.it\\\/en\\\/corporate-support\\\/#primaryimage\"},\"image\":{\"@id\":\"https:\\\/\\\/museomitag.it\\\/en\\\/corporate-support\\\/#primaryimage\"},\"thumbnailUrl\":\"https:\\\/\\\/museomitag.it\\\/wp-content\\\/uploads\\\/2022\\\/01\\\/cantina-isera-logo_900x450-300x150.jpg\",\"datePublished\":\"2023-02-24T15:34:20+00:00\",\"breadcrumb\":{\"@id\":\"https:\\\/\\\/museomitag.it\\\/en\\\/corporate-support\\\/#breadcrumb\"},\"inLanguage\":\"en-US\",\"potentialAction\":[{\"@type\":\"ReadAction\",\"target\":[\"https:\\\/\\\/museomitag.it\\\/en\\\/corporate-support\\\/\"]}]},{\"@type\":\"ImageObject\",\"inLanguage\":\"en-US\",\"@id\":\"https:\\\/\\\/museomitag.it\\\/en\\\/corporate-support\\\/#primaryimage\",\"url\":\"https:\\\/\\\/museomitag.it\\\/wp-content\\\/uploads\\\/2022\\\/01\\\/cantina-isera-logo_900x450-300x150.jpg\",\"contentUrl\":\"https:\\\/\\\/museomitag.it\\\/wp-content\\\/uploads\\\/2022\\\/01\\\/cantina-isera-logo_900x450-300x150.jpg\"},{\"@type\":\"BreadcrumbList\",\"@id\":\"https:\\\/\\\/museomitag.it\\\/en\\\/corporate-support\\\/#breadcrumb\",\"itemListElement\":[{\"@type\":\"ListItem\",\"position\":1,\"name\":\"Home\",\"item\":\"https:\\\/\\\/museomitag.it\\\/en\\\/\"},{\"@type\":\"ListItem\",\"position\":2,\"name\":\"Support\",\"item\":\"https:\\\/\\\/museomitag.it\\\/en\\\/?page_id=22160\"},{\"@type\":\"ListItem\",\"position\":3,\"name\":\"Corporate support\"}]},{\"@type\":\"WebSite\",\"@id\":\"https:\\\/\\\/museomitag.it\\\/#website\",\"url\":\"https:\\\/\\\/museomitag.it\\\/\",\"name\":\"MITAG Museo Storico Italiano della Guerra\",\"description\":\"Rovereto (TN) - Trentino\",\"publisher\":{\"@id\":\"https:\\\/\\\/museomitag.it\\\/#organization\"},\"potentialAction\":[{\"@type\":\"SearchAction\",\"target\":{\"@type\":\"EntryPoint\",\"urlTemplate\":\"https:\\\/\\\/museomitag.it\\\/?s={search_term_string}\"},\"query-input\":{\"@type\":\"PropertyValueSpecification\",\"valueRequired\":true,\"valueName\":\"search_term_string\"}}],\"inLanguage\":\"en-US\"},{\"@type\":\"Organization\",\"@id\":\"https:\\\/\\\/museomitag.it\\\/#organization\",\"name\":\"MITAG Museo Storico Italiano della Guerra\",\"url\":\"https:\\\/\\\/museomitag.it\\\/\",\"logo\":{\"@type\":\"ImageObject\",\"inLanguage\":\"en-US\",\"@id\":\"https:\\\/\\\/museomitag.it\\\/#\\\/schema\\\/logo\\\/image\\\/\",\"url\":\"https:\\\/\\\/museomitag.it\\\/wp-content\\\/uploads\\\/2025\\\/07\\\/Logo-MITAG-nero-500px.png\",\"contentUrl\":\"https:\\\/\\\/museomitag.it\\\/wp-content\\\/uploads\\\/2025\\\/07\\\/Logo-MITAG-nero-500px.png\",\"width\":500,\"height\":185,\"caption\":\"MITAG Museo Storico Italiano della Guerra\"},\"image\":{\"@id\":\"https:\\\/\\\/museomitag.it\\\/#\\\/schema\\\/logo\\\/image\\\/\"},\"sameAs\":[\"https:\\\/\\\/www.facebook.com\\\/museomitag\\\/\",\"https:\\\/\\\/www.instagram.com\\\/museomitag\\\/\"]}]}<\/script>\n<!-- \/ Yoast SEO plugin. -->","yoast_head_json":{"title":"Corporate support - Museo Storico Italiano della Guerra","robots":{"index":"index","follow":"follow","max-snippet":"max-snippet:-1","max-image-preview":"max-image-preview:large","max-video-preview":"max-video-preview:-1"},"canonical":"https:\/\/museomitag.it\/en\/corporate-support\/","og_locale":"en_US","og_type":"article","og_title":"Corporate support - Museo Storico Italiano della Guerra","og_description":"[vc_row gap=&#8221;10&#8243; equal_height=&#8221;yes&#8221; css=&#8221;.vc_custom_1638869611500{margin-top: 30px !important;}&#8221;][vc_column width=&#8221;2\/3&#8243;][vc_column_text] Le aziende del territorio a sostegno della cultura Cultura e impresa possono insieme creare valore e occasioni di sviluppo e crescita. Per questo, alcune aziende della Vallagarina hanno deciso di sostenere il Museo della Guerra. Sei titolare di un&#8217;azienda e vuoi conoscerci meglio? Vai alla pagina Chi siamo","og_url":"https:\/\/museomitag.it\/en\/corporate-support\/","og_site_name":"Museo Storico Italiano della Guerra","article_publisher":"https:\/\/www.facebook.com\/museomitag\/","og_image":[{"width":900,"height":450,"url":"https:\/\/museomitag.it\/wp-content\/uploads\/2022\/01\/cantina-isera-logo_900x450.jpg","type":"image\/jpeg"}],"twitter_card":"summary_large_image","twitter_misc":{"Est. reading time":"1 minute"},"schema":{"@context":"https:\/\/schema.org","@graph":[{"@type":"WebPage","@id":"https:\/\/museomitag.it\/en\/corporate-support\/","url":"https:\/\/museomitag.it\/en\/corporate-support\/","name":"Corporate support - Museo Storico Italiano della Guerra","isPartOf":{"@id":"https:\/\/museomitag.it\/#website"},"primaryImageOfPage":{"@id":"https:\/\/museomitag.it\/en\/corporate-support\/#primaryimage"},"image":{"@id":"https:\/\/museomitag.it\/en\/corporate-support\/#primaryimage"},"thumbnailUrl":"https:\/\/museomitag.it\/wp-content\/uploads\/2022\/01\/cantina-isera-logo_900x450-300x150.jpg","datePublished":"2023-02-24T15:34:20+00:00","breadcrumb":{"@id":"https:\/\/museomitag.it\/en\/corporate-support\/#breadcrumb"},"inLanguage":"en-US","potentialAction":[{"@type":"ReadAction","target":["https:\/\/museomitag.it\/en\/corporate-support\/"]}]},{"@type":"ImageObject","inLanguage":"en-US","@id":"https:\/\/museomitag.it\/en\/corporate-support\/#primaryimage","url":"https:\/\/museomitag.it\/wp-content\/uploads\/2022\/01\/cantina-isera-logo_900x450-300x150.jpg","contentUrl":"https:\/\/museomitag.it\/wp-content\/uploads\/2022\/01\/cantina-isera-logo_900x450-300x150.jpg"},{"@type":"BreadcrumbList","@id":"https:\/\/museomitag.it\/en\/corporate-support\/#breadcrumb","itemListElement":[{"@type":"ListItem","position":1,"name":"Home","item":"https:\/\/museomitag.it\/en\/"},{"@type":"ListItem","position":2,"name":"Support","item":"https:\/\/museomitag.it\/en\/?page_id=22160"},{"@type":"ListItem","position":3,"name":"Corporate support"}]},{"@type":"WebSite","@id":"https:\/\/museomitag.it\/#website","url":"https:\/\/museomitag.it\/","name":"MITAG Museo Storico Italiano della Guerra","description":"Rovereto (TN) - Trentino","publisher":{"@id":"https:\/\/museomitag.it\/#organization"},"potentialAction":[{"@type":"SearchAction","target":{"@type":"EntryPoint","urlTemplate":"https:\/\/museomitag.it\/?s={search_term_string}"},"query-input":{"@type":"PropertyValueSpecification","valueRequired":true,"valueName":"search_term_string"}}],"inLanguage":"en-US"},{"@type":"Organization","@id":"https:\/\/museomitag.it\/#organization","name":"MITAG Museo Storico Italiano della Guerra","url":"https:\/\/museomitag.it\/","logo":{"@type":"ImageObject","inLanguage":"en-US","@id":"https:\/\/museomitag.it\/#\/schema\/logo\/image\/","url":"https:\/\/museomitag.it\/wp-content\/uploads\/2025\/07\/Logo-MITAG-nero-500px.png","contentUrl":"https:\/\/museomitag.it\/wp-content\/uploads\/2025\/07\/Logo-MITAG-nero-500px.png","width":500,"height":185,"caption":"MITAG Museo Storico Italiano della Guerra"},"image":{"@id":"https:\/\/museomitag.it\/#\/schema\/logo\/image\/"},"sameAs":["https:\/\/www.facebook.com\/museomitag\/","https:\/\/www.instagram.com\/museomitag\/"]}]}},"_links":{"self":[{"href":"https:\/\/museomitag.it\/en\/wp-json\/wp\/v2\/pages\/22168","targetHints":{"allow":["GET"]}}],"collection":[{"href":"https:\/\/museomitag.it\/en\/wp-json\/wp\/v2\/pages"}],"about":[{"href":"https:\/\/museomitag.it\/en\/wp-json\/wp\/v2\/types\/page"}],"author":[{"embeddable":true,"href":"https:\/\/museomitag.it\/en\/wp-json\/wp\/v2\/users\/1"}],"replies":[{"embeddable":true,"href":"https:\/\/museomitag.it\/en\/wp-json\/wp\/v2\/comments?post=22168"}],"version-history":[{"count":2,"href":"https:\/\/museomitag.it\/en\/wp-json\/wp\/v2\/pages\/22168\/revisions"}],"predecessor-version":[{"id":23993,"href":"https:\/\/museomitag.it\/en\/wp-json\/wp\/v2\/pages\/22168\/revisions\/23993"}],"up":[{"embeddable":true,"href":"https:\/\/museomitag.it\/en\/wp-json\/wp\/v2\/pages\/22160"}],"wp:attachment":[{"href":"https:\/\/museomitag.it\/en\/wp-json\/wp\/v2\/media?parent=22168"}],"curies":[{"name":"wp","href":"https:\/\/api.w.org\/{rel}","templated":true}]}}