{"id":22172,"date":"2023-02-24T16:37:25","date_gmt":"2023-02-24T15:37:25","guid":{"rendered":"https:\/\/museomitag.it\/?page_id=22172"},"modified":"2023-02-24T16:37:25","modified_gmt":"2023-02-24T15:37:25","slug":"become-a-patron","status":"publish","type":"page","link":"https:\/\/museomitag.it\/en\/become-a-patron\/","title":{"rendered":"Become a Patron"},"content":{"rendered":"<p>[vc_row gap=&#8221;10&#8243; equal_height=&#8221;yes&#8221; css=&#8221;.vc_custom_1637945942214{margin-bottom: 10px !important;}&#8221;][vc_column width=&#8221;2\/3&#8243;][vc_column_text css=&#8221;.vc_custom_1638181811039{padding-bottom: 20px !important;}&#8221;]<\/p>\n<h3>Sostieni il Museo<\/h3>\n<p>L\u2019impegno costante del Museo nelle attivit\u00e0 di conservazione, ricerca, esposizione ed educazione pu\u00f2 essere sostenuto da privati e imprese.<br \/>\nTutti possono aiutare il Museo a garantire competenze, professionalit\u00e0 e strumenti adeguati per rispondere ai bisogni della collettivit\u00e0, specialmente in questo momento di grande incertezza.<\/p>\n<p>Scopri in quanti modi puoi sostenere il Museo. Per conoscerci meglio visita la sezione <a href=\"https:\/\/museomitag.it\/chi-siamo\/associazione\/\">Chi siamo<\/a> oppure rivolgiti al nostro Ufficio Affari Generali.[\/vc_column_text][vc_column_text css=&#8221;.vc_custom_1641995351871{padding-right: 20px !important;padding-bottom: 20px !important;padding-left: 20px !important;}&#8221;]<\/p>\n<div class=\"msig-video\"><iframe loading=\"lazy\" src=\"\/\/www.youtube.com\/embed\/iYK4-tHfqug\" width=\"560\" height=\"315\" frameborder=\"0\" allowfullscreen=\"allowfullscreen\" data-mce-fragment=\"1\"><br \/>\n<\/iframe><\/div>\n<p>[\/vc_column_text][\/vc_column][vc_column width=&#8221;1\/3&#8243; css=&#8221;.vc_custom_1638363774813{padding-right: 30px !important;padding-left: 30px !important;background-color: #3D7AB8 !important;}&#8221;][vc_column_text css=&#8221;.vc_custom_1644485371113{padding-top: 20px !important;padding-right: 20px !important;padding-bottom: 20px !important;padding-left: 20px !important;}&#8221;]<\/p>\n<h3><span style=\"color: #ffffff;\">Contatti<\/span><\/h3>\n<p><span style=\"color: #ffffff;\">Ufficio Affari Generali<br \/>\n<strong>Giovanna Pedron<\/strong><\/span><br \/>\n<span style=\"color: #ffffff;\">+39 0464 438100 int. 204<\/span><br \/>\n<span style=\"color: #ffffff;\">amministrazione@museodellaguerra.it<\/span>[\/vc_column_text][\/vc_column][\/vc_row][vc_row gap=&#8221;30&#8243; equal_height=&#8221;yes&#8221;][vc_column width=&#8221;1\/2&#8243; css=&#8221;.vc_custom_1640601830146{background-color: #f2f2f2 !important;}&#8221;][vc_column_text css=&#8221;.vc_custom_1640601115725{padding-top: 25px !important;padding-right: 25px !important;padding-bottom: 30px !important;padding-left: 25px !important;}&#8221;]<\/p>\n<h4 style=\"text-align: left;\">Art Bonus<\/h4>\n<p>L\u2019<a href=\"https:\/\/artbonus.gov.it\/cose-artbonus.html\">Art bonus<\/a> \u00e8 una misura del Governo a sostegno della cultura. Chi effettua <strong>erogazioni liberali in denaro<\/strong>\u00a0a sostegno di uno degli enti\u00a0riconosciuti, pu\u00f2 infatti godere di importanti benefici fiscali sotto forma di credito di imposta. Il Museo della Guerra rientra fra gli\u00a0<a href=\"https:\/\/artbonus.gov.it\/2538-museo-storico-italiano-della-guerra-onlus.html\">enti beneficiari<\/a> ed attualmente sono tre i progetti per i quali \u00e8 aperta la raccolta fondi.[\/vc_column_text][vc_tta_accordion shape=&#8221;square&#8221; color=&#8221;sky&#8221; c_icon=&#8221;chevron&#8221; active_section=&#8221;&#8221; css=&#8221;.vc_custom_1637949111470{padding-right: 25px !important;padding-left: 25px !important;}&#8221;][vc_tta_section title=&#8221;Scopri i progetti&#8221; tab_id=&#8221;1640599013462-7a832dcf-e365&#8243;][vc_column_text]\u2666 Ufficiali trentini nella campagna di Russia. Progetto di riordino e di descrizione inventariale dei fondi archivistici di Aldo Salvadei e di Guido Vettorazzo <a href=\"https:\/\/artbonus.gov.it\/2538-museo-storico-italiano-della-guerra-onlus.html#intervento-5945\">&gt;&gt; scopri di pi\u00f9<\/a><\/p>\n<p>\u2666 Fonti sulla Campana dei Caduti di Rovereto conservate nell\u2019archivio del Museo Storico Italiano della Guerra di Rovereto <a href=\"https:\/\/artbonus.gov.it\/2538-museo-storico-italiano-della-guerra-onlus.html#intervento-5482\">&gt;&gt; scopri di pi\u00f9<\/a><\/p>\n<p>\u2666 Efficientamento energetico dell\u2019impianto di illuminazione del Museo Storico Italiano della Guerra \u2013 Castello di Rovereto <a href=\"https:\/\/artbonus.gov.it\/2538-museo-storico-italiano-della-guerra-onlus.html#intervento-6044\">&gt;&gt; scopri di pi\u00f9<\/a>[\/vc_column_text][\/vc_tta_section][\/vc_tta_accordion][\/vc_column][vc_column width=&#8221;1\/2&#8243; css=&#8221;.vc_custom_1637947857075{background-color: #f2f2f2 !important;}&#8221;][vc_column_text css=&#8221;.vc_custom_1640601255200{padding-top: 25px !important;padding-right: 25px !important;padding-bottom: 10px !important;padding-left: 25px !important;}&#8221;]<\/p>\n<h4>5 x Mille<\/h4>\n<p>Il Museo \u00e8 una <strong>Onlus<\/strong> e per questo \u00e8 inserito nell\u2019elenco degli enti ai quali <strong>puoi devolvere il 5&#215;1000 nella tua dichiarazione dei redditi<\/strong>. Si tratta di un piccolo gesto che ci aiuta a raggiungere grandi obiettivi, primo fra tutti il completamento del nuovo percorso espositivo permanente del Museo dedicato alla Prima guerra mondiale.[\/vc_column_text][vc_column_text css=&#8221;.vc_custom_1640601225693{padding-top: 25px !important;padding-right: 25px !important;padding-bottom: 30px !important;padding-left: 25px !important;}&#8221;]Per destinare il 5xmille al Museo basta apporre la propria <strong>firma nel riquadro \u201cONLUS e assimilate\u201d<\/strong> nella propria dichiarazione e inserire il <strong>codice fiscale 85004650223<\/strong>.[\/vc_column_text][\/vc_column][\/vc_row][vc_row equal_height=&#8221;yes&#8221; content_placement=&#8221;middle&#8221; css=&#8221;.vc_custom_1640601923758{margin-top: 30px !important;background-color: #f2f2f2 !important;}&#8221;][vc_column width=&#8221;1\/2&#8243; css=&#8221;.vc_custom_1637948542235{background-color: #f2f2f2 !important;}&#8221;][vc_column_text css=&#8221;.vc_custom_1640601843946{padding-top: 25px !important;padding-right: 25px !important;padding-bottom: 30px !important;padding-left: 25px !important;}&#8221;]<\/p>\n<h4 style=\"text-align: left;\">Erogazioni liberali in denaro<\/h4>\n<p style=\"text-align: left;\">Le attivit\u00e0 del Museo richiedono competenze, professionalit\u00e0 e strumenti adeguati per rispondere ai bisogni della collettivit\u00e0. L\u2019impegno del Museo nel proporsi come luogo di cultura e di formazione pu\u00f2 essere sostenuto da privati e imprese attraverso <strong>donazioni in denaro. <\/strong>Per chi lo desidera \u00e8 possibile attivare anche una donazione ricorrente, scegliendo l\u2019importo e la frequenza della donazione. Tutte le donazioni sono soggette a benefici fiscali.<\/p>\n<p>[\/vc_column_text][\/vc_column][vc_column width=&#8221;1\/2&#8243;][vc_tta_accordion shape=&#8221;square&#8221; color=&#8221;sky&#8221; c_icon=&#8221;chevron&#8221; active_section=&#8221;&#8221; css=&#8221;.vc_custom_1640601688844{padding-top: 25px !important;padding-right: 25px !important;padding-left: 25px !important;}&#8221;][vc_tta_section title=&#8221;Benefici fiscali&#8221; tab_id=&#8221;1637947209075-a9b17ee6-0a73&#8243;][vc_column_text]Le erogazioni liberali in denaro sono deducibili dal reddito. Per le persone fisiche soggette ad IRPEF le donazioni sono detraibili al 30% fino a un tetto massimo pari a 30.000 \u20ac per ciascun periodo di imposta oppure deducibili fino al 10% del reddito complessivo dichiarato. Per societ\u00e0, enti commerciali o non commerciali soggetti ad IRES, le donazioni sono detraibili fino al 10% del reddito complessivo dichiarato. Ai fini della deducibilit\u00e0 \u00e8 sufficiente conservare la ricevuta del bonifico o del versamento o la matrice dell\u2019assegno e l\u2019estratto conto con gli estremi dell\u2019avvenuto incasso.<br \/>\nPer chi lo desidera \u00e8 possibile attivare anche una donazione ricorrente, scegliendo l\u2019importo e la frequenza della donazione e attivando un addebito diretto Sepa sul proprio conto corrente postale o bancario. Anche le donazioni ricorrenti sono soggette a benefici fiscali.[\/vc_column_text][\/vc_tta_section][vc_tta_section title=&#8221;Effettua una donazione&#8221; tab_id=&#8221;1637948414319-fa151713-2d13&#8243;][vc_column_text]Puoi effettuare una donazione tramite:<\/p>\n<p>\u2666 assegno bancario o assegno circolare non trasferibile intestato a:<br \/>\nMuseo Storico Italiano della Guerra ONLUS, C.F. 85004650223<\/p>\n<p>\u2666 bonifico bancario intestato a: Museo Storico Italiano della Guerra ONLUS, C.F. 85004650223;<br \/>\nCC: Cassa Rurale Alto-Garda Rovereto IBAN: IT98 T080 1620 8000 0004 1080 604[\/vc_column_text][\/vc_tta_section][\/vc_tta_accordion][\/vc_column][\/vc_row][vc_row gap=&#8221;30&#8243; equal_height=&#8221;yes&#8221; css=&#8221;.vc_custom_1640601786374{margin-top: 30px !important;}&#8221;][vc_column width=&#8221;1\/2&#8243; css=&#8221;.vc_custom_1637948542235{background-color: #f2f2f2 !important;}&#8221;][vc_column_text css=&#8221;.vc_custom_1640601739051{padding-top: 25px !important;padding-right: 25px !important;padding-bottom: 30px !important;padding-left: 25px !important;}&#8221;]<\/p>\n<h4>Erogazioni liberali in natura<\/h4>\n<p>Le erogazioni liberali in natura sono deducibili dal reddito. \u00c8 possibile <strong>donare qualunque cosa possa contribuire all\u2019attivit\u00e0 del Museo<\/strong> (con la sola esclusione dei servizi) anche a prescindere dall\u2019attivit\u00e0 svolta in proprio o dalla produzione della propria azienda.[\/vc_column_text][\/vc_column][vc_column width=&#8221;1\/2&#8243; css=&#8221;.vc_custom_1607521477945{background-color: #f2f2f2 !important; }&#8221;][vc_column_text css=&#8221;.vc_custom_1642685931841{padding-top: 25px !important;padding-right: 25px !important;padding-bottom: 30px !important;padding-left: 25px !important;}&#8221;]<\/p>\n<h4 style=\"text-align: left;\">Lasciti testamentari o in memoria<\/h4>\n<p style=\"text-align: left;\">Disporre un lascito testamentario o in memoria a favore del Museo, pu\u00f2 essere un modo per <strong>far sopravvivere al tempo le storie personali<\/strong> e le vicende della propria famiglia o di sostenere il Museo nella conservazione e nella valorizzazione della memoria storica. Per saperne di pi\u00f9, contattaci.<\/p>\n<p>[\/vc_column_text][\/vc_column][\/vc_row]<\/p>\n","protected":false},"excerpt":{"rendered":"<p>[vc_row gap=&#8221;10&#8243; equal_height=&#8221;yes&#8221; css=&#8221;.vc_custom_1637945942214{margin-bottom: 10px !important;}&#8221;][vc_column width=&#8221;2\/3&#8243;][vc_column_text css=&#8221;.vc_custom_1638181811039{padding-bottom: 20px !important;}&#8221;] Sostieni il Museo L\u2019impegno costante del Museo nelle attivit\u00e0 di conservazione, ricerca, esposizione ed educazione pu\u00f2 essere sostenuto da privati e imprese. Tutti possono aiutare il Museo a garantire competenze, professionalit\u00e0 e strumenti adeguati per rispondere ai bisogni della collettivit\u00e0, specialmente in questo momento di<\/p>\n","protected":false},"author":1,"featured_media":0,"parent":22160,"menu_order":0,"comment_status":"closed","ping_status":"closed","template":"page_sostieni.php","meta":{"footnotes":""},"class_list":["post-22172","page","type-page","status-publish","hentry"],"yoast_head":"<!-- This site is optimized with the Yoast SEO plugin v27.3 - https:\/\/yoast.com\/product\/yoast-seo-wordpress\/ -->\n<title>Become a Patron - Museo Storico Italiano della Guerra<\/title>\n<meta name=\"robots\" content=\"index, follow, max-snippet:-1, max-image-preview:large, max-video-preview:-1\" \/>\n<link rel=\"canonical\" href=\"https:\/\/museomitag.it\/en\/become-a-patron\/\" \/>\n<meta property=\"og:locale\" content=\"en_US\" \/>\n<meta property=\"og:type\" content=\"article\" \/>\n<meta property=\"og:title\" content=\"Become a Patron - Museo Storico Italiano della Guerra\" \/>\n<meta property=\"og:description\" content=\"[vc_row gap=&#8221;10&#8243; equal_height=&#8221;yes&#8221; css=&#8221;.vc_custom_1637945942214{margin-bottom: 10px !important;}&#8221;][vc_column width=&#8221;2\/3&#8243;][vc_column_text css=&#8221;.vc_custom_1638181811039{padding-bottom: 20px !important;}&#8221;] Sostieni il Museo L\u2019impegno costante del Museo nelle attivit\u00e0 di conservazione, ricerca, esposizione ed educazione pu\u00f2 essere sostenuto da privati e imprese. Tutti possono aiutare il Museo a garantire competenze, professionalit\u00e0 e strumenti adeguati per rispondere ai bisogni della collettivit\u00e0, specialmente in questo momento di\" \/>\n<meta property=\"og:url\" content=\"https:\/\/museomitag.it\/en\/become-a-patron\/\" \/>\n<meta property=\"og:site_name\" content=\"Museo Storico Italiano della Guerra\" \/>\n<meta property=\"article:publisher\" content=\"https:\/\/www.facebook.com\/museomitag\/\" \/>\n<meta name=\"twitter:card\" content=\"summary_large_image\" \/>\n<meta name=\"twitter:label1\" content=\"Est. reading time\" \/>\n\t<meta name=\"twitter:data1\" content=\"5 minutes\" \/>\n<script type=\"application\/ld+json\" class=\"yoast-schema-graph\">{\"@context\":\"https:\\\/\\\/schema.org\",\"@graph\":[{\"@type\":\"WebPage\",\"@id\":\"https:\\\/\\\/museomitag.it\\\/en\\\/become-a-patron\\\/\",\"url\":\"https:\\\/\\\/museomitag.it\\\/en\\\/become-a-patron\\\/\",\"name\":\"Become a Patron - Museo Storico Italiano della Guerra\",\"isPartOf\":{\"@id\":\"https:\\\/\\\/museomitag.it\\\/#website\"},\"datePublished\":\"2023-02-24T15:37:25+00:00\",\"breadcrumb\":{\"@id\":\"https:\\\/\\\/museomitag.it\\\/en\\\/become-a-patron\\\/#breadcrumb\"},\"inLanguage\":\"en-US\",\"potentialAction\":[{\"@type\":\"ReadAction\",\"target\":[\"https:\\\/\\\/museomitag.it\\\/en\\\/become-a-patron\\\/\"]}]},{\"@type\":\"BreadcrumbList\",\"@id\":\"https:\\\/\\\/museomitag.it\\\/en\\\/become-a-patron\\\/#breadcrumb\",\"itemListElement\":[{\"@type\":\"ListItem\",\"position\":1,\"name\":\"Home\",\"item\":\"https:\\\/\\\/museomitag.it\\\/en\\\/\"},{\"@type\":\"ListItem\",\"position\":2,\"name\":\"Support\",\"item\":\"https:\\\/\\\/museomitag.it\\\/en\\\/?page_id=22160\"},{\"@type\":\"ListItem\",\"position\":3,\"name\":\"Become a Patron\"}]},{\"@type\":\"WebSite\",\"@id\":\"https:\\\/\\\/museomitag.it\\\/#website\",\"url\":\"https:\\\/\\\/museomitag.it\\\/\",\"name\":\"MITAG Museo Storico Italiano della Guerra\",\"description\":\"Rovereto (TN) - Trentino\",\"publisher\":{\"@id\":\"https:\\\/\\\/museomitag.it\\\/#organization\"},\"potentialAction\":[{\"@type\":\"SearchAction\",\"target\":{\"@type\":\"EntryPoint\",\"urlTemplate\":\"https:\\\/\\\/museomitag.it\\\/?s={search_term_string}\"},\"query-input\":{\"@type\":\"PropertyValueSpecification\",\"valueRequired\":true,\"valueName\":\"search_term_string\"}}],\"inLanguage\":\"en-US\"},{\"@type\":\"Organization\",\"@id\":\"https:\\\/\\\/museomitag.it\\\/#organization\",\"name\":\"MITAG Museo Storico Italiano della Guerra\",\"url\":\"https:\\\/\\\/museomitag.it\\\/\",\"logo\":{\"@type\":\"ImageObject\",\"inLanguage\":\"en-US\",\"@id\":\"https:\\\/\\\/museomitag.it\\\/#\\\/schema\\\/logo\\\/image\\\/\",\"url\":\"https:\\\/\\\/museomitag.it\\\/wp-content\\\/uploads\\\/2025\\\/07\\\/Logo-MITAG-nero-500px.png\",\"contentUrl\":\"https:\\\/\\\/museomitag.it\\\/wp-content\\\/uploads\\\/2025\\\/07\\\/Logo-MITAG-nero-500px.png\",\"width\":500,\"height\":185,\"caption\":\"MITAG Museo Storico Italiano della Guerra\"},\"image\":{\"@id\":\"https:\\\/\\\/museomitag.it\\\/#\\\/schema\\\/logo\\\/image\\\/\"},\"sameAs\":[\"https:\\\/\\\/www.facebook.com\\\/museomitag\\\/\",\"https:\\\/\\\/www.instagram.com\\\/museomitag\\\/\"]}]}<\/script>\n<!-- \/ Yoast SEO plugin. -->","yoast_head_json":{"title":"Become a Patron - Museo Storico Italiano della Guerra","robots":{"index":"index","follow":"follow","max-snippet":"max-snippet:-1","max-image-preview":"max-image-preview:large","max-video-preview":"max-video-preview:-1"},"canonical":"https:\/\/museomitag.it\/en\/become-a-patron\/","og_locale":"en_US","og_type":"article","og_title":"Become a Patron - Museo Storico Italiano della Guerra","og_description":"[vc_row gap=&#8221;10&#8243; equal_height=&#8221;yes&#8221; css=&#8221;.vc_custom_1637945942214{margin-bottom: 10px !important;}&#8221;][vc_column width=&#8221;2\/3&#8243;][vc_column_text css=&#8221;.vc_custom_1638181811039{padding-bottom: 20px !important;}&#8221;] Sostieni il Museo L\u2019impegno costante del Museo nelle attivit\u00e0 di conservazione, ricerca, esposizione ed educazione pu\u00f2 essere sostenuto da privati e imprese. Tutti possono aiutare il Museo a garantire competenze, professionalit\u00e0 e strumenti adeguati per rispondere ai bisogni della collettivit\u00e0, specialmente in questo momento di","og_url":"https:\/\/museomitag.it\/en\/become-a-patron\/","og_site_name":"Museo Storico Italiano della Guerra","article_publisher":"https:\/\/www.facebook.com\/museomitag\/","twitter_card":"summary_large_image","twitter_misc":{"Est. reading time":"5 minutes"},"schema":{"@context":"https:\/\/schema.org","@graph":[{"@type":"WebPage","@id":"https:\/\/museomitag.it\/en\/become-a-patron\/","url":"https:\/\/museomitag.it\/en\/become-a-patron\/","name":"Become a Patron - Museo Storico Italiano della Guerra","isPartOf":{"@id":"https:\/\/museomitag.it\/#website"},"datePublished":"2023-02-24T15:37:25+00:00","breadcrumb":{"@id":"https:\/\/museomitag.it\/en\/become-a-patron\/#breadcrumb"},"inLanguage":"en-US","potentialAction":[{"@type":"ReadAction","target":["https:\/\/museomitag.it\/en\/become-a-patron\/"]}]},{"@type":"BreadcrumbList","@id":"https:\/\/museomitag.it\/en\/become-a-patron\/#breadcrumb","itemListElement":[{"@type":"ListItem","position":1,"name":"Home","item":"https:\/\/museomitag.it\/en\/"},{"@type":"ListItem","position":2,"name":"Support","item":"https:\/\/museomitag.it\/en\/?page_id=22160"},{"@type":"ListItem","position":3,"name":"Become a Patron"}]},{"@type":"WebSite","@id":"https:\/\/museomitag.it\/#website","url":"https:\/\/museomitag.it\/","name":"MITAG Museo Storico Italiano della Guerra","description":"Rovereto (TN) - Trentino","publisher":{"@id":"https:\/\/museomitag.it\/#organization"},"potentialAction":[{"@type":"SearchAction","target":{"@type":"EntryPoint","urlTemplate":"https:\/\/museomitag.it\/?s={search_term_string}"},"query-input":{"@type":"PropertyValueSpecification","valueRequired":true,"valueName":"search_term_string"}}],"inLanguage":"en-US"},{"@type":"Organization","@id":"https:\/\/museomitag.it\/#organization","name":"MITAG Museo Storico Italiano della Guerra","url":"https:\/\/museomitag.it\/","logo":{"@type":"ImageObject","inLanguage":"en-US","@id":"https:\/\/museomitag.it\/#\/schema\/logo\/image\/","url":"https:\/\/museomitag.it\/wp-content\/uploads\/2025\/07\/Logo-MITAG-nero-500px.png","contentUrl":"https:\/\/museomitag.it\/wp-content\/uploads\/2025\/07\/Logo-MITAG-nero-500px.png","width":500,"height":185,"caption":"MITAG Museo Storico Italiano della Guerra"},"image":{"@id":"https:\/\/museomitag.it\/#\/schema\/logo\/image\/"},"sameAs":["https:\/\/www.facebook.com\/museomitag\/","https:\/\/www.instagram.com\/museomitag\/"]}]}},"_links":{"self":[{"href":"https:\/\/museomitag.it\/en\/wp-json\/wp\/v2\/pages\/22172","targetHints":{"allow":["GET"]}}],"collection":[{"href":"https:\/\/museomitag.it\/en\/wp-json\/wp\/v2\/pages"}],"about":[{"href":"https:\/\/museomitag.it\/en\/wp-json\/wp\/v2\/types\/page"}],"author":[{"embeddable":true,"href":"https:\/\/museomitag.it\/en\/wp-json\/wp\/v2\/users\/1"}],"replies":[{"embeddable":true,"href":"https:\/\/museomitag.it\/en\/wp-json\/wp\/v2\/comments?post=22172"}],"version-history":[{"count":1,"href":"https:\/\/museomitag.it\/en\/wp-json\/wp\/v2\/pages\/22172\/revisions"}],"predecessor-version":[{"id":22173,"href":"https:\/\/museomitag.it\/en\/wp-json\/wp\/v2\/pages\/22172\/revisions\/22173"}],"up":[{"embeddable":true,"href":"https:\/\/museomitag.it\/en\/wp-json\/wp\/v2\/pages\/22160"}],"wp:attachment":[{"href":"https:\/\/museomitag.it\/en\/wp-json\/wp\/v2\/media?parent=22172"}],"curies":[{"name":"wp","href":"https:\/\/api.w.org\/{rel}","templated":true}]}}